{"id":96,"date":"2023-02-24T16:06:46","date_gmt":"2023-02-24T19:06:46","guid":{"rendered":"https:\/\/wp.ufpel.edu.br\/artescenicaseprimeirainfancia\/?page_id=96"},"modified":"2023-05-10T17:01:07","modified_gmt":"2023-05-10T20:01:07","slug":"experimento-brincante","status":"publish","type":"page","link":"https:\/\/wp.ufpel.edu.br\/artescenicaseprimeirainfancia\/experimento-brincante\/","title":{"rendered":"EXPERIMENTO BRINCANTE"},"content":{"rendered":"<p><img loading=\"lazy\" decoding=\"async\" class=\"alignnone size-medium wp-image-131\" src=\"https:\/\/wp.ufpel.edu.br\/artescenicaseprimeirainfancia\/files\/2023\/01\/cropped-WhatsApp-Image-2023-01-28-at-07.45.00-400x160.jpeg\" alt=\"\" width=\"400\" height=\"160\" srcset=\"https:\/\/wp.ufpel.edu.br\/artescenicaseprimeirainfancia\/files\/2023\/01\/cropped-WhatsApp-Image-2023-01-28-at-07.45.00-400x160.jpeg 400w, https:\/\/wp.ufpel.edu.br\/artescenicaseprimeirainfancia\/files\/2023\/01\/cropped-WhatsApp-Image-2023-01-28-at-07.45.00-1024x410.jpeg 1024w, https:\/\/wp.ufpel.edu.br\/artescenicaseprimeirainfancia\/files\/2023\/01\/cropped-WhatsApp-Image-2023-01-28-at-07.45.00-768x307.jpeg 768w, https:\/\/wp.ufpel.edu.br\/artescenicaseprimeirainfancia\/files\/2023\/01\/cropped-WhatsApp-Image-2023-01-28-at-07.45.00-1536x614.jpeg 1536w, https:\/\/wp.ufpel.edu.br\/artescenicaseprimeirainfancia\/files\/2023\/01\/cropped-WhatsApp-Image-2023-01-28-at-07.45.00.jpeg 1800w, https:\/\/wp.ufpel.edu.br\/artescenicaseprimeirainfancia\/files\/2023\/01\/cropped-WhatsApp-Image-2023-01-28-at-07.45.00-600x240.jpeg 600w\" sizes=\"auto, (max-width: 400px) 100vw, 400px\" \/><\/p>\n<p>O &#8220;Experimento Brincante&#8221; \u00e9 uma experimenta\u00e7\u00e3o art\u00edstica que proporcionou para mais de 350 crian\u00e7as um momento de ludicidade, liberdade e contato com a arte da cena atrav\u00e9s das m\u00faltiplas possibilidade corp\u00f3reas e explora\u00e7\u00e3o de brinquedos n\u00e3o estruturados.<\/p>\n<p style=\"text-align: left;\">\u00a0O experimento Brincante n\u00e3o \u00e9 um espet\u00e1culo para crian\u00e7as, mas\u00a0 \u00a0 \u00a0sim um espet\u00e1culo teatral que\u00a0 ocorre junto das crian\u00e7as, colocando-as como seres ativos e protagonistas diante de suas pot\u00eancias perform\u00e1ticas dentro do livre brincar. As duas atrizes adultas s\u00e3o as anfitri\u00e3s desse momento,\u00a0 fazem o convite e junto das crian\u00e7as estabelecem um momento de cria\u00e7\u00e3o genu\u00edno.<\/p>\n<p><img loading=\"lazy\" decoding=\"async\" class=\"alignnone size-medium wp-image-46\" src=\"https:\/\/wp.ufpel.edu.br\/artescenicaseprimeirainfancia\/files\/2023\/01\/Foto-sem-o-pe-da-Van-1-400x225.png\" alt=\"\" width=\"400\" height=\"225\" srcset=\"https:\/\/wp.ufpel.edu.br\/artescenicaseprimeirainfancia\/files\/2023\/01\/Foto-sem-o-pe-da-Van-1-400x225.png 400w, https:\/\/wp.ufpel.edu.br\/artescenicaseprimeirainfancia\/files\/2023\/01\/Foto-sem-o-pe-da-Van-1-1024x576.png 1024w, https:\/\/wp.ufpel.edu.br\/artescenicaseprimeirainfancia\/files\/2023\/01\/Foto-sem-o-pe-da-Van-1-768x432.png 768w, https:\/\/wp.ufpel.edu.br\/artescenicaseprimeirainfancia\/files\/2023\/01\/Foto-sem-o-pe-da-Van-1-1536x864.png 1536w, https:\/\/wp.ufpel.edu.br\/artescenicaseprimeirainfancia\/files\/2023\/01\/Foto-sem-o-pe-da-Van-1.png 1920w\" sizes=\"auto, (max-width: 400px) 100vw, 400px\" \/><\/p>\n<p>Ap\u00f3s o momento inicial da cena das anfitri\u00e3s, quando se d\u00e1 o convite para que as crian\u00e7as se aproximem e descubram o que existe na mala, a atmosfera se transforma em possibilidades. As brincadeiras, jogos, falas e movimentos que\u00a0 surgir\u00e3o s\u00e3o as materialidades dessa proposta.<\/p>\n<p><img loading=\"lazy\" decoding=\"async\" class=\"alignnone size-medium wp-image-170\" src=\"https:\/\/wp.ufpel.edu.br\/artescenicaseprimeirainfancia\/files\/2023\/03\/WhatsApp-Image-2023-01-27-at-15.05.08-2-400x225.jpeg\" alt=\"\" width=\"400\" height=\"225\" srcset=\"https:\/\/wp.ufpel.edu.br\/artescenicaseprimeirainfancia\/files\/2023\/03\/WhatsApp-Image-2023-01-27-at-15.05.08-2-400x225.jpeg 400w, https:\/\/wp.ufpel.edu.br\/artescenicaseprimeirainfancia\/files\/2023\/03\/WhatsApp-Image-2023-01-27-at-15.05.08-2-1024x576.jpeg 1024w, https:\/\/wp.ufpel.edu.br\/artescenicaseprimeirainfancia\/files\/2023\/03\/WhatsApp-Image-2023-01-27-at-15.05.08-2-768x432.jpeg 768w, https:\/\/wp.ufpel.edu.br\/artescenicaseprimeirainfancia\/files\/2023\/03\/WhatsApp-Image-2023-01-27-at-15.05.08-2-1536x864.jpeg 1536w, https:\/\/wp.ufpel.edu.br\/artescenicaseprimeirainfancia\/files\/2023\/03\/WhatsApp-Image-2023-01-27-at-15.05.08-2.jpeg 1600w\" sizes=\"auto, (max-width: 400px) 100vw, 400px\" \/><\/p>\n<p><strong>Ficha t\u00e9cnica:\u00a0<\/strong><\/p>\n<p><strong>&#8220;Experimento Brincante&#8221;<\/strong><\/p>\n<p><strong>Dire\u00e7\u00e3o e concep\u00e7\u00e3o de cenografia: <\/strong><\/p>\n<p>Andrisa Kemel Zanella e Vanessa Caldeira Leite<\/p>\n<p><strong>Atua\u00e7\u00e3o: <\/strong><\/p>\n<p>Brenda Castro Santos e Agatha Nery Peres<\/p>\n<p><img loading=\"lazy\" decoding=\"async\" class=\"alignnone wp-image-122\" src=\"https:\/\/wp.ufpel.edu.br\/artescenicaseprimeirainfancia\/files\/2023\/01\/cropped-WhatsApp-Image-2023-01-27-at-15.05.07-1-1-400x400.jpeg\" alt=\"\" width=\"266\" height=\"266\" srcset=\"https:\/\/wp.ufpel.edu.br\/artescenicaseprimeirainfancia\/files\/2023\/01\/cropped-WhatsApp-Image-2023-01-27-at-15.05.07-1-1-400x400.jpeg 400w, https:\/\/wp.ufpel.edu.br\/artescenicaseprimeirainfancia\/files\/2023\/01\/cropped-WhatsApp-Image-2023-01-27-at-15.05.07-1-1-200x200.jpeg 200w, https:\/\/wp.ufpel.edu.br\/artescenicaseprimeirainfancia\/files\/2023\/01\/cropped-WhatsApp-Image-2023-01-27-at-15.05.07-1-1-270x270.jpeg 270w, https:\/\/wp.ufpel.edu.br\/artescenicaseprimeirainfancia\/files\/2023\/01\/cropped-WhatsApp-Image-2023-01-27-at-15.05.07-1-1-192x192.jpeg 192w, https:\/\/wp.ufpel.edu.br\/artescenicaseprimeirainfancia\/files\/2023\/01\/cropped-WhatsApp-Image-2023-01-27-at-15.05.07-1-1-180x180.jpeg 180w, https:\/\/wp.ufpel.edu.br\/artescenicaseprimeirainfancia\/files\/2023\/01\/cropped-WhatsApp-Image-2023-01-27-at-15.05.07-1-1-32x32.jpeg 32w, https:\/\/wp.ufpel.edu.br\/artescenicaseprimeirainfancia\/files\/2023\/01\/cropped-WhatsApp-Image-2023-01-27-at-15.05.07-1-1.jpeg 512w\" sizes=\"auto, (max-width: 266px) 100vw, 266px\" \/><\/p>\n<p>Realizado em:<\/p>\n<p>EMEI Bernardo de Souza- Pelotas\/RS (agosto e setembro de 2022)<\/p>\n<p>Sociedade Assistencial Esp\u00edrita Dona Concei\u00e7\u00e3o &#8211; Pelotas\/RS (outubro de 2022)<\/p>\n<p>Casa de Santo Ant\u00f4nio do Menor &#8211; Pelotas\/RS (abril de 2023)<\/p>\n","protected":false},"excerpt":{"rendered":"<p>O &#8220;Experimento Brincante&#8221; \u00e9 uma experimenta\u00e7\u00e3o art\u00edstica que proporcionou para mais de 350 crian\u00e7as um momento de ludicidade, liberdade e contato com a arte da cena atrav\u00e9s das m\u00faltiplas possibilidade corp\u00f3reas e explora\u00e7\u00e3o de brinquedos n\u00e3o estruturados. \u00a0O experimento Brincante n\u00e3o \u00e9 um espet\u00e1culo para crian\u00e7as, mas\u00a0 \u00a0 \u00a0sim um espet\u00e1culo teatral que\u00a0 ocorre junto &hellip; <a href=\"https:\/\/wp.ufpel.edu.br\/artescenicaseprimeirainfancia\/experimento-brincante\/\" class=\"more-link\">Continue lendo <span class=\"screen-reader-text\">EXPERIMENTO BRINCANTE<\/span> <span class=\"meta-nav\">&rarr;<\/span><\/a><\/p>\n","protected":false},"author":1100,"featured_media":0,"parent":0,"menu_order":0,"comment_status":"closed","ping_status":"closed","template":"","meta":{"footnotes":""},"class_list":["post-96","page","type-page","status-publish","hentry"],"_links":{"self":[{"href":"https:\/\/wp.ufpel.edu.br\/artescenicaseprimeirainfancia\/wp-json\/wp\/v2\/pages\/96","targetHints":{"allow":["GET"]}}],"collection":[{"href":"https:\/\/wp.ufpel.edu.br\/artescenicaseprimeirainfancia\/wp-json\/wp\/v2\/pages"}],"about":[{"href":"https:\/\/wp.ufpel.edu.br\/artescenicaseprimeirainfancia\/wp-json\/wp\/v2\/types\/page"}],"author":[{"embeddable":true,"href":"https:\/\/wp.ufpel.edu.br\/artescenicaseprimeirainfancia\/wp-json\/wp\/v2\/users\/1100"}],"replies":[{"embeddable":true,"href":"https:\/\/wp.ufpel.edu.br\/artescenicaseprimeirainfancia\/wp-json\/wp\/v2\/comments?post=96"}],"version-history":[{"count":7,"href":"https:\/\/wp.ufpel.edu.br\/artescenicaseprimeirainfancia\/wp-json\/wp\/v2\/pages\/96\/revisions"}],"predecessor-version":[{"id":226,"href":"https:\/\/wp.ufpel.edu.br\/artescenicaseprimeirainfancia\/wp-json\/wp\/v2\/pages\/96\/revisions\/226"}],"wp:attachment":[{"href":"https:\/\/wp.ufpel.edu.br\/artescenicaseprimeirainfancia\/wp-json\/wp\/v2\/media?parent=96"}],"curies":[{"name":"wp","href":"https:\/\/api.w.org\/{rel}","templated":true}]}}