{"id":60,"date":"2023-01-30T19:07:02","date_gmt":"2023-01-30T22:07:02","guid":{"rendered":"https:\/\/wp.ufpel.edu.br\/artescenicaseprimeirainfancia\/?page_id=60"},"modified":"2025-05-13T12:20:56","modified_gmt":"2025-05-13T15:20:56","slug":"equipe","status":"publish","type":"page","link":"https:\/\/wp.ufpel.edu.br\/artescenicaseprimeirainfancia\/equipe\/","title":{"rendered":"EQUIPE"},"content":{"rendered":"<p style=\"text-align: center;\"><strong>Andrisa Kemel Zanella (prof.\u00aa coordenadora)<\/strong><\/p>\n<p style=\"text-align: right;\"><strong><img loading=\"lazy\" decoding=\"async\" class=\"wp-image-146 alignright\" src=\"https:\/\/wp.ufpel.edu.br\/artescenicaseprimeirainfancia\/files\/2023\/02\/andriza-400x374.png\" alt=\"\" width=\"249\" height=\"233\" srcset=\"https:\/\/wp.ufpel.edu.br\/artescenicaseprimeirainfancia\/files\/2023\/02\/andriza-400x374.png 400w, https:\/\/wp.ufpel.edu.br\/artescenicaseprimeirainfancia\/files\/2023\/02\/andriza.png 412w\" sizes=\"auto, (max-width: 249px) 100vw, 249px\" \/><\/strong><\/p>\n<p>Doutora em Educa\u00e7\u00e3o, pelo Programa de P\u00f3s-Gradua\u00e7\u00e3o em Educa\u00e7\u00e3o da Universidade Federal de Pelotas.\u00a0 Mestre em Educa\u00e7\u00e3o, pelo Programa de P\u00f3s-Gradua\u00e7\u00e3o em Educa\u00e7\u00e3o da Universidade Federal de Santa Maria.\u00a0 \u00a0 \u00a0 \u00a0 \u00a0 \u00a0 Pedagoga pela Universidade Luterana do Brasil\/Canoas\/RS. Bacharel em Artes C\u00eanicas nas habilita\u00e7\u00f5es Interpreta\u00e7\u00e3o e Dire\u00e7\u00e3o Teatral pela Universidade Federal de Santa Maria\/RS.<\/p>\n<p style=\"text-align: center;\" data-wp-editing=\"1\"><strong style=\"text-align: left;\">\u00a0<\/strong><\/p>\n<p style=\"text-align: center;\" data-wp-editing=\"1\"><strong style=\"text-align: left;\">Vanessa Caldeira<\/strong><strong><strong style=\"text-align: left;\"> Leite (prof.\u00aa coordenadora adjunta)<\/strong><\/strong><\/p>\n<p data-wp-editing=\"1\"><img loading=\"lazy\" decoding=\"async\" class=\"wp-image-214 alignright\" src=\"https:\/\/wp.ufpel.edu.br\/artescenicaseprimeirainfancia\/files\/2023\/03\/van-novaaa.png\" alt=\"\" width=\"241\" height=\"232\" \/><\/p>\n<p style=\"text-align: left;\">Doutora em Educa\u00e7\u00e3o (Universidade Federal de Pelotas, 2014).<br \/>\nMestre em Educa\u00e7\u00e3o (Universidade Federal de Pelotas, 2009)<br \/>\nEspecializada em Teoria e Pr\u00e1tica Pedag\u00f3gica (Universidade Federal de Pelotas, 2007)<br \/>\nGraduada em Curso de Artes &#8211; Licenciatura Plena (Universidade Federal de Pelotas, 2005)<\/p>\n<h1 class=\"heading name\"><\/h1>\n<p style=\"text-align: center;\"><strong>Brenda Castro Santos<\/strong><\/p>\n<p><img loading=\"lazy\" decoding=\"async\" class=\"wp-image-147 alignright\" src=\"https:\/\/wp.ufpel.edu.br\/artescenicaseprimeirainfancia\/files\/2023\/02\/brenda.png\" alt=\"\" width=\"219\" height=\"195\" \/>Graduada em Teatro-Licenciatura (Universidade Federal de Pelotas, 2023)<\/p>\n<p>Atriz e integrante do Projeto Artes C\u00eanicas e a Primeira Inf\u00e2ncia;<\/p>\n<p>&nbsp;<\/p>\n<p>&nbsp;<\/p>\n<p style=\"text-align: center;\"><strong>\u00a0 \u00a0<\/strong><strong> \u00a0Agatha Nery Peres<\/strong><\/p>\n<p style=\"text-align: right;\"><strong><img loading=\"lazy\" decoding=\"async\" class=\" wp-image-148 alignright\" src=\"https:\/\/wp.ufpel.edu.br\/artescenicaseprimeirainfancia\/files\/2023\/02\/agathaaaa.png\" alt=\"\" width=\"234\" height=\"219\" \/><\/strong><\/p>\n<p style=\"text-align: left;\">Graduanda de Teatro-Licenciatura Universidade Federal de Pelotas<\/p>\n<p style=\"text-align: left;\">Formada no curso normal de Magist\u00e9rio (Instituto Estadual Dom Diogo de Souza)<\/p>\n<p style=\"text-align: left;\">\u00a0Atriz e integrante do Projeto Artes C\u00eanicas e a Primeira Inf\u00e2ncia;<\/p>\n<p>&nbsp;<\/p>\n<p style=\"text-align: center;\"><strong>Yasmin\u00a0<\/strong><\/p>\n<p><img loading=\"lazy\" decoding=\"async\" class=\"wp-image-215 alignright\" src=\"https:\/\/wp.ufpel.edu.br\/artescenicaseprimeirainfancia\/files\/2023\/03\/Yasmin-400x359.png\" alt=\"\" width=\"292\" height=\"262\" srcset=\"https:\/\/wp.ufpel.edu.br\/artescenicaseprimeirainfancia\/files\/2023\/03\/Yasmin-400x359.png 400w, https:\/\/wp.ufpel.edu.br\/artescenicaseprimeirainfancia\/files\/2023\/03\/Yasmin.png 445w\" sizes=\"auto, (max-width: 292px) 100vw, 292px\" \/><\/p>\n<p>Graduanda de Teatro-Licenciatura Universidade Federal de Pelotas<\/p>\n<p>Atriz e integrante do Projeto Artes C\u00eanicas e a Primeira Inf\u00e2ncia;<\/p>\n<p>&nbsp;<\/p>\n","protected":false},"excerpt":{"rendered":"<p>Andrisa Kemel Zanella (prof.\u00aa coordenadora) Doutora em Educa\u00e7\u00e3o, pelo Programa de P\u00f3s-Gradua\u00e7\u00e3o em Educa\u00e7\u00e3o da Universidade Federal de Pelotas.\u00a0 Mestre em Educa\u00e7\u00e3o, pelo Programa de P\u00f3s-Gradua\u00e7\u00e3o em Educa\u00e7\u00e3o da Universidade Federal de Santa Maria.\u00a0 \u00a0 \u00a0 \u00a0 \u00a0 \u00a0 Pedagoga pela Universidade Luterana do Brasil\/Canoas\/RS. Bacharel em Artes C\u00eanicas nas habilita\u00e7\u00f5es Interpreta\u00e7\u00e3o e Dire\u00e7\u00e3o Teatral &hellip; <a href=\"https:\/\/wp.ufpel.edu.br\/artescenicaseprimeirainfancia\/equipe\/\" class=\"more-link\">Continue lendo <span class=\"screen-reader-text\">EQUIPE<\/span> <span class=\"meta-nav\">&rarr;<\/span><\/a><\/p>\n","protected":false},"author":1100,"featured_media":0,"parent":0,"menu_order":5,"comment_status":"closed","ping_status":"closed","template":"","meta":{"footnotes":""},"class_list":["post-60","page","type-page","status-publish","hentry"],"_links":{"self":[{"href":"https:\/\/wp.ufpel.edu.br\/artescenicaseprimeirainfancia\/wp-json\/wp\/v2\/pages\/60","targetHints":{"allow":["GET"]}}],"collection":[{"href":"https:\/\/wp.ufpel.edu.br\/artescenicaseprimeirainfancia\/wp-json\/wp\/v2\/pages"}],"about":[{"href":"https:\/\/wp.ufpel.edu.br\/artescenicaseprimeirainfancia\/wp-json\/wp\/v2\/types\/page"}],"author":[{"embeddable":true,"href":"https:\/\/wp.ufpel.edu.br\/artescenicaseprimeirainfancia\/wp-json\/wp\/v2\/users\/1100"}],"replies":[{"embeddable":true,"href":"https:\/\/wp.ufpel.edu.br\/artescenicaseprimeirainfancia\/wp-json\/wp\/v2\/comments?post=60"}],"version-history":[{"count":12,"href":"https:\/\/wp.ufpel.edu.br\/artescenicaseprimeirainfancia\/wp-json\/wp\/v2\/pages\/60\/revisions"}],"predecessor-version":[{"id":238,"href":"https:\/\/wp.ufpel.edu.br\/artescenicaseprimeirainfancia\/wp-json\/wp\/v2\/pages\/60\/revisions\/238"}],"wp:attachment":[{"href":"https:\/\/wp.ufpel.edu.br\/artescenicaseprimeirainfancia\/wp-json\/wp\/v2\/media?parent=60"}],"curies":[{"name":"wp","href":"https:\/\/api.w.org\/{rel}","templated":true}]}}