{"id":54,"date":"2023-01-30T19:07:22","date_gmt":"2023-01-30T22:07:22","guid":{"rendered":"https:\/\/wp.ufpel.edu.br\/artescenicaseprimeirainfancia\/?page_id=54"},"modified":"2023-03-18T21:22:07","modified_gmt":"2023-03-19T00:22:07","slug":"publicacoes","status":"publish","type":"page","link":"https:\/\/wp.ufpel.edu.br\/artescenicaseprimeirainfancia\/publicacoes\/","title":{"rendered":"PUBLICA\u00c7\u00d5ES"},"content":{"rendered":"<p><span style=\"font-size: 14pt;\"><strong>Cap\u00edtulo de livro:\u00a0<\/strong><\/span><\/p>\n<ul>\n<li>ZANELLA, Andrisa Kemel; LEITE , Vanessa Caldeira.<strong> Contar, Imaginar, Criar: A Linguagem Teatral no Contexto da Educa\u00e7\u00e3o Infantil.<\/strong> In: OLIVEIRA, Roselusia Teresa de Morais. (Org.). <strong>Leituras e inf\u00e2ncias<\/strong>: experimenta\u00e7\u00f5es sens\u00edveis. 1ed. Cria\u00e7\u00e3o Editora: Aracaju, 2021, v. 1, p. 33-47.<\/li>\n<\/ul>\n<p>Baixe aqui o E-book: <a href=\"https:\/\/editoracriacao.com.br\/leituras-e-infancias-experimentacoes-sensiveis\/\">Leituras e inf\u00e2ncias: experimenta\u00e7\u00f5es sens\u00edveis<\/a><\/p>\n<p><span style=\"font-size: 14pt;\"><strong>Resumo Expandido:<\/strong><\/span><\/p>\n<ul>\n<li>PERES, Agatha Nery; LEITE, Vanessa Caldeira; ZANELLA, Andrisa Kammel;\u00a0ARTES C\u00caNICAS E A PRIMEIRA INF\u00c2NCIA: AO OUVI-L\u00c1S, NASCE UM NOVO TEATRO. <strong>Anais do XXXI Congresso de Inicia\u00e7\u00e3o Cient\u00edfica<\/strong>. 8\u00aa SIIEPE\/UFPEL. Pelotas: Ed. UFPEL, 2022. Dispon\u00edvel em: <a href=\"https:\/\/wp.ufpel.edu.br\/artescenicaseprimeirainfancia\/files\/2023\/02\/LA_02879.pdf\">https:\/\/wp.ufpel.edu.br\/artescenicaseprimeirainfancia\/files\/2023\/02\/LA_02879.pdf<\/a><\/li>\n<\/ul>\n<p><em>Trabalho apresentado por Agatha Nery Peres<\/em><\/p>\n<ul>\n<li>SANTOS, Brenda Castro; LEITE, Vanessa Caldeira; ZANELLA, Andrisa Kammel;\u00a0RESGATE DO PROCESSO DE ESTUDO E APRENDIZADO DO PROJETO DE ENSINO: ARTES C\u00caNICAS NA PRIMEIRA INF\u00c2NICA &#8211; BRINCAR, IMAGINAR, CRIAR. <strong>Anais do VIII Congresso de Ensino de Gradua\u00e7\u00e3o<\/strong>. 8\u00aa SIIEPE\/UFPEL. Pelotas: Ed. UFPEL, 2022. Dispon\u00edvel em:\u00a0 <a href=\"https:\/\/wp.ufpel.edu.br\/artescenicaseprimeirainfancia\/files\/2023\/02\/G3_04384.pdf\">https:\/\/wp.ufpel.edu.br\/artescenicaseprimeirainfancia\/files\/2023\/02\/G3_04384.pdf<\/a><\/li>\n<\/ul>\n<p><em>Trabalho apresentado por Brenda de Castro Santos.<\/em><\/p>\n<ul>\n<li>NUNES, Anielle Gomes; LEITE, Vanessa Caldeira; ZANELLA, Andrisa Kemel. \u201cArtes C\u00eanicas e Primeira Inf\u00e2ncia: Brincar, Imaginar, Criar\u201d \u2013 Reflex\u00f5es a partir da participa\u00e7\u00e3o no Projeto de Ensino. <strong>Anais do VI Congresso de Ensino de Gradua\u00e7\u00e3o<\/strong>. 6\u00ba SIIEPE\/UFPEL. Pelotas: Ed. UFPEL, 2020. Dispon\u00edvel em: <a href=\"https:\/\/cti.ufpel.edu.br\/siepe\/arquivos\/2020\/LA_03606.pdf\">https:\/\/cti.ufpel.edu.br\/siepe\/arquivos\/2020\/LA_03606.pdf<\/a><\/li>\n<\/ul>\n<p><em>Trabalho apresentado por Anielle Gomes Nunes.<\/em><\/p>\n","protected":false},"excerpt":{"rendered":"<p>Cap\u00edtulo de livro:\u00a0 ZANELLA, Andrisa Kemel; LEITE , Vanessa Caldeira. Contar, Imaginar, Criar: A Linguagem Teatral no Contexto da Educa\u00e7\u00e3o Infantil. In: OLIVEIRA, Roselusia Teresa de Morais. (Org.). Leituras e inf\u00e2ncias: experimenta\u00e7\u00f5es sens\u00edveis. 1ed. Cria\u00e7\u00e3o Editora: Aracaju, 2021, v. 1, p. 33-47. Baixe aqui o E-book: Leituras e inf\u00e2ncias: experimenta\u00e7\u00f5es sens\u00edveis Resumo Expandido: PERES, Agatha &hellip; <a href=\"https:\/\/wp.ufpel.edu.br\/artescenicaseprimeirainfancia\/publicacoes\/\" class=\"more-link\">Continue lendo <span class=\"screen-reader-text\">PUBLICA\u00c7\u00d5ES<\/span> <span class=\"meta-nav\">&rarr;<\/span><\/a><\/p>\n","protected":false},"author":1100,"featured_media":0,"parent":0,"menu_order":2,"comment_status":"closed","ping_status":"closed","template":"","meta":{"footnotes":""},"class_list":["post-54","page","type-page","status-publish","hentry"],"_links":{"self":[{"href":"https:\/\/wp.ufpel.edu.br\/artescenicaseprimeirainfancia\/wp-json\/wp\/v2\/pages\/54","targetHints":{"allow":["GET"]}}],"collection":[{"href":"https:\/\/wp.ufpel.edu.br\/artescenicaseprimeirainfancia\/wp-json\/wp\/v2\/pages"}],"about":[{"href":"https:\/\/wp.ufpel.edu.br\/artescenicaseprimeirainfancia\/wp-json\/wp\/v2\/types\/page"}],"author":[{"embeddable":true,"href":"https:\/\/wp.ufpel.edu.br\/artescenicaseprimeirainfancia\/wp-json\/wp\/v2\/users\/1100"}],"replies":[{"embeddable":true,"href":"https:\/\/wp.ufpel.edu.br\/artescenicaseprimeirainfancia\/wp-json\/wp\/v2\/comments?post=54"}],"version-history":[{"count":10,"href":"https:\/\/wp.ufpel.edu.br\/artescenicaseprimeirainfancia\/wp-json\/wp\/v2\/pages\/54\/revisions"}],"predecessor-version":[{"id":221,"href":"https:\/\/wp.ufpel.edu.br\/artescenicaseprimeirainfancia\/wp-json\/wp\/v2\/pages\/54\/revisions\/221"}],"wp:attachment":[{"href":"https:\/\/wp.ufpel.edu.br\/artescenicaseprimeirainfancia\/wp-json\/wp\/v2\/media?parent=54"}],"curies":[{"name":"wp","href":"https:\/\/api.w.org\/{rel}","templated":true}]}}