{"id":52,"date":"2023-01-30T19:05:02","date_gmt":"2023-01-30T22:05:02","guid":{"rendered":"https:\/\/wp.ufpel.edu.br\/artescenicaseprimeirainfancia\/?page_id=52"},"modified":"2023-03-18T21:24:37","modified_gmt":"2023-03-19T00:24:37","slug":"sobre-o-projeto","status":"publish","type":"page","link":"https:\/\/wp.ufpel.edu.br\/artescenicaseprimeirainfancia\/sobre-o-projeto\/","title":{"rendered":"SOBRE O PROJETO"},"content":{"rendered":"<p>O projeto &#8220;Artes C\u00eanicas e Primeira Inf\u00e2ncia: Brincar, Imaginar, Criar&#8221;, coordenado pelas professoras Andrisa Kemel Zanella e Vanessa Caldeira Leite, vinculado ao Centro de Artes da Universidade Federal de Pelotas, tem como objetivo criar espa\u00e7o para experimenta\u00e7\u00f5es no campo das artes c\u00eanicas para a primeira inf\u00e2ncia, por meio de a\u00e7\u00f5es espec\u00edficas de estudo, viv\u00eancia, cria\u00e7\u00e3o, frui\u00e7\u00e3o e produ\u00e7\u00e3o.<\/p>\n<p>A partir da necessidade de propiciar um novo fazer teatral para e com as crian\u00e7as pequenas, explorando as linguagens c\u00eanicas, corporais e l\u00fadicas atrav\u00e9s de diversas possibilidades dentro do jogo c\u00eanico, mas principalmente valorizando o livre brincar infantil.<\/p>\n<p>O projeto \u00e9 constitu\u00eddo de algumas etapas, contando tanto com as pesquisas e mapeamento bibliogr\u00e1fico, a respeito do que vem sendo produzindo na cena teatral para essa faixa-et\u00e1ria, juntamente com\u00a0 elabora\u00e7\u00e3o de estudos e artigos, quanto com o nosso experimento pr\u00e1tico intitulado \u201cExperimento Brincante\u201d, no qual foi poss\u00edvel colocar em pr\u00e1tica boa parte da teorias que nos embasam.<\/p>\n<p>Na aba \u201cExperimento Brincante\u201d voc\u00ea pode descobrir como se deu essa nova proposta teatral, que envolve os sentidos, a ludicidade, a curiosidade, a liberdade e a escuta para com esse p\u00fablico t\u00e3o fascinante e por muitas vezes artisticamente negligenciado que \u00e9 o p\u00fablico infantil.<\/p>\n<p>Continue conosco, explorando o nosso site!<\/p>\n<p>&nbsp;<\/p>\n<p style=\"text-align: justify;\"><a href=\"https:\/\/portal.ufpel.edu.br\/\"><img loading=\"lazy\" decoding=\"async\" class=\"https:\/\/portal.ufpel.edu.br\/ wp-image-202\" title=\"https:\/\/portal.ufpel.edu.br\/\" src=\"https:\/\/wp.ufpel.edu.br\/artescenicaseprimeirainfancia\/files\/2023\/03\/Escudo-Colorido-UFPEL_10042014-400x400.png\" alt=\"\" width=\"134\" height=\"134\" srcset=\"https:\/\/wp.ufpel.edu.br\/artescenicaseprimeirainfancia\/files\/2023\/03\/Escudo-Colorido-UFPEL_10042014-400x400.png 400w, https:\/\/wp.ufpel.edu.br\/artescenicaseprimeirainfancia\/files\/2023\/03\/Escudo-Colorido-UFPEL_10042014-1024x1024.png 1024w, https:\/\/wp.ufpel.edu.br\/artescenicaseprimeirainfancia\/files\/2023\/03\/Escudo-Colorido-UFPEL_10042014-200x200.png 200w, https:\/\/wp.ufpel.edu.br\/artescenicaseprimeirainfancia\/files\/2023\/03\/Escudo-Colorido-UFPEL_10042014-768x768.png 768w, https:\/\/wp.ufpel.edu.br\/artescenicaseprimeirainfancia\/files\/2023\/03\/Escudo-Colorido-UFPEL_10042014-1536x1536.png 1536w, https:\/\/wp.ufpel.edu.br\/artescenicaseprimeirainfancia\/files\/2023\/03\/Escudo-Colorido-UFPEL_10042014.png 1772w\" sizes=\"auto, (max-width: 134px) 100vw, 134px\" \/><\/a><a href=\"https:\/\/wp.ufpel.edu.br\/ca\/\"><img loading=\"lazy\" decoding=\"async\" class=\"https:\/\/wp.ufpel.edu.br\/ca\/ wp-image-209 alignnone\" title=\"https:\/\/wp.ufpel.edu.br\/ca\/\" src=\"https:\/\/wp.ufpel.edu.br\/artescenicaseprimeirainfancia\/files\/2023\/03\/CA-31-356x400.png\" alt=\"\" width=\"115\" height=\"129\" srcset=\"https:\/\/wp.ufpel.edu.br\/artescenicaseprimeirainfancia\/files\/2023\/03\/CA-31-356x400.png 356w, https:\/\/wp.ufpel.edu.br\/artescenicaseprimeirainfancia\/files\/2023\/03\/CA-31-910x1024.png 910w, https:\/\/wp.ufpel.edu.br\/artescenicaseprimeirainfancia\/files\/2023\/03\/CA-31-768x864.png 768w, https:\/\/wp.ufpel.edu.br\/artescenicaseprimeirainfancia\/files\/2023\/03\/CA-31-1366x1536.png 1366w, https:\/\/wp.ufpel.edu.br\/artescenicaseprimeirainfancia\/files\/2023\/03\/CA-31.png 1667w\" sizes=\"auto, (max-width: 115px) 100vw, 115px\" \/><\/a><\/p>\n<p style=\"text-align: justify;\">\n","protected":false},"excerpt":{"rendered":"<p>O projeto &#8220;Artes C\u00eanicas e Primeira Inf\u00e2ncia: Brincar, Imaginar, Criar&#8221;, coordenado pelas professoras Andrisa Kemel Zanella e Vanessa Caldeira Leite, vinculado ao Centro de Artes da Universidade Federal de Pelotas, tem como objetivo criar espa\u00e7o para experimenta\u00e7\u00f5es no campo das artes c\u00eanicas para a primeira inf\u00e2ncia, por meio de a\u00e7\u00f5es espec\u00edficas de estudo, viv\u00eancia, cria\u00e7\u00e3o, &hellip; <a href=\"https:\/\/wp.ufpel.edu.br\/artescenicaseprimeirainfancia\/sobre-o-projeto\/\" class=\"more-link\">Continue lendo <span class=\"screen-reader-text\">SOBRE O PROJETO<\/span> <span class=\"meta-nav\">&rarr;<\/span><\/a><\/p>\n","protected":false},"author":1100,"featured_media":0,"parent":0,"menu_order":1,"comment_status":"closed","ping_status":"closed","template":"","meta":{"footnotes":""},"class_list":["post-52","page","type-page","status-publish","hentry"],"_links":{"self":[{"href":"https:\/\/wp.ufpel.edu.br\/artescenicaseprimeirainfancia\/wp-json\/wp\/v2\/pages\/52","targetHints":{"allow":["GET"]}}],"collection":[{"href":"https:\/\/wp.ufpel.edu.br\/artescenicaseprimeirainfancia\/wp-json\/wp\/v2\/pages"}],"about":[{"href":"https:\/\/wp.ufpel.edu.br\/artescenicaseprimeirainfancia\/wp-json\/wp\/v2\/types\/page"}],"author":[{"embeddable":true,"href":"https:\/\/wp.ufpel.edu.br\/artescenicaseprimeirainfancia\/wp-json\/wp\/v2\/users\/1100"}],"replies":[{"embeddable":true,"href":"https:\/\/wp.ufpel.edu.br\/artescenicaseprimeirainfancia\/wp-json\/wp\/v2\/comments?post=52"}],"version-history":[{"count":10,"href":"https:\/\/wp.ufpel.edu.br\/artescenicaseprimeirainfancia\/wp-json\/wp\/v2\/pages\/52\/revisions"}],"predecessor-version":[{"id":188,"href":"https:\/\/wp.ufpel.edu.br\/artescenicaseprimeirainfancia\/wp-json\/wp\/v2\/pages\/52\/revisions\/188"}],"wp:attachment":[{"href":"https:\/\/wp.ufpel.edu.br\/artescenicaseprimeirainfancia\/wp-json\/wp\/v2\/media?parent=52"}],"curies":[{"name":"wp","href":"https:\/\/api.w.org\/{rel}","templated":true}]}}