{"id":8712,"date":"2020-10-09T11:48:58","date_gmt":"2020-10-09T14:48:58","guid":{"rendered":"https:\/\/wp.ufpel.edu.br\/artenosul\/?page_id=8712"},"modified":"2022-05-11T10:01:52","modified_gmt":"2022-05-11T13:01:52","slug":"quem-somos","status":"publish","type":"page","link":"https:\/\/wp.ufpel.edu.br\/artenosul\/quem-somos\/","title":{"rendered":"QUEM SOMOS"},"content":{"rendered":"<p><img loading=\"lazy\" decoding=\"async\" class=\"aligncenter wp-image-8708 size-large\" src=\"https:\/\/wp.ufpel.edu.br\/artenosul\/files\/2020\/10\/capa-02_Arte-no-Sul-1-984x220.png\" alt=\"\" width=\"855\" height=\"191\" \/><\/p>\n<p>O projeto de extens\u00e3o Arte no Sul \u00e9 uma plataforma que tem como intuito reunir informa\u00e7\u00f5es e reportagens sobre as atividades art\u00edsticas e culturais da regi\u00e3o Sul do Rio Grande do Sul. Por aqui, em peso no munic\u00edpio de Pelotas, as manifesta\u00e7\u00f5es art\u00edsticas s\u00e3o muitas, aos finais de semana n\u00e3o faltam eventos e exposi\u00e7\u00f5es para visitar.<\/p>\n<p>Este site tamb\u00e9m re\u00fane as produ\u00e7\u00f5es dos estudantes do curso de Bacharelado em Jornalismo da Universidade Federal de Pelotas (UFPel) matriculados na disciplina de Pr\u00e1ticas Laboratoriais e Est\u00e1gio Obrigat\u00f3rio.<\/p>\n<p>Coordena\u00e7\u00e3o: professor doutor <a href=\"http:\/\/lattes.cnpq.br\/8599512241342306\" target=\"_blank\" rel=\"noopener noreferrer\">Gilmar Hermes<\/a>.<br \/>\nIdentidade Visual: <a href=\"https:\/\/www.linkedin.com\/in\/rui-vasconcelos-junior-78b05b177\" target=\"_blank\" rel=\"noopener noreferrer\">Rui Junior<\/a><br \/>\nBolsista: <a href=\"http:\/\/lattes.cnpq.br\/4420912463186222\" target=\"_blank\" rel=\"noopener noreferrer\">J\u00falia M\u00fcller<\/a><br \/>\nFotos de capa: J\u00f4 Folha<\/p>\n<p>Contatos pelo e-mail ghermes@yahoo.com<\/p>\n<p><img loading=\"lazy\" decoding=\"async\" class=\"aligncenter wp-image-8721 size-medium\" src=\"https:\/\/wp.ufpel.edu.br\/artenosul\/files\/2020\/10\/arte-no-sul-amarelo-e1602256600477-500x353.png\" alt=\"\" width=\"500\" height=\"353\" srcset=\"https:\/\/wp.ufpel.edu.br\/artenosul\/files\/2020\/10\/arte-no-sul-amarelo-e1602256600477-500x353.png 500w, https:\/\/wp.ufpel.edu.br\/artenosul\/files\/2020\/10\/arte-no-sul-amarelo-e1602256600477-300x212.png 300w, https:\/\/wp.ufpel.edu.br\/artenosul\/files\/2020\/10\/arte-no-sul-amarelo-e1602256600477-768x543.png 768w, https:\/\/wp.ufpel.edu.br\/artenosul\/files\/2020\/10\/arte-no-sul-amarelo-e1602256600477-1536x1086.png 1536w, https:\/\/wp.ufpel.edu.br\/artenosul\/files\/2020\/10\/arte-no-sul-amarelo-e1602256600477-2048x1448.png 2048w, https:\/\/wp.ufpel.edu.br\/artenosul\/files\/2020\/10\/arte-no-sul-amarelo-e1602256600477-855x604.png 855w\" sizes=\"auto, (max-width: 500px) 100vw, 500px\" \/><\/p>\n","protected":false},"excerpt":{"rendered":"<p>O projeto de extens\u00e3o Arte no Sul \u00e9 uma plataforma que tem como intuito reunir informa\u00e7\u00f5es e reportagens sobre as atividades art\u00edsticas e culturais da regi\u00e3o Sul do Rio Grande do Sul. Por aqui, em peso no munic\u00edpio de Pelotas, as manifesta\u00e7\u00f5es art\u00edsticas s\u00e3o muitas, aos finais de semana n\u00e3o faltam eventos e exposi\u00e7\u00f5es para &hellip; <\/p>\n<p><a class=\"more-link btn\" href=\"https:\/\/wp.ufpel.edu.br\/artenosul\/quem-somos\/\">Continue lendo<\/a><\/p>\n","protected":false},"author":571,"featured_media":0,"parent":0,"menu_order":0,"comment_status":"closed","ping_status":"closed","template":"","meta":{"jetpack_post_was_ever_published":false,"footnotes":""},"class_list":["post-8712","page","type-page","status-publish","hentry","nodate","item-wrap"],"jetpack_sharing_enabled":true,"jetpack_likes_enabled":true,"jetpack_shortlink":"https:\/\/wp.me\/P6PuxQ-2gw","jetpack-related-posts":[],"_links":{"self":[{"href":"https:\/\/wp.ufpel.edu.br\/artenosul\/wp-json\/wp\/v2\/pages\/8712","targetHints":{"allow":["GET"]}}],"collection":[{"href":"https:\/\/wp.ufpel.edu.br\/artenosul\/wp-json\/wp\/v2\/pages"}],"about":[{"href":"https:\/\/wp.ufpel.edu.br\/artenosul\/wp-json\/wp\/v2\/types\/page"}],"author":[{"embeddable":true,"href":"https:\/\/wp.ufpel.edu.br\/artenosul\/wp-json\/wp\/v2\/users\/571"}],"replies":[{"embeddable":true,"href":"https:\/\/wp.ufpel.edu.br\/artenosul\/wp-json\/wp\/v2\/comments?post=8712"}],"version-history":[{"count":4,"href":"https:\/\/wp.ufpel.edu.br\/artenosul\/wp-json\/wp\/v2\/pages\/8712\/revisions"}],"predecessor-version":[{"id":10759,"href":"https:\/\/wp.ufpel.edu.br\/artenosul\/wp-json\/wp\/v2\/pages\/8712\/revisions\/10759"}],"wp:attachment":[{"href":"https:\/\/wp.ufpel.edu.br\/artenosul\/wp-json\/wp\/v2\/media?parent=8712"}],"curies":[{"name":"wp","href":"https:\/\/api.w.org\/{rel}","templated":true}]}}