{"id":45,"date":"2016-06-06T15:35:40","date_gmt":"2016-06-06T18:35:40","guid":{"rendered":"https:\/\/wp.ufpel.edu.br\/artenaescola\/?page_id=45"},"modified":"2026-03-17T06:40:54","modified_gmt":"2026-03-17T09:40:54","slug":"o-projeto-arte-na-escola","status":"publish","type":"page","link":"https:\/\/wp.ufpel.edu.br\/artenaescola\/o-projeto-arte-na-escola\/","title":{"rendered":"Sobre o Projeto Arte  na Escola"},"content":{"rendered":"<div id=\"WRchTxtv\" class=\"s8\">\n<h2 class=\"font_2\"><strong>Arte na Escola UFPel<\/strong><\/h2>\n<\/div>\n<div id=\"WRchTxtx\" class=\"s8\">\n<p class=\"font_7\"><strong>Hist\u00f3ria da Casa<\/strong><\/p>\n<p class=\"font_8\">\u00a0 \u00a0 \u00a0Desde 1995 o Centro de Artes\/UFPEL abriga O Projeto Arte na Escola, a partir de um conv\u00eanio feito entre a UFPel e o Instituto Arte na Escola. O Instituto Arte na Escola resulta da institucionaliza\u00e7\u00e3o do Projeto Arte na Escola, criado em 1989 pela Funda\u00e7\u00e3o Iochpe. Tem como miss\u00e3o incentivar o ensino da Arte por meio de forma\u00e7\u00e3o cont\u00ednua do professor do ensino b\u00e1sico, investigando e qualificando processos de <a href=\"https:\/\/ghostwriterbachelorarbeiten.de\/\" style=\"text-decoration: none !important; color: inherit !important;\">ghostwriting agentur<\/a>.<\/p>\n<p class=\"font_8\">\u00a0 \u00a0 \u00a0S\u00e3o 50 P\u00f3los presentes em 46 cidades de 22 Estados brasileiros, unidos por um ideal: melhorar o ensino da arte no pa\u00eds. A Rede Arte na Escola re\u00fane universidades, institui\u00e7\u00f5es culturais e educacionais, <a href=\"https:\/\/hausarbeit-schreiben-lassen.de\/preise\/\" style=\"text-decoration: none !important; color: inherit !important;\">Ghostwriter Hausarbeit Kosten<\/a>, que qualificam professores dos n\u00edveis infantil, <a href=\"https:\/\/doktorarbeit-ghostwriter.de\/\" style=\"text-decoration: none !important; color: inherit !important;\">ghostwriter dissertation<\/a>, fundamental e m\u00e9dio e os estimulam a formar jovens mais perceptivos, criativos e cr\u00edticos de sua realidade.<\/p>\n<p class=\"font_8\">\u00a0 \u00a0 \u00a0O compromisso do P\u00f3lo UFPel \u00e9 divulgar o acervo de mais de 300 DVDs sobre arte junto aos professores da rede de ensino b\u00e1sico de Pelotas, comunidade acad\u00eamica e regi\u00e3o Sul do Estado. Al\u00e9m da divulga\u00e7\u00e3o do acervo, manter a\u00e7\u00f5es de forma\u00e7\u00e3o continuada com a pretens\u00e3o de refletir sobre novas pr\u00e1ticas metodol\u00f3gicas de ensino da Arte na escola.<\/p>\n<p><iframe loading=\"lazy\" title=\"Transformadores 2012 - Evelyn Ioschpe\" width=\"1000\" height=\"563\" src=\"https:\/\/www.youtube.com\/embed\/6Y7GKjoHohg?feature=oembed\" frameborder=\"0\" allow=\"accelerometer; autoplay; clipboard-write; encrypted-media; gyroscope; picture-in-picture; web-share\" allowfullscreen><\/iframe><\/p>\n<\/div>\n<div id=\"WRchTxt3k\" class=\"s8\">\n<h2 class=\"font_2\"><\/h2>\n<p>&nbsp;<\/p>\n<h2 class=\"font_2\"><strong>Sobre o Instituto Arte na Escola<\/strong><\/h2>\n<p class=\"font_7\">\u00a0 \u00a0 \u00a0O\u00a0Instituto Arte na Escola\u00a0\u00e9 uma associa\u00e7\u00e3o civil sem fins lucrativos que, desde 1989, qualifica, incentiva e reconhece o ensino da arte, por meio da forma\u00e7\u00e3o continuada de professores da Educa\u00e7\u00e3o B\u00e1sica. Beste Plagiatspruefung fuer Studenten \u2013 GhostwritingErfahrungen hat die Top-Tools getestet und verglichen, <a href=\"https:\/\/ghostwritingerfahrungen.de\/firma-kategorie\/beste-plagiatspruefung\/\" style=\"text-decoration: none !important; color: inherit !important;\">mehr erfahren<\/a>.<\/p>\n<p class=\"font_7\">\u00a0 \u00a0 \u00a0Tem como premissa que a Arte, enquanto objeto do saber, desenvolve nos alunos habilidades perceptivas, capacidade reflexiva e incentiva a forma\u00e7\u00e3o de uma consci\u00eancia cr\u00edtica, n\u00e3o se limitando a auto-express\u00e3o e \u00e0 criatividade.<\/p>\n<p class=\"font_7\" style=\"text-align: left\"><a href=\"http:\/\/ca.ufpel.edu.br\/\" target=\"_blank\" rel=\"noopener noreferrer\"><img loading=\"lazy\" decoding=\"async\" class=\"alignnone wp-image-222 size-full\" src=\"https:\/\/wp.ufpel.edu.br\/artenaescola\/files\/2016\/06\/ca.png\" alt=\"ca\" width=\"273\" height=\"51\" srcset=\"https:\/\/wp.ufpel.edu.br\/artenaescola\/files\/2016\/06\/ca.png 273w, https:\/\/wp.ufpel.edu.br\/artenaescola\/files\/2016\/06\/ca-212x40.png 212w\" sizes=\"auto, (max-width: 273px) 100vw, 273px\" \/><\/a>\u00a0 \u00a0\u00a0<a href=\"http:\/\/portal.ufpel.edu.br\/\" target=\"_blank\" rel=\"noopener noreferrer\"><img loading=\"lazy\" decoding=\"async\" class=\"alignnone wp-image-62\" src=\"https:\/\/wp.ufpel.edu.br\/artenaescola\/files\/2016\/06\/ufpel-2-316x318.png\" alt=\"ufpel 2\" width=\"86\" height=\"87\" srcset=\"https:\/\/wp.ufpel.edu.br\/artenaescola\/files\/2016\/06\/ufpel-2-316x318.png 316w, https:\/\/wp.ufpel.edu.br\/artenaescola\/files\/2016\/06\/ufpel-2-158x159.png 158w, https:\/\/wp.ufpel.edu.br\/artenaescola\/files\/2016\/06\/ufpel-2-160x160.png 160w, https:\/\/wp.ufpel.edu.br\/artenaescola\/files\/2016\/06\/ufpel-2-320x320.png 320w, https:\/\/wp.ufpel.edu.br\/artenaescola\/files\/2016\/06\/ufpel-2.png 318w\" sizes=\"auto, (max-width: 86px) 100vw, 86px\" \/><\/a>\u00a0 \u00a0\u00a0<a href=\"http:\/\/artenaescola.org.br\/\" target=\"_blank\" rel=\"noopener noreferrer\"><img loading=\"lazy\" decoding=\"async\" class=\"alignnone wp-image-60\" src=\"https:\/\/wp.ufpel.edu.br\/artenaescola\/files\/2016\/06\/IAE-Cor-RGB-357x318.jpg\" alt=\"IAE Cor RGB\" width=\"98\" height=\"87\" srcset=\"https:\/\/wp.ufpel.edu.br\/artenaescola\/files\/2016\/06\/IAE-Cor-RGB-357x318.jpg 357w, https:\/\/wp.ufpel.edu.br\/artenaescola\/files\/2016\/06\/IAE-Cor-RGB-178x159.jpg 178w, https:\/\/wp.ufpel.edu.br\/artenaescola\/files\/2016\/06\/IAE-Cor-RGB.jpg 750w\" sizes=\"auto, (max-width: 98px) 100vw, 98px\" \/><\/a><\/p>\n<\/div>\n","protected":false},"excerpt":{"rendered":"<p>Arte na Escola UFPel Hist\u00f3ria da Casa \u00a0 \u00a0 \u00a0Desde 1995 o Centro de Artes\/UFPEL abriga O Projeto Arte na Escola, a partir de um conv\u00eanio feito entre a UFPel e o Instituto Arte na Escola. O Instituto Arte na Escola resulta da institucionaliza\u00e7\u00e3o do Projeto Arte na Escola, criado em 1989 pela Funda\u00e7\u00e3o Iochpe&#8230;. <\/p>\n<div class=\"link-more\"><a href=\"https:\/\/wp.ufpel.edu.br\/artenaescola\/o-projeto-arte-na-escola\/\">Leia mais<\/a><\/div>\n","protected":false},"author":645,"featured_media":0,"parent":0,"menu_order":0,"comment_status":"closed","ping_status":"closed","template":"","meta":{"footnotes":""},"class_list":["post-45","page","type-page","status-publish","hentry"],"yoast_head":"<!-- This site is optimized with the Yoast SEO plugin v26.7 - https:\/\/yoast.com\/wordpress\/plugins\/seo\/ -->\n<title>Sobre o Projeto Arte na Escola &#8226; Projeto Arte na Escola<\/title>\n<meta name=\"robots\" content=\"index, follow, max-snippet:-1, max-image-preview:large, max-video-preview:-1\" \/>\n<link rel=\"canonical\" href=\"https:\/\/wp.ufpel.edu.br\/artenaescola\/o-projeto-arte-na-escola\/\" \/>\n<meta property=\"og:locale\" content=\"pt_BR\" \/>\n<meta property=\"og:type\" content=\"article\" \/>\n<meta property=\"og:title\" content=\"Sobre o Projeto Arte na Escola &#8226; Projeto Arte na Escola\" \/>\n<meta property=\"og:description\" content=\"Arte na Escola UFPel Hist\u00f3ria da Casa \u00a0 \u00a0 \u00a0Desde 1995 o Centro de Artes\/UFPEL abriga O Projeto Arte na Escola, a partir de um conv\u00eanio feito entre a UFPel e o Instituto Arte na Escola. O Instituto Arte na Escola resulta da institucionaliza\u00e7\u00e3o do Projeto Arte na Escola, criado em 1989 pela Funda\u00e7\u00e3o Iochpe.... Leia mais\" \/>\n<meta property=\"og:url\" content=\"https:\/\/wp.ufpel.edu.br\/artenaescola\/o-projeto-arte-na-escola\/\" \/>\n<meta property=\"og:site_name\" content=\"Projeto Arte na Escola\" \/>\n<meta property=\"article:modified_time\" content=\"2026-03-17T09:40:54+00:00\" \/>\n<meta property=\"og:image\" content=\"https:\/\/wp.ufpel.edu.br\/artenaescola\/files\/2016\/06\/ca.png\" \/>\n\t<meta property=\"og:image:width\" content=\"273\" \/>\n\t<meta property=\"og:image:height\" content=\"51\" \/>\n\t<meta property=\"og:image:type\" content=\"image\/png\" \/>\n<meta name=\"twitter:card\" content=\"summary_large_image\" \/>\n<meta name=\"twitter:label1\" content=\"Est. tempo de leitura\" \/>\n\t<meta name=\"twitter:data1\" content=\"2 minutos\" \/>\n<script type=\"application\/ld+json\" class=\"yoast-schema-graph\">{\"@context\":\"https:\/\/schema.org\",\"@graph\":[{\"@type\":\"WebPage\",\"@id\":\"https:\/\/wp.ufpel.edu.br\/artenaescola\/o-projeto-arte-na-escola\/\",\"url\":\"https:\/\/wp.ufpel.edu.br\/artenaescola\/o-projeto-arte-na-escola\/\",\"name\":\"Sobre o Projeto Arte na Escola &#8226; Projeto Arte na Escola\",\"isPartOf\":{\"@id\":\"https:\/\/wp.ufpel.edu.br\/artenaescola\/#website\"},\"primaryImageOfPage\":{\"@id\":\"https:\/\/wp.ufpel.edu.br\/artenaescola\/o-projeto-arte-na-escola\/#primaryimage\"},\"image\":{\"@id\":\"https:\/\/wp.ufpel.edu.br\/artenaescola\/o-projeto-arte-na-escola\/#primaryimage\"},\"thumbnailUrl\":\"https:\/\/wp.ufpel.edu.br\/artenaescola\/files\/2016\/06\/ca.png\",\"datePublished\":\"2016-06-06T18:35:40+00:00\",\"dateModified\":\"2026-03-17T09:40:54+00:00\",\"breadcrumb\":{\"@id\":\"https:\/\/wp.ufpel.edu.br\/artenaescola\/o-projeto-arte-na-escola\/#breadcrumb\"},\"inLanguage\":\"pt-BR\",\"potentialAction\":[{\"@type\":\"ReadAction\",\"target\":[\"https:\/\/wp.ufpel.edu.br\/artenaescola\/o-projeto-arte-na-escola\/\"]}]},{\"@type\":\"ImageObject\",\"inLanguage\":\"pt-BR\",\"@id\":\"https:\/\/wp.ufpel.edu.br\/artenaescola\/o-projeto-arte-na-escola\/#primaryimage\",\"url\":\"https:\/\/wp.ufpel.edu.br\/artenaescola\/files\/2016\/06\/ca.png\",\"contentUrl\":\"https:\/\/wp.ufpel.edu.br\/artenaescola\/files\/2016\/06\/ca.png\",\"width\":273,\"height\":51},{\"@type\":\"BreadcrumbList\",\"@id\":\"https:\/\/wp.ufpel.edu.br\/artenaescola\/o-projeto-arte-na-escola\/#breadcrumb\",\"itemListElement\":[{\"@type\":\"ListItem\",\"position\":1,\"name\":\"In\u00edcio\",\"item\":\"https:\/\/wp.ufpel.edu.br\/artenaescola\/\"},{\"@type\":\"ListItem\",\"position\":2,\"name\":\"Sobre o Projeto Arte na Escola\"}]},{\"@type\":\"WebSite\",\"@id\":\"https:\/\/wp.ufpel.edu.br\/artenaescola\/#website\",\"url\":\"https:\/\/wp.ufpel.edu.br\/artenaescola\/\",\"name\":\"Projeto Arte na Escola\",\"description\":\"Polo UFPel\",\"publisher\":{\"@id\":\"https:\/\/wp.ufpel.edu.br\/artenaescola\/#organization\"},\"potentialAction\":[{\"@type\":\"SearchAction\",\"target\":{\"@type\":\"EntryPoint\",\"urlTemplate\":\"https:\/\/wp.ufpel.edu.br\/artenaescola\/?s={search_term_string}\"},\"query-input\":{\"@type\":\"PropertyValueSpecification\",\"valueRequired\":true,\"valueName\":\"search_term_string\"}}],\"inLanguage\":\"pt-BR\"},{\"@type\":\"Organization\",\"@id\":\"https:\/\/wp.ufpel.edu.br\/artenaescola\/#organization\",\"name\":\"arte na escola Ufpel\",\"url\":\"https:\/\/wp.ufpel.edu.br\/artenaescola\/\",\"logo\":{\"@type\":\"ImageObject\",\"inLanguage\":\"pt-BR\",\"@id\":\"https:\/\/wp.ufpel.edu.br\/artenaescola\/#\/schema\/logo\/image\/\",\"url\":\"https:\/\/wp.ufpel.edu.br\/artenaescola\/files\/2016\/06\/IAE-Cor-RGB.jpg\",\"contentUrl\":\"https:\/\/wp.ufpel.edu.br\/artenaescola\/files\/2016\/06\/IAE-Cor-RGB.jpg\",\"width\":750,\"height\":669,\"caption\":\"arte na escola Ufpel\"},\"image\":{\"@id\":\"https:\/\/wp.ufpel.edu.br\/artenaescola\/#\/schema\/logo\/image\/\"}}]}<\/script>\n<!-- \/ Yoast SEO plugin. -->","yoast_head_json":{"title":"Sobre o Projeto Arte na Escola &#8226; Projeto Arte na Escola","robots":{"index":"index","follow":"follow","max-snippet":"max-snippet:-1","max-image-preview":"max-image-preview:large","max-video-preview":"max-video-preview:-1"},"canonical":"https:\/\/wp.ufpel.edu.br\/artenaescola\/o-projeto-arte-na-escola\/","og_locale":"pt_BR","og_type":"article","og_title":"Sobre o Projeto Arte na Escola &#8226; Projeto Arte na Escola","og_description":"Arte na Escola UFPel Hist\u00f3ria da Casa \u00a0 \u00a0 \u00a0Desde 1995 o Centro de Artes\/UFPEL abriga O Projeto Arte na Escola, a partir de um conv\u00eanio feito entre a UFPel e o Instituto Arte na Escola. O Instituto Arte na Escola resulta da institucionaliza\u00e7\u00e3o do Projeto Arte na Escola, criado em 1989 pela Funda\u00e7\u00e3o Iochpe.... Leia mais","og_url":"https:\/\/wp.ufpel.edu.br\/artenaescola\/o-projeto-arte-na-escola\/","og_site_name":"Projeto Arte na Escola","article_modified_time":"2026-03-17T09:40:54+00:00","og_image":[{"width":273,"height":51,"url":"https:\/\/wp.ufpel.edu.br\/artenaescola\/files\/2016\/06\/ca.png","type":"image\/png"}],"twitter_card":"summary_large_image","twitter_misc":{"Est. tempo de leitura":"2 minutos"},"schema":{"@context":"https:\/\/schema.org","@graph":[{"@type":"WebPage","@id":"https:\/\/wp.ufpel.edu.br\/artenaescola\/o-projeto-arte-na-escola\/","url":"https:\/\/wp.ufpel.edu.br\/artenaescola\/o-projeto-arte-na-escola\/","name":"Sobre o Projeto Arte na Escola &#8226; Projeto Arte na Escola","isPartOf":{"@id":"https:\/\/wp.ufpel.edu.br\/artenaescola\/#website"},"primaryImageOfPage":{"@id":"https:\/\/wp.ufpel.edu.br\/artenaescola\/o-projeto-arte-na-escola\/#primaryimage"},"image":{"@id":"https:\/\/wp.ufpel.edu.br\/artenaescola\/o-projeto-arte-na-escola\/#primaryimage"},"thumbnailUrl":"https:\/\/wp.ufpel.edu.br\/artenaescola\/files\/2016\/06\/ca.png","datePublished":"2016-06-06T18:35:40+00:00","dateModified":"2026-03-17T09:40:54+00:00","breadcrumb":{"@id":"https:\/\/wp.ufpel.edu.br\/artenaescola\/o-projeto-arte-na-escola\/#breadcrumb"},"inLanguage":"pt-BR","potentialAction":[{"@type":"ReadAction","target":["https:\/\/wp.ufpel.edu.br\/artenaescola\/o-projeto-arte-na-escola\/"]}]},{"@type":"ImageObject","inLanguage":"pt-BR","@id":"https:\/\/wp.ufpel.edu.br\/artenaescola\/o-projeto-arte-na-escola\/#primaryimage","url":"https:\/\/wp.ufpel.edu.br\/artenaescola\/files\/2016\/06\/ca.png","contentUrl":"https:\/\/wp.ufpel.edu.br\/artenaescola\/files\/2016\/06\/ca.png","width":273,"height":51},{"@type":"BreadcrumbList","@id":"https:\/\/wp.ufpel.edu.br\/artenaescola\/o-projeto-arte-na-escola\/#breadcrumb","itemListElement":[{"@type":"ListItem","position":1,"name":"In\u00edcio","item":"https:\/\/wp.ufpel.edu.br\/artenaescola\/"},{"@type":"ListItem","position":2,"name":"Sobre o Projeto Arte na Escola"}]},{"@type":"WebSite","@id":"https:\/\/wp.ufpel.edu.br\/artenaescola\/#website","url":"https:\/\/wp.ufpel.edu.br\/artenaescola\/","name":"Projeto Arte na Escola","description":"Polo UFPel","publisher":{"@id":"https:\/\/wp.ufpel.edu.br\/artenaescola\/#organization"},"potentialAction":[{"@type":"SearchAction","target":{"@type":"EntryPoint","urlTemplate":"https:\/\/wp.ufpel.edu.br\/artenaescola\/?s={search_term_string}"},"query-input":{"@type":"PropertyValueSpecification","valueRequired":true,"valueName":"search_term_string"}}],"inLanguage":"pt-BR"},{"@type":"Organization","@id":"https:\/\/wp.ufpel.edu.br\/artenaescola\/#organization","name":"arte na escola Ufpel","url":"https:\/\/wp.ufpel.edu.br\/artenaescola\/","logo":{"@type":"ImageObject","inLanguage":"pt-BR","@id":"https:\/\/wp.ufpel.edu.br\/artenaescola\/#\/schema\/logo\/image\/","url":"https:\/\/wp.ufpel.edu.br\/artenaescola\/files\/2016\/06\/IAE-Cor-RGB.jpg","contentUrl":"https:\/\/wp.ufpel.edu.br\/artenaescola\/files\/2016\/06\/IAE-Cor-RGB.jpg","width":750,"height":669,"caption":"arte na escola Ufpel"},"image":{"@id":"https:\/\/wp.ufpel.edu.br\/artenaescola\/#\/schema\/logo\/image\/"}}]}},"_links":{"self":[{"href":"https:\/\/wp.ufpel.edu.br\/artenaescola\/wp-json\/wp\/v2\/pages\/45","targetHints":{"allow":["GET"]}}],"collection":[{"href":"https:\/\/wp.ufpel.edu.br\/artenaescola\/wp-json\/wp\/v2\/pages"}],"about":[{"href":"https:\/\/wp.ufpel.edu.br\/artenaescola\/wp-json\/wp\/v2\/types\/page"}],"author":[{"embeddable":true,"href":"https:\/\/wp.ufpel.edu.br\/artenaescola\/wp-json\/wp\/v2\/users\/645"}],"replies":[{"embeddable":true,"href":"https:\/\/wp.ufpel.edu.br\/artenaescola\/wp-json\/wp\/v2\/comments?post=45"}],"version-history":[{"count":4,"href":"https:\/\/wp.ufpel.edu.br\/artenaescola\/wp-json\/wp\/v2\/pages\/45\/revisions"}],"predecessor-version":[{"id":23191,"href":"https:\/\/wp.ufpel.edu.br\/artenaescola\/wp-json\/wp\/v2\/pages\/45\/revisions\/23191"}],"wp:attachment":[{"href":"https:\/\/wp.ufpel.edu.br\/artenaescola\/wp-json\/wp\/v2\/media?parent=45"}],"curies":[{"name":"wp","href":"https:\/\/api.w.org\/{rel}","templated":true}]}}