{"id":2531,"date":"2022-03-10T16:18:34","date_gmt":"2022-03-10T19:18:34","guid":{"rendered":"https:\/\/wp.ufpel.edu.br\/artenaescola\/?page_id=2531"},"modified":"2022-03-10T16:31:34","modified_gmt":"2022-03-10T19:31:34","slug":"xxx-confaeb","status":"publish","type":"page","link":"https:\/\/wp.ufpel.edu.br\/artenaescola\/publicacoes\/xxx-confaeb\/","title":{"rendered":"XXX CONFAEB"},"content":{"rendered":"<p><strong>XXX Congresso Nacional da Federa\u00e7\u00e3o de Arte\/Educadores do Brasil<\/strong><br \/>\n8\u00ba Congresso Internacional de Arte\/Educadores<br \/>\n\u201cPo\u00e9ticas para transcender e enfrentar o amanh\u00e3\u201d<\/p>\n<p style=\"text-align: center\"><a href=\"https:\/\/drive.google.com\/file\/d\/1f73aFy0kdiQmhxCkHQ4GCR7tSAbdmTUL\/view?usp=sharing\">Clique aqui para ter acesso \u00e0 Publica\u00e7\u00e3o<\/a><a href=\"https:\/\/drive.google.com\/file\/d\/1f73aFy0kdiQmhxCkHQ4GCR7tSAbdmTUL\/view?usp=sharing\"><img loading=\"lazy\" decoding=\"async\" class=\"aligncenter wp-image-2533\" src=\"https:\/\/wp.ufpel.edu.br\/artenaescola\/files\/2022\/03\/Capa-Confaeb-scaled.jpg\" alt=\"\" width=\"493\" height=\"698\" \/><\/a><\/p>\n<p>&nbsp;<\/p>\n<p style=\"text-align: justify\">O <a href=\"https:\/\/faeb.com.br\/historico-confaebs\/\">CONGRESSO NACIONAL DA FEDERA\u00c7\u00c3O DE ARTE EDUCADORES DO BRASIL<\/a> acontece anualmente e tem sido realizado por meio de parcerias nacionais, latino-americanas e internacionais. O evento re\u00fane estudantes, professores, bachar\u00e9is, pesquisadores, mestres da cultura e interessados em ensino e pesquisa em Artes Visuais, Dan\u00e7a, M\u00fasica e Teatro. O ConFAEB vem se configurando ao longo da hist\u00f3ria do ensino das artes no Brasil como um dos espa\u00e7os de produ\u00e7\u00e3o de conhecimento cient\u00edfico, art\u00edstico e educacional na difus\u00e3o e fomento de pesquisas que fundamentam e fortalecem as a\u00e7\u00f5es pol\u00edtico-conceituais nas quatro \u00e1reas que comp\u00f5em essa \u00e1rea de conhecimento. Congrega professores, pesquisadores, artistas e estudantes, que respondem pela doc\u00eancia na educa\u00e7\u00e3o b\u00e1sica, na gradua\u00e7\u00e3o e na p\u00f3s-gradua\u00e7\u00e3o, na pesquisa e na extens\u00e3o universit\u00e1rias. Com car\u00e1ter permanente e itinerante, os Congressos v\u00eam percorrendo diferentes cidades e capitais do territ\u00f3rio nacional, sendo acolhidos nesse percurso por diversas institui\u00e7\u00f5es de ensino superior em parceria com a FAEB, Associa\u00e7\u00f5es Estaduais, Secretarias de Educa\u00e7\u00e3o e de Cultura Estaduais e Municipais dentre outras institui\u00e7\u00f5es.<\/p>\n","protected":false},"excerpt":{"rendered":"<p>XXX Congresso Nacional da Federa\u00e7\u00e3o de Arte\/Educadores do Brasil 8\u00ba Congresso Internacional de Arte\/Educadores \u201cPo\u00e9ticas para transcender e enfrentar o amanh\u00e3\u201d Clique aqui para ter acesso \u00e0 Publica\u00e7\u00e3o &nbsp; O CONGRESSO NACIONAL DA FEDERA\u00c7\u00c3O DE ARTE EDUCADORES DO BRASIL acontece anualmente e tem sido realizado por meio de parcerias nacionais, latino-americanas e internacionais. O evento&#8230; <\/p>\n<div class=\"link-more\"><a href=\"https:\/\/wp.ufpel.edu.br\/artenaescola\/publicacoes\/xxx-confaeb\/\">Leia mais<\/a><\/div>\n","protected":false},"author":645,"featured_media":0,"parent":98,"menu_order":0,"comment_status":"closed","ping_status":"closed","template":"","meta":{"footnotes":""},"class_list":["post-2531","page","type-page","status-publish","hentry"],"yoast_head":"<!-- This site is optimized with the Yoast SEO plugin v26.7 - https:\/\/yoast.com\/wordpress\/plugins\/seo\/ -->\n<title>XXX CONFAEB &#8226; Projeto Arte na Escola<\/title>\n<meta name=\"robots\" content=\"index, follow, max-snippet:-1, max-image-preview:large, max-video-preview:-1\" \/>\n<link rel=\"canonical\" href=\"https:\/\/wp.ufpel.edu.br\/artenaescola\/publicacoes\/xxx-confaeb\/\" \/>\n<meta property=\"og:locale\" content=\"pt_BR\" \/>\n<meta property=\"og:type\" content=\"article\" \/>\n<meta property=\"og:title\" content=\"XXX CONFAEB &#8226; Projeto Arte na Escola\" \/>\n<meta property=\"og:description\" content=\"XXX Congresso Nacional da Federa\u00e7\u00e3o de Arte\/Educadores do Brasil 8\u00ba Congresso Internacional de Arte\/Educadores \u201cPo\u00e9ticas para transcender e enfrentar o amanh\u00e3\u201d Clique aqui para ter acesso \u00e0 Publica\u00e7\u00e3o &nbsp; O CONGRESSO NACIONAL DA FEDERA\u00c7\u00c3O DE ARTE EDUCADORES DO BRASIL acontece anualmente e tem sido realizado por meio de parcerias nacionais, latino-americanas e internacionais. O evento... Leia mais\" \/>\n<meta property=\"og:url\" content=\"https:\/\/wp.ufpel.edu.br\/artenaescola\/publicacoes\/xxx-confaeb\/\" \/>\n<meta property=\"og:site_name\" content=\"Projeto Arte na Escola\" \/>\n<meta property=\"article:modified_time\" content=\"2022-03-10T19:31:34+00:00\" \/>\n<meta property=\"og:image\" content=\"https:\/\/wp.ufpel.edu.br\/artenaescola\/files\/2022\/03\/Capa-Confaeb-scaled.jpg\" \/>\n<meta name=\"twitter:card\" content=\"summary_large_image\" \/>\n<meta name=\"twitter:label1\" content=\"Est. tempo de leitura\" \/>\n\t<meta name=\"twitter:data1\" content=\"1 minuto\" \/>\n<script type=\"application\/ld+json\" class=\"yoast-schema-graph\">{\"@context\":\"https:\/\/schema.org\",\"@graph\":[{\"@type\":\"WebPage\",\"@id\":\"https:\/\/wp.ufpel.edu.br\/artenaescola\/publicacoes\/xxx-confaeb\/\",\"url\":\"https:\/\/wp.ufpel.edu.br\/artenaescola\/publicacoes\/xxx-confaeb\/\",\"name\":\"XXX CONFAEB &#8226; Projeto Arte na Escola\",\"isPartOf\":{\"@id\":\"https:\/\/wp.ufpel.edu.br\/artenaescola\/#website\"},\"primaryImageOfPage\":{\"@id\":\"https:\/\/wp.ufpel.edu.br\/artenaescola\/publicacoes\/xxx-confaeb\/#primaryimage\"},\"image\":{\"@id\":\"https:\/\/wp.ufpel.edu.br\/artenaescola\/publicacoes\/xxx-confaeb\/#primaryimage\"},\"thumbnailUrl\":\"https:\/\/wp.ufpel.edu.br\/artenaescola\/files\/2022\/03\/Capa-Confaeb-scaled.jpg\",\"datePublished\":\"2022-03-10T19:18:34+00:00\",\"dateModified\":\"2022-03-10T19:31:34+00:00\",\"breadcrumb\":{\"@id\":\"https:\/\/wp.ufpel.edu.br\/artenaescola\/publicacoes\/xxx-confaeb\/#breadcrumb\"},\"inLanguage\":\"pt-BR\",\"potentialAction\":[{\"@type\":\"ReadAction\",\"target\":[\"https:\/\/wp.ufpel.edu.br\/artenaescola\/publicacoes\/xxx-confaeb\/\"]}]},{\"@type\":\"ImageObject\",\"inLanguage\":\"pt-BR\",\"@id\":\"https:\/\/wp.ufpel.edu.br\/artenaescola\/publicacoes\/xxx-confaeb\/#primaryimage\",\"url\":\"https:\/\/wp.ufpel.edu.br\/artenaescola\/files\/2022\/03\/Capa-Confaeb-scaled.jpg\",\"contentUrl\":\"https:\/\/wp.ufpel.edu.br\/artenaescola\/files\/2022\/03\/Capa-Confaeb-scaled.jpg\"},{\"@type\":\"BreadcrumbList\",\"@id\":\"https:\/\/wp.ufpel.edu.br\/artenaescola\/publicacoes\/xxx-confaeb\/#breadcrumb\",\"itemListElement\":[{\"@type\":\"ListItem\",\"position\":1,\"name\":\"In\u00edcio\",\"item\":\"https:\/\/wp.ufpel.edu.br\/artenaescola\/\"},{\"@type\":\"ListItem\",\"position\":2,\"name\":\"Publica\u00e7\u00f5es\",\"item\":\"https:\/\/wp.ufpel.edu.br\/artenaescola\/publicacoes\/\"},{\"@type\":\"ListItem\",\"position\":3,\"name\":\"XXX CONFAEB\"}]},{\"@type\":\"WebSite\",\"@id\":\"https:\/\/wp.ufpel.edu.br\/artenaescola\/#website\",\"url\":\"https:\/\/wp.ufpel.edu.br\/artenaescola\/\",\"name\":\"Projeto Arte na Escola\",\"description\":\"Polo UFPel\",\"publisher\":{\"@id\":\"https:\/\/wp.ufpel.edu.br\/artenaescola\/#organization\"},\"potentialAction\":[{\"@type\":\"SearchAction\",\"target\":{\"@type\":\"EntryPoint\",\"urlTemplate\":\"https:\/\/wp.ufpel.edu.br\/artenaescola\/?s={search_term_string}\"},\"query-input\":{\"@type\":\"PropertyValueSpecification\",\"valueRequired\":true,\"valueName\":\"search_term_string\"}}],\"inLanguage\":\"pt-BR\"},{\"@type\":\"Organization\",\"@id\":\"https:\/\/wp.ufpel.edu.br\/artenaescola\/#organization\",\"name\":\"arte na escola Ufpel\",\"url\":\"https:\/\/wp.ufpel.edu.br\/artenaescola\/\",\"logo\":{\"@type\":\"ImageObject\",\"inLanguage\":\"pt-BR\",\"@id\":\"https:\/\/wp.ufpel.edu.br\/artenaescola\/#\/schema\/logo\/image\/\",\"url\":\"https:\/\/wp.ufpel.edu.br\/artenaescola\/files\/2016\/06\/IAE-Cor-RGB.jpg\",\"contentUrl\":\"https:\/\/wp.ufpel.edu.br\/artenaescola\/files\/2016\/06\/IAE-Cor-RGB.jpg\",\"width\":750,\"height\":669,\"caption\":\"arte na escola Ufpel\"},\"image\":{\"@id\":\"https:\/\/wp.ufpel.edu.br\/artenaescola\/#\/schema\/logo\/image\/\"}}]}<\/script>\n<!-- \/ Yoast SEO plugin. -->","yoast_head_json":{"title":"XXX CONFAEB &#8226; Projeto Arte na Escola","robots":{"index":"index","follow":"follow","max-snippet":"max-snippet:-1","max-image-preview":"max-image-preview:large","max-video-preview":"max-video-preview:-1"},"canonical":"https:\/\/wp.ufpel.edu.br\/artenaescola\/publicacoes\/xxx-confaeb\/","og_locale":"pt_BR","og_type":"article","og_title":"XXX CONFAEB &#8226; Projeto Arte na Escola","og_description":"XXX Congresso Nacional da Federa\u00e7\u00e3o de Arte\/Educadores do Brasil 8\u00ba Congresso Internacional de Arte\/Educadores \u201cPo\u00e9ticas para transcender e enfrentar o amanh\u00e3\u201d Clique aqui para ter acesso \u00e0 Publica\u00e7\u00e3o &nbsp; O CONGRESSO NACIONAL DA FEDERA\u00c7\u00c3O DE ARTE EDUCADORES DO BRASIL acontece anualmente e tem sido realizado por meio de parcerias nacionais, latino-americanas e internacionais. O evento... Leia mais","og_url":"https:\/\/wp.ufpel.edu.br\/artenaescola\/publicacoes\/xxx-confaeb\/","og_site_name":"Projeto Arte na Escola","article_modified_time":"2022-03-10T19:31:34+00:00","og_image":[{"url":"https:\/\/wp.ufpel.edu.br\/artenaescola\/files\/2022\/03\/Capa-Confaeb-scaled.jpg","type":"","width":"","height":""}],"twitter_card":"summary_large_image","twitter_misc":{"Est. tempo de leitura":"1 minuto"},"schema":{"@context":"https:\/\/schema.org","@graph":[{"@type":"WebPage","@id":"https:\/\/wp.ufpel.edu.br\/artenaescola\/publicacoes\/xxx-confaeb\/","url":"https:\/\/wp.ufpel.edu.br\/artenaescola\/publicacoes\/xxx-confaeb\/","name":"XXX CONFAEB &#8226; Projeto Arte na Escola","isPartOf":{"@id":"https:\/\/wp.ufpel.edu.br\/artenaescola\/#website"},"primaryImageOfPage":{"@id":"https:\/\/wp.ufpel.edu.br\/artenaescola\/publicacoes\/xxx-confaeb\/#primaryimage"},"image":{"@id":"https:\/\/wp.ufpel.edu.br\/artenaescola\/publicacoes\/xxx-confaeb\/#primaryimage"},"thumbnailUrl":"https:\/\/wp.ufpel.edu.br\/artenaescola\/files\/2022\/03\/Capa-Confaeb-scaled.jpg","datePublished":"2022-03-10T19:18:34+00:00","dateModified":"2022-03-10T19:31:34+00:00","breadcrumb":{"@id":"https:\/\/wp.ufpel.edu.br\/artenaescola\/publicacoes\/xxx-confaeb\/#breadcrumb"},"inLanguage":"pt-BR","potentialAction":[{"@type":"ReadAction","target":["https:\/\/wp.ufpel.edu.br\/artenaescola\/publicacoes\/xxx-confaeb\/"]}]},{"@type":"ImageObject","inLanguage":"pt-BR","@id":"https:\/\/wp.ufpel.edu.br\/artenaescola\/publicacoes\/xxx-confaeb\/#primaryimage","url":"https:\/\/wp.ufpel.edu.br\/artenaescola\/files\/2022\/03\/Capa-Confaeb-scaled.jpg","contentUrl":"https:\/\/wp.ufpel.edu.br\/artenaescola\/files\/2022\/03\/Capa-Confaeb-scaled.jpg"},{"@type":"BreadcrumbList","@id":"https:\/\/wp.ufpel.edu.br\/artenaescola\/publicacoes\/xxx-confaeb\/#breadcrumb","itemListElement":[{"@type":"ListItem","position":1,"name":"In\u00edcio","item":"https:\/\/wp.ufpel.edu.br\/artenaescola\/"},{"@type":"ListItem","position":2,"name":"Publica\u00e7\u00f5es","item":"https:\/\/wp.ufpel.edu.br\/artenaescola\/publicacoes\/"},{"@type":"ListItem","position":3,"name":"XXX CONFAEB"}]},{"@type":"WebSite","@id":"https:\/\/wp.ufpel.edu.br\/artenaescola\/#website","url":"https:\/\/wp.ufpel.edu.br\/artenaescola\/","name":"Projeto Arte na Escola","description":"Polo UFPel","publisher":{"@id":"https:\/\/wp.ufpel.edu.br\/artenaescola\/#organization"},"potentialAction":[{"@type":"SearchAction","target":{"@type":"EntryPoint","urlTemplate":"https:\/\/wp.ufpel.edu.br\/artenaescola\/?s={search_term_string}"},"query-input":{"@type":"PropertyValueSpecification","valueRequired":true,"valueName":"search_term_string"}}],"inLanguage":"pt-BR"},{"@type":"Organization","@id":"https:\/\/wp.ufpel.edu.br\/artenaescola\/#organization","name":"arte na escola Ufpel","url":"https:\/\/wp.ufpel.edu.br\/artenaescola\/","logo":{"@type":"ImageObject","inLanguage":"pt-BR","@id":"https:\/\/wp.ufpel.edu.br\/artenaescola\/#\/schema\/logo\/image\/","url":"https:\/\/wp.ufpel.edu.br\/artenaescola\/files\/2016\/06\/IAE-Cor-RGB.jpg","contentUrl":"https:\/\/wp.ufpel.edu.br\/artenaescola\/files\/2016\/06\/IAE-Cor-RGB.jpg","width":750,"height":669,"caption":"arte na escola Ufpel"},"image":{"@id":"https:\/\/wp.ufpel.edu.br\/artenaescola\/#\/schema\/logo\/image\/"}}]}},"_links":{"self":[{"href":"https:\/\/wp.ufpel.edu.br\/artenaescola\/wp-json\/wp\/v2\/pages\/2531","targetHints":{"allow":["GET"]}}],"collection":[{"href":"https:\/\/wp.ufpel.edu.br\/artenaescola\/wp-json\/wp\/v2\/pages"}],"about":[{"href":"https:\/\/wp.ufpel.edu.br\/artenaescola\/wp-json\/wp\/v2\/types\/page"}],"author":[{"embeddable":true,"href":"https:\/\/wp.ufpel.edu.br\/artenaescola\/wp-json\/wp\/v2\/users\/645"}],"replies":[{"embeddable":true,"href":"https:\/\/wp.ufpel.edu.br\/artenaescola\/wp-json\/wp\/v2\/comments?post=2531"}],"version-history":[{"count":4,"href":"https:\/\/wp.ufpel.edu.br\/artenaescola\/wp-json\/wp\/v2\/pages\/2531\/revisions"}],"predecessor-version":[{"id":2537,"href":"https:\/\/wp.ufpel.edu.br\/artenaescola\/wp-json\/wp\/v2\/pages\/2531\/revisions\/2537"}],"up":[{"embeddable":true,"href":"https:\/\/wp.ufpel.edu.br\/artenaescola\/wp-json\/wp\/v2\/pages\/98"}],"wp:attachment":[{"href":"https:\/\/wp.ufpel.edu.br\/artenaescola\/wp-json\/wp\/v2\/media?parent=2531"}],"curies":[{"name":"wp","href":"https:\/\/api.w.org\/{rel}","templated":true}]}}