{"id":1942,"date":"2019-10-15T15:26:04","date_gmt":"2019-10-15T18:26:04","guid":{"rendered":"https:\/\/wp.ufpel.edu.br\/artenaescola\/?page_id=1942"},"modified":"2020-05-27T18:34:31","modified_gmt":"2020-05-27T21:34:31","slug":"i-seminario-de-pesquisa-do-mestrado-em-artes-visuais-2012","status":"publish","type":"page","link":"https:\/\/wp.ufpel.edu.br\/artenaescola\/publicacoes\/anais-spmav\/i-seminario-de-pesquisa-do-mestrado-em-artes-visuais-2012\/","title":{"rendered":"I SEMIN\u00c1RIO DE PESQUISA DO MESTRADO EM ARTES VISUAIS &#8211; 2012"},"content":{"rendered":"<p style=\"text-align: center\"><a href=\"https:\/\/drive.google.com\/file\/d\/19xDFkX7ItbEyf5--ywhNAc-HQKaXY-6i\/view?usp=sharing\"><strong>ANAIS referentes ao &#8220;<\/strong><span style=\"font-weight: 400\"><strong>I SEMIN\u00c1RIO DE PESQUISA DO MESTRADO EM ARTES<\/strong> <strong>VISUAIS&#8221;<\/strong><\/span><\/a><\/p>\n<p><a href=\"https:\/\/drive.google.com\/file\/d\/19xDFkX7ItbEyf5--ywhNAc-HQKaXY-6i\/view?usp=sharing\"><img loading=\"lazy\" decoding=\"async\" class=\"aligncenter wp-image-1868 size-medium\" style=\"text-align: center\" src=\"https:\/\/wp.ufpel.edu.br\/artenaescola\/files\/2019\/08\/ANAIS-SPMAV-I-1-225x318.png\" alt=\"\" width=\"225\" height=\"318\" srcset=\"https:\/\/wp.ufpel.edu.br\/artenaescola\/files\/2019\/08\/ANAIS-SPMAV-I-1-225x318.png 225w, https:\/\/wp.ufpel.edu.br\/artenaescola\/files\/2019\/08\/ANAIS-SPMAV-I-1-112x159.png 112w, https:\/\/wp.ufpel.edu.br\/artenaescola\/files\/2019\/08\/ANAIS-SPMAV-I-1-768x1086.png 768w\" sizes=\"auto, (max-width: 225px) 100vw, 225px\" \/><\/a><\/p>\n<p>&nbsp;<\/p>\n<p>ANAIS do <strong>I SEMIN\u00c1RIO DE PESQUISA DO MESTRADO EM ARTES VISUAIS &#8211; <\/strong>UFPel Publica\u00e7\u00e3o anual do Mestrado em Artes Visuais da Universidade Federal de Pelotas(PPGAV-UFPel)-<br \/>\nPelotas-RS-Brasil.<br \/>\nEditora e Gr\u00e1fica da UFPel<br \/>\nR.Alberto Rosa,62-CEP:96010-770-Pelotas\/RS-Fone\/Fax:(53)3284-5513- E-mail: cearte.ufpel@gmail.com<br \/>\nHomePage: www.ca.ufpel.edu.br<\/p>\n<p>Editora e Gr\u00e1fica da UFPel \/ <strong>Editora\u00e7\u00e3o Eletr\u00f4nica:<\/strong> Karina Nascimento.<br \/>\nOrganiza\u00e7\u00e3o do Semin\u00e1rio: PPGAV\/UFPel.<br \/>\nApoio: Arte na Escola &#8211; Polo UFPel.<\/p>\n<p><strong>Comiss\u00e3o Cient\u00edfica:<\/strong><br \/>\nEduarda Gon\u00e7alves<br \/>\nMirela Meira<br \/>\nAlice Jean Monsell<br \/>\nRenata Requi\u00e3o<br \/>\nAngela Pohlmann<\/p>\n","protected":false},"excerpt":{"rendered":"<p>ANAIS referentes ao &#8220;I SEMIN\u00c1RIO DE PESQUISA DO MESTRADO EM ARTES VISUAIS&#8221; &nbsp; ANAIS do I SEMIN\u00c1RIO DE PESQUISA DO MESTRADO EM ARTES VISUAIS &#8211; UFPel Publica\u00e7\u00e3o anual do Mestrado em Artes Visuais da Universidade Federal de Pelotas(PPGAV-UFPel)- Pelotas-RS-Brasil. Editora e Gr\u00e1fica da UFPel R.Alberto Rosa,62-CEP:96010-770-Pelotas\/RS-Fone\/Fax:(53)3284-5513- E-mail: cearte.ufpel@gmail.com HomePage: www.ca.ufpel.edu.br Editora e Gr\u00e1fica da UFPel&#8230; <\/p>\n<div class=\"link-more\"><a href=\"https:\/\/wp.ufpel.edu.br\/artenaescola\/publicacoes\/anais-spmav\/i-seminario-de-pesquisa-do-mestrado-em-artes-visuais-2012\/\">Leia mais<\/a><\/div>\n","protected":false},"author":645,"featured_media":0,"parent":1893,"menu_order":1,"comment_status":"closed","ping_status":"closed","template":"","meta":{"footnotes":""},"class_list":["post-1942","page","type-page","status-publish","hentry"],"yoast_head":"<!-- This site is optimized with the Yoast SEO plugin v26.7 - https:\/\/yoast.com\/wordpress\/plugins\/seo\/ -->\n<title>I SEMIN\u00c1RIO DE PESQUISA DO MESTRADO EM ARTES VISUAIS - 2012 &#8226; Projeto Arte na Escola<\/title>\n<meta name=\"robots\" content=\"index, follow, max-snippet:-1, max-image-preview:large, max-video-preview:-1\" \/>\n<link rel=\"canonical\" href=\"https:\/\/wp.ufpel.edu.br\/artenaescola\/publicacoes\/anais-spmav\/i-seminario-de-pesquisa-do-mestrado-em-artes-visuais-2012\/\" \/>\n<meta property=\"og:locale\" content=\"pt_BR\" \/>\n<meta property=\"og:type\" content=\"article\" \/>\n<meta property=\"og:title\" content=\"I SEMIN\u00c1RIO DE PESQUISA DO MESTRADO EM ARTES VISUAIS - 2012 &#8226; Projeto Arte na Escola\" \/>\n<meta property=\"og:description\" content=\"ANAIS referentes ao &#8220;I SEMIN\u00c1RIO DE PESQUISA DO MESTRADO EM ARTES VISUAIS&#8221; &nbsp; ANAIS do I SEMIN\u00c1RIO DE PESQUISA DO MESTRADO EM ARTES VISUAIS &#8211; UFPel Publica\u00e7\u00e3o anual do Mestrado em Artes Visuais da Universidade Federal de Pelotas(PPGAV-UFPel)- Pelotas-RS-Brasil. Editora e Gr\u00e1fica da UFPel R.Alberto Rosa,62-CEP:96010-770-Pelotas\/RS-Fone\/Fax:(53)3284-5513- E-mail: cearte.ufpel@gmail.com HomePage: www.ca.ufpel.edu.br Editora e Gr\u00e1fica da UFPel... Leia mais\" \/>\n<meta property=\"og:url\" content=\"https:\/\/wp.ufpel.edu.br\/artenaescola\/publicacoes\/anais-spmav\/i-seminario-de-pesquisa-do-mestrado-em-artes-visuais-2012\/\" \/>\n<meta property=\"og:site_name\" content=\"Projeto Arte na Escola\" \/>\n<meta property=\"article:modified_time\" content=\"2020-05-27T21:34:31+00:00\" \/>\n<meta property=\"og:image\" content=\"https:\/\/wp.ufpel.edu.br\/artenaescola\/files\/2019\/08\/ANAIS-SPMAV-I-1-225x318.png\" \/>\n<meta name=\"twitter:card\" content=\"summary_large_image\" \/>\n<meta name=\"twitter:label1\" content=\"Est. tempo de leitura\" \/>\n\t<meta name=\"twitter:data1\" content=\"1 minuto\" \/>\n<script type=\"application\/ld+json\" class=\"yoast-schema-graph\">{\"@context\":\"https:\/\/schema.org\",\"@graph\":[{\"@type\":\"WebPage\",\"@id\":\"https:\/\/wp.ufpel.edu.br\/artenaescola\/publicacoes\/anais-spmav\/i-seminario-de-pesquisa-do-mestrado-em-artes-visuais-2012\/\",\"url\":\"https:\/\/wp.ufpel.edu.br\/artenaescola\/publicacoes\/anais-spmav\/i-seminario-de-pesquisa-do-mestrado-em-artes-visuais-2012\/\",\"name\":\"I SEMIN\u00c1RIO DE PESQUISA DO MESTRADO EM ARTES VISUAIS - 2012 &#8226; Projeto Arte na Escola\",\"isPartOf\":{\"@id\":\"https:\/\/wp.ufpel.edu.br\/artenaescola\/#website\"},\"primaryImageOfPage\":{\"@id\":\"https:\/\/wp.ufpel.edu.br\/artenaescola\/publicacoes\/anais-spmav\/i-seminario-de-pesquisa-do-mestrado-em-artes-visuais-2012\/#primaryimage\"},\"image\":{\"@id\":\"https:\/\/wp.ufpel.edu.br\/artenaescola\/publicacoes\/anais-spmav\/i-seminario-de-pesquisa-do-mestrado-em-artes-visuais-2012\/#primaryimage\"},\"thumbnailUrl\":\"https:\/\/wp.ufpel.edu.br\/artenaescola\/files\/2019\/08\/ANAIS-SPMAV-I-1-225x318.png\",\"datePublished\":\"2019-10-15T18:26:04+00:00\",\"dateModified\":\"2020-05-27T21:34:31+00:00\",\"breadcrumb\":{\"@id\":\"https:\/\/wp.ufpel.edu.br\/artenaescola\/publicacoes\/anais-spmav\/i-seminario-de-pesquisa-do-mestrado-em-artes-visuais-2012\/#breadcrumb\"},\"inLanguage\":\"pt-BR\",\"potentialAction\":[{\"@type\":\"ReadAction\",\"target\":[\"https:\/\/wp.ufpel.edu.br\/artenaescola\/publicacoes\/anais-spmav\/i-seminario-de-pesquisa-do-mestrado-em-artes-visuais-2012\/\"]}]},{\"@type\":\"ImageObject\",\"inLanguage\":\"pt-BR\",\"@id\":\"https:\/\/wp.ufpel.edu.br\/artenaescola\/publicacoes\/anais-spmav\/i-seminario-de-pesquisa-do-mestrado-em-artes-visuais-2012\/#primaryimage\",\"url\":\"https:\/\/wp.ufpel.edu.br\/artenaescola\/files\/2019\/08\/ANAIS-SPMAV-I-1.png\",\"contentUrl\":\"https:\/\/wp.ufpel.edu.br\/artenaescola\/files\/2019\/08\/ANAIS-SPMAV-I-1.png\",\"width\":2484,\"height\":3513},{\"@type\":\"BreadcrumbList\",\"@id\":\"https:\/\/wp.ufpel.edu.br\/artenaescola\/publicacoes\/anais-spmav\/i-seminario-de-pesquisa-do-mestrado-em-artes-visuais-2012\/#breadcrumb\",\"itemListElement\":[{\"@type\":\"ListItem\",\"position\":1,\"name\":\"In\u00edcio\",\"item\":\"https:\/\/wp.ufpel.edu.br\/artenaescola\/\"},{\"@type\":\"ListItem\",\"position\":2,\"name\":\"Publica\u00e7\u00f5es\",\"item\":\"https:\/\/wp.ufpel.edu.br\/artenaescola\/publicacoes\/\"},{\"@type\":\"ListItem\",\"position\":3,\"name\":\"SPMAV\",\"item\":\"https:\/\/wp.ufpel.edu.br\/artenaescola\/publicacoes\/anais-spmav\/\"},{\"@type\":\"ListItem\",\"position\":4,\"name\":\"I SEMIN\u00c1RIO DE PESQUISA DO MESTRADO EM ARTES VISUAIS &#8211; 2012\"}]},{\"@type\":\"WebSite\",\"@id\":\"https:\/\/wp.ufpel.edu.br\/artenaescola\/#website\",\"url\":\"https:\/\/wp.ufpel.edu.br\/artenaescola\/\",\"name\":\"Projeto Arte na Escola\",\"description\":\"Polo UFPel\",\"publisher\":{\"@id\":\"https:\/\/wp.ufpel.edu.br\/artenaescola\/#organization\"},\"potentialAction\":[{\"@type\":\"SearchAction\",\"target\":{\"@type\":\"EntryPoint\",\"urlTemplate\":\"https:\/\/wp.ufpel.edu.br\/artenaescola\/?s={search_term_string}\"},\"query-input\":{\"@type\":\"PropertyValueSpecification\",\"valueRequired\":true,\"valueName\":\"search_term_string\"}}],\"inLanguage\":\"pt-BR\"},{\"@type\":\"Organization\",\"@id\":\"https:\/\/wp.ufpel.edu.br\/artenaescola\/#organization\",\"name\":\"arte na escola Ufpel\",\"url\":\"https:\/\/wp.ufpel.edu.br\/artenaescola\/\",\"logo\":{\"@type\":\"ImageObject\",\"inLanguage\":\"pt-BR\",\"@id\":\"https:\/\/wp.ufpel.edu.br\/artenaescola\/#\/schema\/logo\/image\/\",\"url\":\"https:\/\/wp.ufpel.edu.br\/artenaescola\/files\/2016\/06\/IAE-Cor-RGB.jpg\",\"contentUrl\":\"https:\/\/wp.ufpel.edu.br\/artenaescola\/files\/2016\/06\/IAE-Cor-RGB.jpg\",\"width\":750,\"height\":669,\"caption\":\"arte na escola Ufpel\"},\"image\":{\"@id\":\"https:\/\/wp.ufpel.edu.br\/artenaescola\/#\/schema\/logo\/image\/\"}}]}<\/script>\n<!-- \/ Yoast SEO plugin. -->","yoast_head_json":{"title":"I SEMIN\u00c1RIO DE PESQUISA DO MESTRADO EM ARTES VISUAIS - 2012 &#8226; Projeto Arte na Escola","robots":{"index":"index","follow":"follow","max-snippet":"max-snippet:-1","max-image-preview":"max-image-preview:large","max-video-preview":"max-video-preview:-1"},"canonical":"https:\/\/wp.ufpel.edu.br\/artenaescola\/publicacoes\/anais-spmav\/i-seminario-de-pesquisa-do-mestrado-em-artes-visuais-2012\/","og_locale":"pt_BR","og_type":"article","og_title":"I SEMIN\u00c1RIO DE PESQUISA DO MESTRADO EM ARTES VISUAIS - 2012 &#8226; Projeto Arte na Escola","og_description":"ANAIS referentes ao &#8220;I SEMIN\u00c1RIO DE PESQUISA DO MESTRADO EM ARTES VISUAIS&#8221; &nbsp; ANAIS do I SEMIN\u00c1RIO DE PESQUISA DO MESTRADO EM ARTES VISUAIS &#8211; UFPel Publica\u00e7\u00e3o anual do Mestrado em Artes Visuais da Universidade Federal de Pelotas(PPGAV-UFPel)- Pelotas-RS-Brasil. Editora e Gr\u00e1fica da UFPel R.Alberto Rosa,62-CEP:96010-770-Pelotas\/RS-Fone\/Fax:(53)3284-5513- E-mail: cearte.ufpel@gmail.com HomePage: www.ca.ufpel.edu.br Editora e Gr\u00e1fica da UFPel... Leia mais","og_url":"https:\/\/wp.ufpel.edu.br\/artenaescola\/publicacoes\/anais-spmav\/i-seminario-de-pesquisa-do-mestrado-em-artes-visuais-2012\/","og_site_name":"Projeto Arte na Escola","article_modified_time":"2020-05-27T21:34:31+00:00","og_image":[{"url":"https:\/\/wp.ufpel.edu.br\/artenaescola\/files\/2019\/08\/ANAIS-SPMAV-I-1-225x318.png","type":"","width":"","height":""}],"twitter_card":"summary_large_image","twitter_misc":{"Est. tempo de leitura":"1 minuto"},"schema":{"@context":"https:\/\/schema.org","@graph":[{"@type":"WebPage","@id":"https:\/\/wp.ufpel.edu.br\/artenaescola\/publicacoes\/anais-spmav\/i-seminario-de-pesquisa-do-mestrado-em-artes-visuais-2012\/","url":"https:\/\/wp.ufpel.edu.br\/artenaescola\/publicacoes\/anais-spmav\/i-seminario-de-pesquisa-do-mestrado-em-artes-visuais-2012\/","name":"I SEMIN\u00c1RIO DE PESQUISA DO MESTRADO EM ARTES VISUAIS - 2012 &#8226; Projeto Arte na Escola","isPartOf":{"@id":"https:\/\/wp.ufpel.edu.br\/artenaescola\/#website"},"primaryImageOfPage":{"@id":"https:\/\/wp.ufpel.edu.br\/artenaescola\/publicacoes\/anais-spmav\/i-seminario-de-pesquisa-do-mestrado-em-artes-visuais-2012\/#primaryimage"},"image":{"@id":"https:\/\/wp.ufpel.edu.br\/artenaescola\/publicacoes\/anais-spmav\/i-seminario-de-pesquisa-do-mestrado-em-artes-visuais-2012\/#primaryimage"},"thumbnailUrl":"https:\/\/wp.ufpel.edu.br\/artenaescola\/files\/2019\/08\/ANAIS-SPMAV-I-1-225x318.png","datePublished":"2019-10-15T18:26:04+00:00","dateModified":"2020-05-27T21:34:31+00:00","breadcrumb":{"@id":"https:\/\/wp.ufpel.edu.br\/artenaescola\/publicacoes\/anais-spmav\/i-seminario-de-pesquisa-do-mestrado-em-artes-visuais-2012\/#breadcrumb"},"inLanguage":"pt-BR","potentialAction":[{"@type":"ReadAction","target":["https:\/\/wp.ufpel.edu.br\/artenaescola\/publicacoes\/anais-spmav\/i-seminario-de-pesquisa-do-mestrado-em-artes-visuais-2012\/"]}]},{"@type":"ImageObject","inLanguage":"pt-BR","@id":"https:\/\/wp.ufpel.edu.br\/artenaescola\/publicacoes\/anais-spmav\/i-seminario-de-pesquisa-do-mestrado-em-artes-visuais-2012\/#primaryimage","url":"https:\/\/wp.ufpel.edu.br\/artenaescola\/files\/2019\/08\/ANAIS-SPMAV-I-1.png","contentUrl":"https:\/\/wp.ufpel.edu.br\/artenaescola\/files\/2019\/08\/ANAIS-SPMAV-I-1.png","width":2484,"height":3513},{"@type":"BreadcrumbList","@id":"https:\/\/wp.ufpel.edu.br\/artenaescola\/publicacoes\/anais-spmav\/i-seminario-de-pesquisa-do-mestrado-em-artes-visuais-2012\/#breadcrumb","itemListElement":[{"@type":"ListItem","position":1,"name":"In\u00edcio","item":"https:\/\/wp.ufpel.edu.br\/artenaescola\/"},{"@type":"ListItem","position":2,"name":"Publica\u00e7\u00f5es","item":"https:\/\/wp.ufpel.edu.br\/artenaescola\/publicacoes\/"},{"@type":"ListItem","position":3,"name":"SPMAV","item":"https:\/\/wp.ufpel.edu.br\/artenaescola\/publicacoes\/anais-spmav\/"},{"@type":"ListItem","position":4,"name":"I SEMIN\u00c1RIO DE PESQUISA DO MESTRADO EM ARTES VISUAIS &#8211; 2012"}]},{"@type":"WebSite","@id":"https:\/\/wp.ufpel.edu.br\/artenaescola\/#website","url":"https:\/\/wp.ufpel.edu.br\/artenaescola\/","name":"Projeto Arte na Escola","description":"Polo UFPel","publisher":{"@id":"https:\/\/wp.ufpel.edu.br\/artenaescola\/#organization"},"potentialAction":[{"@type":"SearchAction","target":{"@type":"EntryPoint","urlTemplate":"https:\/\/wp.ufpel.edu.br\/artenaescola\/?s={search_term_string}"},"query-input":{"@type":"PropertyValueSpecification","valueRequired":true,"valueName":"search_term_string"}}],"inLanguage":"pt-BR"},{"@type":"Organization","@id":"https:\/\/wp.ufpel.edu.br\/artenaescola\/#organization","name":"arte na escola Ufpel","url":"https:\/\/wp.ufpel.edu.br\/artenaescola\/","logo":{"@type":"ImageObject","inLanguage":"pt-BR","@id":"https:\/\/wp.ufpel.edu.br\/artenaescola\/#\/schema\/logo\/image\/","url":"https:\/\/wp.ufpel.edu.br\/artenaescola\/files\/2016\/06\/IAE-Cor-RGB.jpg","contentUrl":"https:\/\/wp.ufpel.edu.br\/artenaescola\/files\/2016\/06\/IAE-Cor-RGB.jpg","width":750,"height":669,"caption":"arte na escola Ufpel"},"image":{"@id":"https:\/\/wp.ufpel.edu.br\/artenaescola\/#\/schema\/logo\/image\/"}}]}},"_links":{"self":[{"href":"https:\/\/wp.ufpel.edu.br\/artenaescola\/wp-json\/wp\/v2\/pages\/1942","targetHints":{"allow":["GET"]}}],"collection":[{"href":"https:\/\/wp.ufpel.edu.br\/artenaescola\/wp-json\/wp\/v2\/pages"}],"about":[{"href":"https:\/\/wp.ufpel.edu.br\/artenaescola\/wp-json\/wp\/v2\/types\/page"}],"author":[{"embeddable":true,"href":"https:\/\/wp.ufpel.edu.br\/artenaescola\/wp-json\/wp\/v2\/users\/645"}],"replies":[{"embeddable":true,"href":"https:\/\/wp.ufpel.edu.br\/artenaescola\/wp-json\/wp\/v2\/comments?post=1942"}],"version-history":[{"count":1,"href":"https:\/\/wp.ufpel.edu.br\/artenaescola\/wp-json\/wp\/v2\/pages\/1942\/revisions"}],"predecessor-version":[{"id":1944,"href":"https:\/\/wp.ufpel.edu.br\/artenaescola\/wp-json\/wp\/v2\/pages\/1942\/revisions\/1944"}],"up":[{"embeddable":true,"href":"https:\/\/wp.ufpel.edu.br\/artenaescola\/wp-json\/wp\/v2\/pages\/1893"}],"wp:attachment":[{"href":"https:\/\/wp.ufpel.edu.br\/artenaescola\/wp-json\/wp\/v2\/media?parent=1942"}],"curies":[{"name":"wp","href":"https:\/\/api.w.org\/{rel}","templated":true}]}}