{"id":1929,"date":"2019-10-15T15:08:39","date_gmt":"2019-10-15T18:08:39","guid":{"rendered":"https:\/\/wp.ufpel.edu.br\/artenaescola\/?page_id=1929"},"modified":"2020-06-01T10:12:27","modified_gmt":"2020-06-01T13:12:27","slug":"iv-seminario-de-pesquisa-do-mestrado-em-artes-visuais-2015","status":"publish","type":"page","link":"https:\/\/wp.ufpel.edu.br\/artenaescola\/publicacoes\/anais-spmav\/iv-seminario-de-pesquisa-do-mestrado-em-artes-visuais-2015\/","title":{"rendered":"IV SEMIN\u00c1RIO DE PESQUISA DO MESTRADO EM ARTES VISUAIS &#8211; 2015"},"content":{"rendered":"<p style=\"text-align: center\"><a href=\"https:\/\/drive.google.com\/file\/d\/0B42sLa_EpLNmSWlNRVN6N081UVU\/view?usp=sharing\"><strong>Anais referentes ao &#8220;IV<\/strong> <strong>SEMIN\u00c1RIO DE PESQUISA DO MESTRADO EM ARTES VISUAIS&#8221;<\/strong><\/a><\/p>\n<p style=\"text-align: center\"><a href=\"https:\/\/drive.google.com\/file\/d\/0B42sLa_EpLNmSWlNRVN6N081UVU\/view?usp=sharing\" target=\"_blank\" rel=\"noopener noreferrer\"><img loading=\"lazy\" decoding=\"async\" class=\"aligncenter wp-image-109 \" src=\"https:\/\/wp.ufpel.edu.br\/artenaescola\/files\/2016\/06\/SP-378x318.jpg\" alt=\"SP\" width=\"322\" height=\"270\" srcset=\"https:\/\/wp.ufpel.edu.br\/artenaescola\/files\/2016\/06\/SP-378x318.jpg 378w, https:\/\/wp.ufpel.edu.br\/artenaescola\/files\/2016\/06\/SP-189x159.jpg 189w, https:\/\/wp.ufpel.edu.br\/artenaescola\/files\/2016\/06\/SP-768x645.jpg 768w, https:\/\/wp.ufpel.edu.br\/artenaescola\/files\/2016\/06\/SP.jpg 1065w\" sizes=\"auto, (max-width: 322px) 100vw, 322px\" \/><\/a><\/p>\n<p>ANAIS do <strong>IV SEMIN\u00c1RIO DE PESQUISA DO MESTRADO EM ARTES VISUAIS: Converg\u00eancias na Arte Contempor\u00e2nea<\/strong> -UFPel Publica\u00e7\u00e3o anual do Mestrado em Artes Visuais da Universidade Federal de Pelotas(PPGAV-UFPel)-<br \/>\nPelotas-RS-Brasil.<br \/>\nEditora e Gr\u00e1fica da UFPel<br \/>\nR.Alberto Rosa,62-CEP:96010-770-Pelotas\/RS-Fone\/Fax:(53)3284-5513- E-mail: cearte.ufpel@gmail.com<br \/>\nHomePage: www.ca.ufpel.edu.br<\/p>\n<p><strong>Editora\u00e7\u00e3o Eletr\u00f4nica<\/strong><br \/>\nPaula Weber<br \/>\nLuiza Alves de Macedo Tavares<\/p>\n<p><strong>Comiss\u00e3o Cient\u00edfica<\/strong><br \/>\nAngela Raffin Pohlmann<br \/>\nAlice Monsell<br \/>\nEduarda Gon\u00e7alves<br \/>\nFabr\u00edcio Gerald Lima<br \/>\nLislaine Sirsi Cansi<br \/>\nNadia Senna<br \/>\nRenata Requi\u00e3o<br \/>\nPaulaWeber<br \/>\nUrsula Rosa da Silva<\/p>\n","protected":false},"excerpt":{"rendered":"<p>Anais referentes ao &#8220;IV SEMIN\u00c1RIO DE PESQUISA DO MESTRADO EM ARTES VISUAIS&#8221; ANAIS do IV SEMIN\u00c1RIO DE PESQUISA DO MESTRADO EM ARTES VISUAIS: Converg\u00eancias na Arte Contempor\u00e2nea -UFPel Publica\u00e7\u00e3o anual do Mestrado em Artes Visuais da Universidade Federal de Pelotas(PPGAV-UFPel)- Pelotas-RS-Brasil. Editora e Gr\u00e1fica da UFPel R.Alberto Rosa,62-CEP:96010-770-Pelotas\/RS-Fone\/Fax:(53)3284-5513- E-mail: cearte.ufpel@gmail.com HomePage: www.ca.ufpel.edu.br Editora\u00e7\u00e3o Eletr\u00f4nica Paula&#8230; <\/p>\n<div class=\"link-more\"><a href=\"https:\/\/wp.ufpel.edu.br\/artenaescola\/publicacoes\/anais-spmav\/iv-seminario-de-pesquisa-do-mestrado-em-artes-visuais-2015\/\">Leia mais<\/a><\/div>\n","protected":false},"author":645,"featured_media":0,"parent":1893,"menu_order":4,"comment_status":"closed","ping_status":"closed","template":"","meta":{"footnotes":""},"class_list":["post-1929","page","type-page","status-publish","hentry"],"yoast_head":"<!-- This site is optimized with the Yoast SEO plugin v26.7 - https:\/\/yoast.com\/wordpress\/plugins\/seo\/ -->\n<title>IV SEMIN\u00c1RIO DE PESQUISA DO MESTRADO EM ARTES VISUAIS - 2015 &#8226; Projeto Arte na Escola<\/title>\n<meta name=\"robots\" content=\"index, follow, max-snippet:-1, max-image-preview:large, max-video-preview:-1\" \/>\n<link rel=\"canonical\" href=\"https:\/\/wp.ufpel.edu.br\/artenaescola\/publicacoes\/anais-spmav\/iv-seminario-de-pesquisa-do-mestrado-em-artes-visuais-2015\/\" \/>\n<meta property=\"og:locale\" content=\"pt_BR\" \/>\n<meta property=\"og:type\" content=\"article\" \/>\n<meta property=\"og:title\" content=\"IV SEMIN\u00c1RIO DE PESQUISA DO MESTRADO EM ARTES VISUAIS - 2015 &#8226; Projeto Arte na Escola\" \/>\n<meta property=\"og:description\" content=\"Anais referentes ao &#8220;IV SEMIN\u00c1RIO DE PESQUISA DO MESTRADO EM ARTES VISUAIS&#8221; ANAIS do IV SEMIN\u00c1RIO DE PESQUISA DO MESTRADO EM ARTES VISUAIS: Converg\u00eancias na Arte Contempor\u00e2nea -UFPel Publica\u00e7\u00e3o anual do Mestrado em Artes Visuais da Universidade Federal de Pelotas(PPGAV-UFPel)- Pelotas-RS-Brasil. Editora e Gr\u00e1fica da UFPel R.Alberto Rosa,62-CEP:96010-770-Pelotas\/RS-Fone\/Fax:(53)3284-5513- E-mail: cearte.ufpel@gmail.com HomePage: www.ca.ufpel.edu.br Editora\u00e7\u00e3o Eletr\u00f4nica Paula... Leia mais\" \/>\n<meta property=\"og:url\" content=\"https:\/\/wp.ufpel.edu.br\/artenaescola\/publicacoes\/anais-spmav\/iv-seminario-de-pesquisa-do-mestrado-em-artes-visuais-2015\/\" \/>\n<meta property=\"og:site_name\" content=\"Projeto Arte na Escola\" \/>\n<meta property=\"article:modified_time\" content=\"2020-06-01T13:12:27+00:00\" \/>\n<meta property=\"og:image\" content=\"https:\/\/wp.ufpel.edu.br\/artenaescola\/files\/2016\/06\/SP-378x318.jpg\" \/>\n<meta name=\"twitter:card\" content=\"summary_large_image\" \/>\n<meta name=\"twitter:label1\" content=\"Est. tempo de leitura\" \/>\n\t<meta name=\"twitter:data1\" content=\"1 minuto\" \/>\n<script type=\"application\/ld+json\" class=\"yoast-schema-graph\">{\"@context\":\"https:\/\/schema.org\",\"@graph\":[{\"@type\":\"WebPage\",\"@id\":\"https:\/\/wp.ufpel.edu.br\/artenaescola\/publicacoes\/anais-spmav\/iv-seminario-de-pesquisa-do-mestrado-em-artes-visuais-2015\/\",\"url\":\"https:\/\/wp.ufpel.edu.br\/artenaescola\/publicacoes\/anais-spmav\/iv-seminario-de-pesquisa-do-mestrado-em-artes-visuais-2015\/\",\"name\":\"IV SEMIN\u00c1RIO DE PESQUISA DO MESTRADO EM ARTES VISUAIS - 2015 &#8226; Projeto Arte na Escola\",\"isPartOf\":{\"@id\":\"https:\/\/wp.ufpel.edu.br\/artenaescola\/#website\"},\"primaryImageOfPage\":{\"@id\":\"https:\/\/wp.ufpel.edu.br\/artenaescola\/publicacoes\/anais-spmav\/iv-seminario-de-pesquisa-do-mestrado-em-artes-visuais-2015\/#primaryimage\"},\"image\":{\"@id\":\"https:\/\/wp.ufpel.edu.br\/artenaescola\/publicacoes\/anais-spmav\/iv-seminario-de-pesquisa-do-mestrado-em-artes-visuais-2015\/#primaryimage\"},\"thumbnailUrl\":\"https:\/\/wp.ufpel.edu.br\/artenaescola\/files\/2016\/06\/SP-378x318.jpg\",\"datePublished\":\"2019-10-15T18:08:39+00:00\",\"dateModified\":\"2020-06-01T13:12:27+00:00\",\"breadcrumb\":{\"@id\":\"https:\/\/wp.ufpel.edu.br\/artenaescola\/publicacoes\/anais-spmav\/iv-seminario-de-pesquisa-do-mestrado-em-artes-visuais-2015\/#breadcrumb\"},\"inLanguage\":\"pt-BR\",\"potentialAction\":[{\"@type\":\"ReadAction\",\"target\":[\"https:\/\/wp.ufpel.edu.br\/artenaescola\/publicacoes\/anais-spmav\/iv-seminario-de-pesquisa-do-mestrado-em-artes-visuais-2015\/\"]}]},{\"@type\":\"ImageObject\",\"inLanguage\":\"pt-BR\",\"@id\":\"https:\/\/wp.ufpel.edu.br\/artenaescola\/publicacoes\/anais-spmav\/iv-seminario-de-pesquisa-do-mestrado-em-artes-visuais-2015\/#primaryimage\",\"url\":\"https:\/\/wp.ufpel.edu.br\/artenaescola\/files\/2016\/06\/SP.jpg\",\"contentUrl\":\"https:\/\/wp.ufpel.edu.br\/artenaescola\/files\/2016\/06\/SP.jpg\",\"width\":1065,\"height\":895},{\"@type\":\"BreadcrumbList\",\"@id\":\"https:\/\/wp.ufpel.edu.br\/artenaescola\/publicacoes\/anais-spmav\/iv-seminario-de-pesquisa-do-mestrado-em-artes-visuais-2015\/#breadcrumb\",\"itemListElement\":[{\"@type\":\"ListItem\",\"position\":1,\"name\":\"In\u00edcio\",\"item\":\"https:\/\/wp.ufpel.edu.br\/artenaescola\/\"},{\"@type\":\"ListItem\",\"position\":2,\"name\":\"Publica\u00e7\u00f5es\",\"item\":\"https:\/\/wp.ufpel.edu.br\/artenaescola\/publicacoes\/\"},{\"@type\":\"ListItem\",\"position\":3,\"name\":\"SPMAV\",\"item\":\"https:\/\/wp.ufpel.edu.br\/artenaescola\/publicacoes\/anais-spmav\/\"},{\"@type\":\"ListItem\",\"position\":4,\"name\":\"IV SEMIN\u00c1RIO DE PESQUISA DO MESTRADO EM ARTES VISUAIS &#8211; 2015\"}]},{\"@type\":\"WebSite\",\"@id\":\"https:\/\/wp.ufpel.edu.br\/artenaescola\/#website\",\"url\":\"https:\/\/wp.ufpel.edu.br\/artenaescola\/\",\"name\":\"Projeto Arte na Escola\",\"description\":\"Polo UFPel\",\"publisher\":{\"@id\":\"https:\/\/wp.ufpel.edu.br\/artenaescola\/#organization\"},\"potentialAction\":[{\"@type\":\"SearchAction\",\"target\":{\"@type\":\"EntryPoint\",\"urlTemplate\":\"https:\/\/wp.ufpel.edu.br\/artenaescola\/?s={search_term_string}\"},\"query-input\":{\"@type\":\"PropertyValueSpecification\",\"valueRequired\":true,\"valueName\":\"search_term_string\"}}],\"inLanguage\":\"pt-BR\"},{\"@type\":\"Organization\",\"@id\":\"https:\/\/wp.ufpel.edu.br\/artenaescola\/#organization\",\"name\":\"arte na escola Ufpel\",\"url\":\"https:\/\/wp.ufpel.edu.br\/artenaescola\/\",\"logo\":{\"@type\":\"ImageObject\",\"inLanguage\":\"pt-BR\",\"@id\":\"https:\/\/wp.ufpel.edu.br\/artenaescola\/#\/schema\/logo\/image\/\",\"url\":\"https:\/\/wp.ufpel.edu.br\/artenaescola\/files\/2016\/06\/IAE-Cor-RGB.jpg\",\"contentUrl\":\"https:\/\/wp.ufpel.edu.br\/artenaescola\/files\/2016\/06\/IAE-Cor-RGB.jpg\",\"width\":750,\"height\":669,\"caption\":\"arte na escola Ufpel\"},\"image\":{\"@id\":\"https:\/\/wp.ufpel.edu.br\/artenaescola\/#\/schema\/logo\/image\/\"}}]}<\/script>\n<!-- \/ Yoast SEO plugin. -->","yoast_head_json":{"title":"IV SEMIN\u00c1RIO DE PESQUISA DO MESTRADO EM ARTES VISUAIS - 2015 &#8226; Projeto Arte na Escola","robots":{"index":"index","follow":"follow","max-snippet":"max-snippet:-1","max-image-preview":"max-image-preview:large","max-video-preview":"max-video-preview:-1"},"canonical":"https:\/\/wp.ufpel.edu.br\/artenaescola\/publicacoes\/anais-spmav\/iv-seminario-de-pesquisa-do-mestrado-em-artes-visuais-2015\/","og_locale":"pt_BR","og_type":"article","og_title":"IV SEMIN\u00c1RIO DE PESQUISA DO MESTRADO EM ARTES VISUAIS - 2015 &#8226; Projeto Arte na Escola","og_description":"Anais referentes ao &#8220;IV SEMIN\u00c1RIO DE PESQUISA DO MESTRADO EM ARTES VISUAIS&#8221; ANAIS do IV SEMIN\u00c1RIO DE PESQUISA DO MESTRADO EM ARTES VISUAIS: Converg\u00eancias na Arte Contempor\u00e2nea -UFPel Publica\u00e7\u00e3o anual do Mestrado em Artes Visuais da Universidade Federal de Pelotas(PPGAV-UFPel)- Pelotas-RS-Brasil. Editora e Gr\u00e1fica da UFPel R.Alberto Rosa,62-CEP:96010-770-Pelotas\/RS-Fone\/Fax:(53)3284-5513- E-mail: cearte.ufpel@gmail.com HomePage: www.ca.ufpel.edu.br Editora\u00e7\u00e3o Eletr\u00f4nica Paula... Leia mais","og_url":"https:\/\/wp.ufpel.edu.br\/artenaescola\/publicacoes\/anais-spmav\/iv-seminario-de-pesquisa-do-mestrado-em-artes-visuais-2015\/","og_site_name":"Projeto Arte na Escola","article_modified_time":"2020-06-01T13:12:27+00:00","og_image":[{"url":"https:\/\/wp.ufpel.edu.br\/artenaescola\/files\/2016\/06\/SP-378x318.jpg","type":"","width":"","height":""}],"twitter_card":"summary_large_image","twitter_misc":{"Est. tempo de leitura":"1 minuto"},"schema":{"@context":"https:\/\/schema.org","@graph":[{"@type":"WebPage","@id":"https:\/\/wp.ufpel.edu.br\/artenaescola\/publicacoes\/anais-spmav\/iv-seminario-de-pesquisa-do-mestrado-em-artes-visuais-2015\/","url":"https:\/\/wp.ufpel.edu.br\/artenaescola\/publicacoes\/anais-spmav\/iv-seminario-de-pesquisa-do-mestrado-em-artes-visuais-2015\/","name":"IV SEMIN\u00c1RIO DE PESQUISA DO MESTRADO EM ARTES VISUAIS - 2015 &#8226; Projeto Arte na Escola","isPartOf":{"@id":"https:\/\/wp.ufpel.edu.br\/artenaescola\/#website"},"primaryImageOfPage":{"@id":"https:\/\/wp.ufpel.edu.br\/artenaescola\/publicacoes\/anais-spmav\/iv-seminario-de-pesquisa-do-mestrado-em-artes-visuais-2015\/#primaryimage"},"image":{"@id":"https:\/\/wp.ufpel.edu.br\/artenaescola\/publicacoes\/anais-spmav\/iv-seminario-de-pesquisa-do-mestrado-em-artes-visuais-2015\/#primaryimage"},"thumbnailUrl":"https:\/\/wp.ufpel.edu.br\/artenaescola\/files\/2016\/06\/SP-378x318.jpg","datePublished":"2019-10-15T18:08:39+00:00","dateModified":"2020-06-01T13:12:27+00:00","breadcrumb":{"@id":"https:\/\/wp.ufpel.edu.br\/artenaescola\/publicacoes\/anais-spmav\/iv-seminario-de-pesquisa-do-mestrado-em-artes-visuais-2015\/#breadcrumb"},"inLanguage":"pt-BR","potentialAction":[{"@type":"ReadAction","target":["https:\/\/wp.ufpel.edu.br\/artenaescola\/publicacoes\/anais-spmav\/iv-seminario-de-pesquisa-do-mestrado-em-artes-visuais-2015\/"]}]},{"@type":"ImageObject","inLanguage":"pt-BR","@id":"https:\/\/wp.ufpel.edu.br\/artenaescola\/publicacoes\/anais-spmav\/iv-seminario-de-pesquisa-do-mestrado-em-artes-visuais-2015\/#primaryimage","url":"https:\/\/wp.ufpel.edu.br\/artenaescola\/files\/2016\/06\/SP.jpg","contentUrl":"https:\/\/wp.ufpel.edu.br\/artenaescola\/files\/2016\/06\/SP.jpg","width":1065,"height":895},{"@type":"BreadcrumbList","@id":"https:\/\/wp.ufpel.edu.br\/artenaescola\/publicacoes\/anais-spmav\/iv-seminario-de-pesquisa-do-mestrado-em-artes-visuais-2015\/#breadcrumb","itemListElement":[{"@type":"ListItem","position":1,"name":"In\u00edcio","item":"https:\/\/wp.ufpel.edu.br\/artenaescola\/"},{"@type":"ListItem","position":2,"name":"Publica\u00e7\u00f5es","item":"https:\/\/wp.ufpel.edu.br\/artenaescola\/publicacoes\/"},{"@type":"ListItem","position":3,"name":"SPMAV","item":"https:\/\/wp.ufpel.edu.br\/artenaescola\/publicacoes\/anais-spmav\/"},{"@type":"ListItem","position":4,"name":"IV SEMIN\u00c1RIO DE PESQUISA DO MESTRADO EM ARTES VISUAIS &#8211; 2015"}]},{"@type":"WebSite","@id":"https:\/\/wp.ufpel.edu.br\/artenaescola\/#website","url":"https:\/\/wp.ufpel.edu.br\/artenaescola\/","name":"Projeto Arte na Escola","description":"Polo UFPel","publisher":{"@id":"https:\/\/wp.ufpel.edu.br\/artenaescola\/#organization"},"potentialAction":[{"@type":"SearchAction","target":{"@type":"EntryPoint","urlTemplate":"https:\/\/wp.ufpel.edu.br\/artenaescola\/?s={search_term_string}"},"query-input":{"@type":"PropertyValueSpecification","valueRequired":true,"valueName":"search_term_string"}}],"inLanguage":"pt-BR"},{"@type":"Organization","@id":"https:\/\/wp.ufpel.edu.br\/artenaescola\/#organization","name":"arte na escola Ufpel","url":"https:\/\/wp.ufpel.edu.br\/artenaescola\/","logo":{"@type":"ImageObject","inLanguage":"pt-BR","@id":"https:\/\/wp.ufpel.edu.br\/artenaescola\/#\/schema\/logo\/image\/","url":"https:\/\/wp.ufpel.edu.br\/artenaescola\/files\/2016\/06\/IAE-Cor-RGB.jpg","contentUrl":"https:\/\/wp.ufpel.edu.br\/artenaescola\/files\/2016\/06\/IAE-Cor-RGB.jpg","width":750,"height":669,"caption":"arte na escola Ufpel"},"image":{"@id":"https:\/\/wp.ufpel.edu.br\/artenaescola\/#\/schema\/logo\/image\/"}}]}},"_links":{"self":[{"href":"https:\/\/wp.ufpel.edu.br\/artenaescola\/wp-json\/wp\/v2\/pages\/1929","targetHints":{"allow":["GET"]}}],"collection":[{"href":"https:\/\/wp.ufpel.edu.br\/artenaescola\/wp-json\/wp\/v2\/pages"}],"about":[{"href":"https:\/\/wp.ufpel.edu.br\/artenaescola\/wp-json\/wp\/v2\/types\/page"}],"author":[{"embeddable":true,"href":"https:\/\/wp.ufpel.edu.br\/artenaescola\/wp-json\/wp\/v2\/users\/645"}],"replies":[{"embeddable":true,"href":"https:\/\/wp.ufpel.edu.br\/artenaescola\/wp-json\/wp\/v2\/comments?post=1929"}],"version-history":[{"count":3,"href":"https:\/\/wp.ufpel.edu.br\/artenaescola\/wp-json\/wp\/v2\/pages\/1929\/revisions"}],"predecessor-version":[{"id":1935,"href":"https:\/\/wp.ufpel.edu.br\/artenaescola\/wp-json\/wp\/v2\/pages\/1929\/revisions\/1935"}],"up":[{"embeddable":true,"href":"https:\/\/wp.ufpel.edu.br\/artenaescola\/wp-json\/wp\/v2\/pages\/1893"}],"wp:attachment":[{"href":"https:\/\/wp.ufpel.edu.br\/artenaescola\/wp-json\/wp\/v2\/media?parent=1929"}],"curies":[{"name":"wp","href":"https:\/\/api.w.org\/{rel}","templated":true}]}}