{"id":1921,"date":"2019-10-15T14:58:21","date_gmt":"2019-10-15T17:58:21","guid":{"rendered":"https:\/\/wp.ufpel.edu.br\/artenaescola\/?page_id=1921"},"modified":"2020-06-01T10:13:33","modified_gmt":"2020-06-01T13:13:33","slug":"vi-seminario-de-pesquisa-em-artes-visuais-2017","status":"publish","type":"page","link":"https:\/\/wp.ufpel.edu.br\/artenaescola\/publicacoes\/anais-spmav\/vi-seminario-de-pesquisa-em-artes-visuais-2017\/","title":{"rendered":"VI Semin\u00e1rio de Pesquisa em Artes Visuais &#8211; 2017"},"content":{"rendered":"<p style=\"text-align: center\"><a href=\"https:\/\/drive.google.com\/open?id=1-ekIrGVQdapxp64DF4fn5_tdMZVJcdsP\"><strong>ANAIS referentes ao &#8221; VI SPMAV &#8211; 2017&#8243;<\/strong><\/a><\/p>\n<p><a href=\"https:\/\/drive.google.com\/open?id=1-ekIrGVQdapxp64DF4fn5_tdMZVJcdsP\"><img loading=\"lazy\" decoding=\"async\" class=\"aligncenter wp-image-1589\" src=\"https:\/\/wp.ufpel.edu.br\/artenaescola\/files\/2018\/03\/20429825_1723425821287609_1059116719127875531_n.jpg\" alt=\"\" width=\"538\" height=\"761\" \/><\/a><\/p>\n<p>&nbsp;<\/p>\n<p>ANAIS do <strong>VI SEMIN\u00c1RIO DE PESQUISA DO MESTRADO EM ARTES VISUAIS: Contato e trama na Arte Contempor\u00e2nea<\/strong> -UFPel Publica\u00e7\u00e3o anual do Mestrado em Artes Visuais da Universidade Federal de Pelotas(PPGAV-UFPel)-<br \/>\nPelotas-RS-Brasil.<br \/>\nEditora e Gr\u00e1fica da UFPel<br \/>\nR.Alberto Rosa,62-CEP:96010-770-Pelotas\/RS-Fone\/Fax:(53)3284-5513- E-mail: cearte.ufpel@gmail.com<br \/>\nHomePage: www.ca.ufpel.edu.br<\/p>\n<p><strong>Comiss\u00e3o Cient\u00edfica<\/strong><br \/>\nAlice Monsell (UFPel)<br \/>\nAlberto D\u2019\u00c1vila Coelho (IFSUL)<br \/>\nAnette Lopes Lubisco (ULBRA)<br \/>\nAngela Raffin Pohlmann (UFPel)<br \/>\nCarla Gon\u00e7alves Rodrigues(UFPel)<br \/>\nCarol Rochefort( UFPel)<br \/>\nClaudio Tarouco de Azevedo (UFPel)<br \/>\nEduarda Gon\u00e7alves (UFPel)<br \/>\nGabriela Motta (UFPel)<br \/>\nHelene Sacco (UFPel)<br \/>\nLucia B. Weymar (UFPel)<br \/>\nMarilda Oliveira (UFSM)<br \/>\nMirela Meira(UFPel)<br \/>\nN\u00e1dia Senna (UFPel)<br \/>\nReinilda B. Minuzzi(UFSM)<br \/>\nRenata Requi\u00e3o (UFPel)<br \/>\nUrsula Rosa da Silva (UFPel)<br \/>\nVivian Paulitsch (FURG)<\/p>\n<p>Editora e Gr\u00e1fica da UFPel \/ <strong>Editora\u00e7\u00e3o Eletr\u00f4nica:<\/strong> Luiza Alves de Macedo Tavares.<br \/>\n<strong>Identidade Visual:<\/strong> Mariana Corteze.<br \/>\n<strong>Organiza\u00e7\u00e3o do Semin\u00e1rio:<\/strong> PPGAV\/UFPel.<br \/>\n<strong>Apoio:<\/strong> Arte na Escola &#8211; Polo UFPel, IFSUL, UFRGS, FURG, UFSM.<\/p>\n","protected":false},"excerpt":{"rendered":"<p>ANAIS referentes ao &#8221; VI SPMAV &#8211; 2017&#8243; &nbsp; ANAIS do VI SEMIN\u00c1RIO DE PESQUISA DO MESTRADO EM ARTES VISUAIS: Contato e trama na Arte Contempor\u00e2nea -UFPel Publica\u00e7\u00e3o anual do Mestrado em Artes Visuais da Universidade Federal de Pelotas(PPGAV-UFPel)- Pelotas-RS-Brasil. Editora e Gr\u00e1fica da UFPel R.Alberto Rosa,62-CEP:96010-770-Pelotas\/RS-Fone\/Fax:(53)3284-5513- E-mail: cearte.ufpel@gmail.com HomePage: www.ca.ufpel.edu.br Comiss\u00e3o Cient\u00edfica Alice Monsell&#8230; <\/p>\n<div class=\"link-more\"><a href=\"https:\/\/wp.ufpel.edu.br\/artenaescola\/publicacoes\/anais-spmav\/vi-seminario-de-pesquisa-em-artes-visuais-2017\/\">Leia mais<\/a><\/div>\n","protected":false},"author":645,"featured_media":0,"parent":1893,"menu_order":6,"comment_status":"closed","ping_status":"closed","template":"","meta":{"footnotes":""},"class_list":["post-1921","page","type-page","status-publish","hentry"],"yoast_head":"<!-- This site is optimized with the Yoast SEO plugin v26.7 - https:\/\/yoast.com\/wordpress\/plugins\/seo\/ -->\n<title>VI Semin\u00e1rio de Pesquisa em Artes Visuais - 2017 &#8226; Projeto Arte na Escola<\/title>\n<meta name=\"robots\" content=\"index, follow, max-snippet:-1, max-image-preview:large, max-video-preview:-1\" \/>\n<link rel=\"canonical\" href=\"https:\/\/wp.ufpel.edu.br\/artenaescola\/publicacoes\/anais-spmav\/vi-seminario-de-pesquisa-em-artes-visuais-2017\/\" \/>\n<meta property=\"og:locale\" content=\"pt_BR\" \/>\n<meta property=\"og:type\" content=\"article\" \/>\n<meta property=\"og:title\" content=\"VI Semin\u00e1rio de Pesquisa em Artes Visuais - 2017 &#8226; Projeto Arte na Escola\" \/>\n<meta property=\"og:description\" content=\"ANAIS referentes ao &#8221; VI SPMAV &#8211; 2017&#8243; &nbsp; ANAIS do VI SEMIN\u00c1RIO DE PESQUISA DO MESTRADO EM ARTES VISUAIS: Contato e trama na Arte Contempor\u00e2nea -UFPel Publica\u00e7\u00e3o anual do Mestrado em Artes Visuais da Universidade Federal de Pelotas(PPGAV-UFPel)- Pelotas-RS-Brasil. Editora e Gr\u00e1fica da UFPel R.Alberto Rosa,62-CEP:96010-770-Pelotas\/RS-Fone\/Fax:(53)3284-5513- E-mail: cearte.ufpel@gmail.com HomePage: www.ca.ufpel.edu.br Comiss\u00e3o Cient\u00edfica Alice Monsell... Leia mais\" \/>\n<meta property=\"og:url\" content=\"https:\/\/wp.ufpel.edu.br\/artenaescola\/publicacoes\/anais-spmav\/vi-seminario-de-pesquisa-em-artes-visuais-2017\/\" \/>\n<meta property=\"og:site_name\" content=\"Projeto Arte na Escola\" \/>\n<meta property=\"article:modified_time\" content=\"2020-06-01T13:13:33+00:00\" \/>\n<meta property=\"og:image\" content=\"https:\/\/wp.ufpel.edu.br\/artenaescola\/files\/2018\/03\/20429825_1723425821287609_1059116719127875531_n.jpg\" \/>\n<meta name=\"twitter:card\" content=\"summary_large_image\" \/>\n<meta name=\"twitter:label1\" content=\"Est. tempo de leitura\" \/>\n\t<meta name=\"twitter:data1\" content=\"1 minuto\" \/>\n<script type=\"application\/ld+json\" class=\"yoast-schema-graph\">{\"@context\":\"https:\/\/schema.org\",\"@graph\":[{\"@type\":\"WebPage\",\"@id\":\"https:\/\/wp.ufpel.edu.br\/artenaescola\/publicacoes\/anais-spmav\/vi-seminario-de-pesquisa-em-artes-visuais-2017\/\",\"url\":\"https:\/\/wp.ufpel.edu.br\/artenaescola\/publicacoes\/anais-spmav\/vi-seminario-de-pesquisa-em-artes-visuais-2017\/\",\"name\":\"VI Semin\u00e1rio de Pesquisa em Artes Visuais - 2017 &#8226; Projeto Arte na Escola\",\"isPartOf\":{\"@id\":\"https:\/\/wp.ufpel.edu.br\/artenaescola\/#website\"},\"primaryImageOfPage\":{\"@id\":\"https:\/\/wp.ufpel.edu.br\/artenaescola\/publicacoes\/anais-spmav\/vi-seminario-de-pesquisa-em-artes-visuais-2017\/#primaryimage\"},\"image\":{\"@id\":\"https:\/\/wp.ufpel.edu.br\/artenaescola\/publicacoes\/anais-spmav\/vi-seminario-de-pesquisa-em-artes-visuais-2017\/#primaryimage\"},\"thumbnailUrl\":\"https:\/\/wp.ufpel.edu.br\/artenaescola\/files\/2018\/03\/20429825_1723425821287609_1059116719127875531_n.jpg\",\"datePublished\":\"2019-10-15T17:58:21+00:00\",\"dateModified\":\"2020-06-01T13:13:33+00:00\",\"breadcrumb\":{\"@id\":\"https:\/\/wp.ufpel.edu.br\/artenaescola\/publicacoes\/anais-spmav\/vi-seminario-de-pesquisa-em-artes-visuais-2017\/#breadcrumb\"},\"inLanguage\":\"pt-BR\",\"potentialAction\":[{\"@type\":\"ReadAction\",\"target\":[\"https:\/\/wp.ufpel.edu.br\/artenaescola\/publicacoes\/anais-spmav\/vi-seminario-de-pesquisa-em-artes-visuais-2017\/\"]}]},{\"@type\":\"ImageObject\",\"inLanguage\":\"pt-BR\",\"@id\":\"https:\/\/wp.ufpel.edu.br\/artenaescola\/publicacoes\/anais-spmav\/vi-seminario-de-pesquisa-em-artes-visuais-2017\/#primaryimage\",\"url\":\"https:\/\/wp.ufpel.edu.br\/artenaescola\/files\/2018\/03\/20429825_1723425821287609_1059116719127875531_n.jpg\",\"contentUrl\":\"https:\/\/wp.ufpel.edu.br\/artenaescola\/files\/2018\/03\/20429825_1723425821287609_1059116719127875531_n.jpg\"},{\"@type\":\"BreadcrumbList\",\"@id\":\"https:\/\/wp.ufpel.edu.br\/artenaescola\/publicacoes\/anais-spmav\/vi-seminario-de-pesquisa-em-artes-visuais-2017\/#breadcrumb\",\"itemListElement\":[{\"@type\":\"ListItem\",\"position\":1,\"name\":\"In\u00edcio\",\"item\":\"https:\/\/wp.ufpel.edu.br\/artenaescola\/\"},{\"@type\":\"ListItem\",\"position\":2,\"name\":\"Publica\u00e7\u00f5es\",\"item\":\"https:\/\/wp.ufpel.edu.br\/artenaescola\/publicacoes\/\"},{\"@type\":\"ListItem\",\"position\":3,\"name\":\"SPMAV\",\"item\":\"https:\/\/wp.ufpel.edu.br\/artenaescola\/publicacoes\/anais-spmav\/\"},{\"@type\":\"ListItem\",\"position\":4,\"name\":\"VI Semin\u00e1rio de Pesquisa em Artes Visuais &#8211; 2017\"}]},{\"@type\":\"WebSite\",\"@id\":\"https:\/\/wp.ufpel.edu.br\/artenaescola\/#website\",\"url\":\"https:\/\/wp.ufpel.edu.br\/artenaescola\/\",\"name\":\"Projeto Arte na Escola\",\"description\":\"Polo UFPel\",\"publisher\":{\"@id\":\"https:\/\/wp.ufpel.edu.br\/artenaescola\/#organization\"},\"potentialAction\":[{\"@type\":\"SearchAction\",\"target\":{\"@type\":\"EntryPoint\",\"urlTemplate\":\"https:\/\/wp.ufpel.edu.br\/artenaescola\/?s={search_term_string}\"},\"query-input\":{\"@type\":\"PropertyValueSpecification\",\"valueRequired\":true,\"valueName\":\"search_term_string\"}}],\"inLanguage\":\"pt-BR\"},{\"@type\":\"Organization\",\"@id\":\"https:\/\/wp.ufpel.edu.br\/artenaescola\/#organization\",\"name\":\"arte na escola Ufpel\",\"url\":\"https:\/\/wp.ufpel.edu.br\/artenaescola\/\",\"logo\":{\"@type\":\"ImageObject\",\"inLanguage\":\"pt-BR\",\"@id\":\"https:\/\/wp.ufpel.edu.br\/artenaescola\/#\/schema\/logo\/image\/\",\"url\":\"https:\/\/wp.ufpel.edu.br\/artenaescola\/files\/2016\/06\/IAE-Cor-RGB.jpg\",\"contentUrl\":\"https:\/\/wp.ufpel.edu.br\/artenaescola\/files\/2016\/06\/IAE-Cor-RGB.jpg\",\"width\":750,\"height\":669,\"caption\":\"arte na escola Ufpel\"},\"image\":{\"@id\":\"https:\/\/wp.ufpel.edu.br\/artenaescola\/#\/schema\/logo\/image\/\"}}]}<\/script>\n<!-- \/ Yoast SEO plugin. -->","yoast_head_json":{"title":"VI Semin\u00e1rio de Pesquisa em Artes Visuais - 2017 &#8226; Projeto Arte na Escola","robots":{"index":"index","follow":"follow","max-snippet":"max-snippet:-1","max-image-preview":"max-image-preview:large","max-video-preview":"max-video-preview:-1"},"canonical":"https:\/\/wp.ufpel.edu.br\/artenaescola\/publicacoes\/anais-spmav\/vi-seminario-de-pesquisa-em-artes-visuais-2017\/","og_locale":"pt_BR","og_type":"article","og_title":"VI Semin\u00e1rio de Pesquisa em Artes Visuais - 2017 &#8226; Projeto Arte na Escola","og_description":"ANAIS referentes ao &#8221; VI SPMAV &#8211; 2017&#8243; &nbsp; ANAIS do VI SEMIN\u00c1RIO DE PESQUISA DO MESTRADO EM ARTES VISUAIS: Contato e trama na Arte Contempor\u00e2nea -UFPel Publica\u00e7\u00e3o anual do Mestrado em Artes Visuais da Universidade Federal de Pelotas(PPGAV-UFPel)- Pelotas-RS-Brasil. Editora e Gr\u00e1fica da UFPel R.Alberto Rosa,62-CEP:96010-770-Pelotas\/RS-Fone\/Fax:(53)3284-5513- E-mail: cearte.ufpel@gmail.com HomePage: www.ca.ufpel.edu.br Comiss\u00e3o Cient\u00edfica Alice Monsell... Leia mais","og_url":"https:\/\/wp.ufpel.edu.br\/artenaescola\/publicacoes\/anais-spmav\/vi-seminario-de-pesquisa-em-artes-visuais-2017\/","og_site_name":"Projeto Arte na Escola","article_modified_time":"2020-06-01T13:13:33+00:00","og_image":[{"url":"https:\/\/wp.ufpel.edu.br\/artenaescola\/files\/2018\/03\/20429825_1723425821287609_1059116719127875531_n.jpg","type":"","width":"","height":""}],"twitter_card":"summary_large_image","twitter_misc":{"Est. tempo de leitura":"1 minuto"},"schema":{"@context":"https:\/\/schema.org","@graph":[{"@type":"WebPage","@id":"https:\/\/wp.ufpel.edu.br\/artenaescola\/publicacoes\/anais-spmav\/vi-seminario-de-pesquisa-em-artes-visuais-2017\/","url":"https:\/\/wp.ufpel.edu.br\/artenaescola\/publicacoes\/anais-spmav\/vi-seminario-de-pesquisa-em-artes-visuais-2017\/","name":"VI Semin\u00e1rio de Pesquisa em Artes Visuais - 2017 &#8226; Projeto Arte na Escola","isPartOf":{"@id":"https:\/\/wp.ufpel.edu.br\/artenaescola\/#website"},"primaryImageOfPage":{"@id":"https:\/\/wp.ufpel.edu.br\/artenaescola\/publicacoes\/anais-spmav\/vi-seminario-de-pesquisa-em-artes-visuais-2017\/#primaryimage"},"image":{"@id":"https:\/\/wp.ufpel.edu.br\/artenaescola\/publicacoes\/anais-spmav\/vi-seminario-de-pesquisa-em-artes-visuais-2017\/#primaryimage"},"thumbnailUrl":"https:\/\/wp.ufpel.edu.br\/artenaescola\/files\/2018\/03\/20429825_1723425821287609_1059116719127875531_n.jpg","datePublished":"2019-10-15T17:58:21+00:00","dateModified":"2020-06-01T13:13:33+00:00","breadcrumb":{"@id":"https:\/\/wp.ufpel.edu.br\/artenaescola\/publicacoes\/anais-spmav\/vi-seminario-de-pesquisa-em-artes-visuais-2017\/#breadcrumb"},"inLanguage":"pt-BR","potentialAction":[{"@type":"ReadAction","target":["https:\/\/wp.ufpel.edu.br\/artenaescola\/publicacoes\/anais-spmav\/vi-seminario-de-pesquisa-em-artes-visuais-2017\/"]}]},{"@type":"ImageObject","inLanguage":"pt-BR","@id":"https:\/\/wp.ufpel.edu.br\/artenaescola\/publicacoes\/anais-spmav\/vi-seminario-de-pesquisa-em-artes-visuais-2017\/#primaryimage","url":"https:\/\/wp.ufpel.edu.br\/artenaescola\/files\/2018\/03\/20429825_1723425821287609_1059116719127875531_n.jpg","contentUrl":"https:\/\/wp.ufpel.edu.br\/artenaescola\/files\/2018\/03\/20429825_1723425821287609_1059116719127875531_n.jpg"},{"@type":"BreadcrumbList","@id":"https:\/\/wp.ufpel.edu.br\/artenaescola\/publicacoes\/anais-spmav\/vi-seminario-de-pesquisa-em-artes-visuais-2017\/#breadcrumb","itemListElement":[{"@type":"ListItem","position":1,"name":"In\u00edcio","item":"https:\/\/wp.ufpel.edu.br\/artenaescola\/"},{"@type":"ListItem","position":2,"name":"Publica\u00e7\u00f5es","item":"https:\/\/wp.ufpel.edu.br\/artenaescola\/publicacoes\/"},{"@type":"ListItem","position":3,"name":"SPMAV","item":"https:\/\/wp.ufpel.edu.br\/artenaescola\/publicacoes\/anais-spmav\/"},{"@type":"ListItem","position":4,"name":"VI Semin\u00e1rio de Pesquisa em Artes Visuais &#8211; 2017"}]},{"@type":"WebSite","@id":"https:\/\/wp.ufpel.edu.br\/artenaescola\/#website","url":"https:\/\/wp.ufpel.edu.br\/artenaescola\/","name":"Projeto Arte na Escola","description":"Polo UFPel","publisher":{"@id":"https:\/\/wp.ufpel.edu.br\/artenaescola\/#organization"},"potentialAction":[{"@type":"SearchAction","target":{"@type":"EntryPoint","urlTemplate":"https:\/\/wp.ufpel.edu.br\/artenaescola\/?s={search_term_string}"},"query-input":{"@type":"PropertyValueSpecification","valueRequired":true,"valueName":"search_term_string"}}],"inLanguage":"pt-BR"},{"@type":"Organization","@id":"https:\/\/wp.ufpel.edu.br\/artenaescola\/#organization","name":"arte na escola Ufpel","url":"https:\/\/wp.ufpel.edu.br\/artenaescola\/","logo":{"@type":"ImageObject","inLanguage":"pt-BR","@id":"https:\/\/wp.ufpel.edu.br\/artenaescola\/#\/schema\/logo\/image\/","url":"https:\/\/wp.ufpel.edu.br\/artenaescola\/files\/2016\/06\/IAE-Cor-RGB.jpg","contentUrl":"https:\/\/wp.ufpel.edu.br\/artenaescola\/files\/2016\/06\/IAE-Cor-RGB.jpg","width":750,"height":669,"caption":"arte na escola Ufpel"},"image":{"@id":"https:\/\/wp.ufpel.edu.br\/artenaescola\/#\/schema\/logo\/image\/"}}]}},"_links":{"self":[{"href":"https:\/\/wp.ufpel.edu.br\/artenaescola\/wp-json\/wp\/v2\/pages\/1921","targetHints":{"allow":["GET"]}}],"collection":[{"href":"https:\/\/wp.ufpel.edu.br\/artenaescola\/wp-json\/wp\/v2\/pages"}],"about":[{"href":"https:\/\/wp.ufpel.edu.br\/artenaescola\/wp-json\/wp\/v2\/types\/page"}],"author":[{"embeddable":true,"href":"https:\/\/wp.ufpel.edu.br\/artenaescola\/wp-json\/wp\/v2\/users\/645"}],"replies":[{"embeddable":true,"href":"https:\/\/wp.ufpel.edu.br\/artenaescola\/wp-json\/wp\/v2\/comments?post=1921"}],"version-history":[{"count":4,"href":"https:\/\/wp.ufpel.edu.br\/artenaescola\/wp-json\/wp\/v2\/pages\/1921\/revisions"}],"predecessor-version":[{"id":1950,"href":"https:\/\/wp.ufpel.edu.br\/artenaescola\/wp-json\/wp\/v2\/pages\/1921\/revisions\/1950"}],"up":[{"embeddable":true,"href":"https:\/\/wp.ufpel.edu.br\/artenaescola\/wp-json\/wp\/v2\/pages\/1893"}],"wp:attachment":[{"href":"https:\/\/wp.ufpel.edu.br\/artenaescola\/wp-json\/wp\/v2\/media?parent=1921"}],"curies":[{"name":"wp","href":"https:\/\/api.w.org\/{rel}","templated":true}]}}