{"id":1292,"date":"2017-11-08T13:00:57","date_gmt":"2017-11-08T16:00:57","guid":{"rendered":"https:\/\/wp.ufpel.edu.br\/artenaescola\/?page_id=1292"},"modified":"2021-10-13T15:37:59","modified_gmt":"2021-10-13T18:37:59","slug":"acoes","status":"publish","type":"page","link":"https:\/\/wp.ufpel.edu.br\/artenaescola\/acoes\/","title":{"rendered":"A\u00e7\u00f5es"},"content":{"rendered":"<p>2019<\/p>\n<ul>\n<li><a href=\"https:\/\/wp.ufpel.edu.br\/artenaescola\/acoes\/acoes-2019\/gravura-verde-xilografia-em-caixa-de-leite-em-morro-redondo\/\">Gravura Verde: Xilografia em caixa de leite em Morro Redondo<\/a><\/li>\n<li>A\u00e7\u00f5es em prol da Educa\u00e7\u00e3o<\/li>\n<li><a href=\"https:\/\/wp.ufpel.edu.br\/artenaescola\/acoes\/acoes-2019\/cosplay-de-artista\/\">Cosplay de Artista<\/a><\/li>\n<li>Oficina de croch\u00ea<\/li>\n<li>Exposi\u00e7\u00e3o no CEHUS<\/li>\n<li>Mostra de cursos da UFPel<\/li>\n<li>Fenandoce<\/li>\n<li>Trajes folcl\u00f3ricos em Morro Redondo<\/li>\n<\/ul>\n<p>&nbsp;<\/p>\n<p>2018<\/p>\n<ul>\n<li><a href=\"https:\/\/wp.ufpel.edu.br\/artenaescola\/noticias\/acao-no-asilo-de-idosos-de-pedro-osorio\/\">A\u00e7\u00e3o no Asilo de Idosos de Pedro Os\u00f3rio<\/a><\/li>\n<li>Scratch Day<\/li>\n<\/ul>\n<p>&nbsp;<\/p>\n<p>2017<\/p>\n<ul>\n<li><a href=\"https:\/\/wp.ufpel.edu.br\/artenaescola\/acoes\/acoes-2017\/oficina-feira-do-livro\/\">Oficina Feira do Livro<\/a><\/li>\n<li><a href=\"https:\/\/wp.ufpel.edu.br\/artenaescola\/acoes\/acoes-2017\/praca-da-paz-com-seli-mauricio\/\">Pra\u00e7a da Paz com Seli Maur\u00edcio<\/a><\/li>\n<li><a href=\"https:\/\/wp.ufpel.edu.br\/artenaescola\/acoes\/acoes-2017\/oficina-ruthi-blank\/\">Oficina Ruth Blank<\/a><\/li>\n<li><a href=\"https:\/\/wp.ufpel.edu.br\/artenaescola\/acoes\/acoes-2017\/la-noche-de-los-artistas-muertos\/\">La Noche de Los Artistas Muertos<\/a><\/li>\n<li><a href=\"https:\/\/wp.ufpel.edu.br\/artenaescola\/acoes\/acoes-2017\/oficina-de-desenho-e-trajens-folcloricos\/\">Oficina de Desenho e Trajes Folcl\u00f3ricos em Piratini\u00a0<\/a><\/li>\n<li><a href=\"https:\/\/wp.ufpel.edu.br\/artenaescola\/acoes\/acoes-2017\/carnaval-no-asilo-de-mendigos\/\">Carnaval no Asilo de Mendigos de Pelotas<\/a><\/li>\n<li><a href=\"https:\/\/wp.ufpel.edu.br\/artenaescola\/acoes\/acoes-2018\/oficina-de-personagens-folcloricos\/\">Oficina de Personagens Folcl\u00f3ricos<\/a><\/li>\n<\/ul>\n<p>&nbsp;<\/p>\n<p>2016<\/p>\n<ul>\n<li>Oficina Pelotense<\/li>\n<li><a href=\"https:\/\/wp.ufpel.edu.br\/artenaescola\/acervo\/acoes-2016\/semana-do-folclore-aabb\/\">Semana do Folclore AABB<\/a><\/li>\n<li><a href=\"https:\/\/wp.ufpel.edu.br\/artenaescola\/acervo\/acoes-2016\/movimento-reexistencia\/\">Movimento (RE)EXIST\u00caNCIA<\/a><\/li>\n<\/ul>\n<p>&nbsp;<\/p>\n<p>2015<\/p>\n<ul>\n<li>Oficina Alfredo Dubb<\/li>\n<li>Luis Braille<\/li>\n<\/ul>\n","protected":false},"excerpt":{"rendered":"<p>2019 Gravura Verde: Xilografia em caixa de leite em Morro Redondo A\u00e7\u00f5es em prol da Educa\u00e7\u00e3o Cosplay de Artista Oficina de croch\u00ea Exposi\u00e7\u00e3o no CEHUS Mostra de cursos da UFPel Fenandoce Trajes folcl\u00f3ricos em Morro Redondo &nbsp; 2018 A\u00e7\u00e3o no Asilo de Idosos de Pedro Os\u00f3rio Scratch Day &nbsp; 2017 Oficina Feira do Livro Pra\u00e7a&#8230; <\/p>\n<div class=\"link-more\"><a href=\"https:\/\/wp.ufpel.edu.br\/artenaescola\/acoes\/\">Leia mais<\/a><\/div>\n","protected":false},"author":645,"featured_media":0,"parent":0,"menu_order":6,"comment_status":"closed","ping_status":"closed","template":"","meta":{"footnotes":""},"class_list":["post-1292","page","type-page","status-publish","hentry"],"yoast_head":"<!-- This site is optimized with the Yoast SEO plugin v26.7 - https:\/\/yoast.com\/wordpress\/plugins\/seo\/ -->\n<title>A\u00e7\u00f5es &#8226; Projeto Arte na Escola<\/title>\n<meta name=\"robots\" content=\"index, follow, max-snippet:-1, max-image-preview:large, max-video-preview:-1\" \/>\n<link rel=\"canonical\" href=\"https:\/\/wp.ufpel.edu.br\/artenaescola\/acoes\/\" \/>\n<meta property=\"og:locale\" content=\"pt_BR\" \/>\n<meta property=\"og:type\" content=\"article\" \/>\n<meta property=\"og:title\" content=\"A\u00e7\u00f5es &#8226; Projeto Arte na Escola\" \/>\n<meta property=\"og:description\" content=\"2019 Gravura Verde: Xilografia em caixa de leite em Morro Redondo A\u00e7\u00f5es em prol da Educa\u00e7\u00e3o Cosplay de Artista Oficina de croch\u00ea Exposi\u00e7\u00e3o no CEHUS Mostra de cursos da UFPel Fenandoce Trajes folcl\u00f3ricos em Morro Redondo &nbsp; 2018 A\u00e7\u00e3o no Asilo de Idosos de Pedro Os\u00f3rio Scratch Day &nbsp; 2017 Oficina Feira do Livro Pra\u00e7a... Leia mais\" \/>\n<meta property=\"og:url\" content=\"https:\/\/wp.ufpel.edu.br\/artenaescola\/acoes\/\" \/>\n<meta property=\"og:site_name\" content=\"Projeto Arte na Escola\" \/>\n<meta property=\"article:modified_time\" content=\"2021-10-13T18:37:59+00:00\" \/>\n<meta name=\"twitter:card\" content=\"summary_large_image\" \/>\n<meta name=\"twitter:label1\" content=\"Est. tempo de leitura\" \/>\n\t<meta name=\"twitter:data1\" content=\"1 minuto\" \/>\n<script type=\"application\/ld+json\" class=\"yoast-schema-graph\">{\"@context\":\"https:\/\/schema.org\",\"@graph\":[{\"@type\":\"WebPage\",\"@id\":\"https:\/\/wp.ufpel.edu.br\/artenaescola\/acoes\/\",\"url\":\"https:\/\/wp.ufpel.edu.br\/artenaescola\/acoes\/\",\"name\":\"A\u00e7\u00f5es &#8226; Projeto Arte na Escola\",\"isPartOf\":{\"@id\":\"https:\/\/wp.ufpel.edu.br\/artenaescola\/#website\"},\"datePublished\":\"2017-11-08T16:00:57+00:00\",\"dateModified\":\"2021-10-13T18:37:59+00:00\",\"breadcrumb\":{\"@id\":\"https:\/\/wp.ufpel.edu.br\/artenaescola\/acoes\/#breadcrumb\"},\"inLanguage\":\"pt-BR\",\"potentialAction\":[{\"@type\":\"ReadAction\",\"target\":[\"https:\/\/wp.ufpel.edu.br\/artenaescola\/acoes\/\"]}]},{\"@type\":\"BreadcrumbList\",\"@id\":\"https:\/\/wp.ufpel.edu.br\/artenaescola\/acoes\/#breadcrumb\",\"itemListElement\":[{\"@type\":\"ListItem\",\"position\":1,\"name\":\"In\u00edcio\",\"item\":\"https:\/\/wp.ufpel.edu.br\/artenaescola\/\"},{\"@type\":\"ListItem\",\"position\":2,\"name\":\"A\u00e7\u00f5es\"}]},{\"@type\":\"WebSite\",\"@id\":\"https:\/\/wp.ufpel.edu.br\/artenaescola\/#website\",\"url\":\"https:\/\/wp.ufpel.edu.br\/artenaescola\/\",\"name\":\"Projeto Arte na Escola\",\"description\":\"Polo UFPel\",\"publisher\":{\"@id\":\"https:\/\/wp.ufpel.edu.br\/artenaescola\/#organization\"},\"potentialAction\":[{\"@type\":\"SearchAction\",\"target\":{\"@type\":\"EntryPoint\",\"urlTemplate\":\"https:\/\/wp.ufpel.edu.br\/artenaescola\/?s={search_term_string}\"},\"query-input\":{\"@type\":\"PropertyValueSpecification\",\"valueRequired\":true,\"valueName\":\"search_term_string\"}}],\"inLanguage\":\"pt-BR\"},{\"@type\":\"Organization\",\"@id\":\"https:\/\/wp.ufpel.edu.br\/artenaescola\/#organization\",\"name\":\"arte na escola Ufpel\",\"url\":\"https:\/\/wp.ufpel.edu.br\/artenaescola\/\",\"logo\":{\"@type\":\"ImageObject\",\"inLanguage\":\"pt-BR\",\"@id\":\"https:\/\/wp.ufpel.edu.br\/artenaescola\/#\/schema\/logo\/image\/\",\"url\":\"https:\/\/wp.ufpel.edu.br\/artenaescola\/files\/2016\/06\/IAE-Cor-RGB.jpg\",\"contentUrl\":\"https:\/\/wp.ufpel.edu.br\/artenaescola\/files\/2016\/06\/IAE-Cor-RGB.jpg\",\"width\":750,\"height\":669,\"caption\":\"arte na escola Ufpel\"},\"image\":{\"@id\":\"https:\/\/wp.ufpel.edu.br\/artenaescola\/#\/schema\/logo\/image\/\"}}]}<\/script>\n<!-- \/ Yoast SEO plugin. -->","yoast_head_json":{"title":"A\u00e7\u00f5es &#8226; Projeto Arte na Escola","robots":{"index":"index","follow":"follow","max-snippet":"max-snippet:-1","max-image-preview":"max-image-preview:large","max-video-preview":"max-video-preview:-1"},"canonical":"https:\/\/wp.ufpel.edu.br\/artenaescola\/acoes\/","og_locale":"pt_BR","og_type":"article","og_title":"A\u00e7\u00f5es &#8226; Projeto Arte na Escola","og_description":"2019 Gravura Verde: Xilografia em caixa de leite em Morro Redondo A\u00e7\u00f5es em prol da Educa\u00e7\u00e3o Cosplay de Artista Oficina de croch\u00ea Exposi\u00e7\u00e3o no CEHUS Mostra de cursos da UFPel Fenandoce Trajes folcl\u00f3ricos em Morro Redondo &nbsp; 2018 A\u00e7\u00e3o no Asilo de Idosos de Pedro Os\u00f3rio Scratch Day &nbsp; 2017 Oficina Feira do Livro Pra\u00e7a... Leia mais","og_url":"https:\/\/wp.ufpel.edu.br\/artenaescola\/acoes\/","og_site_name":"Projeto Arte na Escola","article_modified_time":"2021-10-13T18:37:59+00:00","twitter_card":"summary_large_image","twitter_misc":{"Est. tempo de leitura":"1 minuto"},"schema":{"@context":"https:\/\/schema.org","@graph":[{"@type":"WebPage","@id":"https:\/\/wp.ufpel.edu.br\/artenaescola\/acoes\/","url":"https:\/\/wp.ufpel.edu.br\/artenaescola\/acoes\/","name":"A\u00e7\u00f5es &#8226; Projeto Arte na Escola","isPartOf":{"@id":"https:\/\/wp.ufpel.edu.br\/artenaescola\/#website"},"datePublished":"2017-11-08T16:00:57+00:00","dateModified":"2021-10-13T18:37:59+00:00","breadcrumb":{"@id":"https:\/\/wp.ufpel.edu.br\/artenaescola\/acoes\/#breadcrumb"},"inLanguage":"pt-BR","potentialAction":[{"@type":"ReadAction","target":["https:\/\/wp.ufpel.edu.br\/artenaescola\/acoes\/"]}]},{"@type":"BreadcrumbList","@id":"https:\/\/wp.ufpel.edu.br\/artenaescola\/acoes\/#breadcrumb","itemListElement":[{"@type":"ListItem","position":1,"name":"In\u00edcio","item":"https:\/\/wp.ufpel.edu.br\/artenaescola\/"},{"@type":"ListItem","position":2,"name":"A\u00e7\u00f5es"}]},{"@type":"WebSite","@id":"https:\/\/wp.ufpel.edu.br\/artenaescola\/#website","url":"https:\/\/wp.ufpel.edu.br\/artenaescola\/","name":"Projeto Arte na Escola","description":"Polo UFPel","publisher":{"@id":"https:\/\/wp.ufpel.edu.br\/artenaescola\/#organization"},"potentialAction":[{"@type":"SearchAction","target":{"@type":"EntryPoint","urlTemplate":"https:\/\/wp.ufpel.edu.br\/artenaescola\/?s={search_term_string}"},"query-input":{"@type":"PropertyValueSpecification","valueRequired":true,"valueName":"search_term_string"}}],"inLanguage":"pt-BR"},{"@type":"Organization","@id":"https:\/\/wp.ufpel.edu.br\/artenaescola\/#organization","name":"arte na escola Ufpel","url":"https:\/\/wp.ufpel.edu.br\/artenaescola\/","logo":{"@type":"ImageObject","inLanguage":"pt-BR","@id":"https:\/\/wp.ufpel.edu.br\/artenaescola\/#\/schema\/logo\/image\/","url":"https:\/\/wp.ufpel.edu.br\/artenaescola\/files\/2016\/06\/IAE-Cor-RGB.jpg","contentUrl":"https:\/\/wp.ufpel.edu.br\/artenaescola\/files\/2016\/06\/IAE-Cor-RGB.jpg","width":750,"height":669,"caption":"arte na escola Ufpel"},"image":{"@id":"https:\/\/wp.ufpel.edu.br\/artenaescola\/#\/schema\/logo\/image\/"}}]}},"_links":{"self":[{"href":"https:\/\/wp.ufpel.edu.br\/artenaescola\/wp-json\/wp\/v2\/pages\/1292","targetHints":{"allow":["GET"]}}],"collection":[{"href":"https:\/\/wp.ufpel.edu.br\/artenaescola\/wp-json\/wp\/v2\/pages"}],"about":[{"href":"https:\/\/wp.ufpel.edu.br\/artenaescola\/wp-json\/wp\/v2\/types\/page"}],"author":[{"embeddable":true,"href":"https:\/\/wp.ufpel.edu.br\/artenaescola\/wp-json\/wp\/v2\/users\/645"}],"replies":[{"embeddable":true,"href":"https:\/\/wp.ufpel.edu.br\/artenaescola\/wp-json\/wp\/v2\/comments?post=1292"}],"version-history":[{"count":47,"href":"https:\/\/wp.ufpel.edu.br\/artenaescola\/wp-json\/wp\/v2\/pages\/1292\/revisions"}],"predecessor-version":[{"id":2513,"href":"https:\/\/wp.ufpel.edu.br\/artenaescola\/wp-json\/wp\/v2\/pages\/1292\/revisions\/2513"}],"wp:attachment":[{"href":"https:\/\/wp.ufpel.edu.br\/artenaescola\/wp-json\/wp\/v2\/media?parent=1292"}],"curies":[{"name":"wp","href":"https:\/\/api.w.org\/{rel}","templated":true}]}}