{"id":51,"date":"2020-06-16T14:31:11","date_gmt":"2020-06-16T17:31:11","guid":{"rendered":"https:\/\/wp.ufpel.edu.br\/arteirosdocotidiano\/?page_id=51"},"modified":"2021-04-14T18:32:48","modified_gmt":"2021-04-14T21:32:48","slug":"2018-2","status":"publish","type":"page","link":"https:\/\/wp.ufpel.edu.br\/arteirosdocotidiano\/2018-2\/","title":{"rendered":"2018"},"content":{"rendered":"<p><img class=\"size-medium wp-image-116 alignleft\" src=\"https:\/\/wp.ufpel.edu.br\/arteirosdocotidiano\/files\/2020\/06\/106530137_770977740114781_2183727375164113080_n-400x400.png\" alt=\"\" width=\"400\" height=\"400\" srcset=\"https:\/\/wp.ufpel.edu.br\/arteirosdocotidiano\/files\/2020\/06\/106530137_770977740114781_2183727375164113080_n-400x400.png 400w, https:\/\/wp.ufpel.edu.br\/arteirosdocotidiano\/files\/2020\/06\/106530137_770977740114781_2183727375164113080_n-200x200.png 200w, https:\/\/wp.ufpel.edu.br\/arteirosdocotidiano\/files\/2020\/06\/106530137_770977740114781_2183727375164113080_n-768x768.png 768w, https:\/\/wp.ufpel.edu.br\/arteirosdocotidiano\/files\/2020\/06\/106530137_770977740114781_2183727375164113080_n.png 960w\" sizes=\"(max-width: 400px) 100vw, 400px\" \/><\/p>\n<p>Tema: Espa\u00e7o e Identidade<\/p>\n<blockquote>\n<p style=\"text-align: justify\">&#8220;Visto que discuss\u00f5es versando sobre esses temas podem provocar reflex\u00f5es que superam a obviedade das apar\u00eancias. Consideramos que assumir a conviv\u00eancia num mundo globalizado pelas novas tecnologias, caracterizado pelo desaparecimento das refer\u00eancias culturais e pela crise das refer\u00eancias \u00e9ticas e est\u00e9ticas, era\/\u00e9 fundamental! E tal realidade exige o desenvolvimento de pr\u00e1ticas educacionais que reforcem as estruturas culturais e human\u00edsticas, que nos conduzam a refletir criticamente sobre o passado hist\u00f3rico e a avaliar o vivido\/cotidiano, para que dessa conjun\u00e7\u00e3o surjam alternativas, baseadas no hibridismo cultural caracter\u00edstico da sociedade brasileira&#8221; (Trecho retirado do <a href=\"https:\/\/wp.ufpel.edu.br\/arteirosdocotidiano\/colecao-arteiros\/\">volume Arteiros do Cotidiano<\/a> do ano de 2018, publicado pela Editora Caseira).<\/p>\n<p style=\"text-align: justify\"><span style=\"text-align: left\">Bolsista respons\u00e1vel: Dhara Fernanda Nunes Carrara<\/span><\/p>\n<\/blockquote>\n<p>&nbsp;<\/p>\n<p>&nbsp;<\/p>\n\n\t\t<style type=\"text\/css\">\n\t\t\t#gallery-1 {\n\t\t\t\tmargin: auto;\n\t\t\t}\n\t\t\t#gallery-1 .gallery-item {\n\t\t\t\tfloat: left;\n\t\t\t\tmargin-top: 10px;\n\t\t\t\ttext-align: center;\n\t\t\t\twidth: 20%;\n\t\t\t}\n\t\t\t#gallery-1 img {\n\t\t\t\tborder: 2px solid #cfcfcf;\n\t\t\t}\n\t\t\t#gallery-1 .gallery-caption {\n\t\t\t\tmargin-left: 0;\n\t\t\t}\n\t\t\t\/* see gallery_shortcode() in wp-includes\/media.php *\/\n\t\t<\/style>\n\t\t<div id='gallery-1' class='gallery galleryid-51 gallery-columns-5 gallery-size-thumbnail'><dl class='gallery-item'>\n\t\t\t<dt class='gallery-icon landscape'>\n\t\t\t\t<a href='https:\/\/wp.ufpel.edu.br\/arteirosdocotidiano\/files\/2020\/08\/DSC_0065-scaled.jpg'><img width=\"200\" height=\"200\" src=\"https:\/\/wp.ufpel.edu.br\/arteirosdocotidiano\/files\/2020\/08\/DSC_0065-200x200.jpg\" class=\"attachment-thumbnail size-thumbnail\" alt=\"\" \/><\/a>\n\t\t\t<\/dt><\/dl><dl class='gallery-item'>\n\t\t\t<dt class='gallery-icon landscape'>\n\t\t\t\t<a href='https:\/\/wp.ufpel.edu.br\/arteirosdocotidiano\/files\/2020\/08\/DSC_0339-scaled.jpg'><img width=\"200\" height=\"200\" src=\"https:\/\/wp.ufpel.edu.br\/arteirosdocotidiano\/files\/2020\/08\/DSC_0339-200x200.jpg\" class=\"attachment-thumbnail size-thumbnail\" alt=\"\" \/><\/a>\n\t\t\t<\/dt><\/dl><dl class='gallery-item'>\n\t\t\t<dt class='gallery-icon landscape'>\n\t\t\t\t<a href='https:\/\/wp.ufpel.edu.br\/arteirosdocotidiano\/files\/2020\/08\/DSC_0117-scaled.jpg'><img width=\"200\" height=\"200\" src=\"https:\/\/wp.ufpel.edu.br\/arteirosdocotidiano\/files\/2020\/08\/DSC_0117-200x200.jpg\" class=\"attachment-thumbnail size-thumbnail\" alt=\"\" \/><\/a>\n\t\t\t<\/dt><\/dl><dl class='gallery-item'>\n\t\t\t<dt class='gallery-icon landscape'>\n\t\t\t\t<a href='https:\/\/wp.ufpel.edu.br\/arteirosdocotidiano\/files\/2020\/08\/DSC_0202-1-scaled.jpg'><img width=\"200\" height=\"200\" src=\"https:\/\/wp.ufpel.edu.br\/arteirosdocotidiano\/files\/2020\/08\/DSC_0202-1-200x200.jpg\" class=\"attachment-thumbnail size-thumbnail\" alt=\"\" \/><\/a>\n\t\t\t<\/dt><\/dl><dl class='gallery-item'>\n\t\t\t<dt class='gallery-icon landscape'>\n\t\t\t\t<a href='https:\/\/wp.ufpel.edu.br\/arteirosdocotidiano\/files\/2020\/08\/DSC_0042-1-scaled.jpg'><img width=\"200\" height=\"200\" src=\"https:\/\/wp.ufpel.edu.br\/arteirosdocotidiano\/files\/2020\/08\/DSC_0042-1-200x200.jpg\" class=\"attachment-thumbnail size-thumbnail\" alt=\"\" \/><\/a>\n\t\t\t<\/dt><\/dl><br style=\"clear: both\" \/>\n\t\t<\/div>\n\n","protected":false},"excerpt":{"rendered":"<p>Tema: Espa\u00e7o e Identidade &#8220;Visto que discuss\u00f5es versando sobre esses temas podem provocar reflex\u00f5es que superam a obviedade das apar\u00eancias. Consideramos que assumir a conviv\u00eancia num mundo globalizado pelas novas tecnologias, caracterizado pelo desaparecimento das refer\u00eancias culturais e pela crise das refer\u00eancias \u00e9ticas e est\u00e9ticas, era\/\u00e9 fundamental! E tal realidade exige o desenvolvimento de pr\u00e1ticas [&hellip;]<\/p>\n","protected":false},"author":1015,"featured_media":0,"parent":0,"menu_order":0,"comment_status":"closed","ping_status":"closed","template":"","meta":{"footnotes":""},"class_list":["post-51","page","type-page","status-publish","hentry"],"_links":{"self":[{"href":"https:\/\/wp.ufpel.edu.br\/arteirosdocotidiano\/wp-json\/wp\/v2\/pages\/51","targetHints":{"allow":["GET"]}}],"collection":[{"href":"https:\/\/wp.ufpel.edu.br\/arteirosdocotidiano\/wp-json\/wp\/v2\/pages"}],"about":[{"href":"https:\/\/wp.ufpel.edu.br\/arteirosdocotidiano\/wp-json\/wp\/v2\/types\/page"}],"author":[{"embeddable":true,"href":"https:\/\/wp.ufpel.edu.br\/arteirosdocotidiano\/wp-json\/wp\/v2\/users\/1015"}],"replies":[{"embeddable":true,"href":"https:\/\/wp.ufpel.edu.br\/arteirosdocotidiano\/wp-json\/wp\/v2\/comments?post=51"}],"version-history":[{"count":5,"href":"https:\/\/wp.ufpel.edu.br\/arteirosdocotidiano\/wp-json\/wp\/v2\/pages\/51\/revisions"}],"predecessor-version":[{"id":225,"href":"https:\/\/wp.ufpel.edu.br\/arteirosdocotidiano\/wp-json\/wp\/v2\/pages\/51\/revisions\/225"}],"wp:attachment":[{"href":"https:\/\/wp.ufpel.edu.br\/arteirosdocotidiano\/wp-json\/wp\/v2\/media?parent=51"}],"curies":[{"name":"wp","href":"https:\/\/api.w.org\/{rel}","templated":true}]}}