{"id":48,"date":"2020-06-16T14:31:11","date_gmt":"2020-06-16T17:31:11","guid":{"rendered":"https:\/\/wp.ufpel.edu.br\/arteirosdocotidiano\/?page_id=48"},"modified":"2020-08-10T17:26:58","modified_gmt":"2020-08-10T20:26:58","slug":"2015-2","status":"publish","type":"page","link":"https:\/\/wp.ufpel.edu.br\/arteirosdocotidiano\/2015-2\/","title":{"rendered":"2015"},"content":{"rendered":"<p>Tema: Eu e a Escola<\/p>\n<p>Buscou-se nesta edi\u00e7\u00e3o refletir sobre a rela\u00e7\u00e3o da escola participante do projeto e o bairro em que ela se localizava, buscando uma aproxima\u00e7\u00e3o da comunidade escolar com a institui\u00e7\u00e3o, assim como da comunidade com a escola. A partir deste objetivo foram realizadas atividades pr\u00e1ticas que buscavam mediar tais rela\u00e7\u00f5es atrav\u00e9s da fotografia, como por exemplo fotografar o bairro em que a escola estava inserida. Resultando em reflex\u00f5es acerca de sua localiza\u00e7\u00e3o geogr\u00e1fica e as pessoas e localidades que habitava seus arredores.<\/p>\n<p>Bolsista Respons\u00e1vel: Su\u00e9len Silveira<\/p>\n<p>&nbsp;<\/p>\n\n\t\t<style type=\"text\/css\">\n\t\t\t#gallery-1 {\n\t\t\t\tmargin: auto;\n\t\t\t}\n\t\t\t#gallery-1 .gallery-item {\n\t\t\t\tfloat: left;\n\t\t\t\tmargin-top: 10px;\n\t\t\t\ttext-align: center;\n\t\t\t\twidth: 20%;\n\t\t\t}\n\t\t\t#gallery-1 img {\n\t\t\t\tborder: 2px solid #cfcfcf;\n\t\t\t}\n\t\t\t#gallery-1 .gallery-caption {\n\t\t\t\tmargin-left: 0;\n\t\t\t}\n\t\t\t\/* see gallery_shortcode() in wp-includes\/media.php *\/\n\t\t<\/style>\n\t\t<div id='gallery-1' class='gallery galleryid-48 gallery-columns-5 gallery-size-thumbnail'><dl class='gallery-item'>\n\t\t\t<dt class='gallery-icon portrait'>\n\t\t\t\t<a href='https:\/\/wp.ufpel.edu.br\/arteirosdocotidiano\/files\/2020\/08\/20150612_150400.jpg'><img width=\"200\" height=\"200\" src=\"https:\/\/wp.ufpel.edu.br\/arteirosdocotidiano\/files\/2020\/08\/20150612_150400-200x200.jpg\" class=\"attachment-thumbnail size-thumbnail\" alt=\"\" \/><\/a>\n\t\t\t<\/dt><\/dl><dl class='gallery-item'>\n\t\t\t<dt class='gallery-icon portrait'>\n\t\t\t\t<a href='https:\/\/wp.ufpel.edu.br\/arteirosdocotidiano\/files\/2020\/08\/20150612_151803.jpg'><img width=\"200\" height=\"200\" src=\"https:\/\/wp.ufpel.edu.br\/arteirosdocotidiano\/files\/2020\/08\/20150612_151803-200x200.jpg\" class=\"attachment-thumbnail size-thumbnail\" alt=\"\" \/><\/a>\n\t\t\t<\/dt><\/dl><dl class='gallery-item'>\n\t\t\t<dt class='gallery-icon portrait'>\n\t\t\t\t<a href='https:\/\/wp.ufpel.edu.br\/arteirosdocotidiano\/files\/2020\/08\/20150612_143507.jpg'><img width=\"200\" height=\"200\" src=\"https:\/\/wp.ufpel.edu.br\/arteirosdocotidiano\/files\/2020\/08\/20150612_143507-200x200.jpg\" class=\"attachment-thumbnail size-thumbnail\" alt=\"\" \/><\/a>\n\t\t\t<\/dt><\/dl><dl class='gallery-item'>\n\t\t\t<dt class='gallery-icon portrait'>\n\t\t\t\t<a href='https:\/\/wp.ufpel.edu.br\/arteirosdocotidiano\/files\/2020\/08\/20150515_144740.jpg'><img width=\"200\" height=\"200\" src=\"https:\/\/wp.ufpel.edu.br\/arteirosdocotidiano\/files\/2020\/08\/20150515_144740-200x200.jpg\" class=\"attachment-thumbnail size-thumbnail\" alt=\"\" \/><\/a>\n\t\t\t<\/dt><\/dl><dl class='gallery-item'>\n\t\t\t<dt class='gallery-icon portrait'>\n\t\t\t\t<a href='https:\/\/wp.ufpel.edu.br\/arteirosdocotidiano\/files\/2020\/08\/20150508_144429.jpg'><img width=\"200\" height=\"200\" src=\"https:\/\/wp.ufpel.edu.br\/arteirosdocotidiano\/files\/2020\/08\/20150508_144429-200x200.jpg\" class=\"attachment-thumbnail size-thumbnail\" alt=\"\" \/><\/a>\n\t\t\t<\/dt><\/dl><br style=\"clear: both\" \/>\n\t\t<\/div>\n\n<p>&nbsp;<\/p>\n","protected":false},"excerpt":{"rendered":"<p>Tema: Eu e a Escola Buscou-se nesta edi\u00e7\u00e3o refletir sobre a rela\u00e7\u00e3o da escola participante do projeto e o bairro em que ela se localizava, buscando uma aproxima\u00e7\u00e3o da comunidade escolar com a institui\u00e7\u00e3o, assim como da comunidade com a escola. A partir deste objetivo foram realizadas atividades pr\u00e1ticas que buscavam mediar tais rela\u00e7\u00f5es atrav\u00e9s [&hellip;]<\/p>\n","protected":false},"author":1015,"featured_media":0,"parent":0,"menu_order":0,"comment_status":"closed","ping_status":"closed","template":"","meta":{"footnotes":""},"class_list":["post-48","page","type-page","status-publish","hentry"],"_links":{"self":[{"href":"https:\/\/wp.ufpel.edu.br\/arteirosdocotidiano\/wp-json\/wp\/v2\/pages\/48","targetHints":{"allow":["GET"]}}],"collection":[{"href":"https:\/\/wp.ufpel.edu.br\/arteirosdocotidiano\/wp-json\/wp\/v2\/pages"}],"about":[{"href":"https:\/\/wp.ufpel.edu.br\/arteirosdocotidiano\/wp-json\/wp\/v2\/types\/page"}],"author":[{"embeddable":true,"href":"https:\/\/wp.ufpel.edu.br\/arteirosdocotidiano\/wp-json\/wp\/v2\/users\/1015"}],"replies":[{"embeddable":true,"href":"https:\/\/wp.ufpel.edu.br\/arteirosdocotidiano\/wp-json\/wp\/v2\/comments?post=48"}],"version-history":[{"count":5,"href":"https:\/\/wp.ufpel.edu.br\/arteirosdocotidiano\/wp-json\/wp\/v2\/pages\/48\/revisions"}],"predecessor-version":[{"id":165,"href":"https:\/\/wp.ufpel.edu.br\/arteirosdocotidiano\/wp-json\/wp\/v2\/pages\/48\/revisions\/165"}],"wp:attachment":[{"href":"https:\/\/wp.ufpel.edu.br\/arteirosdocotidiano\/wp-json\/wp\/v2\/media?parent=48"}],"curies":[{"name":"wp","href":"https:\/\/api.w.org\/{rel}","templated":true}]}}