{"id":47,"date":"2020-06-16T14:31:11","date_gmt":"2020-06-16T17:31:11","guid":{"rendered":"https:\/\/wp.ufpel.edu.br\/arteirosdocotidiano\/?page_id=47"},"modified":"2020-08-10T17:07:42","modified_gmt":"2020-08-10T20:07:42","slug":"2014-2","status":"publish","type":"page","link":"https:\/\/wp.ufpel.edu.br\/arteirosdocotidiano\/2014-2\/","title":{"rendered":"2014"},"content":{"rendered":"<p style=\"text-align: justify\"><img class=\"size-full wp-image-134 alignleft\" src=\"https:\/\/wp.ufpel.edu.br\/arteirosdocotidiano\/files\/2020\/07\/Sem-t\u00edtulo.png\" alt=\"\" width=\"334\" height=\"333\" srcset=\"https:\/\/wp.ufpel.edu.br\/arteirosdocotidiano\/files\/2020\/07\/Sem-t\u00edtulo.png 334w, https:\/\/wp.ufpel.edu.br\/arteirosdocotidiano\/files\/2020\/07\/Sem-t\u00edtulo-200x200.png 200w\" sizes=\"(max-width: 334px) 100vw, 334px\" \/>Tema: Corporeidade<\/p>\n<p style=\"text-align: justify\">&#8220;O projeto, desenvolvido desde 2011, neste ano buscou contribuir de forma reflexiva para o incentivo \u00e0 vincula\u00e7\u00e3o das quest\u00f5es relacionadas \u00e0 corporeidade \u00e0s pr\u00e1ticas docentes, de modo a contribuir para uma aprendizagem mais significativa. A escolha do tema \u201ccorporeidade\u201d foi pensada com o intuito de alterar a ideia dos acad\u00eamicos de corpo funcional\/operacional, auxiliando tanto<br \/>\nnas suas rela\u00e7\u00f5es com os colegas, assim como educador em forma\u00e7\u00e3o, e suas pr\u00e1ticas de ensino na escola, tornando o saber mais instigante e consciente. Com base no pensamento de Ahlert (2011), Rodrigues (2009) e Pereira &amp; Bonfim (2006), a inten\u00e7\u00e3o foi a de estimular a problematiza\u00e7\u00e3o sobre como as quest\u00f5es relativas \u00e0 corporeidade e \u00e0 educa\u00e7\u00e3o interferem na concep\u00e7\u00e3o do projeto e nas pr\u00e1ticas executadas pelos graduandos&#8221; (SILVEIRA, 2014).<\/p>\n<p>Bolsista Respons\u00e1vel: Su\u00e9len Silva da Silveira.<\/p>\n<p>&nbsp;<\/p>\n\n\t\t<style type=\"text\/css\">\n\t\t\t#gallery-1 {\n\t\t\t\tmargin: auto;\n\t\t\t}\n\t\t\t#gallery-1 .gallery-item {\n\t\t\t\tfloat: left;\n\t\t\t\tmargin-top: 10px;\n\t\t\t\ttext-align: center;\n\t\t\t\twidth: 20%;\n\t\t\t}\n\t\t\t#gallery-1 img {\n\t\t\t\tborder: 2px solid #cfcfcf;\n\t\t\t}\n\t\t\t#gallery-1 .gallery-caption {\n\t\t\t\tmargin-left: 0;\n\t\t\t}\n\t\t\t\/* see gallery_shortcode() in wp-includes\/media.php *\/\n\t\t<\/style>\n\t\t<div id='gallery-1' class='gallery galleryid-47 gallery-columns-5 gallery-size-thumbnail'><dl class='gallery-item'>\n\t\t\t<dt class='gallery-icon landscape'>\n\t\t\t\t<a href='https:\/\/wp.ufpel.edu.br\/arteirosdocotidiano\/files\/2020\/08\/DSCN0050-scaled.jpg'><img width=\"200\" height=\"200\" src=\"https:\/\/wp.ufpel.edu.br\/arteirosdocotidiano\/files\/2020\/08\/DSCN0050-200x200.jpg\" class=\"attachment-thumbnail size-thumbnail\" alt=\"\" \/><\/a>\n\t\t\t<\/dt><\/dl><dl class='gallery-item'>\n\t\t\t<dt class='gallery-icon landscape'>\n\t\t\t\t<a href='https:\/\/wp.ufpel.edu.br\/arteirosdocotidiano\/files\/2020\/08\/DSCN0121-scaled.jpg'><img width=\"200\" height=\"200\" src=\"https:\/\/wp.ufpel.edu.br\/arteirosdocotidiano\/files\/2020\/08\/DSCN0121-200x200.jpg\" class=\"attachment-thumbnail size-thumbnail\" alt=\"\" \/><\/a>\n\t\t\t<\/dt><\/dl><dl class='gallery-item'>\n\t\t\t<dt class='gallery-icon landscape'>\n\t\t\t\t<a href='https:\/\/wp.ufpel.edu.br\/arteirosdocotidiano\/files\/2020\/08\/DSCN0094-scaled.jpg'><img width=\"200\" height=\"200\" src=\"https:\/\/wp.ufpel.edu.br\/arteirosdocotidiano\/files\/2020\/08\/DSCN0094-200x200.jpg\" class=\"attachment-thumbnail size-thumbnail\" alt=\"\" \/><\/a>\n\t\t\t<\/dt><\/dl><dl class='gallery-item'>\n\t\t\t<dt class='gallery-icon landscape'>\n\t\t\t\t<a href='https:\/\/wp.ufpel.edu.br\/arteirosdocotidiano\/files\/2020\/08\/DSCN0043-scaled.jpg'><img width=\"200\" height=\"200\" src=\"https:\/\/wp.ufpel.edu.br\/arteirosdocotidiano\/files\/2020\/08\/DSCN0043-200x200.jpg\" class=\"attachment-thumbnail size-thumbnail\" alt=\"\" \/><\/a>\n\t\t\t<\/dt><\/dl><dl class='gallery-item'>\n\t\t\t<dt class='gallery-icon landscape'>\n\t\t\t\t<a href='https:\/\/wp.ufpel.edu.br\/arteirosdocotidiano\/files\/2020\/08\/DSCN0104-scaled.jpg'><img width=\"200\" height=\"200\" src=\"https:\/\/wp.ufpel.edu.br\/arteirosdocotidiano\/files\/2020\/08\/DSCN0104-200x200.jpg\" class=\"attachment-thumbnail size-thumbnail\" alt=\"\" \/><\/a>\n\t\t\t<\/dt><\/dl><br style=\"clear: both\" \/>\n\t\t<\/div>\n\n","protected":false},"excerpt":{"rendered":"<p>Tema: Corporeidade &#8220;O projeto, desenvolvido desde 2011, neste ano buscou contribuir de forma reflexiva para o incentivo \u00e0 vincula\u00e7\u00e3o das quest\u00f5es relacionadas \u00e0 corporeidade \u00e0s pr\u00e1ticas docentes, de modo a contribuir para uma aprendizagem mais significativa. A escolha do tema \u201ccorporeidade\u201d foi pensada com o intuito de alterar a ideia dos acad\u00eamicos de corpo funcional\/operacional, [&hellip;]<\/p>\n","protected":false},"author":1015,"featured_media":0,"parent":0,"menu_order":0,"comment_status":"closed","ping_status":"closed","template":"","meta":{"footnotes":""},"class_list":["post-47","page","type-page","status-publish","hentry"],"_links":{"self":[{"href":"https:\/\/wp.ufpel.edu.br\/arteirosdocotidiano\/wp-json\/wp\/v2\/pages\/47","targetHints":{"allow":["GET"]}}],"collection":[{"href":"https:\/\/wp.ufpel.edu.br\/arteirosdocotidiano\/wp-json\/wp\/v2\/pages"}],"about":[{"href":"https:\/\/wp.ufpel.edu.br\/arteirosdocotidiano\/wp-json\/wp\/v2\/types\/page"}],"author":[{"embeddable":true,"href":"https:\/\/wp.ufpel.edu.br\/arteirosdocotidiano\/wp-json\/wp\/v2\/users\/1015"}],"replies":[{"embeddable":true,"href":"https:\/\/wp.ufpel.edu.br\/arteirosdocotidiano\/wp-json\/wp\/v2\/comments?post=47"}],"version-history":[{"count":5,"href":"https:\/\/wp.ufpel.edu.br\/arteirosdocotidiano\/wp-json\/wp\/v2\/pages\/47\/revisions"}],"predecessor-version":[{"id":200,"href":"https:\/\/wp.ufpel.edu.br\/arteirosdocotidiano\/wp-json\/wp\/v2\/pages\/47\/revisions\/200"}],"wp:attachment":[{"href":"https:\/\/wp.ufpel.edu.br\/arteirosdocotidiano\/wp-json\/wp\/v2\/media?parent=47"}],"curies":[{"name":"wp","href":"https:\/\/api.w.org\/{rel}","templated":true}]}}