{"id":44,"date":"2020-06-16T14:31:11","date_gmt":"2020-06-16T17:31:11","guid":{"rendered":"https:\/\/wp.ufpel.edu.br\/arteirosdocotidiano\/?page_id=44"},"modified":"2020-08-11T14:18:37","modified_gmt":"2020-08-11T17:18:37","slug":"2011-2","status":"publish","type":"page","link":"https:\/\/wp.ufpel.edu.br\/arteirosdocotidiano\/2011-2\/","title":{"rendered":"2011"},"content":{"rendered":"<p><img class=\"size-medium wp-image-173 alignleft\" src=\"https:\/\/wp.ufpel.edu.br\/arteirosdocotidiano\/files\/2020\/08\/WhatsApp-Image-2020-08-06-at-14.24.26-400x400.jpeg\" alt=\"\" width=\"400\" height=\"400\" srcset=\"https:\/\/wp.ufpel.edu.br\/arteirosdocotidiano\/files\/2020\/08\/WhatsApp-Image-2020-08-06-at-14.24.26-400x400.jpeg 400w, https:\/\/wp.ufpel.edu.br\/arteirosdocotidiano\/files\/2020\/08\/WhatsApp-Image-2020-08-06-at-14.24.26-1024x1024.jpeg 1024w, https:\/\/wp.ufpel.edu.br\/arteirosdocotidiano\/files\/2020\/08\/WhatsApp-Image-2020-08-06-at-14.24.26-200x200.jpeg 200w, https:\/\/wp.ufpel.edu.br\/arteirosdocotidiano\/files\/2020\/08\/WhatsApp-Image-2020-08-06-at-14.24.26-768x768.jpeg 768w, https:\/\/wp.ufpel.edu.br\/arteirosdocotidiano\/files\/2020\/08\/WhatsApp-Image-2020-08-06-at-14.24.26.jpeg 1280w\" sizes=\"(max-width: 400px) 100vw, 400px\" \/>Tema: Eu e o Outro.<\/p>\n<p>&nbsp;<\/p>\n<p style=\"text-align: justify\">Como se d\u00e1 a rela\u00e7\u00e3o entre colegas de sala de aula e entre alunos e professores? Estes questionamentos que nortearam as atividades da primeira edi\u00e7\u00e3o do Arteiros do Cotidiano que tinha como tema o Eu e o Outro. Os grupos de estudantes da Universidade Federal de Pelotas criaram aulas em estilo de oficina que abarcavam di\u00e1logos acerca das rela\u00e7\u00f5es interpessoais com foco no espa\u00e7o escolar, mapeando sensibilidades e promovendo reflex\u00f5es em dire\u00e7\u00e3o a um melhor espa\u00e7o de conv\u00edvio.<\/p>\n<p>&nbsp;<\/p>\n<p>Bolsista Respons\u00e1vel: Amanda Corr\u00eaa<\/p>\n","protected":false},"excerpt":{"rendered":"<p>Tema: Eu e o Outro. &nbsp; Como se d\u00e1 a rela\u00e7\u00e3o entre colegas de sala de aula e entre alunos e professores? Estes questionamentos que nortearam as atividades da primeira edi\u00e7\u00e3o do Arteiros do Cotidiano que tinha como tema o Eu e o Outro. Os grupos de estudantes da Universidade Federal de Pelotas criaram aulas [&hellip;]<\/p>\n","protected":false},"author":1015,"featured_media":0,"parent":0,"menu_order":0,"comment_status":"closed","ping_status":"closed","template":"","meta":{"footnotes":""},"class_list":["post-44","page","type-page","status-publish","hentry"],"_links":{"self":[{"href":"https:\/\/wp.ufpel.edu.br\/arteirosdocotidiano\/wp-json\/wp\/v2\/pages\/44","targetHints":{"allow":["GET"]}}],"collection":[{"href":"https:\/\/wp.ufpel.edu.br\/arteirosdocotidiano\/wp-json\/wp\/v2\/pages"}],"about":[{"href":"https:\/\/wp.ufpel.edu.br\/arteirosdocotidiano\/wp-json\/wp\/v2\/types\/page"}],"author":[{"embeddable":true,"href":"https:\/\/wp.ufpel.edu.br\/arteirosdocotidiano\/wp-json\/wp\/v2\/users\/1015"}],"replies":[{"embeddable":true,"href":"https:\/\/wp.ufpel.edu.br\/arteirosdocotidiano\/wp-json\/wp\/v2\/comments?post=44"}],"version-history":[{"count":7,"href":"https:\/\/wp.ufpel.edu.br\/arteirosdocotidiano\/wp-json\/wp\/v2\/pages\/44\/revisions"}],"predecessor-version":[{"id":249,"href":"https:\/\/wp.ufpel.edu.br\/arteirosdocotidiano\/wp-json\/wp\/v2\/pages\/44\/revisions\/249"}],"wp:attachment":[{"href":"https:\/\/wp.ufpel.edu.br\/arteirosdocotidiano\/wp-json\/wp\/v2\/media?parent=44"}],"curies":[{"name":"wp","href":"https:\/\/api.w.org\/{rel}","templated":true}]}}