{"id":43,"date":"2020-06-16T14:31:11","date_gmt":"2020-06-16T17:31:11","guid":{"rendered":"https:\/\/wp.ufpel.edu.br\/arteirosdocotidiano\/?page_id=43"},"modified":"2020-08-11T14:27:01","modified_gmt":"2020-08-11T17:27:01","slug":"2010-2","status":"publish","type":"page","link":"https:\/\/wp.ufpel.edu.br\/arteirosdocotidiano\/2010-2\/","title":{"rendered":"2010"},"content":{"rendered":"<p><img class=\" wp-image-139 alignleft\" src=\"https:\/\/wp.ufpel.edu.br\/arteirosdocotidiano\/files\/2020\/07\/botton-2010-389x400.jpg\" alt=\"\" width=\"296\" height=\"305\" srcset=\"https:\/\/wp.ufpel.edu.br\/arteirosdocotidiano\/files\/2020\/07\/botton-2010-389x400.jpg 389w, https:\/\/wp.ufpel.edu.br\/arteirosdocotidiano\/files\/2020\/07\/botton-2010-995x1024.jpg 995w, https:\/\/wp.ufpel.edu.br\/arteirosdocotidiano\/files\/2020\/07\/botton-2010-768x791.jpg 768w, https:\/\/wp.ufpel.edu.br\/arteirosdocotidiano\/files\/2020\/07\/botton-2010-1492x1536.jpg 1492w, https:\/\/wp.ufpel.edu.br\/arteirosdocotidiano\/files\/2020\/07\/botton-2010-1990x2048.jpg 1990w\" sizes=\"(max-width: 296px) 100vw, 296px\" \/>Tema: Identidade<\/p>\n<p style=\"text-align: justify\">Recorrendo ao que foi desenvolvido no \u201cArteiros do Cotidiano\u201d em 2010, quando foi explorado o tema \u201cIdentidade\u201d, percebemos que foi evidenciada a necessidade de se problematizar a ideia de imagem, de modo a promover uma identifica\u00e7\u00e3o dos estudantes com o espa\u00e7o educacional, estimulando-os a desenvolver uma identidade art\u00edstica. Tornou-se claro que quando propostas assim s\u00e3o promovidas, os alunos passam a agregar novos significados a seu posicionamento critico diante da exposi\u00e7\u00e3o \u00e0 cultura visual de imagens e informa\u00e7\u00f5es, caracter\u00edstico do consumo volunt\u00e1rio e involunt\u00e1rio da sociedade atual (SILVEIRA, 2016).<\/p>\n<p>&nbsp;<\/p>\n<p>Bolsista respons\u00e1vel: Silvia Escobar<\/p>\n<p>&nbsp;<\/p>\n\n\t\t<style type=\"text\/css\">\n\t\t\t#gallery-1 {\n\t\t\t\tmargin: auto;\n\t\t\t}\n\t\t\t#gallery-1 .gallery-item {\n\t\t\t\tfloat: left;\n\t\t\t\tmargin-top: 10px;\n\t\t\t\ttext-align: center;\n\t\t\t\twidth: 20%;\n\t\t\t}\n\t\t\t#gallery-1 img {\n\t\t\t\tborder: 2px solid #cfcfcf;\n\t\t\t}\n\t\t\t#gallery-1 .gallery-caption {\n\t\t\t\tmargin-left: 0;\n\t\t\t}\n\t\t\t\/* see gallery_shortcode() in wp-includes\/media.php *\/\n\t\t<\/style>\n\t\t<div id='gallery-1' class='gallery galleryid-43 gallery-columns-5 gallery-size-thumbnail'><dl class='gallery-item'>\n\t\t\t<dt class='gallery-icon landscape'>\n\t\t\t\t<a href='https:\/\/wp.ufpel.edu.br\/arteirosdocotidiano\/files\/2020\/08\/WhatsApp-Image-2020-08-06-at-14.38.08.jpeg'><img width=\"200\" height=\"200\" src=\"https:\/\/wp.ufpel.edu.br\/arteirosdocotidiano\/files\/2020\/08\/WhatsApp-Image-2020-08-06-at-14.38.08-200x200.jpeg\" class=\"attachment-thumbnail size-thumbnail\" alt=\"\" \/><\/a>\n\t\t\t<\/dt><\/dl><dl class='gallery-item'>\n\t\t\t<dt class='gallery-icon landscape'>\n\t\t\t\t<a href='https:\/\/wp.ufpel.edu.br\/arteirosdocotidiano\/files\/2020\/08\/WhatsApp-Image-2020-08-06-at-14.38.11.jpeg'><img width=\"200\" height=\"200\" src=\"https:\/\/wp.ufpel.edu.br\/arteirosdocotidiano\/files\/2020\/08\/WhatsApp-Image-2020-08-06-at-14.38.11-200x200.jpeg\" class=\"attachment-thumbnail size-thumbnail\" alt=\"\" \/><\/a>\n\t\t\t<\/dt><\/dl><dl class='gallery-item'>\n\t\t\t<dt class='gallery-icon landscape'>\n\t\t\t\t<a href='https:\/\/wp.ufpel.edu.br\/arteirosdocotidiano\/files\/2020\/08\/WhatsApp-Image-2020-08-06-at-14.38.17.jpeg'><img width=\"200\" height=\"200\" src=\"https:\/\/wp.ufpel.edu.br\/arteirosdocotidiano\/files\/2020\/08\/WhatsApp-Image-2020-08-06-at-14.38.17-200x200.jpeg\" class=\"attachment-thumbnail size-thumbnail\" alt=\"\" \/><\/a>\n\t\t\t<\/dt><\/dl><dl class='gallery-item'>\n\t\t\t<dt class='gallery-icon landscape'>\n\t\t\t\t<a href='https:\/\/wp.ufpel.edu.br\/arteirosdocotidiano\/files\/2020\/08\/WhatsApp-Image-2020-08-06-at-14.38.18-1.jpeg'><img width=\"200\" height=\"200\" src=\"https:\/\/wp.ufpel.edu.br\/arteirosdocotidiano\/files\/2020\/08\/WhatsApp-Image-2020-08-06-at-14.38.18-1-200x200.jpeg\" class=\"attachment-thumbnail size-thumbnail\" alt=\"\" \/><\/a>\n\t\t\t<\/dt><\/dl><dl class='gallery-item'>\n\t\t\t<dt class='gallery-icon landscape'>\n\t\t\t\t<a href='https:\/\/wp.ufpel.edu.br\/arteirosdocotidiano\/files\/2020\/08\/WhatsApp-Image-2020-08-06-at-14.38.12.jpeg'><img width=\"200\" height=\"200\" src=\"https:\/\/wp.ufpel.edu.br\/arteirosdocotidiano\/files\/2020\/08\/WhatsApp-Image-2020-08-06-at-14.38.12-200x200.jpeg\" class=\"attachment-thumbnail size-thumbnail\" alt=\"\" \/><\/a>\n\t\t\t<\/dt><\/dl><br style=\"clear: both\" \/>\n\t\t<\/div>\n\n","protected":false},"excerpt":{"rendered":"<p>Tema: Identidade Recorrendo ao que foi desenvolvido no \u201cArteiros do Cotidiano\u201d em 2010, quando foi explorado o tema \u201cIdentidade\u201d, percebemos que foi evidenciada a necessidade de se problematizar a ideia de imagem, de modo a promover uma identifica\u00e7\u00e3o dos estudantes com o espa\u00e7o educacional, estimulando-os a desenvolver uma identidade art\u00edstica. Tornou-se claro que quando propostas [&hellip;]<\/p>\n","protected":false},"author":1015,"featured_media":0,"parent":0,"menu_order":0,"comment_status":"closed","ping_status":"closed","template":"","meta":{"footnotes":""},"class_list":["post-43","page","type-page","status-publish","hentry"],"_links":{"self":[{"href":"https:\/\/wp.ufpel.edu.br\/arteirosdocotidiano\/wp-json\/wp\/v2\/pages\/43","targetHints":{"allow":["GET"]}}],"collection":[{"href":"https:\/\/wp.ufpel.edu.br\/arteirosdocotidiano\/wp-json\/wp\/v2\/pages"}],"about":[{"href":"https:\/\/wp.ufpel.edu.br\/arteirosdocotidiano\/wp-json\/wp\/v2\/types\/page"}],"author":[{"embeddable":true,"href":"https:\/\/wp.ufpel.edu.br\/arteirosdocotidiano\/wp-json\/wp\/v2\/users\/1015"}],"replies":[{"embeddable":true,"href":"https:\/\/wp.ufpel.edu.br\/arteirosdocotidiano\/wp-json\/wp\/v2\/comments?post=43"}],"version-history":[{"count":14,"href":"https:\/\/wp.ufpel.edu.br\/arteirosdocotidiano\/wp-json\/wp\/v2\/pages\/43\/revisions"}],"predecessor-version":[{"id":250,"href":"https:\/\/wp.ufpel.edu.br\/arteirosdocotidiano\/wp-json\/wp\/v2\/pages\/43\/revisions\/250"}],"wp:attachment":[{"href":"https:\/\/wp.ufpel.edu.br\/arteirosdocotidiano\/wp-json\/wp\/v2\/media?parent=43"}],"curies":[{"name":"wp","href":"https:\/\/api.w.org\/{rel}","templated":true}]}}