{"id":425,"date":"2024-03-05T16:16:17","date_gmt":"2024-03-05T19:16:17","guid":{"rendered":"https:\/\/wp.ufpel.edu.br\/arteirosdocotidiano\/?page_id=425"},"modified":"2024-03-05T16:16:17","modified_gmt":"2024-03-05T19:16:17","slug":"2023-2","status":"publish","type":"page","link":"https:\/\/wp.ufpel.edu.br\/arteirosdocotidiano\/2023-2\/","title":{"rendered":"2023"},"content":{"rendered":"<h2>Tema: R<span style=\"color: var(--cor-texto); font-family: var(--fonte-corpo);\">epresenta\u00e7\u00f5es do corpo, identidade e cultura.<\/span><\/h2>\n<p><img class=\"alignnone wp-image-428\" src=\"https:\/\/wp.ufpel.edu.br\/arteirosdocotidiano\/files\/2024\/03\/image00002-400x300.jpeg\" alt=\"\" width=\"329\" height=\"247\" srcset=\"https:\/\/wp.ufpel.edu.br\/arteirosdocotidiano\/files\/2024\/03\/image00002-400x300.jpeg 400w, https:\/\/wp.ufpel.edu.br\/arteirosdocotidiano\/files\/2024\/03\/image00002-1024x768.jpeg 1024w, https:\/\/wp.ufpel.edu.br\/arteirosdocotidiano\/files\/2024\/03\/image00002-768x576.jpeg 768w, https:\/\/wp.ufpel.edu.br\/arteirosdocotidiano\/files\/2024\/03\/image00002-1536x1152.jpeg 1536w, https:\/\/wp.ufpel.edu.br\/arteirosdocotidiano\/files\/2024\/03\/image00002-2048x1536.jpeg 2048w\" sizes=\"(max-width: 329px) 100vw, 329px\" \/> <img class=\"alignnone  wp-image-429\" style=\"color: var(--cor-texto); font-family: var(--fonte-corpo);\" src=\"https:\/\/wp.ufpel.edu.br\/arteirosdocotidiano\/files\/2024\/03\/image00004-400x344.jpeg\" alt=\"\" width=\"288\" height=\"247\" srcset=\"https:\/\/wp.ufpel.edu.br\/arteirosdocotidiano\/files\/2024\/03\/image00004-400x344.jpeg 400w, https:\/\/wp.ufpel.edu.br\/arteirosdocotidiano\/files\/2024\/03\/image00004-1024x880.jpeg 1024w, https:\/\/wp.ufpel.edu.br\/arteirosdocotidiano\/files\/2024\/03\/image00004-768x660.jpeg 768w, https:\/\/wp.ufpel.edu.br\/arteirosdocotidiano\/files\/2024\/03\/image00004-1536x1320.jpeg 1536w, https:\/\/wp.ufpel.edu.br\/arteirosdocotidiano\/files\/2024\/03\/image00004-2048x1760.jpeg 2048w\" sizes=\"(max-width: 288px) 100vw, 288px\" \/><\/p>\n<p style=\"text-align: left;\"><span style=\"color: var(--cor-texto); font-family: var(--fonte-corpo);\">&#8220;O projeto contempla a realiza\u00e7\u00e3o de atividades te\u00f3ricas e pr\u00e1ticas com <\/span><span style=\"color: var(--cor-texto); font-family: var(--fonte-corpo);\">estudantes da educa\u00e7\u00e3o b\u00e1sica, explorando diferentes linguagens art\u00edsticas, assim <\/span><span style=\"color: var(--cor-texto); font-family: var(--fonte-corpo);\">como: o desenho, a colagem, a pintura, a gravura, a fotografia e o v\u00eddeo, dentre <\/span><span style=\"color: var(--cor-texto); font-family: var(--fonte-corpo);\">outras; oportunizando \u00e0 comunidade escolar pelotense discuss\u00f5es po\u00e9ticas acerca <\/span><span style=\"color: var(--cor-texto); font-family: var(--fonte-corpo);\">das rela\u00e7\u00f5es do ser contempor\u00e2neo com o meio; e aos acad\u00eamicos pr\u00e1ticas <\/span><span style=\"color: var(--cor-texto); font-family: var(--fonte-corpo);\">docentes em sintonia com a realidade escolar. (&#8230;) <\/span><span style=\"color: var(--cor-texto); font-family: var(--fonte-corpo);\">Nesse ano de 2023 o Arteiros retorna ao presencial atuando em uma escola <\/span><span style=\"color: var(--cor-texto); font-family: var(--fonte-corpo);\">do munic\u00edpio de Pelotas com duas turmas do 6\u00ba ano do ensino fundamental levando <\/span><span style=\"color: var(--cor-texto); font-family: var(--fonte-corpo);\">discuss\u00f5es acerca das representa\u00e7\u00f5es do corpo, identidade e cultura. O retorno \u00e0s <\/span><span style=\"color: var(--cor-texto); font-family: var(--fonte-corpo);\">aulas presenciais ap\u00f3s um per\u00edodo de ensino remoto ou devido a eventos <\/span><span style=\"color: var(--cor-texto); font-family: var(--fonte-corpo);\">disruptivos, como a pandemia de COVID-19, trouxe uma s\u00e9rie de desafios e <\/span><span style=\"color: var(--cor-texto); font-family: var(--fonte-corpo);\">dificuldades para estudantes, professores e institui\u00e7\u00f5es de ensino.&#8221;<\/span><\/p>\n<p>(Trecho retirado do artigo expandido <strong>ARTEIROS DO COTIDIANOS: DESAFIOS DO RETORNO AO ENSINO <\/strong><br \/>\n<strong>PRESENCIAL<\/strong> do ano de 2023).<\/p>\n<p><strong>Bolsista respons\u00e1vel:<\/strong>\u00a0Ana Beatriz Reinoso Rosse<\/p>\n<p>&nbsp;<\/p>\n<p style=\"text-align: justify;\"><img class=\"alignnone  wp-image-430\" src=\"https:\/\/wp.ufpel.edu.br\/arteirosdocotidiano\/files\/2024\/03\/im1-2-400x275.jpeg\" alt=\"\" width=\"241\" height=\"166\" srcset=\"https:\/\/wp.ufpel.edu.br\/arteirosdocotidiano\/files\/2024\/03\/im1-2-400x275.jpeg 400w, https:\/\/wp.ufpel.edu.br\/arteirosdocotidiano\/files\/2024\/03\/im1-2-1024x704.jpeg 1024w, https:\/\/wp.ufpel.edu.br\/arteirosdocotidiano\/files\/2024\/03\/im1-2-768x528.jpeg 768w, https:\/\/wp.ufpel.edu.br\/arteirosdocotidiano\/files\/2024\/03\/im1-2-1536x1057.jpeg 1536w, https:\/\/wp.ufpel.edu.br\/arteirosdocotidiano\/files\/2024\/03\/im1-2-2048x1409.jpeg 2048w\" sizes=\"(max-width: 241px) 100vw, 241px\" \/> <img class=\"alignnone  wp-image-431\" src=\"https:\/\/wp.ufpel.edu.br\/arteirosdocotidiano\/files\/2024\/03\/im1-3-400x257.jpeg\" alt=\"\" width=\"257\" height=\"165\" srcset=\"https:\/\/wp.ufpel.edu.br\/arteirosdocotidiano\/files\/2024\/03\/im1-3-400x257.jpeg 400w, https:\/\/wp.ufpel.edu.br\/arteirosdocotidiano\/files\/2024\/03\/im1-3-1024x658.jpeg 1024w, https:\/\/wp.ufpel.edu.br\/arteirosdocotidiano\/files\/2024\/03\/im1-3-768x493.jpeg 768w, https:\/\/wp.ufpel.edu.br\/arteirosdocotidiano\/files\/2024\/03\/im1-3-1536x986.jpeg 1536w, https:\/\/wp.ufpel.edu.br\/arteirosdocotidiano\/files\/2024\/03\/im1-3-2048x1315.jpeg 2048w\" sizes=\"(max-width: 257px) 100vw, 257px\" \/> <img class=\"alignnone  wp-image-432\" src=\"https:\/\/wp.ufpel.edu.br\/arteirosdocotidiano\/files\/2024\/03\/im2-14-400x300.jpeg\" alt=\"\" width=\"221\" height=\"166\" srcset=\"https:\/\/wp.ufpel.edu.br\/arteirosdocotidiano\/files\/2024\/03\/im2-14-400x300.jpeg 400w, https:\/\/wp.ufpel.edu.br\/arteirosdocotidiano\/files\/2024\/03\/im2-14-1024x768.jpeg 1024w, https:\/\/wp.ufpel.edu.br\/arteirosdocotidiano\/files\/2024\/03\/im2-14-768x576.jpeg 768w, https:\/\/wp.ufpel.edu.br\/arteirosdocotidiano\/files\/2024\/03\/im2-14-1536x1152.jpeg 1536w, https:\/\/wp.ufpel.edu.br\/arteirosdocotidiano\/files\/2024\/03\/im2-14-2048x1536.jpeg 2048w\" sizes=\"(max-width: 221px) 100vw, 221px\" \/><\/p>\n","protected":false},"excerpt":{"rendered":"<p>Tema: Representa\u00e7\u00f5es do corpo, identidade e cultura. &#8220;O projeto contempla a realiza\u00e7\u00e3o de atividades te\u00f3ricas e pr\u00e1ticas com estudantes da educa\u00e7\u00e3o b\u00e1sica, explorando diferentes linguagens art\u00edsticas, assim como: o desenho, a colagem, a pintura, a gravura, a fotografia e o v\u00eddeo, dentre outras; oportunizando \u00e0 comunidade escolar pelotense discuss\u00f5es po\u00e9ticas acerca das rela\u00e7\u00f5es do ser [&hellip;]<\/p>\n","protected":false},"author":1015,"featured_media":0,"parent":0,"menu_order":0,"comment_status":"closed","ping_status":"closed","template":"","meta":{"footnotes":""},"class_list":["post-425","page","type-page","status-publish","hentry"],"_links":{"self":[{"href":"https:\/\/wp.ufpel.edu.br\/arteirosdocotidiano\/wp-json\/wp\/v2\/pages\/425","targetHints":{"allow":["GET"]}}],"collection":[{"href":"https:\/\/wp.ufpel.edu.br\/arteirosdocotidiano\/wp-json\/wp\/v2\/pages"}],"about":[{"href":"https:\/\/wp.ufpel.edu.br\/arteirosdocotidiano\/wp-json\/wp\/v2\/types\/page"}],"author":[{"embeddable":true,"href":"https:\/\/wp.ufpel.edu.br\/arteirosdocotidiano\/wp-json\/wp\/v2\/users\/1015"}],"replies":[{"embeddable":true,"href":"https:\/\/wp.ufpel.edu.br\/arteirosdocotidiano\/wp-json\/wp\/v2\/comments?post=425"}],"version-history":[{"count":2,"href":"https:\/\/wp.ufpel.edu.br\/arteirosdocotidiano\/wp-json\/wp\/v2\/pages\/425\/revisions"}],"predecessor-version":[{"id":433,"href":"https:\/\/wp.ufpel.edu.br\/arteirosdocotidiano\/wp-json\/wp\/v2\/pages\/425\/revisions\/433"}],"wp:attachment":[{"href":"https:\/\/wp.ufpel.edu.br\/arteirosdocotidiano\/wp-json\/wp\/v2\/media?parent=425"}],"curies":[{"name":"wp","href":"https:\/\/api.w.org\/{rel}","templated":true}]}}