{"id":41,"date":"2020-06-16T14:31:11","date_gmt":"2020-06-16T17:31:11","guid":{"rendered":"https:\/\/wp.ufpel.edu.br\/arteirosdocotidiano\/?page_id=41"},"modified":"2024-03-05T16:21:15","modified_gmt":"2024-03-05T19:21:15","slug":"resumo-expandido","status":"publish","type":"page","link":"https:\/\/wp.ufpel.edu.br\/arteirosdocotidiano\/resumo-expandido\/","title":{"rendered":"Resumos Expandidos"},"content":{"rendered":"<p><strong><a href=\"https:\/\/wp.ufpel.edu.br\/arteirosdocotidiano\/files\/2020\/06\/LA_02179.pdf\" target=\"_blank\" rel=\"noopener noreferrer\">Metodologias em pesquisa no Arteiros do Cotidiano (2013)<\/a><\/strong><br \/>\nSu\u00e9len Silva da Silveira; Cl\u00e1udia Mariza Mattos Brand\u00e3o.<\/p>\n<p><strong><a href=\"https:\/\/wp.ufpel.edu.br\/arteirosdocotidiano\/files\/2020\/06\/2014-CIC-Suelen.pdf\" target=\"_blank\" rel=\"noopener noreferrer\">Corporeidades em a\u00e7\u00e3o: Pesquisa e autoforma\u00e7\u00e3o no Arteiros do Cotidiano (2014)<\/a><br \/>\n<\/strong>Su\u00e9len Silva da Silveira; Cl\u00e1udia Mariza Mattos Brand\u00e3o.<strong><br \/>\n<\/strong><\/p>\n<p><strong><a href=\"https:\/\/wp.ufpel.edu.br\/arteirosdocotidiano\/files\/2020\/06\/2015-Suelen-LA_02432.pdf\" target=\"_blank\" rel=\"noopener noreferrer\">Sobre corpos arteiros no cotidiano educativo (2015)<\/a><br \/>\n<\/strong>Su\u00e9len Silva da Silveira; Cl\u00e1udia Mariza Mattos Brand\u00e3o.<\/p>\n<p><strong><a href=\"https:\/\/wp.ufpel.edu.br\/arteirosdocotidiano\/files\/2020\/06\/2016-09-CEC-Lucas-Machado-2016.pdf\" target=\"_blank\" rel=\"noopener noreferrer\">Arteiros do Cotidiano: Di\u00e1logos entre teoria e pr\u00e1tica (2016)<\/a><br \/>\n<\/strong>Lucas Machado Campos; Cl\u00e1udia Mariza Mattos Brand\u00e3o.<\/p>\n<p><strong><a href=\"https:\/\/wp.ufpel.edu.br\/arteirosdocotidiano\/files\/2020\/06\/2017-CEC-LUCAS-MACHADO-CAMPOS-1.pdf\" target=\"_blank\" rel=\"noopener noreferrer\">Sobre espa\u00e7o e identidades no Arteiros do Cotidiano (2017)<\/a><br \/>\n<\/strong>Lucas Machado Campos; Cl\u00e1udia Mariza Mattos Brand\u00e3o.<\/p>\n<p><strong><a href=\"https:\/\/wp.ufpel.edu.br\/arteirosdocotidiano\/files\/2020\/06\/CEC_n\u00e3o-DHARA_RESUMO_rev-29-08.pdf\" target=\"_blank\" rel=\"noopener noreferrer\">Arteiros do Cotidiano: Quando corpos habitam um mundo l\u00edquido (2018)<\/a><br \/>\n<\/strong>Dhara Fernanda Nunes Carrara; Cl\u00e1udia Mariza Mattos Brand\u00e3o.<\/p>\n<p><strong><a href=\"https:\/\/wp.ufpel.edu.br\/arteirosdocotidiano\/files\/2021\/04\/Tema-1-paginas-1-26-25544-546-paginas-1-31823-25.pdf\" target=\"_blank\" rel=\"noopener noreferrer\">Arteiros do Cotidiano: A extens\u00e3o em tempos de isolamento social (2020).<\/a><\/strong><br \/>\n\u00cdtalo Franco Costa; Cl\u00e1udia Mariza Mattos Brand\u00e3o.<\/p>\n<p><a href=\"https:\/\/wp.ufpel.edu.br\/arteirosdocotidiano\/files\/2022\/05\/ARTEIROS-DO-COTIDIANO-EM-MEIO-A-PANDEMIA.pdf\"><strong>Arteiros do Cotidiano Em meio \u00c0 Pandemia (2021)<\/strong><\/a><\/p>\n<p>Ana Beatriz Reinoso Rosse; Cl\u00e1udia Mariza Mattos Brand\u00e3o.<\/p>\n<p><strong><a href=\"https:\/\/wp.ufpel.edu.br\/arteirosdocotidiano\/files\/2023\/02\/CEC_2022_AnaBRR.docx\" target=\"_blank\" rel=\"noopener\">Arteiros do Cotidiano: Uma an\u00e1lise a respeito da educa\u00e7\u00e3o em meio ao digital (2022).<\/a><\/strong><\/p>\n<p>Ana Beatriz Reinoso Rosse; Cl\u00e1udia Mariza Mattos Brand\u00e3o.<\/p>\n<p style=\"text-align: justify;\"><a href=\"https:\/\/wp.ufpel.edu.br\/arteirosdocotidiano\/files\/2024\/03\/CEC_2023-AnaBRR-rev.pdf\"><strong>ARTEIROS DO COTIDIANOS: DESAFIOS DO RETORNO AO ENSINO <\/strong><strong>PRESENCIAL (2023)<\/strong><\/a><\/p>\n<p>Ana Beatriz Reinoso Rosse; Cl\u00e1udia Mariza Mattos Brand\u00e3o.<\/p>\n<p>&nbsp;<\/p>\n","protected":false},"excerpt":{"rendered":"<p>Metodologias em pesquisa no Arteiros do Cotidiano (2013) Su\u00e9len Silva da Silveira; Cl\u00e1udia Mariza Mattos Brand\u00e3o. Corporeidades em a\u00e7\u00e3o: Pesquisa e autoforma\u00e7\u00e3o no Arteiros do Cotidiano (2014) Su\u00e9len Silva da Silveira; Cl\u00e1udia Mariza Mattos Brand\u00e3o. Sobre corpos arteiros no cotidiano educativo (2015) Su\u00e9len Silva da Silveira; Cl\u00e1udia Mariza Mattos Brand\u00e3o. Arteiros do Cotidiano: Di\u00e1logos entre [&hellip;]<\/p>\n","protected":false},"author":1015,"featured_media":0,"parent":0,"menu_order":0,"comment_status":"closed","ping_status":"closed","template":"","meta":{"footnotes":""},"class_list":["post-41","page","type-page","status-publish","hentry"],"_links":{"self":[{"href":"https:\/\/wp.ufpel.edu.br\/arteirosdocotidiano\/wp-json\/wp\/v2\/pages\/41","targetHints":{"allow":["GET"]}}],"collection":[{"href":"https:\/\/wp.ufpel.edu.br\/arteirosdocotidiano\/wp-json\/wp\/v2\/pages"}],"about":[{"href":"https:\/\/wp.ufpel.edu.br\/arteirosdocotidiano\/wp-json\/wp\/v2\/types\/page"}],"author":[{"embeddable":true,"href":"https:\/\/wp.ufpel.edu.br\/arteirosdocotidiano\/wp-json\/wp\/v2\/users\/1015"}],"replies":[{"embeddable":true,"href":"https:\/\/wp.ufpel.edu.br\/arteirosdocotidiano\/wp-json\/wp\/v2\/comments?post=41"}],"version-history":[{"count":13,"href":"https:\/\/wp.ufpel.edu.br\/arteirosdocotidiano\/wp-json\/wp\/v2\/pages\/41\/revisions"}],"predecessor-version":[{"id":437,"href":"https:\/\/wp.ufpel.edu.br\/arteirosdocotidiano\/wp-json\/wp\/v2\/pages\/41\/revisions\/437"}],"wp:attachment":[{"href":"https:\/\/wp.ufpel.edu.br\/arteirosdocotidiano\/wp-json\/wp\/v2\/media?parent=41"}],"curies":[{"name":"wp","href":"https:\/\/api.w.org\/{rel}","templated":true}]}}