{"id":397,"date":"2022-10-17T20:37:42","date_gmt":"2022-10-17T23:37:42","guid":{"rendered":"https:\/\/wp.ufpel.edu.br\/arteirosdocotidiano\/?page_id=397"},"modified":"2024-03-05T16:01:55","modified_gmt":"2024-03-05T19:01:55","slug":"2022-2","status":"publish","type":"page","link":"https:\/\/wp.ufpel.edu.br\/arteirosdocotidiano\/2022-2\/","title":{"rendered":"2022"},"content":{"rendered":"<p>&nbsp;<\/p>\n<p><img class=\" wp-image-394 alignleft\" src=\"https:\/\/wp.ufpel.edu.br\/arteirosdocotidiano\/files\/2022\/10\/ARTE-AC-2-400x400.png\" alt=\"\" width=\"273\" height=\"273\" srcset=\"https:\/\/wp.ufpel.edu.br\/arteirosdocotidiano\/files\/2022\/10\/ARTE-AC-2-400x400.png 400w, https:\/\/wp.ufpel.edu.br\/arteirosdocotidiano\/files\/2022\/10\/ARTE-AC-2-1024x1024.png 1024w, https:\/\/wp.ufpel.edu.br\/arteirosdocotidiano\/files\/2022\/10\/ARTE-AC-2-200x200.png 200w, https:\/\/wp.ufpel.edu.br\/arteirosdocotidiano\/files\/2022\/10\/ARTE-AC-2-768x768.png 768w, https:\/\/wp.ufpel.edu.br\/arteirosdocotidiano\/files\/2022\/10\/ARTE-AC-2.png 1080w\" sizes=\"(max-width: 273px) 100vw, 273px\" \/><\/p>\n<p><strong>Tecnologias e artes visuais: processos criativos na contemporaneidade.<\/strong><\/p>\n<p>As aulas foram ministradas por acad\u00eamicas\/os do curso Artes Visuais \u2013 Licenciatura, do Centro de Artes da Universidade Federal de Pelotas, integrando as a\u00e7\u00f5es do projeto de extens\u00e3o ARTEIROS DO COTIDIANO, coordenado pela professora Cl\u00e1udia Mariza Brand\u00e3o.<\/p>\n<p>O curso foi voltado para professoras\/es formadas\/os ou em forma\u00e7\u00e3o, com certifica\u00e7\u00e3o de 30 horas, tendo como proposta possibilidades de colocar em movimento as rela\u00e7\u00f5es entre os saberes acad\u00eamicos e os saberes da doc\u00eancia, no contexto das tecnologias no campo das artes visuais na contemporaneidade. Ampliando, assim, as discuss\u00f5es acerca dos diferentes modos de atravessamento entre arte, tecnologia e educa\u00e7\u00e3o.<\/p>\n<p>&nbsp;<\/p>\n<p><img class=\" wp-image-393 alignleft\" src=\"https:\/\/wp.ufpel.edu.br\/arteirosdocotidiano\/files\/2022\/10\/Poster-283x400.png\" alt=\"\" width=\"235\" height=\"332\" srcset=\"https:\/\/wp.ufpel.edu.br\/arteirosdocotidiano\/files\/2022\/10\/Poster-283x400.png 283w, https:\/\/wp.ufpel.edu.br\/arteirosdocotidiano\/files\/2022\/10\/Poster-724x1024.png 724w, https:\/\/wp.ufpel.edu.br\/arteirosdocotidiano\/files\/2022\/10\/Poster-768x1086.png 768w, https:\/\/wp.ufpel.edu.br\/arteirosdocotidiano\/files\/2022\/10\/Poster-1086x1536.png 1086w, https:\/\/wp.ufpel.edu.br\/arteirosdocotidiano\/files\/2022\/10\/Poster-1448x2048.png 1448w, https:\/\/wp.ufpel.edu.br\/arteirosdocotidiano\/files\/2022\/10\/Poster.png 1587w\" sizes=\"(max-width: 235px) 100vw, 235px\" \/><\/p>\n<p><strong>A CIDADE GRITA! \u2013 EXPERI\u00caNCIA EST\u00c9TICA E DIVERSIDADE<\/strong><\/p>\n<p>As aulas foram ministradas por acad\u00eamicas\/os do curso Artes Visuais \u2013 Licenciatura, do Centro de Artes da Universidade Federal de Pelotas, integrando as a\u00e7\u00f5es do projeto de extens\u00e3o ARTEIROS DO COTIDIANO, coordenado pela professora Cl\u00e1udia Mariza Brand\u00e3o.<\/p>\n<p>&nbsp;<\/p>\n<p>O curso foi voltado para professoras\/es formadas\/os ou em forma\u00e7\u00e3o, com certifica\u00e7\u00e3o de 21\u00a0 horas, tendo como objetivo ampliar o olhar cr\u00edtico e estimular reflex\u00f5es acerca da cidade como espa\u00e7o constru\u00eddo pelo ato de habitar coletivamente, tendo em vista a import\u00e2ncia de perceber e compreender os diferentes modos de atravessamento entre cidade-sujeites, a partir das m\u00faltiplas experi\u00eancias est\u00e9ticas que nos atravessam e constituem.<\/p>\n<p>Saiba mais em:\u00a0<a href=\"https:\/\/wp.ufpel.edu.br\/arteirosdocotidiano\/formacao-continuada\/\">https:\/\/wp.ufpel.edu.br\/arteirosdocotidiano\/formacao-continuada\/<\/a><\/p>\n<p style=\"text-align: left;\"><strong>Bolsista respons\u00e1vel:<\/strong>\u00a0Ana Beatriz Reinoso Rosse<\/p>\n<p>&nbsp;<\/p>\n<p><img class=\"alignnone size-medium wp-image-423\" src=\"https:\/\/wp.ufpel.edu.br\/arteirosdocotidiano\/files\/2024\/03\/Captura-de-Tela-184-400x186.png\" alt=\"\" width=\"400\" height=\"186\" srcset=\"https:\/\/wp.ufpel.edu.br\/arteirosdocotidiano\/files\/2024\/03\/Captura-de-Tela-184-400x186.png 400w, https:\/\/wp.ufpel.edu.br\/arteirosdocotidiano\/files\/2024\/03\/Captura-de-Tela-184-1024x476.png 1024w, https:\/\/wp.ufpel.edu.br\/arteirosdocotidiano\/files\/2024\/03\/Captura-de-Tela-184-768x357.png 768w, https:\/\/wp.ufpel.edu.br\/arteirosdocotidiano\/files\/2024\/03\/Captura-de-Tela-184.png 1040w\" sizes=\"(max-width: 400px) 100vw, 400px\" \/> <img class=\"alignnone size-medium wp-image-422\" src=\"https:\/\/wp.ufpel.edu.br\/arteirosdocotidiano\/files\/2024\/03\/Captura-de-Tela-197-400x180.png\" alt=\"\" width=\"400\" height=\"180\" srcset=\"https:\/\/wp.ufpel.edu.br\/arteirosdocotidiano\/files\/2024\/03\/Captura-de-Tela-197-400x180.png 400w, https:\/\/wp.ufpel.edu.br\/arteirosdocotidiano\/files\/2024\/03\/Captura-de-Tela-197-1024x462.png 1024w, https:\/\/wp.ufpel.edu.br\/arteirosdocotidiano\/files\/2024\/03\/Captura-de-Tela-197-768x346.png 768w, https:\/\/wp.ufpel.edu.br\/arteirosdocotidiano\/files\/2024\/03\/Captura-de-Tela-197.png 1044w\" sizes=\"(max-width: 400px) 100vw, 400px\" \/> <img class=\"alignnone size-medium wp-image-421\" src=\"https:\/\/wp.ufpel.edu.br\/arteirosdocotidiano\/files\/2024\/03\/Captura-de-Tela-166-400x227.png\" alt=\"\" width=\"400\" height=\"227\" srcset=\"https:\/\/wp.ufpel.edu.br\/arteirosdocotidiano\/files\/2024\/03\/Captura-de-Tela-166-400x227.png 400w, https:\/\/wp.ufpel.edu.br\/arteirosdocotidiano\/files\/2024\/03\/Captura-de-Tela-166-768x435.png 768w, https:\/\/wp.ufpel.edu.br\/arteirosdocotidiano\/files\/2024\/03\/Captura-de-Tela-166.png 1006w\" sizes=\"(max-width: 400px) 100vw, 400px\" \/> <img class=\"alignnone size-medium wp-image-420\" src=\"https:\/\/wp.ufpel.edu.br\/arteirosdocotidiano\/files\/2024\/03\/Captura-de-Tela-156-400x225.png\" alt=\"\" width=\"400\" height=\"225\" srcset=\"https:\/\/wp.ufpel.edu.br\/arteirosdocotidiano\/files\/2024\/03\/Captura-de-Tela-156-400x225.png 400w, https:\/\/wp.ufpel.edu.br\/arteirosdocotidiano\/files\/2024\/03\/Captura-de-Tela-156-1024x576.png 1024w, https:\/\/wp.ufpel.edu.br\/arteirosdocotidiano\/files\/2024\/03\/Captura-de-Tela-156-768x432.png 768w, https:\/\/wp.ufpel.edu.br\/arteirosdocotidiano\/files\/2024\/03\/Captura-de-Tela-156.png 1366w\" sizes=\"(max-width: 400px) 100vw, 400px\" \/><\/p>\n","protected":false},"excerpt":{"rendered":"<p>&nbsp; Tecnologias e artes visuais: processos criativos na contemporaneidade. As aulas foram ministradas por acad\u00eamicas\/os do curso Artes Visuais \u2013 Licenciatura, do Centro de Artes da Universidade Federal de Pelotas, integrando as a\u00e7\u00f5es do projeto de extens\u00e3o ARTEIROS DO COTIDIANO, coordenado pela professora Cl\u00e1udia Mariza Brand\u00e3o. O curso foi voltado para professoras\/es formadas\/os ou em [&hellip;]<\/p>\n","protected":false},"author":1015,"featured_media":0,"parent":0,"menu_order":0,"comment_status":"closed","ping_status":"closed","template":"","meta":{"footnotes":""},"class_list":["post-397","page","type-page","status-publish","hentry"],"_links":{"self":[{"href":"https:\/\/wp.ufpel.edu.br\/arteirosdocotidiano\/wp-json\/wp\/v2\/pages\/397","targetHints":{"allow":["GET"]}}],"collection":[{"href":"https:\/\/wp.ufpel.edu.br\/arteirosdocotidiano\/wp-json\/wp\/v2\/pages"}],"about":[{"href":"https:\/\/wp.ufpel.edu.br\/arteirosdocotidiano\/wp-json\/wp\/v2\/types\/page"}],"author":[{"embeddable":true,"href":"https:\/\/wp.ufpel.edu.br\/arteirosdocotidiano\/wp-json\/wp\/v2\/users\/1015"}],"replies":[{"embeddable":true,"href":"https:\/\/wp.ufpel.edu.br\/arteirosdocotidiano\/wp-json\/wp\/v2\/comments?post=397"}],"version-history":[{"count":6,"href":"https:\/\/wp.ufpel.edu.br\/arteirosdocotidiano\/wp-json\/wp\/v2\/pages\/397\/revisions"}],"predecessor-version":[{"id":424,"href":"https:\/\/wp.ufpel.edu.br\/arteirosdocotidiano\/wp-json\/wp\/v2\/pages\/397\/revisions\/424"}],"wp:attachment":[{"href":"https:\/\/wp.ufpel.edu.br\/arteirosdocotidiano\/wp-json\/wp\/v2\/media?parent=397"}],"curies":[{"name":"wp","href":"https:\/\/api.w.org\/{rel}","templated":true}]}}