{"id":39,"date":"2020-06-16T14:31:11","date_gmt":"2020-06-16T17:31:11","guid":{"rendered":"https:\/\/wp.ufpel.edu.br\/arteirosdocotidiano\/?page_id=39"},"modified":"2023-02-06T20:26:17","modified_gmt":"2023-02-06T23:26:17","slug":"artigos","status":"publish","type":"page","link":"https:\/\/wp.ufpel.edu.br\/arteirosdocotidiano\/artigos\/","title":{"rendered":"Artigos"},"content":{"rendered":"<p><strong><a href=\"http:\/\/revistaea.org\/pf.php?idartigo=1381\" target=\"_blank\" rel=\"noopener noreferrer\">Pr\u00e1ticas da Arte\/Educa\u00e7\u00e3o Ambiental traduzidas em vis\u00f5es est\u00e9ticas da cegueira (2012)<\/a><\/strong><br \/>\nAmanda Ribeiro Corr\u00eaa; Claudia Mariza Mattos Brand\u00e3o.<\/p>\n<p><strong><a href=\"http:\/\/www.revistaea.org\/pf.php?idartigo=2267\" target=\"_blank\" rel=\"noopener noreferrer\">Arteiros do Cotidiano, uma proposta em prol do pensamento complexo (2016)<\/a><\/strong><br \/>\nSu\u00e9len Silva da Silveira; Cl\u00e1udia Mariza Mattos Brand\u00e3o.<\/p>\n<p><strong><a href=\"https:\/\/wp.ufpel.edu.br\/arteirosdocotidiano\/files\/2020\/07\/7427-10109-1-DR.pdf\" target=\"_blank\" rel=\"noopener noreferrer\">Carimbos, identidade e forma\u00e7\u00e3o docente (2017)<\/a><br \/>\n<\/strong>C\u00e9sar Augusto Couto Bittencourt Junior; Ra\u00edssa Cardoso Leal; Claudia Mariza Mattos Brand\u00e3o.<\/p>\n<p><strong><a href=\"https:\/\/wp.ufpel.edu.br\/arteirosdocotidiano\/files\/2020\/07\/310-849-1-PB.pdf\" target=\"_blank\" rel=\"noopener noreferrer\">Mbarac\u00e1 entre a escola e a natureza (2018)<\/a><\/strong><br \/>\nMaria de F\u00e1tima Nascimento Urruth-Kuaw\u00e1 Apurin\u00e3; Claudia Mariza Mattos Brand\u00e3o; Miguel Monteiro Gallo.<\/p>\n<p><a href=\"https:\/\/wp.ufpel.edu.br\/arteirosdocotidiano\/files\/2023\/02\/pf.pdf\">A ARTE ROUBADA E OS REMENDOS DAS HIST\u00d3RIA (2022)<\/a><\/p>\n<p>Ana Beatriz Reinoso Rosse; Claudia Mariza Mattos Brand\u00e3o.<\/p>\n<p>&nbsp;<\/p>\n","protected":false},"excerpt":{"rendered":"<p>Pr\u00e1ticas da Arte\/Educa\u00e7\u00e3o Ambiental traduzidas em vis\u00f5es est\u00e9ticas da cegueira (2012) Amanda Ribeiro Corr\u00eaa; Claudia Mariza Mattos Brand\u00e3o. Arteiros do Cotidiano, uma proposta em prol do pensamento complexo (2016) Su\u00e9len Silva da Silveira; Cl\u00e1udia Mariza Mattos Brand\u00e3o. Carimbos, identidade e forma\u00e7\u00e3o docente (2017) C\u00e9sar Augusto Couto Bittencourt Junior; Ra\u00edssa Cardoso Leal; Claudia Mariza Mattos Brand\u00e3o. [&hellip;]<\/p>\n","protected":false},"author":1015,"featured_media":0,"parent":0,"menu_order":0,"comment_status":"closed","ping_status":"closed","template":"","meta":{"footnotes":""},"class_list":["post-39","page","type-page","status-publish","hentry"],"_links":{"self":[{"href":"https:\/\/wp.ufpel.edu.br\/arteirosdocotidiano\/wp-json\/wp\/v2\/pages\/39","targetHints":{"allow":["GET"]}}],"collection":[{"href":"https:\/\/wp.ufpel.edu.br\/arteirosdocotidiano\/wp-json\/wp\/v2\/pages"}],"about":[{"href":"https:\/\/wp.ufpel.edu.br\/arteirosdocotidiano\/wp-json\/wp\/v2\/types\/page"}],"author":[{"embeddable":true,"href":"https:\/\/wp.ufpel.edu.br\/arteirosdocotidiano\/wp-json\/wp\/v2\/users\/1015"}],"replies":[{"embeddable":true,"href":"https:\/\/wp.ufpel.edu.br\/arteirosdocotidiano\/wp-json\/wp\/v2\/comments?post=39"}],"version-history":[{"count":6,"href":"https:\/\/wp.ufpel.edu.br\/arteirosdocotidiano\/wp-json\/wp\/v2\/pages\/39\/revisions"}],"predecessor-version":[{"id":418,"href":"https:\/\/wp.ufpel.edu.br\/arteirosdocotidiano\/wp-json\/wp\/v2\/pages\/39\/revisions\/418"}],"wp:attachment":[{"href":"https:\/\/wp.ufpel.edu.br\/arteirosdocotidiano\/wp-json\/wp\/v2\/media?parent=39"}],"curies":[{"name":"wp","href":"https:\/\/api.w.org\/{rel}","templated":true}]}}