{"id":337,"date":"2021-10-12T21:49:06","date_gmt":"2021-10-13T00:49:06","guid":{"rendered":"https:\/\/wp.ufpel.edu.br\/arteirosdocotidiano\/?page_id=337"},"modified":"2022-10-17T20:51:29","modified_gmt":"2022-10-17T23:51:29","slug":"2021-2","status":"publish","type":"page","link":"https:\/\/wp.ufpel.edu.br\/arteirosdocotidiano\/2021-2\/","title":{"rendered":"2021"},"content":{"rendered":"<p style=\"text-align: left;\"><img class=\"size-medium wp-image-316 alignleft\" src=\"https:\/\/wp.ufpel.edu.br\/arteirosdocotidiano\/files\/2021\/10\/ID-VISUAL_CURSO-400x225.jpg\" alt=\"\" width=\"400\" height=\"225\" srcset=\"https:\/\/wp.ufpel.edu.br\/arteirosdocotidiano\/files\/2021\/10\/ID-VISUAL_CURSO-400x225.jpg 400w, https:\/\/wp.ufpel.edu.br\/arteirosdocotidiano\/files\/2021\/10\/ID-VISUAL_CURSO-1024x576.jpg 1024w, https:\/\/wp.ufpel.edu.br\/arteirosdocotidiano\/files\/2021\/10\/ID-VISUAL_CURSO-768x432.jpg 768w, https:\/\/wp.ufpel.edu.br\/arteirosdocotidiano\/files\/2021\/10\/ID-VISUAL_CURSO-1536x864.jpg 1536w, https:\/\/wp.ufpel.edu.br\/arteirosdocotidiano\/files\/2021\/10\/ID-VISUAL_CURSO.jpg 1920w\" sizes=\"(max-width: 400px) 100vw, 400px\" \/><strong>Tema:<\/strong> Tessituras identit\u00e1rias em Latinoam\u00e9rica.<\/p>\n<p style=\"text-align: left;\">&#8220;Partindo da atual realidade brasileira e da impossibilidade de atividades presenciais, o Arteiros do Cotidiano foi remodelado e modificado, mantendo sempre a sua ess\u00eancia de uma educa\u00e7\u00e3o cr\u00edtica e sens\u00edvel. Migrou, assim, para o modelo remoto\/digital, passando a atender n\u00e3o mais alunos do ensino fundamental, mas sim, envolvendo os acad\u00eamicos das disciplinas de Artes Visuais na Educa\u00e7\u00e3o II e III, lecionadas pela professora Cl\u00e1udia Brand\u00e3o, para atender professores de artes da rede de ensino municipal e estadual, por meio de cursos de forma\u00e7\u00e3o continuada.&#8221; (Trecho retirado do artigo expandido <a href=\"https:\/\/wp.ufpel.edu.br\/arteirosdocotidiano\/files\/2022\/05\/ARTEIROS-DO-COTIDIANO-EM-MEIO-A-PANDEMIA.pdf\"><strong>Arteiros do Cotidiano Em meio \u00c0 Pandemia <\/strong><\/a>\u00a0do ano de 2021).<\/p>\n<p>Saiba mais em: <a href=\"https:\/\/wp.ufpel.edu.br\/arteirosdocotidiano\/formacao-continuada\/\">https:\/\/wp.ufpel.edu.br\/arteirosdocotidiano\/formacao-continuada\/<\/a><\/p>\n<p style=\"text-align: left;\"><strong>Bolsista respons\u00e1vel:<\/strong> Ana Beatriz Reinoso Rosse<\/p>\n<p><img class=\"alignnone  wp-image-407\" src=\"https:\/\/wp.ufpel.edu.br\/arteirosdocotidiano\/files\/2022\/10\/Captura-de-Tela-61-1-400x247.png\" alt=\"\" width=\"372\" height=\"230\" srcset=\"https:\/\/wp.ufpel.edu.br\/arteirosdocotidiano\/files\/2022\/10\/Captura-de-Tela-61-1-400x247.png 400w, https:\/\/wp.ufpel.edu.br\/arteirosdocotidiano\/files\/2022\/10\/Captura-de-Tela-61-1-1024x633.png 1024w, https:\/\/wp.ufpel.edu.br\/arteirosdocotidiano\/files\/2022\/10\/Captura-de-Tela-61-1-768x474.png 768w, https:\/\/wp.ufpel.edu.br\/arteirosdocotidiano\/files\/2022\/10\/Captura-de-Tela-61-1.png 1036w\" sizes=\"(max-width: 372px) 100vw, 372px\" \/> <img class=\"alignnone  wp-image-408\" src=\"https:\/\/wp.ufpel.edu.br\/arteirosdocotidiano\/files\/2022\/10\/Captura-de-Tela-63-1-400x248.png\" alt=\"\" width=\"371\" height=\"230\" srcset=\"https:\/\/wp.ufpel.edu.br\/arteirosdocotidiano\/files\/2022\/10\/Captura-de-Tela-63-1-400x248.png 400w, https:\/\/wp.ufpel.edu.br\/arteirosdocotidiano\/files\/2022\/10\/Captura-de-Tela-63-1-1024x634.png 1024w, https:\/\/wp.ufpel.edu.br\/arteirosdocotidiano\/files\/2022\/10\/Captura-de-Tela-63-1-768x476.png 768w, https:\/\/wp.ufpel.edu.br\/arteirosdocotidiano\/files\/2022\/10\/Captura-de-Tela-63-1.png 1030w\" sizes=\"(max-width: 371px) 100vw, 371px\" \/><\/p>\n","protected":false},"excerpt":{"rendered":"<p>Tema: Tessituras identit\u00e1rias em Latinoam\u00e9rica. &#8220;Partindo da atual realidade brasileira e da impossibilidade de atividades presenciais, o Arteiros do Cotidiano foi remodelado e modificado, mantendo sempre a sua ess\u00eancia de uma educa\u00e7\u00e3o cr\u00edtica e sens\u00edvel. Migrou, assim, para o modelo remoto\/digital, passando a atender n\u00e3o mais alunos do ensino fundamental, mas sim, envolvendo os acad\u00eamicos [&hellip;]<\/p>\n","protected":false},"author":1015,"featured_media":0,"parent":0,"menu_order":0,"comment_status":"closed","ping_status":"closed","template":"","meta":{"footnotes":""},"class_list":["post-337","page","type-page","status-publish","hentry"],"_links":{"self":[{"href":"https:\/\/wp.ufpel.edu.br\/arteirosdocotidiano\/wp-json\/wp\/v2\/pages\/337","targetHints":{"allow":["GET"]}}],"collection":[{"href":"https:\/\/wp.ufpel.edu.br\/arteirosdocotidiano\/wp-json\/wp\/v2\/pages"}],"about":[{"href":"https:\/\/wp.ufpel.edu.br\/arteirosdocotidiano\/wp-json\/wp\/v2\/types\/page"}],"author":[{"embeddable":true,"href":"https:\/\/wp.ufpel.edu.br\/arteirosdocotidiano\/wp-json\/wp\/v2\/users\/1015"}],"replies":[{"embeddable":true,"href":"https:\/\/wp.ufpel.edu.br\/arteirosdocotidiano\/wp-json\/wp\/v2\/comments?post=337"}],"version-history":[{"count":7,"href":"https:\/\/wp.ufpel.edu.br\/arteirosdocotidiano\/wp-json\/wp\/v2\/pages\/337\/revisions"}],"predecessor-version":[{"id":409,"href":"https:\/\/wp.ufpel.edu.br\/arteirosdocotidiano\/wp-json\/wp\/v2\/pages\/337\/revisions\/409"}],"wp:attachment":[{"href":"https:\/\/wp.ufpel.edu.br\/arteirosdocotidiano\/wp-json\/wp\/v2\/media?parent=337"}],"curies":[{"name":"wp","href":"https:\/\/api.w.org\/{rel}","templated":true}]}}