{"id":319,"date":"2021-10-12T21:44:37","date_gmt":"2021-10-13T00:44:37","guid":{"rendered":"https:\/\/wp.ufpel.edu.br\/arteirosdocotidiano\/?page_id=319"},"modified":"2022-05-10T10:43:54","modified_gmt":"2022-05-10T13:43:54","slug":"edicoes-do-projeto","status":"publish","type":"page","link":"https:\/\/wp.ufpel.edu.br\/arteirosdocotidiano\/edicoes-do-projeto\/","title":{"rendered":"EDI\u00c7\u00d5ES DO PROJETO"},"content":{"rendered":"<article><strong>EDI\u00c7\u00d5ES DO PROJETO<\/strong><\/article>\n<article>\n<article class=\"single_post_inside\">BOLSISTAS:<\/article>\n<article><a href=\"https:\/\/wp.ufpel.edu.br\/arteirosdocotidiano\/2010-2\/\">2010<\/a>\u00a0\u2013 Silvia Escobar<\/article>\n<article><\/article>\n<article><\/article>\n<article><a href=\"https:\/\/wp.ufpel.edu.br\/arteirosdocotidiano\/2011-2\/\">2011<\/a>\u00a0\u2013 Amanda Corr\u00eaa<\/article>\n<article><\/article>\n<article><\/article>\n<article><a href=\"https:\/\/wp.ufpel.edu.br\/arteirosdocotidiano\/2012-2\/\">2012<\/a>\u00a0\u2013 Juliano Petitot<\/article>\n<article><\/article>\n<article><\/article>\n<article><a href=\"https:\/\/wp.ufpel.edu.br\/arteirosdocotidiano\/2013-2\/\">2013\/<\/a><a href=\"https:\/\/wp.ufpel.edu.br\/arteirosdocotidiano\/2014-2\/\">2014<\/a>\/<a href=\"https:\/\/wp.ufpel.edu.br\/arteirosdocotidiano\/2015-2\/\">2015<\/a>\u2013 Su\u00e9len Silva da Silveira.<\/article>\n<article><\/article>\n<article><\/article>\n<article><a href=\"https:\/\/wp.ufpel.edu.br\/arteirosdocotidiano\/2016-2\/\">2016<\/a>\u00a0\u2013 Lucas Machado<\/article>\n<article><\/article>\n<article><\/article>\n<article><a href=\"https:\/\/wp.ufpel.edu.br\/arteirosdocotidiano\/2017-2\/\">2017<\/a>\u2013<a href=\"https:\/\/wp.ufpel.edu.br\/arteirosdocotidiano\/2018-2\/\">2018<\/a>\u2013 Dhara Fernanda Nunes Carrara<\/article>\n<article><\/article>\n<article><\/article>\n<article>2019\/2020 \u2013 \u00cdtalo Franco<\/article>\n<article><\/article>\n<article><\/article>\n<article><a href=\"https:\/\/wp.ufpel.edu.br\/arteirosdocotidiano\/2021-2\/\">2021<\/a>\/2022\u2013 Ana Beatriz Reinoso Rosse<\/article>\n<\/article>\n","protected":false},"excerpt":{"rendered":"<p>EDI\u00c7\u00d5ES DO PROJETO BOLSISTAS: 2010\u00a0\u2013 Silvia Escobar 2011\u00a0\u2013 Amanda Corr\u00eaa 2012\u00a0\u2013 Juliano Petitot 2013\/2014\/2015\u2013 Su\u00e9len Silva da Silveira. 2016\u00a0\u2013 Lucas Machado 2017\u20132018\u2013 Dhara Fernanda Nunes Carrara 2019\/2020 \u2013 \u00cdtalo Franco 2021\/2022\u2013 Ana Beatriz Reinoso Rosse<\/p>\n","protected":false},"author":1015,"featured_media":0,"parent":0,"menu_order":0,"comment_status":"closed","ping_status":"closed","template":"","meta":{"footnotes":""},"class_list":["post-319","page","type-page","status-publish","hentry"],"_links":{"self":[{"href":"https:\/\/wp.ufpel.edu.br\/arteirosdocotidiano\/wp-json\/wp\/v2\/pages\/319","targetHints":{"allow":["GET"]}}],"collection":[{"href":"https:\/\/wp.ufpel.edu.br\/arteirosdocotidiano\/wp-json\/wp\/v2\/pages"}],"about":[{"href":"https:\/\/wp.ufpel.edu.br\/arteirosdocotidiano\/wp-json\/wp\/v2\/types\/page"}],"author":[{"embeddable":true,"href":"https:\/\/wp.ufpel.edu.br\/arteirosdocotidiano\/wp-json\/wp\/v2\/users\/1015"}],"replies":[{"embeddable":true,"href":"https:\/\/wp.ufpel.edu.br\/arteirosdocotidiano\/wp-json\/wp\/v2\/comments?post=319"}],"version-history":[{"count":2,"href":"https:\/\/wp.ufpel.edu.br\/arteirosdocotidiano\/wp-json\/wp\/v2\/pages\/319\/revisions"}],"predecessor-version":[{"id":384,"href":"https:\/\/wp.ufpel.edu.br\/arteirosdocotidiano\/wp-json\/wp\/v2\/pages\/319\/revisions\/384"}],"wp:attachment":[{"href":"https:\/\/wp.ufpel.edu.br\/arteirosdocotidiano\/wp-json\/wp\/v2\/media?parent=319"}],"curies":[{"name":"wp","href":"https:\/\/api.w.org\/{rel}","templated":true}]}}