{"id":107,"date":"2020-06-23T12:06:54","date_gmt":"2020-06-23T15:06:54","guid":{"rendered":"https:\/\/wp.ufpel.edu.br\/arteirosdocotidiano\/?page_id=107"},"modified":"2021-10-08T15:26:58","modified_gmt":"2021-10-08T18:26:58","slug":"material-didatico","status":"publish","type":"page","link":"https:\/\/wp.ufpel.edu.br\/arteirosdocotidiano\/material-didatico\/","title":{"rendered":"Material Did\u00e1tico"},"content":{"rendered":"<p><strong>2020<\/strong><\/p>\n<p><strong>Clique na imagem e acesse o e-book resultado do curso de forma\u00e7\u00e3o continuada &#8220;O Que \u00e9 ser professor? Visibilizando o Imagin\u00e1rio em Livros de Artista&#8221;<\/strong><\/p>\n<p><a href=\"https:\/\/wp.ufpel.edu.br\/arteirosdocotidiano\/files\/2020\/10\/Ser-professor-e.pdf\"><img class=\"size-full wp-image-287 aligncenter\" src=\"https:\/\/wp.ufpel.edu.br\/arteirosdocotidiano\/files\/2021\/10\/capa-livro-274x400-1.jpg\" alt=\"\" width=\"274\" height=\"400\" \/><\/a><\/p>\n","protected":false},"excerpt":{"rendered":"<p>2020 Clique na imagem e acesse o e-book resultado do curso de forma\u00e7\u00e3o continuada &#8220;O Que \u00e9 ser professor? Visibilizando o Imagin\u00e1rio em Livros de Artista&#8221;<\/p>\n","protected":false},"author":1015,"featured_media":0,"parent":0,"menu_order":0,"comment_status":"closed","ping_status":"closed","template":"","meta":{"footnotes":""},"class_list":["post-107","page","type-page","status-publish","hentry"],"_links":{"self":[{"href":"https:\/\/wp.ufpel.edu.br\/arteirosdocotidiano\/wp-json\/wp\/v2\/pages\/107","targetHints":{"allow":["GET"]}}],"collection":[{"href":"https:\/\/wp.ufpel.edu.br\/arteirosdocotidiano\/wp-json\/wp\/v2\/pages"}],"about":[{"href":"https:\/\/wp.ufpel.edu.br\/arteirosdocotidiano\/wp-json\/wp\/v2\/types\/page"}],"author":[{"embeddable":true,"href":"https:\/\/wp.ufpel.edu.br\/arteirosdocotidiano\/wp-json\/wp\/v2\/users\/1015"}],"replies":[{"embeddable":true,"href":"https:\/\/wp.ufpel.edu.br\/arteirosdocotidiano\/wp-json\/wp\/v2\/comments?post=107"}],"version-history":[{"count":6,"href":"https:\/\/wp.ufpel.edu.br\/arteirosdocotidiano\/wp-json\/wp\/v2\/pages\/107\/revisions"}],"predecessor-version":[{"id":295,"href":"https:\/\/wp.ufpel.edu.br\/arteirosdocotidiano\/wp-json\/wp\/v2\/pages\/107\/revisions\/295"}],"wp:attachment":[{"href":"https:\/\/wp.ufpel.edu.br\/arteirosdocotidiano\/wp-json\/wp\/v2\/media?parent=107"}],"curies":[{"name":"wp","href":"https:\/\/api.w.org\/{rel}","templated":true}]}}