{"id":105,"date":"2020-06-23T12:06:54","date_gmt":"2020-06-23T15:06:54","guid":{"rendered":"https:\/\/wp.ufpel.edu.br\/arteirosdocotidiano\/?page_id=105"},"modified":"2021-10-11T14:50:48","modified_gmt":"2021-10-11T17:50:48","slug":"colecao-arteiros","status":"publish","type":"page","link":"https:\/\/wp.ufpel.edu.br\/arteirosdocotidiano\/colecao-arteiros\/","title":{"rendered":"Cole\u00e7\u00e3o Arteiros"},"content":{"rendered":"<p style=\"text-align: center\"><strong>Arteiros do Cotidiano Vol. 1<\/strong><\/p>\n<p><img class=\"wp-image-143 size-medium aligncenter\" src=\"https:\/\/wp.ufpel.edu.br\/arteirosdocotidiano\/files\/2020\/07\/arteiros-capa-volume-1-290x400.jpg\" alt=\"\" width=\"290\" height=\"400\" srcset=\"https:\/\/wp.ufpel.edu.br\/arteirosdocotidiano\/files\/2020\/07\/arteiros-capa-volume-1-290x400.jpg 290w, https:\/\/wp.ufpel.edu.br\/arteirosdocotidiano\/files\/2020\/07\/arteiros-capa-volume-1.jpg 445w\" sizes=\"(max-width: 290px) 100vw, 290px\" \/><\/p>\n<p style=\"text-align: center\"><a href=\"https:\/\/wp.ufpel.edu.br\/arteirosdocotidiano\/files\/2020\/06\/arteiros-do-cotidiano-vol-1-seg-ed.-versao-revisada-final-2.pdf\" target=\"_blank\" rel=\"noopener noreferrer\">[LEIA NA \u00cdNTEGRA]<\/a><\/p>\n<p>&nbsp;<\/p>\n<p style=\"text-align: center\"><strong>Arteiros do Cotidiano Vol. 2<\/strong><\/p>\n<p><img class=\"wp-image-145 size-medium aligncenter\" src=\"https:\/\/wp.ufpel.edu.br\/arteirosdocotidiano\/files\/2020\/07\/arteiros-283x400.jpg\" alt=\"\" width=\"283\" height=\"400\" srcset=\"https:\/\/wp.ufpel.edu.br\/arteirosdocotidiano\/files\/2020\/07\/arteiros-283x400.jpg 283w, https:\/\/wp.ufpel.edu.br\/arteirosdocotidiano\/files\/2020\/07\/arteiros-724x1024.jpg 724w, https:\/\/wp.ufpel.edu.br\/arteirosdocotidiano\/files\/2020\/07\/arteiros-768x1086.jpg 768w, https:\/\/wp.ufpel.edu.br\/arteirosdocotidiano\/files\/2020\/07\/arteiros-1086x1536.jpg 1086w, https:\/\/wp.ufpel.edu.br\/arteirosdocotidiano\/files\/2020\/07\/arteiros.jpg 1448w\" sizes=\"(max-width: 283px) 100vw, 283px\" \/><\/p>\n<p style=\"text-align: center\"><a href=\"https:\/\/wp.ufpel.edu.br\/arteirosdocotidiano\/files\/2020\/06\/ARTEIROS-vol-II-final-isbn-1.pdf\" target=\"_blank\" rel=\"noopener noreferrer\">[LEIA NA \u00cdNTEGRA]<\/a><\/p>\n<p>&nbsp;<\/p>\n<p style=\"text-align: center\"><strong>Arteiros do Cotidiano Vol. 3<\/strong><\/p>\n<p><img class=\"size-medium wp-image-123 aligncenter\" src=\"https:\/\/wp.ufpel.edu.br\/arteirosdocotidiano\/files\/2020\/06\/arteiros-3-281x400.jpg\" alt=\"\" width=\"281\" height=\"400\" srcset=\"https:\/\/wp.ufpel.edu.br\/arteirosdocotidiano\/files\/2020\/06\/arteiros-3-281x400.jpg 281w, https:\/\/wp.ufpel.edu.br\/arteirosdocotidiano\/files\/2020\/06\/arteiros-3.jpg 370w\" sizes=\"(max-width: 281px) 100vw, 281px\" \/><\/p>\n<p style=\"text-align: center\"><a href=\"https:\/\/wp.ufpel.edu.br\/arteirosdocotidiano\/files\/2020\/06\/Arteiros-do-Cotidiano-Vol-III-1.pdf\" target=\"_blank\" rel=\"noopener noreferrer\">[LEIA NA \u00cdNTEGRA]<\/a><\/p>\n","protected":false},"excerpt":{"rendered":"<p>Arteiros do Cotidiano Vol. 1 [LEIA NA \u00cdNTEGRA] &nbsp; Arteiros do Cotidiano Vol. 2 [LEIA NA \u00cdNTEGRA] &nbsp; Arteiros do Cotidiano Vol. 3 [LEIA NA \u00cdNTEGRA]<\/p>\n","protected":false},"author":1015,"featured_media":0,"parent":0,"menu_order":0,"comment_status":"closed","ping_status":"closed","template":"","meta":{"footnotes":""},"class_list":["post-105","page","type-page","status-publish","hentry"],"_links":{"self":[{"href":"https:\/\/wp.ufpel.edu.br\/arteirosdocotidiano\/wp-json\/wp\/v2\/pages\/105","targetHints":{"allow":["GET"]}}],"collection":[{"href":"https:\/\/wp.ufpel.edu.br\/arteirosdocotidiano\/wp-json\/wp\/v2\/pages"}],"about":[{"href":"https:\/\/wp.ufpel.edu.br\/arteirosdocotidiano\/wp-json\/wp\/v2\/types\/page"}],"author":[{"embeddable":true,"href":"https:\/\/wp.ufpel.edu.br\/arteirosdocotidiano\/wp-json\/wp\/v2\/users\/1015"}],"replies":[{"embeddable":true,"href":"https:\/\/wp.ufpel.edu.br\/arteirosdocotidiano\/wp-json\/wp\/v2\/comments?post=105"}],"version-history":[{"count":4,"href":"https:\/\/wp.ufpel.edu.br\/arteirosdocotidiano\/wp-json\/wp\/v2\/pages\/105\/revisions"}],"predecessor-version":[{"id":146,"href":"https:\/\/wp.ufpel.edu.br\/arteirosdocotidiano\/wp-json\/wp\/v2\/pages\/105\/revisions\/146"}],"wp:attachment":[{"href":"https:\/\/wp.ufpel.edu.br\/arteirosdocotidiano\/wp-json\/wp\/v2\/media?parent=105"}],"curies":[{"name":"wp","href":"https:\/\/api.w.org\/{rel}","templated":true}]}}