{"id":2,"date":"2025-10-28T11:09:08","date_gmt":"2025-10-28T14:09:08","guid":{"rendered":"https:\/\/wp.ufpel.edu.br\/arteempelotasenoriogrande\/?page_id=2"},"modified":"2025-10-28T23:58:21","modified_gmt":"2025-10-29T02:58:21","slug":"pagina-exemplo","status":"publish","type":"page","link":"https:\/\/wp.ufpel.edu.br\/arteempelotasenoriogrande\/pagina-exemplo\/","title":{"rendered":"Conhe\u00e7a os projetos"},"content":{"rendered":"\r\n<p>O presente site apresenta os resultados dos projetos dedicados ao estudo da arte, da mem\u00f3ria e do patrim\u00f4nio cultural em Pelotas e no Rio Grande do Sul. A plataforma re\u00fane resultados de pesquisas sobre artistas locais, arte popular, arte p\u00fablica e obras integradas \u00e0 arquitetura e ao centro hist\u00f3rico de Pelotas e cidades do Rio Grande do Sul, divulgando descobertas e reflex\u00f5es que valorizam o patrim\u00f4nio art\u00edstico e cultural do estado.<\/p>\r\n<p>Al\u00e9m de divulgar o conhecimento produzido, o site busca fortalecer o di\u00e1logo entre universidade, comunidade e institui\u00e7\u00f5es culturais. Funcionar\u00e1 como um espa\u00e7o de pesquisa, aprendizagem e colabora\u00e7\u00e3o, acompanhando o desenvolvimento dos projetos e promovendo o acesso \u00e0s hist\u00f3rias e express\u00f5es que comp\u00f5em a diversidade art\u00edstica, patrimonial e cultural ga\u00facha.<\/p>\r\n<p>A p\u00e1gina re\u00fane os resultados de dois projetos, coordenados pelo Professor Dr. Roberto Heiden, vinculado ao Departamento de Museologia, Conserva\u00e7\u00e3o e Restauro (DMCOR) do Instituto de Ci\u00eancias Humanas (ICH) da Universidade Federal de Pelotas (UFPel)<\/p>\r\n<p>A seguir a descri\u00e7\u00e3o dos projetos:<\/p>\r\n<p><strong>Hist\u00f3rias sobre Arte, Mem\u00f3ria e Patrim\u00f4nio em Pelotas-RS<\/strong><\/p>\r\n<p>O projeto ir\u00e1 desenvolver estudos referentes a hist\u00f3ria da arte em Pelotas. Nesse sentido, para cada exemplo estudado ser\u00e1 proposta uma a\u00e7\u00e3o espec\u00edfica. Espera-se que os resultados dessas a\u00e7\u00f5es revelem, na medida em que os estudos avancem, um panorama de artistas, linguagens, t\u00e9cnicas e bens culturais com valores art\u00edsticos e patrimoniais ainda pouco estudados, de maneira que o trabalho resulte em novos conhecimentos sobre a arte e o patrim\u00f4nio de Pelotas. Ser\u00e3o preocupa\u00e7\u00f5es do projeto principalmente quatro linhas de pesquisa, tais como artistas locais com obras pouco estudadas; a arte integrada na arquitetura e no centro hist\u00f3rico; express\u00f5es de arte popular e a arte p\u00fablica contempor\u00e2nea. Outras abrang\u00eancias tem\u00e1ticas poder\u00e3o ser estabelecidas na medida em que os primeiros resultados apontem novas demandas. Essas linhas tem potencial para a produ\u00e7\u00e3o de conhecimento relativo \u00e0 arte e a cultura local, como tamb\u00e9m para o desenvolvimento de reflex\u00f5es sobre interfaces entre arte, mem\u00f3ria social e patrim\u00f4nio cultural. Nesse sentido, o projeto buscar\u00e1 inserir-se em demandas de institui\u00e7\u00f5es locais, bem como proporcionar aos estudantes envolvidos com o projeto experi\u00eancias em pesquisa que poder\u00e3o tamb\u00e9m ser convertidas em horas a serem integralizadas em seus respectivos hist\u00f3ricos escolares.<\/p>\r\n<p><strong>Hist\u00f3rias sobre Arte, Mem\u00f3ria e Patrim\u00f4nio no Rio Grande do Sul<\/strong><\/p>\r\n<p>O projeto desenvolver\u00e1 estudos sobre a hist\u00f3ria da arte no Rio Grande do Sul. Esse projeto \u00e9 um desdobramento do projeto de pesquisa intitulado &#8220;Hist\u00f3rias sobre arte, mem\u00f3ria e patrim\u00f4nio em Pelotas-RS&#8221;. O primeiro projeto tem engajado estudantes dos cursos de Conserva\u00e7\u00e3o-Restaura\u00e7\u00e3o de Bens Culturais M\u00f3veis, Museologia e Hist\u00f3ria. No entanto, alguns desses acad\u00eamicos s\u00e3o de outras cidades, o que dificulta a pesquisa de campo em Pelotas, devido \u00e0 dist\u00e2ncia e ao fato de que o tempo dispon\u00edvel desses estudantes em Pelotas \u00e9 mais dedicado ao estudo em sala de aula. Considerando o grande potencial de estudos sobre arte, mem\u00f3ria e patrim\u00f4nio em outras cidades do Rio Grande do Sul, especialmente na metade Sul do Estado, e a possibilidade de alinhar essa pesquisa \u00e0 origem e \u00e0s demandas dos estudantes e de suas comunidades, o projeto proposto busca ampliar o escopo das investiga\u00e7\u00f5es que coordeno em Hist\u00f3ria da Arte. Seu objetivo \u00e9 integrar dimens\u00f5es memoriais e patrimoniais, promovendo o cadastro de a\u00e7\u00f5es espec\u00edficas para cada tema estudado. Espera-se que os resultados revelem, \u00e0 medida que os estudos avancem, um panorama de artistas, linguagens, t\u00e9cnicas e bens culturais ainda pouco analisados, gerando novos conhecimentos sobre a arte e o patrim\u00f4nio no Rio Grande do Sul. O projeto ter\u00e1 quatro principais linhas de pesquisa: artistas locais com obras pouco estudadas, arte integrada \u00e0 arquitetura e ao centro hist\u00f3rico, express\u00f5es de arte popular e arte p\u00fablica contempor\u00e2nea. Outras abordagens poder\u00e3o surgir conforme os primeiros resultados indicarem novas demandas. Al\u00e9m de contribuir para a produ\u00e7\u00e3o de conhecimento sobre arte e cultura local, o projeto buscar\u00e1 refletir sobre as interfaces entre arte, mem\u00f3ria social e patrim\u00f4nio cultural. Tamb\u00e9m pretende atender demandas institucionais e proporcionar aos estudantes experi\u00eancias em pesquisa, que poder\u00e3o ser convertidas em horas complementares a serem integralizadas em seus hist\u00f3ricos escolares.<\/p>\r\n<p><img class=\"alignnone size-medium wp-image-40\" src=\"https:\/\/wp.ufpel.edu.br\/arteempelotasenoriogrande\/files\/2025\/10\/20240711_182523-400x225.jpg\" alt=\"\" width=\"400\" height=\"225\" srcset=\"https:\/\/wp.ufpel.edu.br\/arteempelotasenoriogrande\/files\/2025\/10\/20240711_182523-400x225.jpg 400w, https:\/\/wp.ufpel.edu.br\/arteempelotasenoriogrande\/files\/2025\/10\/20240711_182523-1024x576.jpg 1024w, https:\/\/wp.ufpel.edu.br\/arteempelotasenoriogrande\/files\/2025\/10\/20240711_182523-768x432.jpg 768w, https:\/\/wp.ufpel.edu.br\/arteempelotasenoriogrande\/files\/2025\/10\/20240711_182523-1536x864.jpg 1536w, https:\/\/wp.ufpel.edu.br\/arteempelotasenoriogrande\/files\/2025\/10\/20240711_182523-2048x1152.jpg 2048w\" sizes=\"(max-width: 400px) 100vw, 400px\" \/><\/p>\r\n","protected":false},"excerpt":{"rendered":"<p>O presente site apresenta os resultados dos projetos dedicados ao estudo da arte, da mem\u00f3ria e do patrim\u00f4nio cultural em Pelotas e no Rio Grande do Sul. A plataforma re\u00fane resultados de pesquisas sobre artistas locais, arte popular, arte p\u00fablica e obras integradas \u00e0 arquitetura e ao centro hist\u00f3rico de Pelotas e cidades do Rio [&hellip;]<\/p>\n","protected":false},"author":1531,"featured_media":0,"parent":0,"menu_order":0,"comment_status":"closed","ping_status":"closed","template":"","meta":{"footnotes":""},"class_list":["post-2","page","type-page","status-publish","hentry"],"_links":{"self":[{"href":"https:\/\/wp.ufpel.edu.br\/arteempelotasenoriogrande\/wp-json\/wp\/v2\/pages\/2","targetHints":{"allow":["GET"]}}],"collection":[{"href":"https:\/\/wp.ufpel.edu.br\/arteempelotasenoriogrande\/wp-json\/wp\/v2\/pages"}],"about":[{"href":"https:\/\/wp.ufpel.edu.br\/arteempelotasenoriogrande\/wp-json\/wp\/v2\/types\/page"}],"author":[{"embeddable":true,"href":"https:\/\/wp.ufpel.edu.br\/arteempelotasenoriogrande\/wp-json\/wp\/v2\/users\/1531"}],"replies":[{"embeddable":true,"href":"https:\/\/wp.ufpel.edu.br\/arteempelotasenoriogrande\/wp-json\/wp\/v2\/comments?post=2"}],"version-history":[{"count":3,"href":"https:\/\/wp.ufpel.edu.br\/arteempelotasenoriogrande\/wp-json\/wp\/v2\/pages\/2\/revisions"}],"predecessor-version":[{"id":42,"href":"https:\/\/wp.ufpel.edu.br\/arteempelotasenoriogrande\/wp-json\/wp\/v2\/pages\/2\/revisions\/42"}],"wp:attachment":[{"href":"https:\/\/wp.ufpel.edu.br\/arteempelotasenoriogrande\/wp-json\/wp\/v2\/media?parent=2"}],"curies":[{"name":"wp","href":"https:\/\/api.w.org\/{rel}","templated":true}]}}