{"id":10,"date":"2025-10-28T13:40:50","date_gmt":"2025-10-28T16:40:50","guid":{"rendered":"https:\/\/wp.ufpel.edu.br\/arteempelotasenoriogrande\/?page_id=10"},"modified":"2025-11-17T16:36:28","modified_gmt":"2025-11-17T19:36:28","slug":"publicacoes-e-produtos-academicos-desenvolvidos","status":"publish","type":"page","link":"https:\/\/wp.ufpel.edu.br\/arteempelotasenoriogrande\/publicacoes-e-produtos-academicos-desenvolvidos\/","title":{"rendered":"Publica\u00e7\u00f5es realizadas"},"content":{"rendered":"<p><strong>Artigos publicados em anais de eventos ou revistas acad\u00eamicas.<\/strong><\/p>\n<p>&nbsp;<\/p>\n<p>&nbsp;<\/p>\n<p>.<\/p>\n<p>HEIDEN, Roberto. <strong>As pelotines em papel recortado no contexto das tradi\u00e7\u00f5es doceiras de Pelotas (RS): mem\u00f3ria e cultura material.<\/strong> MUSEOLOGIA E PATRIM\u00d4NIO, v. 17, p. 10-37, 2024.<\/p>\n<p>Dispon\u00edvel em: http:\/\/novarevista.mast.br\/index.php\/ppgpmus\/article\/view\/1035<\/p>\n<p>&nbsp;<\/p>\n<p>.<\/p>\n<p>HEIDEN, Roberto. <strong>Ladrilhos cer\u00e2micos da Villeroy &amp; Boch: estudo sobre a t\u00e9cnica, modelo e hist\u00f3ria a partir do caso do hall de entrada do Museu do Doce (Pelotas-RS).<\/strong> MUSEOLOGIA E PATRIM\u00d4NIO, p. 210-231, 2023.<\/p>\n<p>Dispon\u00edvel em: https:\/\/revistamuseologiaepatrimonio.mast.br\/index.php\/ppgpmus\/article\/view\/943\/88<\/p>\n<p>&nbsp;<\/p>\n<p>.<\/p>\n<p>SILVA, T. R. G.; HEIDEN, Roberto. <strong>A dimens\u00e3o material do patrim\u00f4nio imaterial: estudo sobre a conserva\u00e7\u00e3o de um antigo moedor de nozes em metal do Museu do Doce (Pelotas-RS).<\/strong> Anais da Semana dos Museus 2023, v. 07, p. 273-282, 2024.<\/p>\n<p>Dispon\u00edvel em: https:\/\/guaiaca.ufpel.edu.br\/handle\/prefix\/13774<\/p>\n<p>&nbsp;<\/p>\n<p>&nbsp;<\/p>\n<p><strong>Resumos expandidos publicados em anais de congressos<\/strong><\/p>\n<p>&nbsp;<\/p>\n<p>.<\/p>\n<p>BARCELLOS, I. C.; HEIDEN, Roberto. <strong>Fotografia, mem\u00f3ria e patrim\u00f4nio imaterial: estudo sobre os registros de pomeranos no acervo do Museu do Doce.<\/strong> In: XXXII CIC &#8211; Congresso de Inicia\u00e7\u00e3o Cient\u00edfica, 2023, Pelotas. Anais dos XXXII CIC &#8211; Congresso de Inicia\u00e7\u00e3o Cient\u00edfica. Pelotas: Editora da UFPel, 2023. v. 1. p. 1-4.<\/p>\n<p>Dispon\u00edvel em: https:\/\/cti.ufpel.edu.br\/siiepe\/arquivos\/2023\/CH_02722.pdf<\/p>\n<p>&nbsp;<\/p>\n<p>.<\/p>\n<p>BURGUEZ, J. B. A.; HEIDEN, Roberto. <strong>Utilidade e beleza de um patrim\u00f4nio pouco compreendido: a arte em madeira nas portas resid\u00eancias de Jaguar\u00e3o<\/strong> &#8211; RS. In: CIC &#8211; Congresso de Inicia\u00e7\u00e3o cient\u00edfica da UFPel, 2025, Pelotas. Anais da Semana Integrada de Inova\u00e7\u00e3o, Ensino, Pesquisa e Extens\u00e3o. Pelotas: Editora da UFPel, 2025. v. 1. p. 1-4.<\/p>\n<p>Dispon\u00edvel em: https:\/\/cti.ufpel.edu.br\/siiepe\/arquivos\/2025\/LA_02228.pdf<\/p>\n<p>&nbsp;<\/p>\n<p>.<\/p>\n<p>CUNHA, A. D.; HEIDEN, Roberto. <strong>A antiga Igreja da Luz de Pelotas-RS: Apagamento e mem\u00f3ria de um patrim\u00f4nio arquitet\u00f4nico.<\/strong> In: XXXIII CIC &#8211; Congresso de Inicia\u00e7\u00e3o Cient\u00edfica, 2024, Pelotas. Anais 2024 \/ XXXIII CIC. Pelotas: Editora da UFPel, 2024. p. 1-4.<\/p>\n<p>Dispon\u00edvel em: https:\/\/cti.ufpel.edu.br\/siiepe\/arquivos\/2024\/MD_03332.pdf<\/p>\n<p>&nbsp;<\/p>\n<p>CUNHA, A. D.; HEIDEN, Roberto. <strong>O antigo Livro Tombo da Capela da Luz: recorte hist\u00f3rico de 1944 a 1963 e proposta de conversa\u00e7\u00e3o.<\/strong> In: CIC &#8211; Congresso de Inicia\u00e7\u00e3o cient\u00edfica da UFPel, 2025, Pelotas. Anais da Semana Integrada de Inova\u00e7\u00e3o, Ensino, Pesquisa e Extens\u00e3o. Pelotas: Editora da UFPel, 2025. v. 1. p. 1-4.<\/p>\n<p>Dispon\u00edvel em: &lt;https:\/\/cti.ufpel.edu.br\/siiepe\/arquivos\/2025\/MD_00807.pdf&gt;<\/p>\n<p>&nbsp;<\/p>\n<p>.<\/p>\n<p>GONCALVES, E. T.; HEIDEN, Roberto. <strong>Estudo sobre bolos de festas em Pelotas (RS): tradi\u00e7\u00e3o, sabores memor\u00e1veis e o of\u00edcio das doceiras nos bolos de casamento<\/strong>. In: XXXIII CIC &#8211; Congresso de Inicia\u00e7\u00e3o Cient\u00edfica, 2024, Pelotas. Anais 2024 \/ XXXIII CIC. Pelotas: Editora da UFPel, 2024. p. 1-4.<\/p>\n<p>Dispon\u00edvel em: https:\/\/cti.ufpel.edu.br\/siiepe\/arquivos\/2024\/SA_02317.pdf<\/p>\n<p>&nbsp;<\/p>\n<p>.<\/p>\n<p>GONCALVES, E. T.; HEIDEN, Roberto. <strong>Mem\u00f3ria e legado para a Arte Contempor\u00e2nea: a experi\u00eancia da Galeria Sete ao Cubo em Pelotas-RS<\/strong>. In: CIC &#8211; Congresso de Inicia\u00e7\u00e3o cient\u00edfica da UFPel, 2025, Pelotas. Anais da Semana Integrada de Inova\u00e7\u00e3o, Ensino, Pesquisa e Extens\u00e3o. Pelotas: Editora da UFPel, 2025. v. 1. p. 1-4.<\/p>\n<p>Dispon\u00edvel em: &lt;https:\/\/cti.ufpel.edu.br\/siiepe\/arquivos\/2025\/SA_05757.pdf&gt;<\/p>\n<p>&nbsp;<\/p>\n<p>.<\/p>\n<p>MENEGUSSE, K. V; HEIDEN, Roberto. <strong>Estudo sobre a escultura de Santa Luzia em madeira policromada do Museu da Baronesa (Pelotas-RS).<\/strong> In: XXXIII CIC &#8211; Congresso de Inicia\u00e7\u00e3o Cient\u00edfica, 2024, Pelotas. Anais 2024 \/ XXXIII CIC. Pelotas: Editora da UFPel, 2024. p. 1-4.<\/p>\n<p>Dispon\u00edvel em: https:\/\/cti.ufpel.edu.br\/siiepe\/arquivos\/2024\/LA_06122.pdf<\/p>\n<p>&nbsp;<\/p>\n<p>.<\/p>\n<p>OLIVEIRA, D. S; HEIDEN, Roberto. <strong>Esculturas de Paulo Dam\u00e9 e o uso da madeira de guajuvira: explorando a Patagonula Americana na Escultura.<\/strong> In: XXXIII CIC &#8211; Congresso de Inicia\u00e7\u00e3o Cient\u00edfica, 2024, Pelotas. Anais 2024 \/ XXXIII CIC. Pelotas: Editora da UFPel, 2024. p. 1-4.<\/p>\n<p>Dispon\u00edvel em: https:\/\/cti.ufpel.edu.br\/siiepe\/arquivos\/2024\/LA_02494.pdf<\/p>\n<p>&nbsp;<\/p>\n<p>.<\/p>\n<p>ROSALES, S. C.; HEIDEN, Roberto. <strong>O busto do bar\u00e3o An\u00edbal Antunes Maciel: an\u00e1lise das condecora\u00e7\u00f5es representadas<\/strong>. In: CIC &#8211; Congresso de Inicia\u00e7\u00e3o cient\u00edfica da UFPel, 2025, Pelotas. Anais da Semana Integrada de Inova\u00e7\u00e3o, Ensino, Pesquisa e Extens\u00e3o. Pelotas: Editora da UFPel, 2025. v. 1. p. 1-4.<\/p>\n<p>Dispon\u00edvel em: https:\/\/cti.ufpel.edu.br\/siiepe\/arquivos\/2025\/LA_00881.pdf<\/p>\n<p>&nbsp;<\/p>\n<p>.<\/p>\n<p>SOUZA, E. M.; HEIDEN, Roberto. <strong>&#8216;A Telles gritando \u00e9 campe\u00e3&#8230;&#8217;: a import\u00e2ncia da conserva\u00e7\u00e3o dos trof\u00e9us da escola de samba General Telles como suporte de hist\u00f3ria e mem\u00f3ria da comunidade carnavalesca negra em Pelotas-RS.<\/strong> In: XXXIII CIC &#8211; Congresso de Inicia\u00e7\u00e3o Cient\u00edfica, 2024, Pelotas. Anais 2024 \/ XXXIII CIC. Pelotas: Editora da UFPel, 2024. p. 1-4.<\/p>\n<p>Dispon\u00edvel em: https:\/\/cti.ufpel.edu.br\/siiepe\/arquivos\/2024\/MD_03994.pdf<\/p>\n<p>&nbsp;<\/p>\n<p>.<\/p>\n<p>SOUZA, E. M.; HEIDEN, Roberto. <strong>&#8216;Minha Escola na avenida, o pov\u00e3o feliz da vida&#8217;: A Escola de Samba General Telles atrav\u00e9s da imprensa (1956 &#8211; 1958).<\/strong> In: CIC &#8211; Congresso de Inicia\u00e7\u00e3o cient\u00edfica da UFPel, 2025, Pelotas. Anais da Semana Integrada de Inova\u00e7\u00e3o, Ensino, Pesquisa e Extens\u00e3o. Pelotas: Editora da UFPel, 2025. v. 1. p. 1-4.<\/p>\n<p>Dispon\u00edvel em: https:\/\/cti.ufpel.edu.br\/siiepe\/arquivos\/2025\/MD_03551.pdf<\/p>\n<p>&nbsp;<\/p>\n<p>.<\/p>\n<p>SOUSA, J. F.; HEIDEN, Roberto. <strong>Liga\u00e7\u00f5es para a cultura: o uso das listas telef\u00f4nicas da CTMR como meio impresso alternativo de difus\u00e3o art\u00edstica<\/strong>. In: CIC &#8211; Congresso de Inicia\u00e7\u00e3o cient\u00edfica da UFPel, 2025, Pelotas. Anais da Semana Integrada de Inova\u00e7\u00e3o, Ensino, Pesquisa e Extens\u00e3o. Pelotas: Editora da UFPel, 2025. v. 1. p. 1-4.<\/p>\n<p>Dispon\u00edvel em: &lt;https:\/\/cti.ufpel.edu.br\/siiepe\/arquivos\/2025\/MD_01334.pdf&gt;<\/p>\n<p>&nbsp;<\/p>\n<p>.<\/p>\n<p>TAVARES, P. S.; HEIDEN, Roberto. <strong>Repigmenta\u00e7\u00e3o de esp\u00e9cime taxidermizado: estudo de caso do gaivot\u00e3o (Larus Dominicanus).<\/strong> In: CIC &#8211; Congresso de Inicia\u00e7\u00e3o cient\u00edfica da UFPel, 2025, Pelotas. Anais da Semana Integrada de Inova\u00e7\u00e3o, Ensino, Pesquisa e Extens\u00e3o. Pelotas: Editora da UFPel, 2025. v. 1. p. 1-4.<\/p>\n<p>Dispon\u00edvel em: &lt;https:\/\/cti.ufpel.edu.br\/siiepe\/arquivos\/2025\/MD_04095.pdf&gt;<\/p>\n<p>&nbsp;<\/p>\n<p>.<\/p>\n<p>VOLZ, M. C. S.; HEIDEN, Roberto. <strong>Estudo sobre a arte de recortar papel em Pelotas: rendas e toalhas decorativas.<\/strong> In: XXXIII CIC &#8211; Congresso de Inicia\u00e7\u00e3o Cient\u00edfica, 2024, Pelotas. Anais 2024 \/ XXXIII CIC. Pelotas: Editora da UFPel, 2024. p. 1-4.<\/p>\n<p>Dispon\u00edvel em: https:\/\/cti.ufpel.edu.br\/siiepe\/arquivos\/2024\/LA_03483.pdf<\/p>\n<p>&nbsp;<\/p>\n<p>.<\/p>\n<p>WACHHOLZ; COSTA, E. S.; HEIDEN, Roberto. <strong>Aprendiz de passarinho: um di\u00e1logo entre natureza e arte na obra de Paulo Dam\u00e9.<\/strong> In: XXXIII CIC &#8211; Congresso de Inicia\u00e7\u00e3o Cient\u00edfica, 2024, Pelotas. Anais 2024 \/ XXXIII CIC. Pelotas: Editora da UFPel, 2024. p. 1-4.<\/p>\n<p>Dispon\u00edvel em: https:\/\/cti.ufpel.edu.br\/siiepe\/arquivos\/2024\/LA_02494.pdf<\/p>\n","protected":false},"excerpt":{"rendered":"<p>Artigos publicados em anais de eventos ou revistas acad\u00eamicas. &nbsp; &nbsp; . HEIDEN, Roberto. As pelotines em papel recortado no contexto das tradi\u00e7\u00f5es doceiras de Pelotas (RS): mem\u00f3ria e cultura material. MUSEOLOGIA E PATRIM\u00d4NIO, v. 17, p. 10-37, 2024. Dispon\u00edvel em: http:\/\/novarevista.mast.br\/index.php\/ppgpmus\/article\/view\/1035 &nbsp; . HEIDEN, Roberto. Ladrilhos cer\u00e2micos da Villeroy &amp; Boch: estudo sobre a [&hellip;]<\/p>\n","protected":false},"author":1531,"featured_media":0,"parent":0,"menu_order":0,"comment_status":"closed","ping_status":"closed","template":"","meta":{"footnotes":""},"class_list":["post-10","page","type-page","status-publish","hentry"],"_links":{"self":[{"href":"https:\/\/wp.ufpel.edu.br\/arteempelotasenoriogrande\/wp-json\/wp\/v2\/pages\/10","targetHints":{"allow":["GET"]}}],"collection":[{"href":"https:\/\/wp.ufpel.edu.br\/arteempelotasenoriogrande\/wp-json\/wp\/v2\/pages"}],"about":[{"href":"https:\/\/wp.ufpel.edu.br\/arteempelotasenoriogrande\/wp-json\/wp\/v2\/types\/page"}],"author":[{"embeddable":true,"href":"https:\/\/wp.ufpel.edu.br\/arteempelotasenoriogrande\/wp-json\/wp\/v2\/users\/1531"}],"replies":[{"embeddable":true,"href":"https:\/\/wp.ufpel.edu.br\/arteempelotasenoriogrande\/wp-json\/wp\/v2\/comments?post=10"}],"version-history":[{"count":3,"href":"https:\/\/wp.ufpel.edu.br\/arteempelotasenoriogrande\/wp-json\/wp\/v2\/pages\/10\/revisions"}],"predecessor-version":[{"id":47,"href":"https:\/\/wp.ufpel.edu.br\/arteempelotasenoriogrande\/wp-json\/wp\/v2\/pages\/10\/revisions\/47"}],"wp:attachment":[{"href":"https:\/\/wp.ufpel.edu.br\/arteempelotasenoriogrande\/wp-json\/wp\/v2\/media?parent=10"}],"curies":[{"name":"wp","href":"https:\/\/api.w.org\/{rel}","templated":true}]}}