{"id":62,"date":"2023-04-07T15:59:21","date_gmt":"2023-04-07T18:59:21","guid":{"rendered":"https:\/\/wp.ufpel.edu.br\/arr\/?page_id=62"},"modified":"2023-04-19T13:25:16","modified_gmt":"2023-04-19T16:25:16","slug":"eventos","status":"publish","type":"page","link":"https:\/\/wp.ufpel.edu.br\/arr\/eventos\/","title":{"rendered":"Eventos"},"content":{"rendered":"<h2>Pr\u00f3ximos eventos:<\/h2>\n<p><a href=\"https:\/\/wp.ufpel.edu.br\/siiepe\/\">SIEEPE<\/a> &#8211; 20 a 24 de novembro de 2023<\/p>\n<p>&nbsp;<\/p>\n<h2>Eventos passados:<\/h2>\n<div>\n<div><b><a href=\"http:\/\/lattes.cnpq.br\/8886049514435487\" target=\"_blank\" rel=\"noopener\" data-saferedirecturl=\"https:\/\/www.google.com\/url?q=http:\/\/lattes.cnpq.br\/8886049514435487&amp;source=gmail&amp;ust=1682007277005000&amp;usg=AOvVaw3zhhbgzOXGRASNVk6kx9HR\">POLONI, R. J. S.<\/a><\/b>. Quando os mortos falam: arqueologia da repress\u00e3o e da resist\u00eancia em contextos ditatoriais contempor\u00e2nceos. 2017. (Apresenta\u00e7\u00e3o de Trabalho\/Confer\u00eancia ou palestra).<\/div>\n<\/div>\n<div><\/div>\n<div>\n<div><b><a href=\"http:\/\/lattes.cnpq.br\/8886049514435487\" target=\"_blank\" rel=\"noopener\" data-saferedirecturl=\"https:\/\/www.google.com\/url?q=http:\/\/lattes.cnpq.br\/8886049514435487&amp;source=gmail&amp;ust=1682007277005000&amp;usg=AOvVaw3zhhbgzOXGRASNVk6kx9HR\">POLONI, R. J. S.<\/a><\/b>. Dossi\u00ea Arqueologia da Repress\u00e3o e da Resist\u00eancia. 2014.<\/div>\n<\/div>\n<div><\/div>\n<div>\n<div><b><a href=\"http:\/\/lattes.cnpq.br\/8886049514435487\" target=\"_blank\" rel=\"noopener\" data-saferedirecturl=\"https:\/\/www.google.com\/url?q=http:\/\/lattes.cnpq.br\/8886049514435487&amp;source=gmail&amp;ust=1682007277005000&amp;usg=AOvVaw3zhhbgzOXGRASNVk6kx9HR\">POLONI, R. J. S.<\/a><\/b>;\u00a0<a href=\"http:\/\/lattes.cnpq.br\/2866806723847425\" target=\"_blank\" rel=\"noopener\" data-saferedirecturl=\"https:\/\/www.google.com\/url?q=http:\/\/lattes.cnpq.br\/2866806723847425&amp;source=gmail&amp;ust=1682007277005000&amp;usg=AOvVaw2j2VFxH1ZnKd7KNbF_bew5\">ZARANKIN, A.<\/a>\u00a0;\u00a0<a href=\"http:\/\/lattes.cnpq.br\/3214204669379367\" target=\"_blank\" rel=\"noopener\" data-saferedirecturl=\"https:\/\/www.google.com\/url?q=http:\/\/lattes.cnpq.br\/3214204669379367&amp;source=gmail&amp;ust=1682007277005000&amp;usg=AOvVaw1SmET3v7YnDEj0G0bwLQCf\">Salerno, M.<\/a>\u00a0. Arqueologia da Repress\u00e3o e da Resist\u00eancia. 2015. (Programa de r\u00e1dio ou TV\/Mesa redonda)<\/div>\n<\/div>\n<div><\/div>\n<div>\n<div><b><a href=\"http:\/\/lattes.cnpq.br\/8886049514435487\" target=\"_blank\" rel=\"noopener\" data-saferedirecturl=\"https:\/\/www.google.com\/url?q=http:\/\/lattes.cnpq.br\/8886049514435487&amp;source=gmail&amp;ust=1682007277005000&amp;usg=AOvVaw3zhhbgzOXGRASNVk6kx9HR\">POLONI, R. J. S.<\/a><\/b>;\u00a0<a href=\"http:\/\/lattes.cnpq.br\/0755000112345375\" target=\"_blank\" rel=\"noopener\" data-saferedirecturl=\"https:\/\/www.google.com\/url?q=http:\/\/lattes.cnpq.br\/0755000112345375&amp;source=gmail&amp;ust=1682007277005000&amp;usg=AOvVaw1uuQ1gESlngE4nabuWWL5O\">FERREIRA, M. L. M.<\/a>\u00a0;\u00a0<a href=\"http:\/\/lattes.cnpq.br\/3913378758105763\" target=\"_blank\" rel=\"noopener\" data-saferedirecturl=\"https:\/\/www.google.com\/url?q=http:\/\/lattes.cnpq.br\/3913378758105763&amp;source=gmail&amp;ust=1682007277005000&amp;usg=AOvVaw1nbC6DxV7BDK61aUJuo-RR\">SOARES, I. V. P.<\/a>\u00a0. coordena\u00e7\u00e3o do painel de abertura Arqueologia da repress\u00e3o e da resist\u00eancia e os lugares de sofrimento. XV Jornada de Hist\u00f3ria Cultural: Hist\u00f3ria Cultural e Emo\u00e7\u00f5es Patrimoniais. 2021. (Outro).<\/div>\n<\/div>\n<div><\/div>\n<div>\n<div><b><a href=\"http:\/\/lattes.cnpq.br\/8886049514435487\" target=\"_blank\" rel=\"noopener\" data-saferedirecturl=\"https:\/\/www.google.com\/url?q=http:\/\/lattes.cnpq.br\/8886049514435487&amp;source=gmail&amp;ust=1682007277005000&amp;usg=AOvVaw3zhhbgzOXGRASNVk6kx9HR\">POLONI, R. J. S.<\/a><\/b>;\u00a0<a href=\"http:\/\/lattes.cnpq.br\/5231143776062414\" target=\"_blank\" rel=\"noopener\" data-saferedirecturl=\"https:\/\/www.google.com\/url?q=http:\/\/lattes.cnpq.br\/5231143776062414&amp;source=gmail&amp;ust=1682007277005000&amp;usg=AOvVaw2jTpJIHsHfwTSXmunCu5jq\">JIMENEZ, A. A.<\/a>\u00a0;\u00a0<a href=\"http:\/\/lattes.cnpq.br\/2866806723847425\" target=\"_blank\" rel=\"noopener\" data-saferedirecturl=\"https:\/\/www.google.com\/url?q=http:\/\/lattes.cnpq.br\/2866806723847425&amp;source=gmail&amp;ust=1682007277005000&amp;usg=AOvVaw2j2VFxH1ZnKd7KNbF_bew5\">ZARANKIN, A.<\/a>\u00a0;\u00a0<a title=\"Clique para visualizar o curr\u00edculo\" href=\"http:\/\/lattes.cnpq.br\/6099239530718796\" target=\"_blank\" rel=\"noopener\" data-saferedirecturl=\"https:\/\/www.google.com\/url?q=http:\/\/lattes.cnpq.br\/6099239530718796&amp;source=gmail&amp;ust=1682007277005000&amp;usg=AOvVaw2sZyQbp18GYSLHxWX4wK1u\">GALLO, C.<\/a>\u00a0;\u00a0<a title=\"Clique para visualizar o curr\u00edculo\" href=\"http:\/\/lattes.cnpq.br\/4675987454835364\" target=\"_blank\" rel=\"noopener\" data-saferedirecturl=\"https:\/\/www.google.com\/url?q=http:\/\/lattes.cnpq.br\/4675987454835364&amp;source=gmail&amp;ust=1682007277005000&amp;usg=AOvVaw2ix_zU9G-kige69yquMZ3k\">FUNARI, P. P. A.<\/a>\u00a0;\u00a0<a title=\"Clique para visualizar o curr\u00edculo\" href=\"http:\/\/lattes.cnpq.br\/3913378758105763\" target=\"_blank\" rel=\"noopener\" data-saferedirecturl=\"https:\/\/www.google.com\/url?q=http:\/\/lattes.cnpq.br\/3913378758105763&amp;source=gmail&amp;ust=1682007277005000&amp;usg=AOvVaw1nbC6DxV7BDK61aUJuo-RR\">SOARES, I. V. P.<\/a>\u00a0. mesa redonda &#8220;avan\u00e7os e desafios das pol\u00edticas de mem\u00f3ria no Brasil. 2020. (Outro).<\/div>\n<\/div>\n<div>\n<div><a href=\"http:\/\/lattes.cnpq.br\/4675987454835364\" target=\"_blank\" rel=\"noopener\" data-saferedirecturl=\"https:\/\/www.google.com\/url?q=http:\/\/lattes.cnpq.br\/4675987454835364&amp;source=gmail&amp;ust=1682007277005000&amp;usg=AOvVaw2ix_zU9G-kige69yquMZ3k\">FUNARI, P. P. A.<\/a>\u00a0;\u00a0<a href=\"http:\/\/lattes.cnpq.br\/3913378758105763\" target=\"_blank\" rel=\"noopener\" data-saferedirecturl=\"https:\/\/www.google.com\/url?q=http:\/\/lattes.cnpq.br\/3913378758105763&amp;source=gmail&amp;ust=1682007277005000&amp;usg=AOvVaw1nbC6DxV7BDK61aUJuo-RR\">SOARES, I. V. P.<\/a>\u00a0;\u00a0<a href=\"http:\/\/lattes.cnpq.br\/0755000112345375\" target=\"_blank\" rel=\"noopener\" data-saferedirecturl=\"https:\/\/www.google.com\/url?q=http:\/\/lattes.cnpq.br\/0755000112345375&amp;source=gmail&amp;ust=1682007277005000&amp;usg=AOvVaw1uuQ1gESlngE4nabuWWL5O\">Ferreira, Maria Leticia Mazzucchi<\/a>\u00a0;\u00a0<a href=\"http:\/\/lattes.cnpq.br\/0429477617811762\" target=\"_blank\" rel=\"noopener\" data-saferedirecturl=\"https:\/\/www.google.com\/url?q=http:\/\/lattes.cnpq.br\/0429477617811762&amp;source=gmail&amp;ust=1682007277006000&amp;usg=AOvVaw0OmkHH7Mm7Hf0DYJ4-tWHa\">PEREIRA, F. L. B.<\/a>\u00a0;\u00a0<b>POLONI, R. J. S.<\/b>\u00a0;\u00a0<a title=\"Clique para visualizar o curr\u00edculo\" href=\"http:\/\/lattes.cnpq.br\/5231143776062414\" target=\"_blank\" rel=\"noopener\" data-saferedirecturl=\"https:\/\/www.google.com\/url?q=http:\/\/lattes.cnpq.br\/5231143776062414&amp;source=gmail&amp;ust=1682007277006000&amp;usg=AOvVaw3l1vFQbIDxPp2LBHilw9dh\">JIMENEZ, A. A.<\/a>\u00a0. mesa redonda &#8220;mem\u00f3rias traum\u00e1ticas e patrim\u00f4nios em lugares de sofrimento: por que precisamos falar sobre isso?&#8221;. 2020. (Outro).<\/div>\n<div>\n<div><\/div>\n<div>\n<div><b><a href=\"http:\/\/lattes.cnpq.br\/8886049514435487\" target=\"_blank\" rel=\"noopener\" data-saferedirecturl=\"https:\/\/www.google.com\/url?q=http:\/\/lattes.cnpq.br\/8886049514435487&amp;source=gmail&amp;ust=1682007277006000&amp;usg=AOvVaw2zBHFJuKvSCSUuM8J1BUMx\">POLONI, R. J. S.<\/a><\/b>;\u00a0<a href=\"http:\/\/lattes.cnpq.br\/4675987454835364\" target=\"_blank\" rel=\"noopener\" data-saferedirecturl=\"https:\/\/www.google.com\/url?q=http:\/\/lattes.cnpq.br\/4675987454835364&amp;source=gmail&amp;ust=1682007277006000&amp;usg=AOvVaw3O3OL4oMae48-AZ6y3-LaT\">FUNARI, P. P. A.<\/a>\u00a0. F\u00f3rum Permanente Unicamp &#8220;Ditadura e Direitos Humanos: os desafios: os desafios da Universidade&#8221;. 2014.<\/div>\n<\/div>\n<\/div>\n<\/div>\n","protected":false},"excerpt":{"rendered":"<p>Pr\u00f3ximos eventos: SIEEPE &#8211; 20 a 24 de novembro de 2023 &nbsp; Eventos passados: POLONI, R. J. S.. Quando os mortos falam: arqueologia da repress\u00e3o e da resist\u00eancia em contextos ditatoriais contempor\u00e2nceos. 2017. (Apresenta\u00e7\u00e3o de Trabalho\/Confer\u00eancia ou palestra). POLONI, R. J. S.. Dossi\u00ea Arqueologia da Repress\u00e3o e da Resist\u00eancia. 2014. POLONI, R. J. S.;\u00a0ZARANKIN, A.\u00a0;\u00a0Salerno, [&hellip;]<\/p>\n","protected":false},"author":1060,"featured_media":0,"parent":0,"menu_order":0,"comment_status":"closed","ping_status":"closed","template":"","meta":{"footnotes":""},"class_list":["post-62","page","type-page","status-publish","hentry"],"_links":{"self":[{"href":"https:\/\/wp.ufpel.edu.br\/arr\/wp-json\/wp\/v2\/pages\/62","targetHints":{"allow":["GET"]}}],"collection":[{"href":"https:\/\/wp.ufpel.edu.br\/arr\/wp-json\/wp\/v2\/pages"}],"about":[{"href":"https:\/\/wp.ufpel.edu.br\/arr\/wp-json\/wp\/v2\/types\/page"}],"author":[{"embeddable":true,"href":"https:\/\/wp.ufpel.edu.br\/arr\/wp-json\/wp\/v2\/users\/1060"}],"replies":[{"embeddable":true,"href":"https:\/\/wp.ufpel.edu.br\/arr\/wp-json\/wp\/v2\/comments?post=62"}],"version-history":[{"count":4,"href":"https:\/\/wp.ufpel.edu.br\/arr\/wp-json\/wp\/v2\/pages\/62\/revisions"}],"predecessor-version":[{"id":76,"href":"https:\/\/wp.ufpel.edu.br\/arr\/wp-json\/wp\/v2\/pages\/62\/revisions\/76"}],"wp:attachment":[{"href":"https:\/\/wp.ufpel.edu.br\/arr\/wp-json\/wp\/v2\/media?parent=62"}],"curies":[{"name":"wp","href":"https:\/\/api.w.org\/{rel}","templated":true}]}}