{"id":16,"date":"2022-11-26T19:31:41","date_gmt":"2022-11-26T22:31:41","guid":{"rendered":"https:\/\/wp.ufpel.edu.br\/arr\/?page_id=16"},"modified":"2023-02-16T15:28:06","modified_gmt":"2023-02-16T18:28:06","slug":"pesquisadores","status":"publish","type":"page","link":"https:\/\/wp.ufpel.edu.br\/arr\/pesquisadores\/","title":{"rendered":"Pesquisadores"},"content":{"rendered":"<p><a href=\"https:\/\/www.escavador.com\/sobre\/7743486\/andres-alarcon-jimenez\">Andr\u00e9s Alarc\u00f3n Jim\u00e9nez<\/a> &#8211; <em>Doutorado<\/em><\/p>\n<p><a href=\"https:\/\/www.escavador.com\/sobre\/605363\/andres-zarankin#:~:text=Andres&amp;text=Zarankin\">Andres Zarankin<\/a> &#8211; <em>Doutorado<\/em><\/p>\n<p><a href=\"https:\/\/www.escavador.com\/sobre\/743209\/flavio-de-leao-bastos-pereira#:~:text=Fl%C3%A1vio&amp;text=Le%C3%A3o&amp;text=Bastos&amp;text=Pereira\">Fl\u00e1vio de Le\u00e3o Bastos Pereira<\/a> &#8211; <em>Doutorado<\/em><\/p>\n<p><a href=\"https:\/\/www.escavador.com\/sobre\/2609343\/ines-virginia-prado-soares\">In\u00eas Virg\u00ednia Prado Soares<\/a> &#8211; <em>Doutorado<\/em><\/p>\n<p><a href=\"https:\/\/www.escavador.com\/sobre\/2080947\/michel-justamand\">Michel Justamand<\/a> &#8211; <em>Doutorado<\/em><\/p>\n<p><a href=\"https:\/\/www.escavador.com\/sobre\/1720213\/patricia-sposito-mechi\">Patricia Sposito Mechi<\/a> &#8211; <em>Doutorado<\/em><\/p>\n<p><a href=\"https:\/\/www.escavador.com\/sobre\/5327759\/pedro-paulo-abreu-funari\">Pedro Paulo Abreu Funari<\/a> &#8211; <em>Doutorado<\/em><\/p>\n<p><a href=\"https:\/\/www.escavador.com\/sobre\/4151431\/renato-pinto\">Renato Pinto<\/a> &#8211; <em>Doutorado<\/em><\/p>\n<p><a href=\"https:\/\/www.escavador.com\/sobre\/400635\/rita-juliana-soares-poloni\">Rita Juliana Soares Poloni<\/a> &#8211; <em>Doutorado<\/em><\/p>\n<p>&nbsp;<\/p>\n<h4>Estudantes<\/h4>\n<p>Ana Paula Ferreira de Brito &#8211; <em>Mestrado<\/em><\/p>\n<p>Isabela Soraia Backx Sanabria &#8211; <em>P\u00f3s<\/em>&#8211;<em>Doutorado<\/em><\/p>\n<p>Jocyane Ricelly Baretta<\/p>\n<p>Pr\u00edscila Paula de Sousa Rios<\/p>\n<p>Rafael de Abreu e Souza<\/p>\n","protected":false},"excerpt":{"rendered":"<p>Andr\u00e9s Alarc\u00f3n Jim\u00e9nez &#8211; Doutorado Andres Zarankin &#8211; Doutorado Fl\u00e1vio de Le\u00e3o Bastos Pereira &#8211; Doutorado In\u00eas Virg\u00ednia Prado Soares &#8211; Doutorado Michel Justamand &#8211; Doutorado Patricia Sposito Mechi &#8211; Doutorado Pedro Paulo Abreu Funari &#8211; Doutorado Renato Pinto &#8211; Doutorado Rita Juliana Soares Poloni &#8211; Doutorado &nbsp; Estudantes Ana Paula Ferreira de Brito &#8211; [&hellip;]<\/p>\n","protected":false},"author":1060,"featured_media":0,"parent":0,"menu_order":0,"comment_status":"closed","ping_status":"closed","template":"","meta":{"footnotes":""},"class_list":["post-16","page","type-page","status-publish","hentry"],"_links":{"self":[{"href":"https:\/\/wp.ufpel.edu.br\/arr\/wp-json\/wp\/v2\/pages\/16","targetHints":{"allow":["GET"]}}],"collection":[{"href":"https:\/\/wp.ufpel.edu.br\/arr\/wp-json\/wp\/v2\/pages"}],"about":[{"href":"https:\/\/wp.ufpel.edu.br\/arr\/wp-json\/wp\/v2\/types\/page"}],"author":[{"embeddable":true,"href":"https:\/\/wp.ufpel.edu.br\/arr\/wp-json\/wp\/v2\/users\/1060"}],"replies":[{"embeddable":true,"href":"https:\/\/wp.ufpel.edu.br\/arr\/wp-json\/wp\/v2\/comments?post=16"}],"version-history":[{"count":7,"href":"https:\/\/wp.ufpel.edu.br\/arr\/wp-json\/wp\/v2\/pages\/16\/revisions"}],"predecessor-version":[{"id":46,"href":"https:\/\/wp.ufpel.edu.br\/arr\/wp-json\/wp\/v2\/pages\/16\/revisions\/46"}],"wp:attachment":[{"href":"https:\/\/wp.ufpel.edu.br\/arr\/wp-json\/wp\/v2\/media?parent=16"}],"curies":[{"name":"wp","href":"https:\/\/api.w.org\/{rel}","templated":true}]}}