{"id":49,"date":"2017-08-11T09:53:37","date_gmt":"2017-08-11T12:53:37","guid":{"rendered":"https:\/\/wp.ufpel.edu.br\/arquivo\/?page_id=49"},"modified":"2017-08-14T09:53:18","modified_gmt":"2017-08-14T12:53:18","slug":"legislacao","status":"publish","type":"page","link":"https:\/\/wp.ufpel.edu.br\/arquivo\/legislacao\/","title":{"rendered":"LEGISLA\u00c7\u00c3O E NORMAS"},"content":{"rendered":"<p>Esta se\u00e7\u00e3o apresenta a legisla\u00e7\u00e3o e regulamenta\u00e7\u00e3o relacionada \u00e0 gest\u00e3o documental para a administra\u00e7\u00e3o p\u00fablica federal.<\/p>\n","protected":false},"excerpt":{"rendered":"<p>Esta se\u00e7\u00e3o apresenta a legisla\u00e7\u00e3o e regulamenta\u00e7\u00e3o relacionada \u00e0 gest\u00e3o documental para a administra\u00e7\u00e3o p\u00fablica federal.<\/p>\n","protected":false},"author":523,"featured_media":0,"parent":0,"menu_order":3,"comment_status":"closed","ping_status":"closed","template":"","meta":{"footnotes":""},"class_list":["post-49","page","type-page","status-publish","hentry"],"_links":{"self":[{"href":"https:\/\/wp.ufpel.edu.br\/arquivo\/wp-json\/wp\/v2\/pages\/49","targetHints":{"allow":["GET"]}}],"collection":[{"href":"https:\/\/wp.ufpel.edu.br\/arquivo\/wp-json\/wp\/v2\/pages"}],"about":[{"href":"https:\/\/wp.ufpel.edu.br\/arquivo\/wp-json\/wp\/v2\/types\/page"}],"author":[{"embeddable":true,"href":"https:\/\/wp.ufpel.edu.br\/arquivo\/wp-json\/wp\/v2\/users\/523"}],"replies":[{"embeddable":true,"href":"https:\/\/wp.ufpel.edu.br\/arquivo\/wp-json\/wp\/v2\/comments?post=49"}],"version-history":[{"count":3,"href":"https:\/\/wp.ufpel.edu.br\/arquivo\/wp-json\/wp\/v2\/pages\/49\/revisions"}],"predecessor-version":[{"id":85,"href":"https:\/\/wp.ufpel.edu.br\/arquivo\/wp-json\/wp\/v2\/pages\/49\/revisions\/85"}],"wp:attachment":[{"href":"https:\/\/wp.ufpel.edu.br\/arquivo\/wp-json\/wp\/v2\/media?parent=49"}],"curies":[{"name":"wp","href":"https:\/\/api.w.org\/{rel}","templated":true}]}}