{"id":11,"date":"2017-08-09T08:45:30","date_gmt":"2017-08-09T11:45:30","guid":{"rendered":"https:\/\/wp.ufpel.edu.br\/arquivo\/?page_id=11"},"modified":"2017-08-14T09:55:59","modified_gmt":"2017-08-14T12:55:59","slug":"apresentacao","status":"publish","type":"page","link":"https:\/\/wp.ufpel.edu.br\/arquivo\/","title":{"rendered":"APRESENTA\u00c7\u00c3O"},"content":{"rendered":"<p>A Unidade de Arquivo est\u00e1 ligada ao N\u00facleo de Documenta\u00e7\u00e3o e Arquivo da Pr\u00f3-Reitoria Administrativa e deve ser respons\u00e1vel pela operacionaliza\u00e7\u00e3o das pol\u00edticas de arquivo, pela gest\u00e3o documental, pela normaliza\u00e7\u00e3o dos procedimentos t\u00e9cnicos aplicados aos arquivos setoriais da institui\u00e7\u00e3o e pela cust\u00f3dia dos documentos em fase intermedi\u00e1ria e permanente.<\/p>\n","protected":false},"excerpt":{"rendered":"<p>A Unidade de Arquivo est\u00e1 ligada ao N\u00facleo de Documenta\u00e7\u00e3o e Arquivo da Pr\u00f3-Reitoria Administrativa e deve ser respons\u00e1vel pela operacionaliza\u00e7\u00e3o das pol\u00edticas de arquivo, pela gest\u00e3o documental, pela normaliza\u00e7\u00e3o dos procedimentos t\u00e9cnicos aplicados aos arquivos setoriais da institui\u00e7\u00e3o e pela cust\u00f3dia dos documentos em fase intermedi\u00e1ria e permanente.<\/p>\n","protected":false},"author":523,"featured_media":0,"parent":0,"menu_order":1,"comment_status":"closed","ping_status":"closed","template":"","meta":{"footnotes":""},"class_list":["post-11","page","type-page","status-publish","hentry"],"_links":{"self":[{"href":"https:\/\/wp.ufpel.edu.br\/arquivo\/wp-json\/wp\/v2\/pages\/11","targetHints":{"allow":["GET"]}}],"collection":[{"href":"https:\/\/wp.ufpel.edu.br\/arquivo\/wp-json\/wp\/v2\/pages"}],"about":[{"href":"https:\/\/wp.ufpel.edu.br\/arquivo\/wp-json\/wp\/v2\/types\/page"}],"author":[{"embeddable":true,"href":"https:\/\/wp.ufpel.edu.br\/arquivo\/wp-json\/wp\/v2\/users\/523"}],"replies":[{"embeddable":true,"href":"https:\/\/wp.ufpel.edu.br\/arquivo\/wp-json\/wp\/v2\/comments?post=11"}],"version-history":[{"count":11,"href":"https:\/\/wp.ufpel.edu.br\/arquivo\/wp-json\/wp\/v2\/pages\/11\/revisions"}],"predecessor-version":[{"id":87,"href":"https:\/\/wp.ufpel.edu.br\/arquivo\/wp-json\/wp\/v2\/pages\/11\/revisions\/87"}],"wp:attachment":[{"href":"https:\/\/wp.ufpel.edu.br\/arquivo\/wp-json\/wp\/v2\/media?parent=11"}],"curies":[{"name":"wp","href":"https:\/\/api.w.org\/{rel}","templated":true}]}}