{"id":151,"date":"2024-03-22T10:22:06","date_gmt":"2024-03-22T13:22:06","guid":{"rendered":"https:\/\/wp.ufpel.edu.br\/arqueologia\/?page_id=151"},"modified":"2025-03-10T11:35:59","modified_gmt":"2025-03-10T14:35:59","slug":"plano-de-acao-do-coordenador-2023-2024","status":"publish","type":"page","link":"https:\/\/wp.ufpel.edu.br\/arqueologia\/plano-de-acao-do-coordenador-2023-2024\/","title":{"rendered":"Plano de a\u00e7\u00e3o do Coordenador 2025-2026"},"content":{"rendered":"<p>Plano que o Coordenador pretende envolver a comunidade acad\u00eamica do Curso<\/p>\n<p><a href=\"https:\/\/wp.ufpel.edu.br\/arqueologia\/files\/2025\/03\/Plano_de_acao_do_coordenador_2024_2026_assinado_assinado.pdf\">Plano de A\u00e7\u00e3o da Coordena\u00e7\u00e3o<\/a><\/p>\n","protected":false},"excerpt":{"rendered":"<p>Plano que o Coordenador pretende envolver a comunidade acad\u00eamica do Curso Plano de A\u00e7\u00e3o da Coordena\u00e7\u00e3o<\/p>\n","protected":false},"author":1125,"featured_media":0,"parent":0,"menu_order":0,"comment_status":"closed","ping_status":"closed","template":"","meta":{"footnotes":""},"class_list":["post-151","page","type-page","status-publish","hentry"],"_links":{"self":[{"href":"https:\/\/wp.ufpel.edu.br\/arqueologia\/wp-json\/wp\/v2\/pages\/151","targetHints":{"allow":["GET"]}}],"collection":[{"href":"https:\/\/wp.ufpel.edu.br\/arqueologia\/wp-json\/wp\/v2\/pages"}],"about":[{"href":"https:\/\/wp.ufpel.edu.br\/arqueologia\/wp-json\/wp\/v2\/types\/page"}],"author":[{"embeddable":true,"href":"https:\/\/wp.ufpel.edu.br\/arqueologia\/wp-json\/wp\/v2\/users\/1125"}],"replies":[{"embeddable":true,"href":"https:\/\/wp.ufpel.edu.br\/arqueologia\/wp-json\/wp\/v2\/comments?post=151"}],"version-history":[{"count":3,"href":"https:\/\/wp.ufpel.edu.br\/arqueologia\/wp-json\/wp\/v2\/pages\/151\/revisions"}],"predecessor-version":[{"id":204,"href":"https:\/\/wp.ufpel.edu.br\/arqueologia\/wp-json\/wp\/v2\/pages\/151\/revisions\/204"}],"wp:attachment":[{"href":"https:\/\/wp.ufpel.edu.br\/arqueologia\/wp-json\/wp\/v2\/media?parent=151"}],"curies":[{"name":"wp","href":"https:\/\/api.w.org\/{rel}","templated":true}]}}