{"id":113,"date":"2023-02-10T14:03:34","date_gmt":"2023-02-10T17:03:34","guid":{"rendered":"https:\/\/wp.ufpel.edu.br\/arqueologia\/?page_id=113"},"modified":"2023-02-10T14:06:20","modified_gmt":"2023-02-10T17:06:20","slug":"x-outros","status":"publish","type":"page","link":"https:\/\/wp.ufpel.edu.br\/arqueologia\/x-outros\/","title":{"rendered":"OUTROS"},"content":{"rendered":"<p><a href=\"https:\/\/www.sabnet.org\/\">Sociedade de Arqueologia Brasileira<\/a><\/p>\n<p><a href=\"http:\/\/portal.iphan.gov.br\/\">IPHAN &#8211; Instituto do Patrim\u00f4nio Hist\u00f3rico e Art\u00edstico Nacional<\/a><\/p>\n<p><a href=\"http:\/\/www.portal.abant.org.br\/\">Associa\u00e7\u00e3o Brasileira de Antropologia (abant.org.br)<\/a><\/p>\n<p><a href=\"https:\/\/wp.ufpel.edu.br\/antropologia\/\">Antropologia | Universidade Federal de Pelotas (ufpel.edu.br)<\/a><\/p>\n<p>&nbsp;<\/p>\n","protected":false},"excerpt":{"rendered":"<p>Sociedade de Arqueologia Brasileira IPHAN &#8211; Instituto do Patrim\u00f4nio Hist\u00f3rico e Art\u00edstico Nacional Associa\u00e7\u00e3o Brasileira de Antropologia (abant.org.br) Antropologia | Universidade Federal de Pelotas (ufpel.edu.br) &nbsp;<\/p>\n","protected":false},"author":1125,"featured_media":0,"parent":0,"menu_order":0,"comment_status":"closed","ping_status":"closed","template":"","meta":{"footnotes":""},"class_list":["post-113","page","type-page","status-publish","hentry"],"_links":{"self":[{"href":"https:\/\/wp.ufpel.edu.br\/arqueologia\/wp-json\/wp\/v2\/pages\/113","targetHints":{"allow":["GET"]}}],"collection":[{"href":"https:\/\/wp.ufpel.edu.br\/arqueologia\/wp-json\/wp\/v2\/pages"}],"about":[{"href":"https:\/\/wp.ufpel.edu.br\/arqueologia\/wp-json\/wp\/v2\/types\/page"}],"author":[{"embeddable":true,"href":"https:\/\/wp.ufpel.edu.br\/arqueologia\/wp-json\/wp\/v2\/users\/1125"}],"replies":[{"embeddable":true,"href":"https:\/\/wp.ufpel.edu.br\/arqueologia\/wp-json\/wp\/v2\/comments?post=113"}],"version-history":[{"count":5,"href":"https:\/\/wp.ufpel.edu.br\/arqueologia\/wp-json\/wp\/v2\/pages\/113\/revisions"}],"predecessor-version":[{"id":120,"href":"https:\/\/wp.ufpel.edu.br\/arqueologia\/wp-json\/wp\/v2\/pages\/113\/revisions\/120"}],"wp:attachment":[{"href":"https:\/\/wp.ufpel.edu.br\/arqueologia\/wp-json\/wp\/v2\/media?parent=113"}],"curies":[{"name":"wp","href":"https:\/\/api.w.org\/{rel}","templated":true}]}}