{"id":24,"date":"2024-09-10T17:30:58","date_gmt":"2024-09-10T20:30:58","guid":{"rendered":"https:\/\/wp.ufpel.edu.br\/arqenv\/?page_id=24"},"modified":"2026-04-07T15:14:45","modified_gmt":"2026-04-07T18:14:45","slug":"quem-somos","status":"publish","type":"page","link":"https:\/\/wp.ufpel.edu.br\/arqenv\/quem-somos\/","title":{"rendered":"Quem somos?"},"content":{"rendered":"<p><img loading=\"lazy\" decoding=\"async\" class=\"alignnone wp-image-47\" src=\"https:\/\/wp.ufpel.edu.br\/arqenv\/files\/2024\/09\/Posts-Gerais-400x400.jpg\" alt=\"\" width=\"184\" height=\"184\" srcset=\"https:\/\/wp.ufpel.edu.br\/arqenv\/files\/2024\/09\/Posts-Gerais-400x400.jpg 400w, https:\/\/wp.ufpel.edu.br\/arqenv\/files\/2024\/09\/Posts-Gerais-1024x1024.jpg 1024w, https:\/\/wp.ufpel.edu.br\/arqenv\/files\/2024\/09\/Posts-Gerais-200x200.jpg 200w, https:\/\/wp.ufpel.edu.br\/arqenv\/files\/2024\/09\/Posts-Gerais-768x768.jpg 768w, https:\/\/wp.ufpel.edu.br\/arqenv\/files\/2024\/09\/Posts-Gerais.jpg 1080w\" sizes=\"auto, (max-width: 184px) 100vw, 184px\" \/><\/p>\n<h3 class=\"cvGsUA direction-ltr align-end para-style-body\"><strong><span class=\"OYPEnA font-feature-liga-off font-feature-clig-off font-feature-calt-off text-decoration-none text-strikethrough-none\">JULIANA TASCA TISSOT, Dra. <\/span><\/strong>Faculdade de Arquitetura e Urbanismo &#8211; UFPel<\/h3>\n<p class=\"cvGsUA direction-ltr align-end para-style-body\"><em><span class=\"OYPEnA font-feature-liga-off font-feature-clig-off font-feature-calt-off text-decoration-none text-strikethrough-none\">L\u00edder do Grupo<\/span><\/em><\/p>\n<p>Lattes:\u00a0<a href=\"http:\/\/lattes.cnpq.br\/3941081999514494\">http:\/\/lattes.cnpq.br\/3941081999514494<\/a><\/p>\n<p>&nbsp;<\/p>\n<p><img loading=\"lazy\" decoding=\"async\" class=\"alignnone wp-image-153 \" src=\"https:\/\/wp.ufpel.edu.br\/arqenv\/files\/2025\/08\/servletrecuperafoto-scaled-e1756162169982-400x353.gif\" alt=\"\" width=\"185\" height=\"163\" srcset=\"https:\/\/wp.ufpel.edu.br\/arqenv\/files\/2025\/08\/servletrecuperafoto-scaled-e1756162169982-400x353.gif 400w, https:\/\/wp.ufpel.edu.br\/arqenv\/files\/2025\/08\/servletrecuperafoto-scaled-e1756162169982-1024x903.gif 1024w, https:\/\/wp.ufpel.edu.br\/arqenv\/files\/2025\/08\/servletrecuperafoto-scaled-e1756162169982-768x678.gif 768w, https:\/\/wp.ufpel.edu.br\/arqenv\/files\/2025\/08\/servletrecuperafoto-scaled-e1756162169982-1536x1355.gif 1536w\" sizes=\"auto, (max-width: 185px) 100vw, 185px\" \/><\/p>\n<h3><strong>ISABELA FERNANDES ANDRADE, Dra. <\/strong>Centro de Engenharias &#8211; UFPel<\/h3>\n<p><em>Pesquisadora Colaboradora<\/em><\/p>\n<p>Lattes:\u00a0<a href=\"http:\/\/lattes.cnpq.br\/3077011108422970\">http:\/\/lattes.cnpq.br\/3077011108422970<\/a><\/p>\n<h3><strong><img loading=\"lazy\" decoding=\"async\" class=\"alignnone wp-image-152\" src=\"https:\/\/wp.ufpel.edu.br\/arqenv\/files\/2025\/08\/servletrecuperafoto-1-400x400.jpg\" alt=\"\" width=\"184\" height=\"184\" srcset=\"https:\/\/wp.ufpel.edu.br\/arqenv\/files\/2025\/08\/servletrecuperafoto-1-400x400.jpg 400w, https:\/\/wp.ufpel.edu.br\/arqenv\/files\/2025\/08\/servletrecuperafoto-1-1024x1024.jpg 1024w, https:\/\/wp.ufpel.edu.br\/arqenv\/files\/2025\/08\/servletrecuperafoto-1-200x200.jpg 200w, https:\/\/wp.ufpel.edu.br\/arqenv\/files\/2025\/08\/servletrecuperafoto-1-768x767.jpg 768w, https:\/\/wp.ufpel.edu.br\/arqenv\/files\/2025\/08\/servletrecuperafoto-1-50x50.jpg 50w, https:\/\/wp.ufpel.edu.br\/arqenv\/files\/2025\/08\/servletrecuperafoto-1.jpg 1200w\" sizes=\"auto, (max-width: 184px) 100vw, 184px\" \/><\/strong><\/h3>\n<h3><strong>LUIZ ANTONIO DOS SANTOS FRANZ, Dr.\u00a0<\/strong>Centro de Engenharias &#8211; UFPel<\/h3>\n<p><em>Pesquisador Colaborador<\/em><\/p>\n<p>Lattes:\u00a0<a href=\"http:\/\/lattes.cnpq.br\/9673217950052451\">http:\/\/lattes.cnpq.br\/9673217950052451<\/a><\/p>\n<p>&nbsp;<\/p>\n<p><img loading=\"lazy\" decoding=\"async\" class=\"alignnone wp-image-48 \" src=\"https:\/\/wp.ufpel.edu.br\/arqenv\/files\/2024\/09\/WhatsApp-Image-2024-09-10-at-15.33.18-e1726059744527-400x368.jpeg\" alt=\"\" width=\"137\" height=\"126\" srcset=\"https:\/\/wp.ufpel.edu.br\/arqenv\/files\/2024\/09\/WhatsApp-Image-2024-09-10-at-15.33.18-e1726059744527-400x368.jpeg 400w, https:\/\/wp.ufpel.edu.br\/arqenv\/files\/2024\/09\/WhatsApp-Image-2024-09-10-at-15.33.18-e1726059744527-768x706.jpeg 768w, https:\/\/wp.ufpel.edu.br\/arqenv\/files\/2024\/09\/WhatsApp-Image-2024-09-10-at-15.33.18-e1726059744527.jpeg 820w\" sizes=\"auto, (max-width: 137px) 100vw, 137px\" \/><\/p>\n<p class=\"cvGsUA direction-ltr align-end para-style-body\"><strong><span class=\"OYPEnA font-feature-liga-off font-feature-clig-off font-feature-calt-off text-decoration-none text-strikethrough-none\">Acad\u00eamica Alessandra Bork\u00a0<\/span><\/strong><em>Pesquisadora de gradua\u00e7\u00e3o<\/em><\/p>\n<p class=\"cvGsUA direction-ltr align-end para-style-body\"><span class=\"OYPEnA font-feature-liga-off font-feature-clig-off font-feature-calt-off text-decoration-none text-strikethrough-none\">T\u00e9cnica em Design de Interiores e Edifica\u00e7\u00f5es pelo IFSUL e graduanda do curso de Arquitetura e Urbanismo pela Universidade Federal de Pelotas.<\/span><\/p>\n<p>Lattes:\u00a0<a href=\"https:\/\/lattes.cnpq.br\/7837413855934096\">https:\/\/lattes.cnpq.br\/7837413855934096<\/a><\/p>\n<p><img loading=\"lazy\" decoding=\"async\" class=\"alignnone wp-image-127\" src=\"https:\/\/wp.ufpel.edu.br\/arqenv\/files\/2025\/08\/Captura-de-Tela-2025-08-23-a\u0300s-15.49.18.png\" alt=\"\" width=\"137\" height=\"135\" srcset=\"https:\/\/wp.ufpel.edu.br\/arqenv\/files\/2025\/08\/Captura-de-Tela-2025-08-23-a\u0300s-15.49.18.png 230w, https:\/\/wp.ufpel.edu.br\/arqenv\/files\/2025\/08\/Captura-de-Tela-2025-08-23-a\u0300s-15.49.18-50x50.png 50w\" sizes=\"auto, (max-width: 137px) 100vw, 137px\" \/><\/p>\n<p class=\"cvGsUA direction-ltr align-end para-style-body\"><strong><span class=\"OYPEnA font-feature-liga-off font-feature-clig-off font-feature-calt-off text-decoration-none text-strikethrough-none\">Fernanda Peres Fernandes\u00a0<\/span><\/strong><em>Pesquisadora de gradua\u00e7\u00e3o<\/em><\/p>\n<p class=\"cvGsUA direction-ltr align-end para-style-body\"><span class=\"OYPEnA font-feature-liga-off font-feature-clig-off font-feature-calt-off text-decoration-none text-strikethrough-none\">Graduanda do curso de Arquitetura e Urbanismo pela Universidade Federal de Pelotas.<\/span><\/p>\n<p>Lattes:\u00a0<a href=\"http:\/\/lattes.cnpq.br\/8646255661947092\">http:\/\/lattes.cnpq.br\/8646255661947092<\/a><\/p>\n<p>&nbsp;<\/p>\n<p><strong>Outros colaboradores:<\/strong><\/p>\n<p>Manuela da Silva Buttow &#8211; <em>Bolsista Ensino M\u00e9dio IF<\/em><\/p>\n","protected":false},"excerpt":{"rendered":"<p>JULIANA TASCA TISSOT, Dra. Faculdade de Arquitetura e Urbanismo &#8211; UFPel L\u00edder do Grupo Lattes:\u00a0http:\/\/lattes.cnpq.br\/3941081999514494 &nbsp; ISABELA FERNANDES ANDRADE, Dra. Centro de Engenharias &#8211; UFPel Pesquisadora Colaboradora Lattes:\u00a0http:\/\/lattes.cnpq.br\/3077011108422970 LUIZ ANTONIO DOS SANTOS FRANZ, Dr.\u00a0Centro de Engenharias &#8211; UFPel Pesquisador Colaborador Lattes:\u00a0http:\/\/lattes.cnpq.br\/9673217950052451 &nbsp; Acad\u00eamica Alessandra Bork\u00a0Pesquisadora de gradua\u00e7\u00e3o T\u00e9cnica em Design de Interiores e Edifica\u00e7\u00f5es pelo [&hellip;]<\/p>\n","protected":false},"author":1401,"featured_media":0,"parent":0,"menu_order":3,"comment_status":"closed","ping_status":"closed","template":"","meta":{"footnotes":""},"class_list":["post-24","page","type-page","status-publish","hentry","post"],"_links":{"self":[{"href":"https:\/\/wp.ufpel.edu.br\/arqenv\/wp-json\/wp\/v2\/pages\/24","targetHints":{"allow":["GET"]}}],"collection":[{"href":"https:\/\/wp.ufpel.edu.br\/arqenv\/wp-json\/wp\/v2\/pages"}],"about":[{"href":"https:\/\/wp.ufpel.edu.br\/arqenv\/wp-json\/wp\/v2\/types\/page"}],"author":[{"embeddable":true,"href":"https:\/\/wp.ufpel.edu.br\/arqenv\/wp-json\/wp\/v2\/users\/1401"}],"replies":[{"embeddable":true,"href":"https:\/\/wp.ufpel.edu.br\/arqenv\/wp-json\/wp\/v2\/comments?post=24"}],"version-history":[{"count":4,"href":"https:\/\/wp.ufpel.edu.br\/arqenv\/wp-json\/wp\/v2\/pages\/24\/revisions"}],"predecessor-version":[{"id":46,"href":"https:\/\/wp.ufpel.edu.br\/arqenv\/wp-json\/wp\/v2\/pages\/24\/revisions\/46"}],"wp:attachment":[{"href":"https:\/\/wp.ufpel.edu.br\/arqenv\/wp-json\/wp\/v2\/media?parent=24"}],"curies":[{"name":"wp","href":"https:\/\/api.w.org\/{rel}","templated":true}]}}