{"id":112,"date":"2025-08-23T15:26:51","date_gmt":"2025-08-23T18:26:51","guid":{"rendered":"https:\/\/wp.ufpel.edu.br\/arqenv\/?page_id=112"},"modified":"2026-04-08T09:24:31","modified_gmt":"2026-04-08T12:24:31","slug":"noticias","status":"publish","type":"page","link":"https:\/\/wp.ufpel.edu.br\/arqenv\/noticias\/","title":{"rendered":"Pesquisas"},"content":{"rendered":"<div class=\"ficha-label\"><strong>Arquitetura e envelhecimento<\/strong><\/div>\n<div><\/div>\n<div class=\"ficha-label\">Coordenador Atual:\u00a0<a href=\"https:\/\/institucional.ufpel.edu.br\/servidores\/id\/210768\">JULIANA TASCA TISSOT<\/a><\/div>\n<div class=\"ficha-label\">\u00c1rea CNPq:\u00a0Ci\u00eancias Sociais Aplicadas<\/div>\n<div><\/div>\n<div class=\"ficha-label\">H\u00e1 uma proje\u00e7\u00e3o de que at\u00e9 o ano de 2050 o n\u00famero de pessoas acima de 60 anos aumentar\u00e1 para 2 bilh\u00f5es em todo o mundo e dentro deste panorama, o Brasil dever\u00e1 se colocar como o 6\u00b0 pa\u00eds do mundo em n\u00famero de pessoas idosas. O envelhecimento populacional pode acarretar in\u00fameros desafios e significativas mudan\u00e7as que influenciam a sa\u00fade f\u00edsica e mental, al\u00e9m de interferir no desempenho funcional e nas rela\u00e7\u00f5es afetivas e sociais das pessoas idosas. Esta pesquisa prop\u00f5e explorar a rela\u00e7\u00e3o entre a arquitetura e o processo de envelhecimento, a fim de compreender melhor as capacidades e limita\u00e7\u00f5es das pessoas idosas na realiza\u00e7\u00e3o de suas Atividades de Vida Di\u00e1ria (AVD) para desenvolver solu\u00e7\u00f5es de ambientes seguros, e que gerem maior independ\u00eancia e autonomia para esta popula\u00e7\u00e3o.<\/div>\n<div><\/div>\n<p>&nbsp;<\/p>\n<p>&nbsp;<\/p>\n","protected":false},"excerpt":{"rendered":"<p>Arquitetura e envelhecimento Coordenador Atual:\u00a0JULIANA TASCA TISSOT \u00c1rea CNPq:\u00a0Ci\u00eancias Sociais Aplicadas H\u00e1 uma proje\u00e7\u00e3o de que at\u00e9 o ano de 2050 o n\u00famero de pessoas acima de 60 anos aumentar\u00e1 para 2 bilh\u00f5es em todo o mundo e dentro deste panorama, o Brasil dever\u00e1 se colocar como o 6\u00b0 pa\u00eds do mundo em n\u00famero de [&hellip;]<\/p>\n","protected":false},"author":1401,"featured_media":0,"parent":0,"menu_order":2,"comment_status":"closed","ping_status":"closed","template":"","meta":{"footnotes":""},"class_list":["post-112","page","type-page","status-publish","hentry","post"],"_links":{"self":[{"href":"https:\/\/wp.ufpel.edu.br\/arqenv\/wp-json\/wp\/v2\/pages\/112","targetHints":{"allow":["GET"]}}],"collection":[{"href":"https:\/\/wp.ufpel.edu.br\/arqenv\/wp-json\/wp\/v2\/pages"}],"about":[{"href":"https:\/\/wp.ufpel.edu.br\/arqenv\/wp-json\/wp\/v2\/types\/page"}],"author":[{"embeddable":true,"href":"https:\/\/wp.ufpel.edu.br\/arqenv\/wp-json\/wp\/v2\/users\/1401"}],"replies":[{"embeddable":true,"href":"https:\/\/wp.ufpel.edu.br\/arqenv\/wp-json\/wp\/v2\/comments?post=112"}],"version-history":[{"count":3,"href":"https:\/\/wp.ufpel.edu.br\/arqenv\/wp-json\/wp\/v2\/pages\/112\/revisions"}],"predecessor-version":[{"id":178,"href":"https:\/\/wp.ufpel.edu.br\/arqenv\/wp-json\/wp\/v2\/pages\/112\/revisions\/178"}],"wp:attachment":[{"href":"https:\/\/wp.ufpel.edu.br\/arqenv\/wp-json\/wp\/v2\/media?parent=112"}],"curies":[{"name":"wp","href":"https:\/\/api.w.org\/{rel}","templated":true}]}}