{"id":94,"date":"2014-05-30T13:46:02","date_gmt":"2014-05-30T16:46:02","guid":{"rendered":"https:\/\/wp.ufpel.edu.br\/areadelibras\/?page_id=94"},"modified":"2014-11-13T18:14:23","modified_gmt":"2014-11-13T20:14:23","slug":"assistir-aulas","status":"publish","type":"page","link":"https:\/\/wp.ufpel.edu.br\/areadelibras\/videoaulas\/assistir-aulas\/","title":{"rendered":"Videos Ufpel"},"content":{"rendered":"<h2>Unidade I<\/h2>\n<p>&nbsp;<\/p>\n<p>&nbsp;<\/p>\n<p><strong>Di\u00e1logo 1<\/strong><\/p>\n<p><iframe title=\"Dialogo 1\" src=\"https:\/\/player.vimeo.com\/video\/96752968?dnt=1&amp;app_id=122963\" width=\"500\" height=\"333\" frameborder=\"0\" allow=\"autoplay; fullscreen; picture-in-picture; clipboard-write\"><\/iframe><\/p>\n<p>&nbsp;<\/p>\n<p>&nbsp;<\/p>\n<p><strong>Di\u00e1logo 2<\/strong><\/p>\n<p><iframe title=\"Dialogo 2\" src=\"https:\/\/player.vimeo.com\/video\/96589067?dnt=1&amp;app_id=122963\" width=\"500\" height=\"333\" frameborder=\"0\" allow=\"autoplay; fullscreen; picture-in-picture; clipboard-write\"><\/iframe><\/p>\n<p>&nbsp;<\/p>\n<p>&nbsp;<\/p>\n<p><strong>Di\u00e1logo 3 e 4<\/strong><\/p>\n<p><iframe title=\"di\u00e1logos 3 e 4\" src=\"https:\/\/player.vimeo.com\/video\/96589226?dnt=1&amp;app_id=122963\" width=\"500\" height=\"333\" frameborder=\"0\" allow=\"autoplay; fullscreen; picture-in-picture; clipboard-write\"><\/iframe><\/p>\n<p>&nbsp;<\/p>\n<p>&nbsp;<\/p>\n<p><strong>Di\u00e1logo 5<\/strong><\/p>\n<p><iframe title=\"Dialogo 5\" src=\"https:\/\/player.vimeo.com\/video\/96589227?dnt=1&amp;app_id=122963\" width=\"500\" height=\"333\" frameborder=\"0\" allow=\"autoplay; fullscreen; picture-in-picture; clipboard-write\"><\/iframe><\/p>\n<p>&nbsp;<\/p>\n<p>&nbsp;<\/p>\n<p><strong>Di\u00e1logo 6<\/strong><\/p>\n<p><iframe title=\"Dialogo 6\" src=\"https:\/\/player.vimeo.com\/video\/96589228?dnt=1&amp;app_id=122963\" width=\"500\" height=\"333\" frameborder=\"0\" allow=\"autoplay; fullscreen; picture-in-picture; clipboard-write\"><\/iframe><\/p>\n<h2 style=\"text-align: left\"><\/h2>\n<h2 style=\"text-align: left\"><\/h2>\n<h2 style=\"text-align: left\">Unidade II<\/h2>\n<p>&nbsp;<\/p>\n<p>&nbsp;<\/p>\n<p><strong>Di\u00e1logo 1<\/strong><\/p>\n<p><iframe title=\"Dialogo Ivana e Angela\" src=\"https:\/\/player.vimeo.com\/video\/97269180?dnt=1&amp;app_id=122963\" width=\"500\" height=\"369\" frameborder=\"0\" allow=\"autoplay; fullscreen; picture-in-picture; clipboard-write\"><\/iframe><\/p>\n<p>&nbsp;<\/p>\n<p>&nbsp;<\/p>\n<p><strong>Di\u00e1logo 2<\/strong><\/p>\n<p><iframe title=\"Dialogo Angela e Ivana\" src=\"https:\/\/player.vimeo.com\/video\/97269181?dnt=1&amp;app_id=122963\" width=\"500\" height=\"369\" frameborder=\"0\" allow=\"autoplay; fullscreen; picture-in-picture; clipboard-write\"><\/iframe><\/p>\n<p>&nbsp;<\/p>\n<p>&nbsp;<\/p>\n<p><strong>Di\u00e1logo 3<\/strong><\/p>\n<p><iframe title=\"Dialogo Fabiano e Ivana\" src=\"https:\/\/player.vimeo.com\/video\/97269182?dnt=1&amp;app_id=122963\" width=\"500\" height=\"369\" frameborder=\"0\" allow=\"autoplay; fullscreen; picture-in-picture; clipboard-write\"><\/iframe><\/p>\n<p>&nbsp;<\/p>\n<p>&nbsp;<\/p>\n<p><strong>Di\u00e1logo 4<\/strong><\/p>\n<p><iframe title=\"Dialogo Fabiano e Ivana2\" src=\"https:\/\/player.vimeo.com\/video\/97445471?dnt=1&amp;app_id=122963\" width=\"500\" height=\"369\" frameborder=\"0\" allow=\"autoplay; fullscreen; picture-in-picture; clipboard-write\"><\/iframe><\/p>\n<p>&nbsp;<\/p>\n<p>&nbsp;<\/p>\n<p><strong>Di\u00e1logo 5<\/strong><\/p>\n<p><iframe title=\"Diaologo Fabiano e Ivana 3\" src=\"https:\/\/player.vimeo.com\/video\/97445470?dnt=1&amp;app_id=122963\" width=\"500\" height=\"369\" frameborder=\"0\" allow=\"autoplay; fullscreen; picture-in-picture; clipboard-write\"><\/iframe><\/p>\n<h2 style=\"text-align: left\"><\/h2>\n<h2 style=\"text-align: left\"><\/h2>\n<h2 style=\"text-align: left\">Unidade III<\/h2>\n<p>&nbsp;<\/p>\n<p>&nbsp;<\/p>\n<p><strong><span style=\"font-size: medium\">\u00a0Sauda\u00e7\u00f5es<\/span><\/strong><\/p>\n<p><iframe title=\"Libras I - SAUDA\u00c7\u00d5ES\" src=\"https:\/\/player.vimeo.com\/video\/96753081?dnt=1&amp;app_id=122963\" width=\"500\" height=\"375\" frameborder=\"0\" allow=\"autoplay; fullscreen; picture-in-picture; clipboard-write\"><\/iframe><\/p>\n<p>&nbsp;<\/p>\n<p>&nbsp;<\/p>\n<p><strong>Pronomes Pessoais<\/strong><\/p>\n<p><iframe title=\"Libras I - PRONOMES PESSOAIS\" src=\"https:\/\/player.vimeo.com\/video\/96753080?dnt=1&amp;app_id=122963\" width=\"500\" height=\"375\" frameborder=\"0\" allow=\"autoplay; fullscreen; picture-in-picture; clipboard-write\"><\/iframe><\/p>\n<p>&nbsp;<\/p>\n<p>&nbsp;<\/p>\n<p><strong>N\u00fameros cardiais 0-100<\/strong><\/p>\n<p>https:\/\/vimeo.com\/96753078%20<\/p>\n<p>&nbsp;<\/p>\n<p>&nbsp;<\/p>\n<p><strong>N\u00fameros cardiais 100-1.000<\/strong><\/p>\n<p><iframe title=\"Libras I - N\u00daMEROS CARDINAIS 100-1.000\" src=\"https:\/\/player.vimeo.com\/video\/96753079?dnt=1&amp;app_id=122963\" width=\"500\" height=\"375\" frameborder=\"0\" allow=\"autoplay; fullscreen; picture-in-picture; clipboard-write\"><\/iframe><\/p>\n<p>&nbsp;<\/p>\n<p>&nbsp;<\/p>\n<p><strong><span style=\"font-size: medium\">Alfabeto Manual<\/span><\/strong><\/p>\n<p><iframe title=\"Libras I - ALFABETO MANUAL\" src=\"https:\/\/player.vimeo.com\/video\/96753076?dnt=1&amp;app_id=122963\" width=\"500\" height=\"333\" frameborder=\"0\" allow=\"autoplay; fullscreen; picture-in-picture; clipboard-write\"><\/iframe><\/p>\n<h2 style=\"text-align: left\"><\/h2>\n<h2 style=\"text-align: left\"><\/h2>\n<h2 style=\"text-align: left\">Unidade IV<\/h2>\n<p><strong>Calend\u00e1rio (Dias, adverbios de tempo e esta\u00e7\u00f5es)<\/strong><\/p>\n<p><iframe title=\"Libras I - CALEND\u00c1RIO (dias da semana, adverbios de tempo e esta\u00e7\u00f5es do ano)\" src=\"https:\/\/player.vimeo.com\/video\/96925260?dnt=1&amp;app_id=122963\" width=\"500\" height=\"375\" frameborder=\"0\" allow=\"autoplay; fullscreen; picture-in-picture; clipboard-write\"><\/iframe><\/p>\n<p>&nbsp;<\/p>\n<p>&nbsp;<\/p>\n<p><strong>Calend\u00e1rio (Meses do ano)<\/strong><\/p>\n<p><iframe title=\"Libras I - CALEND\u00c1RIO (meses do ano)\" src=\"https:\/\/player.vimeo.com\/video\/96925261?dnt=1&amp;app_id=122963\" width=\"500\" height=\"375\" frameborder=\"0\" allow=\"autoplay; fullscreen; picture-in-picture; clipboard-write\"><\/iframe><\/p>\n<p>&nbsp;<\/p>\n<p>&nbsp;<\/p>\n<p><strong>Cores<\/strong><\/p>\n<p><iframe title=\"Libras I - CORES\" src=\"https:\/\/player.vimeo.com\/video\/96925263?dnt=1&amp;app_id=122963\" width=\"500\" height=\"375\" frameborder=\"0\" allow=\"autoplay; fullscreen; picture-in-picture; clipboard-write\"><\/iframe><\/p>\n<p>&nbsp;<\/p>\n<p>&nbsp;<\/p>\n<p><strong>Natureza (Elementos e fen\u00f4menos)<\/strong><\/p>\n<p><iframe title=\"Libras I - NATUREZA (elementos e fen\u00f4menos)\" src=\"https:\/\/player.vimeo.com\/video\/96925265?dnt=1&amp;app_id=122963\" width=\"500\" height=\"375\" frameborder=\"0\" allow=\"autoplay; fullscreen; picture-in-picture; clipboard-write\"><\/iframe><\/p>\n<p>&nbsp;<\/p>\n<p>&nbsp;<\/p>\n<p><strong>Pronomes interrogativos<\/strong><\/p>\n<p><iframe title=\"Libras I - PRONOMES INTERROGATIVOS\" src=\"https:\/\/player.vimeo.com\/video\/96925268?dnt=1&amp;app_id=122963\" width=\"500\" height=\"375\" frameborder=\"0\" allow=\"autoplay; fullscreen; picture-in-picture; clipboard-write\"><\/iframe><\/p>\n<p>&nbsp;<\/p>\n<h2 style=\"text-align: left\">Unidade\u00a0V<\/h2>\n<p>&nbsp;<\/p>\n<p>&nbsp;<\/p>\n<p><strong>Animais<\/strong><\/p>\n<p><iframe title=\"animais - vers\u00e3o 2011\" src=\"https:\/\/player.vimeo.com\/video\/97264393?dnt=1&amp;app_id=122963\" width=\"500\" height=\"369\" frameborder=\"0\" allow=\"autoplay; fullscreen; picture-in-picture; clipboard-write\"><\/iframe><\/p>\n<p>&nbsp;<\/p>\n<p>&nbsp;<\/p>\n<p><strong>Alimentos simples <\/strong>(caf\u00e9 da manh\u00e3, almo\u00e7o, janta e temperos)<\/p>\n<p><iframe title=\"Libras I - ALIMENTOS SIMPLES caf\u00e9 da manh\u00e3 almo\u00e7o janta e temperos\" src=\"https:\/\/player.vimeo.com\/video\/96927367?dnt=1&amp;app_id=122963\" width=\"500\" height=\"375\" frameborder=\"0\" allow=\"autoplay; fullscreen; picture-in-picture; clipboard-write\"><\/iframe><\/p>\n<p>&nbsp;<\/p>\n<p>&nbsp;<\/p>\n<p><strong>Ambiente dom\u00e9stico<\/strong><\/p>\n<p><iframe title=\"Libras I - AMBIENTE DOM\u00c9STICO\" src=\"https:\/\/player.vimeo.com\/video\/96927369?dnt=1&amp;app_id=122963\" width=\"500\" height=\"375\" frameborder=\"0\" allow=\"autoplay; fullscreen; picture-in-picture; clipboard-write\"><\/iframe><\/p>\n<p>&nbsp;<\/p>\n<p>&nbsp;<\/p>\n<p><strong>Bebidas<\/strong><\/p>\n<p><iframe title=\"Libras I - BEBIDAS\" src=\"https:\/\/player.vimeo.com\/video\/96927371?dnt=1&amp;app_id=122963\" width=\"500\" height=\"375\" frameborder=\"0\" allow=\"autoplay; fullscreen; picture-in-picture; clipboard-write\"><\/iframe><\/p>\n<p>&nbsp;<\/p>\n<p>&nbsp;<\/p>\n<p><strong>Fam\u00edlia<\/strong><\/p>\n<p><iframe title=\"Libras I - FAM\u00cdLIA\" src=\"https:\/\/player.vimeo.com\/video\/96927374?dnt=1&amp;app_id=122963\" width=\"500\" height=\"375\" frameborder=\"0\" allow=\"autoplay; fullscreen; picture-in-picture; clipboard-write\"><\/iframe><\/p>\n<p>&nbsp;<\/p>\n<p>&nbsp;<\/p>\n<p><strong>Frutas<\/strong><\/p>\n<p><iframe title=\"Libras I - FRUTAS\" src=\"https:\/\/player.vimeo.com\/video\/96927375?dnt=1&amp;app_id=122963\" width=\"500\" height=\"375\" frameborder=\"0\" allow=\"autoplay; fullscreen; picture-in-picture; clipboard-write\"><\/iframe><\/p>\n<p>&nbsp;<\/p>\n<p>&nbsp;<\/p>\n<p><strong>Lanches<\/strong><\/p>\n<p><iframe title=\"Libras I - LANCHES\" src=\"https:\/\/player.vimeo.com\/video\/97537951?dnt=1&amp;app_id=122963\" width=\"500\" height=\"375\" frameborder=\"0\" allow=\"autoplay; fullscreen; picture-in-picture; clipboard-write\"><\/iframe><\/p>\n<p>&nbsp;<\/p>\n<p>&nbsp;<\/p>\n<p><strong>Pronomes possessivos<\/strong><\/p>\n<p><iframe title=\"Libras I - PRONOMES POSSESSIVOS\" src=\"https:\/\/player.vimeo.com\/video\/97537952?dnt=1&amp;app_id=122963\" width=\"500\" height=\"375\" frameborder=\"0\" allow=\"autoplay; fullscreen; picture-in-picture; clipboard-write\"><\/iframe><\/p>\n<p>&nbsp;<\/p>\n<h2 style=\"text-align: left\">Unidade VI<\/h2>\n<p>&nbsp;<\/p>\n<p>&nbsp;<\/p>\n<p><strong>Ambiente escolar<\/strong><\/p>\n<p><iframe title=\"Libras I - AMBIENTE ESCOLAR\" src=\"https:\/\/player.vimeo.com\/video\/97264394?dnt=1&amp;app_id=122963\" width=\"500\" height=\"375\" frameborder=\"0\" allow=\"autoplay; fullscreen; picture-in-picture; clipboard-write\"><\/iframe><\/p>\n<p>&nbsp;<\/p>\n<p>&nbsp;<\/p>\n<p><strong>Espa\u00e7os Urbanos<\/strong><\/p>\n<p><iframe title=\"Libras I - ESPA\u00c7OS URBANOS\" src=\"https:\/\/player.vimeo.com\/video\/97264396?dnt=1&amp;app_id=122963\" width=\"500\" height=\"375\" frameborder=\"0\" allow=\"autoplay; fullscreen; picture-in-picture; clipboard-write\"><\/iframe><\/p>\n<p>&nbsp;<\/p>\n<p>&nbsp;<\/p>\n<p><strong>Profiss\u00f5es<\/strong><\/p>\n<p><iframe title=\"Libras I - PROFISS\u00d5ES\" src=\"https:\/\/player.vimeo.com\/video\/97264397?dnt=1&amp;app_id=122963\" width=\"500\" height=\"375\" frameborder=\"0\" allow=\"autoplay; fullscreen; picture-in-picture; clipboard-write\"><\/iframe><\/p>\n<p>&nbsp;<\/p>\n<p>&nbsp;<\/p>\n<p><strong>Pronomes demonstrativos<\/strong><\/p>\n<p><iframe title=\"Libras I - PRONOMES DEMONSTRATIVOS\" src=\"https:\/\/player.vimeo.com\/video\/97264398?dnt=1&amp;app_id=122963\" width=\"500\" height=\"375\" frameborder=\"0\" allow=\"autoplay; fullscreen; picture-in-picture; clipboard-write\"><\/iframe><\/p>\n<p>&nbsp;<\/p>\n<p>&nbsp;<\/p>\n<p><strong>Materiais escolares<\/strong><\/p>\n<p><iframe title=\"Materiais Escolares OA\" src=\"https:\/\/player.vimeo.com\/video\/97269177?dnt=1&amp;app_id=122963\" width=\"500\" height=\"281\" frameborder=\"0\" allow=\"autoplay; fullscreen; picture-in-picture; clipboard-write\"><\/iframe><\/p>\n<h2 style=\"text-align: left\">Verbos<\/h2>\n<p>&nbsp;<\/p>\n<p>&nbsp;<\/p>\n<p><strong>Unidade I<\/strong><\/p>\n<p><iframe title=\"VERBOS - unidade III\" src=\"https:\/\/player.vimeo.com\/video\/96754182?dnt=1&amp;app_id=122963\" width=\"500\" height=\"375\" frameborder=\"0\" allow=\"autoplay; fullscreen; picture-in-picture; clipboard-write\"><\/iframe><\/p>\n<p>&nbsp;<\/p>\n<p>&nbsp;<\/p>\n<p><strong>Unidade II<\/strong><\/p>\n<p><iframe title=\"VERBOS - unidade IV\" src=\"https:\/\/player.vimeo.com\/video\/96754183?dnt=1&amp;app_id=122963\" width=\"500\" height=\"375\" frameborder=\"0\" allow=\"autoplay; fullscreen; picture-in-picture; clipboard-write\"><\/iframe><\/p>\n<p>&nbsp;<\/p>\n<p>&nbsp;<\/p>\n<p><strong>Unidade\u00a0III<\/strong><\/p>\n<p><iframe title=\"VERBOS - unidade V\" src=\"https:\/\/player.vimeo.com\/video\/96754185?dnt=1&amp;app_id=122963\" width=\"500\" height=\"375\" frameborder=\"0\" allow=\"autoplay; fullscreen; picture-in-picture; clipboard-write\"><\/iframe><\/p>\n<p>&nbsp;<\/p>\n<p>&nbsp;<\/p>\n<p><strong>Unidade\u00a0IV<\/strong><\/p>\n<p><iframe title=\"VERBOS - unidade VI\" src=\"https:\/\/player.vimeo.com\/video\/96754188?dnt=1&amp;app_id=122963\" width=\"500\" height=\"375\" frameborder=\"0\" allow=\"autoplay; fullscreen; picture-in-picture; clipboard-write\"><\/iframe><\/p>\n<p>&nbsp;<\/p>\n<p>&nbsp;<\/p>\n<p><strong>Outros<\/strong><\/p>\n<p>https:\/\/vimeo.com\/96754190%20<\/p>\n<p>&nbsp;<\/p>\n<p style=\"text-align: center\"><a href=\"https:\/\/mega.co.nz\/#F!ZAAxzTza!nio3QgbEp5DUMfdHZwsTGA\" target=\"_blank\">Clique aqui<\/a> para realizar o download destes v\u00eddeos.<\/p>\n","protected":false},"excerpt":{"rendered":"<p>Unidade I &nbsp; &nbsp; Di\u00e1logo 1 &nbsp; &nbsp; Di\u00e1logo 2 &nbsp; &nbsp; Di\u00e1logo 3 e 4 &nbsp; &nbsp; Di\u00e1logo 5 &nbsp; &nbsp; Di\u00e1logo 6 Unidade II &nbsp; &nbsp; Di\u00e1logo 1 &nbsp; &nbsp; Di\u00e1logo 2 &nbsp; &nbsp; Di\u00e1logo 3 &nbsp; &nbsp; Di\u00e1logo 4 &nbsp; &nbsp; Di\u00e1logo 5 Unidade III &nbsp; &nbsp; \u00a0Sauda\u00e7\u00f5es &nbsp; &nbsp; Pronomes Pessoais [&hellip;]<\/p>\n","protected":false},"author":179,"featured_media":0,"parent":89,"menu_order":0,"comment_status":"closed","ping_status":"closed","template":"","meta":{"footnotes":""},"class_list":["post-94","page","type-page","status-publish","hentry"],"_links":{"self":[{"href":"https:\/\/wp.ufpel.edu.br\/areadelibras\/wp-json\/wp\/v2\/pages\/94","targetHints":{"allow":["GET"]}}],"collection":[{"href":"https:\/\/wp.ufpel.edu.br\/areadelibras\/wp-json\/wp\/v2\/pages"}],"about":[{"href":"https:\/\/wp.ufpel.edu.br\/areadelibras\/wp-json\/wp\/v2\/types\/page"}],"author":[{"embeddable":true,"href":"https:\/\/wp.ufpel.edu.br\/areadelibras\/wp-json\/wp\/v2\/users\/179"}],"replies":[{"embeddable":true,"href":"https:\/\/wp.ufpel.edu.br\/areadelibras\/wp-json\/wp\/v2\/comments?post=94"}],"version-history":[{"count":5,"href":"https:\/\/wp.ufpel.edu.br\/areadelibras\/wp-json\/wp\/v2\/pages\/94\/revisions"}],"predecessor-version":[{"id":502,"href":"https:\/\/wp.ufpel.edu.br\/areadelibras\/wp-json\/wp\/v2\/pages\/94\/revisions\/502"}],"up":[{"embeddable":true,"href":"https:\/\/wp.ufpel.edu.br\/areadelibras\/wp-json\/wp\/v2\/pages\/89"}],"wp:attachment":[{"href":"https:\/\/wp.ufpel.edu.br\/areadelibras\/wp-json\/wp\/v2\/media?parent=94"}],"curies":[{"name":"wp","href":"https:\/\/api.w.org\/{rel}","templated":true}]}}