{"id":503,"date":"2014-11-13T18:20:06","date_gmt":"2014-11-13T20:20:06","guid":{"rendered":"https:\/\/wp.ufpel.edu.br\/areadelibras\/?page_id=503"},"modified":"2014-11-13T18:24:53","modified_gmt":"2014-11-13T20:24:53","slug":"libras-tri","status":"publish","type":"page","link":"https:\/\/wp.ufpel.edu.br\/areadelibras\/videoaulas\/libras-tri\/","title":{"rendered":"Libras TRI"},"content":{"rendered":"<div id=\":ww\" class=\"ii gt m149a4afdc31734d5 adP adO\">\n<div id=\":wr\" class=\"a3s\">\n<div dir=\"ltr\">\n<div>\n<h3>Libras TRI &#8211; Programa 1\/ Alfabeto Manual:<\/h3>\n<div><a href=\"https:\/\/www.youtube.com\/watch?v=Zuv2rDLXAfo\" target=\"_blank\">https:\/\/www.youtube.com\/watch?v=Zuv2rDLXAfo<\/a><\/div>\n<div><\/div>\n<h3>Libras TRI Programa 2\/ espa\u00e7os dentro da UFSM e Int\u00e9rpretes de L\u00ednguas de Sinais:<\/h3>\n<div>Bloco 1:<a href=\"https:\/\/www.youtube.com\/watch?v=jw2u8qMrQZ4\" target=\"_blank\">https:\/\/www.youtube.com\/watch?v=jw2u8qMrQZ4<\/a><\/div>\n<div>Bloco 2: <a href=\"https:\/\/www.youtube.com\/watch?v=XUUnYTC9nGc\" target=\"_blank\">https:\/\/www.youtube.com\/watch?v=XUUnYTC9nGc<\/a><\/div>\n<div>Bloco 3: <a href=\"https:\/\/www.youtube.com\/watch?v=wcxy0hlfa_c\" target=\"_blank\">https:\/\/www.youtube.com\/watch?v=wcxy0hlfa_c<\/a><\/div>\n<div><\/div>\n<div><\/div>\n<h3>Libras TRI Programa 3\/ verbos e cultura surda:<\/h3>\n<p><a href=\"https:\/\/www.youtube.com\/watch?v=Ksv2MAyLwRE\" target=\"_blank\">https:\/\/www.youtube.com\/watch?v=Ksv2MAyLwRE<\/a><\/p>\n<div><\/div>\n<h3>Libras TRI Programa 4:<\/h3>\n<div><a href=\"https:\/\/www.youtube.com\/watch?v=6wL7fuDPLMo\" target=\"_blank\">https:\/\/www.youtube.com\/watch?v=6wL7fuDPLMo<\/a><\/div>\n<\/div>\n<div><\/div>\n<h3>Libras TRI Programa 5 :<\/h3>\n<div><a href=\"http:\/\/www.youtube.com\/watch?v=Rp_5_0wK60s\" target=\"_blank\">www.youtube.com\/watch?v=Rp_5_0wK60s<\/a><\/div>\n<div><\/div>\n<h3>Libras TRI Programa 6:<\/h3>\n<div><a href=\"https:\/\/www.youtube.com\/watch?v=M7bMwCHi7Aw\" target=\"_blank\">https:\/\/www.youtube.com\/watch?v=M7bMwCHi7Aw<\/a><\/div>\n<div><\/div>\n<h3>Libras TRI Programa 7\/ Express\u00f5es faciais, classificadores e humor surdo:<\/h3>\n<div><a href=\"https:\/\/www.youtube.com\/watch?v=ft8B7uaxWfg\" target=\"_blank\">https:\/\/www.youtube.com\/watch?v=ft8B7uaxWfg<\/a><\/div>\n<div><\/div>\n<h3>Libras TRI Programa 8\/ profiss\u00f5es:<\/h3>\n<div><a href=\"https:\/\/www.youtube.com\/watch?v=g0mgUjMRApo\" target=\"_blank\">https:\/\/www.youtube.com\/watch?v=g0mgUjMRApo<\/a><\/div>\n<div><\/div>\n<h3>Libras TRI Programa 9 \/ top\u00f4nimos e meios de transporte:<\/h3>\n<div><a href=\"https:\/\/www.youtube.com\/watch?v=KNQbZdYFgms\" target=\"_blank\">https:\/\/www.youtube.com\/watch?v=KNQbZdYFgms<\/a><\/div>\n<div><\/div>\n<h3>Libras TRI Programa 10:<\/h3>\n<div><a href=\"https:\/\/www.youtube.com\/watch?v=UZpuSIENPdI\" target=\"_blank\">https:\/\/www.youtube.com\/watch?v=UZpuSIENPdI<\/a><\/div>\n<\/div>\n<div class=\"yj6qo\"><\/div>\n<\/div>\n<\/div>\n<div id=\":yv\" class=\"hq gt a10\"><\/div>\n","protected":false},"excerpt":{"rendered":"<p>Libras TRI &#8211; Programa 1\/ Alfabeto Manual: https:\/\/www.youtube.com\/watch?v=Zuv2rDLXAfo Libras TRI Programa 2\/ espa\u00e7os dentro da UFSM e Int\u00e9rpretes de L\u00ednguas de Sinais: Bloco 1:https:\/\/www.youtube.com\/watch?v=jw2u8qMrQZ4 Bloco 2: https:\/\/www.youtube.com\/watch?v=XUUnYTC9nGc Bloco 3: https:\/\/www.youtube.com\/watch?v=wcxy0hlfa_c Libras TRI Programa 3\/ verbos e cultura surda: https:\/\/www.youtube.com\/watch?v=Ksv2MAyLwRE Libras TRI Programa 4: https:\/\/www.youtube.com\/watch?v=6wL7fuDPLMo Libras TRI Programa 5 : www.youtube.com\/watch?v=Rp_5_0wK60s Libras TRI Programa 6: https:\/\/www.youtube.com\/watch?v=M7bMwCHi7Aw [&hellip;]<\/p>\n","protected":false},"author":179,"featured_media":0,"parent":89,"menu_order":0,"comment_status":"open","ping_status":"closed","template":"","meta":{"footnotes":""},"class_list":["post-503","page","type-page","status-publish","hentry"],"_links":{"self":[{"href":"https:\/\/wp.ufpel.edu.br\/areadelibras\/wp-json\/wp\/v2\/pages\/503","targetHints":{"allow":["GET"]}}],"collection":[{"href":"https:\/\/wp.ufpel.edu.br\/areadelibras\/wp-json\/wp\/v2\/pages"}],"about":[{"href":"https:\/\/wp.ufpel.edu.br\/areadelibras\/wp-json\/wp\/v2\/types\/page"}],"author":[{"embeddable":true,"href":"https:\/\/wp.ufpel.edu.br\/areadelibras\/wp-json\/wp\/v2\/users\/179"}],"replies":[{"embeddable":true,"href":"https:\/\/wp.ufpel.edu.br\/areadelibras\/wp-json\/wp\/v2\/comments?post=503"}],"version-history":[{"count":1,"href":"https:\/\/wp.ufpel.edu.br\/areadelibras\/wp-json\/wp\/v2\/pages\/503\/revisions"}],"predecessor-version":[{"id":504,"href":"https:\/\/wp.ufpel.edu.br\/areadelibras\/wp-json\/wp\/v2\/pages\/503\/revisions\/504"}],"up":[{"embeddable":true,"href":"https:\/\/wp.ufpel.edu.br\/areadelibras\/wp-json\/wp\/v2\/pages\/89"}],"wp:attachment":[{"href":"https:\/\/wp.ufpel.edu.br\/areadelibras\/wp-json\/wp\/v2\/media?parent=503"}],"curies":[{"name":"wp","href":"https:\/\/api.w.org\/{rel}","templated":true}]}}