{"id":45,"date":"2012-04-23T19:21:54","date_gmt":"2012-04-23T22:21:54","guid":{"rendered":"https:\/\/wp.ufpel.edu.br\/areadelibras\/?page_id=45"},"modified":"2014-06-06T14:40:19","modified_gmt":"2014-06-06T17:40:19","slug":"ementa-libras-i","status":"publish","type":"page","link":"https:\/\/wp.ufpel.edu.br\/areadelibras\/o-que-e-disciplina-de-libras\/ementa-libras-i\/","title":{"rendered":"Libras I"},"content":{"rendered":"<p>Fundamentos lingu\u00edsticos e culturais da L\u00edngua Brasileira de Sinais. Desenvolvimento de habilidades b\u00e1sicas expressivas e receptivas em Libras para promover comunica\u00e7\u00e3o entre seus usu\u00e1rios. Introdu\u00e7\u00e3o aos Estudos Surdos.<\/p>\n<p>&nbsp;<\/p>\n","protected":false},"excerpt":{"rendered":"<p>Fundamentos lingu\u00edsticos e culturais da L\u00edngua Brasileira de Sinais. Desenvolvimento de habilidades b\u00e1sicas expressivas e receptivas em Libras para promover comunica\u00e7\u00e3o entre seus usu\u00e1rios. Introdu\u00e7\u00e3o aos Estudos Surdos. &nbsp;<\/p>\n","protected":false},"author":179,"featured_media":0,"parent":4,"menu_order":0,"comment_status":"closed","ping_status":"closed","template":"","meta":{"footnotes":""},"class_list":["post-45","page","type-page","status-publish","hentry"],"_links":{"self":[{"href":"https:\/\/wp.ufpel.edu.br\/areadelibras\/wp-json\/wp\/v2\/pages\/45","targetHints":{"allow":["GET"]}}],"collection":[{"href":"https:\/\/wp.ufpel.edu.br\/areadelibras\/wp-json\/wp\/v2\/pages"}],"about":[{"href":"https:\/\/wp.ufpel.edu.br\/areadelibras\/wp-json\/wp\/v2\/types\/page"}],"author":[{"embeddable":true,"href":"https:\/\/wp.ufpel.edu.br\/areadelibras\/wp-json\/wp\/v2\/users\/179"}],"replies":[{"embeddable":true,"href":"https:\/\/wp.ufpel.edu.br\/areadelibras\/wp-json\/wp\/v2\/comments?post=45"}],"version-history":[{"count":2,"href":"https:\/\/wp.ufpel.edu.br\/areadelibras\/wp-json\/wp\/v2\/pages\/45\/revisions"}],"predecessor-version":[{"id":150,"href":"https:\/\/wp.ufpel.edu.br\/areadelibras\/wp-json\/wp\/v2\/pages\/45\/revisions\/150"}],"up":[{"embeddable":true,"href":"https:\/\/wp.ufpel.edu.br\/areadelibras\/wp-json\/wp\/v2\/pages\/4"}],"wp:attachment":[{"href":"https:\/\/wp.ufpel.edu.br\/areadelibras\/wp-json\/wp\/v2\/media?parent=45"}],"curies":[{"name":"wp","href":"https:\/\/api.w.org\/{rel}","templated":true}]}}