{"id":243,"date":"2014-09-05T21:23:03","date_gmt":"2014-09-06T00:23:03","guid":{"rendered":"https:\/\/wp.ufpel.edu.br\/areadelibras\/?page_id=243"},"modified":"2014-09-05T22:18:50","modified_gmt":"2014-09-06T01:18:50","slug":"aplicativos","status":"publish","type":"page","link":"https:\/\/wp.ufpel.edu.br\/areadelibras\/aplicativos\/","title":{"rendered":"Aplicativos"},"content":{"rendered":"<h2>HandTalk<\/h2>\n<h4>Eleito o melhor aplicativo social do mundo pela ONU, o app Hand Talk traduz conte\u00fados para a Libras, L\u00edngua Brasileira de Sinais, que facilita a comunica\u00e7\u00e3o entre surdos e ouvintes.<\/h4>\n<h4><a href=\"https:\/\/play.google.com\/store\/apps\/details?id=br.com.handtalk\">Android<\/a> \/ <a href=\"https:\/\/itunes.apple.com\/br\/app\/hand-talk-tradutor-para-libras\/id659816995?mt=8\">IOS<\/a><\/h4>\n<p>&nbsp;<\/p>\n<h2>ProDeaf<\/h2>\n<h4>O ProDeaf M\u00f3vel \u00e9 primeiro aplicativo tradutor para a L\u00edngua Brasileira de Sinais. Com esta ferramenta de bolso \u00e9 poss\u00edvel traduzir automaticamente pequenas frases de portugu\u00eas para Libras atrav\u00e9s de texto escrito ou reconhecimento de voz e facilitar seu aprendizado desta l\u00edngua de sinais.<\/h4>\n<h4>Ele \u00e9 o \u00fanico que possui um Dicion\u00e1rio de Libras para voc\u00ea navegar entre milhares de palavras em portugu\u00eas e ver sua tradu\u00e7\u00e3o sem necessidade de conex\u00e3o com a Internet. Esse inovador tradutor de portugu\u00eas para Libras \u00e9 totalmente gratuito e est\u00e1 ainda melhor!<\/h4>\n<h4><a href=\"https:\/\/play.google.com\/store\/apps\/details?id=com.Proativa.ProDeafMovel\">Android<\/a> \/ <a href=\"https:\/\/itunes.apple.com\/br\/app\/prodeaf-tradutor-para-libras\/id651120192?mt=8\">IOS<\/a><\/h4>\n","protected":false},"excerpt":{"rendered":"<p>HandTalk Eleito o melhor aplicativo social do mundo pela ONU, o app Hand Talk traduz conte\u00fados para a Libras, L\u00edngua Brasileira de Sinais, que facilita a comunica\u00e7\u00e3o entre surdos e ouvintes. Android \/ IOS &nbsp; ProDeaf O ProDeaf M\u00f3vel \u00e9 primeiro aplicativo tradutor para a L\u00edngua Brasileira de Sinais. Com esta ferramenta de bolso \u00e9 [&hellip;]<\/p>\n","protected":false},"author":179,"featured_media":0,"parent":0,"menu_order":0,"comment_status":"open","ping_status":"closed","template":"","meta":{"footnotes":""},"class_list":["post-243","page","type-page","status-publish","hentry"],"_links":{"self":[{"href":"https:\/\/wp.ufpel.edu.br\/areadelibras\/wp-json\/wp\/v2\/pages\/243","targetHints":{"allow":["GET"]}}],"collection":[{"href":"https:\/\/wp.ufpel.edu.br\/areadelibras\/wp-json\/wp\/v2\/pages"}],"about":[{"href":"https:\/\/wp.ufpel.edu.br\/areadelibras\/wp-json\/wp\/v2\/types\/page"}],"author":[{"embeddable":true,"href":"https:\/\/wp.ufpel.edu.br\/areadelibras\/wp-json\/wp\/v2\/users\/179"}],"replies":[{"embeddable":true,"href":"https:\/\/wp.ufpel.edu.br\/areadelibras\/wp-json\/wp\/v2\/comments?post=243"}],"version-history":[{"count":3,"href":"https:\/\/wp.ufpel.edu.br\/areadelibras\/wp-json\/wp\/v2\/pages\/243\/revisions"}],"predecessor-version":[{"id":258,"href":"https:\/\/wp.ufpel.edu.br\/areadelibras\/wp-json\/wp\/v2\/pages\/243\/revisions\/258"}],"wp:attachment":[{"href":"https:\/\/wp.ufpel.edu.br\/areadelibras\/wp-json\/wp\/v2\/media?parent=243"}],"curies":[{"name":"wp","href":"https:\/\/api.w.org\/{rel}","templated":true}]}}