{"id":229,"date":"2014-09-05T21:18:14","date_gmt":"2014-09-06T00:18:14","guid":{"rendered":"https:\/\/wp.ufpel.edu.br\/areadelibras\/?page_id=229"},"modified":"2014-11-11T21:43:31","modified_gmt":"2014-11-11T23:43:31","slug":"concursos","status":"publish","type":"page","link":"https:\/\/wp.ufpel.edu.br\/areadelibras\/concursos\/","title":{"rendered":"Concursos"},"content":{"rendered":"<h2>Concurso UFPel<\/h2>\n<h4>\u00a0A UNIVERSIDADE FEDERAL DE PELOTAS, por meio da Coordena\u00e7\u00e3o de Processo de Sele\u00e7\u00e3o e<br \/>\nIngresso, torna p\u00fablico a\u00a0abertura de inscri\u00e7\u00f5es para provimento de cargo de docente, da<br \/>\ncarreira do Magist\u00e9rio Superior. S\u00e3o 03 vagas para Libras (Assistente ADE). Segue abaixo o link do edital.<\/h4>\n<h4><a href=\"http:\/\/concursos.ufpel.edu.br\/wp\/wp-content\/uploads\/2014\/09\/Edital-086-2014-Docente.pdf\">Confira o Edital<\/a><\/h4>\n<p>&nbsp;<\/p>\n<h2>Concurso IFSC<\/h2>\n<h4>\u00a0 Foi publicado desde 20 de agosto, o edital do concurso p\u00fablico para o Instituto Federal de Santa Catarina \u2013 IFSC, organizado pelo pr\u00f3prio Instituto.<\/h4>\n<h4>Ser\u00e3o 75 vagas para Professor em diversas \u00e1reas (com remunera\u00e7\u00e3o de at\u00e9 R$ 8.717,64), e 72 vagas para T\u00e9cnico Administrativo em Educa\u00e7\u00e3o (n\u00edvel m\u00e9dio e superior, com remunera\u00e7\u00e3o de at\u00e9 R$ 3.765,42).<\/h4>\n<h4>As inscri\u00e7\u00f5es devem ser feitas no site do <a href=\"http:\/\/www.ifsc.edu.br\/concursos?id=4232\">IFSC<\/a>, de 26 de agosto a 25 de setembro, com prova objetiva para o dia 19 de outubro.<\/h4>\n<h4><a href=\"http:\/\/www.ifsc.edu.br\/arquivos\/concurso\/2014\/Edital_42_2014_Publicacao_20_08_14.pdf\">Confira o Edital<\/a><\/h4>\n<p>&nbsp;<\/p>\n<p>&nbsp;<\/p>\n<h2>Tutor a dist\u00e2ncia na \u00e1rea de libras UFPEL<\/h2>\n<h4><a href=\"http:\/\/cead.ufpel.edu.br\/images\/stories\/edital_09_2014_td_clec_libras_04_09_14.pdf\">Confira o edital<\/a><\/h4>\n","protected":false},"excerpt":{"rendered":"<p>Concurso UFPel \u00a0A UNIVERSIDADE FEDERAL DE PELOTAS, por meio da Coordena\u00e7\u00e3o de Processo de Sele\u00e7\u00e3o e Ingresso, torna p\u00fablico a\u00a0abertura de inscri\u00e7\u00f5es para provimento de cargo de docente, da carreira do Magist\u00e9rio Superior. S\u00e3o 03 vagas para Libras (Assistente ADE). Segue abaixo o link do edital. Confira o Edital &nbsp; Concurso IFSC \u00a0 Foi publicado [&hellip;]<\/p>\n","protected":false},"author":179,"featured_media":0,"parent":0,"menu_order":0,"comment_status":"open","ping_status":"closed","template":"page-sem-sidebar.php","meta":{"footnotes":""},"class_list":["post-229","page","type-page","status-publish","hentry"],"_links":{"self":[{"href":"https:\/\/wp.ufpel.edu.br\/areadelibras\/wp-json\/wp\/v2\/pages\/229","targetHints":{"allow":["GET"]}}],"collection":[{"href":"https:\/\/wp.ufpel.edu.br\/areadelibras\/wp-json\/wp\/v2\/pages"}],"about":[{"href":"https:\/\/wp.ufpel.edu.br\/areadelibras\/wp-json\/wp\/v2\/types\/page"}],"author":[{"embeddable":true,"href":"https:\/\/wp.ufpel.edu.br\/areadelibras\/wp-json\/wp\/v2\/users\/179"}],"replies":[{"embeddable":true,"href":"https:\/\/wp.ufpel.edu.br\/areadelibras\/wp-json\/wp\/v2\/comments?post=229"}],"version-history":[{"count":4,"href":"https:\/\/wp.ufpel.edu.br\/areadelibras\/wp-json\/wp\/v2\/pages\/229\/revisions"}],"predecessor-version":[{"id":253,"href":"https:\/\/wp.ufpel.edu.br\/areadelibras\/wp-json\/wp\/v2\/pages\/229\/revisions\/253"}],"wp:attachment":[{"href":"https:\/\/wp.ufpel.edu.br\/areadelibras\/wp-json\/wp\/v2\/media?parent=229"}],"curies":[{"name":"wp","href":"https:\/\/api.w.org\/{rel}","templated":true}]}}