{"id":223,"date":"2014-09-05T21:16:22","date_gmt":"2014-09-06T00:16:22","guid":{"rendered":"https:\/\/wp.ufpel.edu.br\/areadelibras\/?page_id=223"},"modified":"2014-11-13T09:52:26","modified_gmt":"2014-11-13T11:52:26","slug":"monitoria","status":"publish","type":"page","link":"https:\/\/wp.ufpel.edu.br\/areadelibras\/monitoria\/","title":{"rendered":"Monitoria"},"content":{"rendered":"<h1 style=\"text-align: center\"><span style=\"color: #000000\">Monitoria de Libras<\/span><\/h1>\n<h1 style=\"text-align: center\"><span style=\"color: #000000\">Hor\u00e1rios<\/span><\/h1>\n<table style=\"height: 257px\" width=\"823\">\n<tbody>\n<tr>\n<td style=\"text-align: center\"><span style=\"font-family: arial, helvetica, sans-serif;font-size: 24pt;color: #ffffff;background-color: #9055b5\">Turnos<\/span><\/td>\n<td style=\"text-align: center\"><span style=\"font-family: arial, helvetica, sans-serif;font-size: 24pt;color: #ffffff;background-color: #9055b5\">Segunda<\/span><\/td>\n<td style=\"text-align: center\"><span style=\"font-family: arial, helvetica, sans-serif;font-size: 24pt;color: #ffffff;background-color: #9055b5\">Ter\u00e7a<\/span><\/td>\n<td style=\"text-align: center\"><span style=\"font-family: arial, helvetica, sans-serif;font-size: 24pt;color: #ffffff;background-color: #9055b5\">Quarta<\/span><\/td>\n<td style=\"text-align: center\"><span style=\"font-family: arial, helvetica, sans-serif;font-size: 24pt;color: #ffffff;background-color: #9055b5\">Quinta<\/span><\/td>\n<td style=\"text-align: center\"><span style=\"font-family: arial, helvetica, sans-serif;font-size: 24pt;color: #ffffff;background-color: #9055b5\">Sexta<\/span><\/td>\n<\/tr>\n<tr>\n<td style=\"text-align: center\"><span style=\"font-size: 24pt;color: #ffffff;background-color: #9055b5\">Manh\u00e3<\/span><\/td>\n<td style=\"text-align: center\"><span style=\"color: #000000;font-family: arial, helvetica, sans-serif;font-size: 18pt;background-color: #ff99cc\">08h \u00e1s 11h<\/span><\/td>\n<td style=\"text-align: center\"><span style=\"font-family: arial, helvetica, sans-serif;font-size: 18pt;color: #000000;background-color: #ff99cc\">08h \u00e1s 11h<\/span><\/td>\n<td style=\"text-align: center\"><span style=\"font-family: arial, helvetica, sans-serif;font-size: 18pt;color: #000000;background-color: #ff99cc\">08h \u00e1s 11h<\/span><\/td>\n<td style=\"text-align: center\"><span style=\"font-family: arial, helvetica, sans-serif;font-size: 18pt;color: #000000;background-color: #ff99cc\">08 \u00e1s 09h<\/span><\/td>\n<td style=\"text-align: center\"><span style=\"font-family: arial, helvetica, sans-serif;font-size: 18pt;color: #000000;background-color: #ff99cc\">08h \u00e1s 11h<\/span><\/td>\n<\/tr>\n<tr>\n<td style=\"text-align: center\"><span style=\"font-size: 24pt;color: #ffffff;background-color: #9055b5\">Tarde<\/span><\/td>\n<td style=\"text-align: center\"><span style=\"font-family: arial, helvetica, sans-serif;font-size: 18pt;color: #000000;background-color: #ff99cc\">14h \u00e1s 18h<\/span><\/td>\n<td style=\"text-align: center\"><span style=\"color: #000000\">\u00a0<\/span><\/td>\n<td style=\"text-align: center\"><span style=\"font-family: arial, helvetica, sans-serif;font-size: 18pt;color: #000000;background-color: #ff99cc\">16h \u00e1s 18h<\/span><\/td>\n<td style=\"text-align: center\"><span style=\"font-family: arial, helvetica, sans-serif;font-size: 18pt;color: #000000;background-color: #ff99cc\">14h \u00e1s 18h<\/span><\/td>\n<td style=\"text-align: center\"><span style=\"font-family: arial, helvetica, sans-serif;font-size: 18pt;color: #000000;background-color: #ff99cc\">14h \u00e1s 18h<\/span><\/td>\n<\/tr>\n<tr>\n<td style=\"text-align: center\"><span style=\"font-size: 24pt;color: #ffffff;background-color: #9055b5\">Noite<\/span><\/td>\n<td style=\"text-align: center\"><span style=\"color: #000000\">\u00a0<\/span><\/td>\n<td style=\"text-align: center\"><span style=\"color: #000000\">\u00a0<\/span><\/td>\n<td style=\"text-align: center\"><span style=\"font-family: arial, helvetica, sans-serif;font-size: 18pt;color: #000000;background-color: #ff99cc\">19h \u00e1s 22h<\/span><\/td>\n<td style=\"text-align: center\"><span style=\"color: #000000\">\u00a0<\/span><\/td>\n<td style=\"text-align: center\"><span style=\"font-family: arial, helvetica, sans-serif;font-size: 18pt;color: #000000;background-color: #ff99cc\">19h \u00e1s 22h<\/span><\/td>\n<\/tr>\n<\/tbody>\n<\/table>\n<p>&nbsp;<\/p>\n<p>&nbsp;<\/p>\n<p><span style=\"color: #000000\"><strong>Caroline Ferreira Pinheiro<\/strong><\/span><\/p>\n<p><span style=\"color: #000000\"><strong>6\u00ba semestre &#8211; Letras \u2013 Portugu\u00eas\/Literatura <\/strong><\/span><\/p>\n<p><span style=\"color: #000000\"><strong>CONTATOS: <\/strong><a style=\"color: #000000\" href=\"mailto:c.fpinheiro@hotmail.com\"><strong>c.fpinheiro@hotmail.com<\/strong><\/a><\/span><\/p>\n<p><span style=\"color: #000000\"><strong>(53) 91183107 <\/strong><\/span><\/p>\n","protected":false},"excerpt":{"rendered":"<p>Monitoria de Libras Hor\u00e1rios Turnos Segunda Ter\u00e7a Quarta Quinta Sexta Manh\u00e3 08h \u00e1s 11h 08h \u00e1s 11h 08h \u00e1s 11h 08 \u00e1s 09h 08h \u00e1s 11h Tarde 14h \u00e1s 18h \u00a0 16h \u00e1s 18h 14h \u00e1s 18h 14h \u00e1s 18h Noite \u00a0 \u00a0 19h \u00e1s 22h \u00a0 19h \u00e1s 22h &nbsp; &nbsp; Caroline Ferreira Pinheiro [&hellip;]<\/p>\n","protected":false},"author":179,"featured_media":0,"parent":0,"menu_order":0,"comment_status":"open","ping_status":"closed","template":"","meta":{"footnotes":""},"class_list":["post-223","page","type-page","status-publish","hentry"],"_links":{"self":[{"href":"https:\/\/wp.ufpel.edu.br\/areadelibras\/wp-json\/wp\/v2\/pages\/223","targetHints":{"allow":["GET"]}}],"collection":[{"href":"https:\/\/wp.ufpel.edu.br\/areadelibras\/wp-json\/wp\/v2\/pages"}],"about":[{"href":"https:\/\/wp.ufpel.edu.br\/areadelibras\/wp-json\/wp\/v2\/types\/page"}],"author":[{"embeddable":true,"href":"https:\/\/wp.ufpel.edu.br\/areadelibras\/wp-json\/wp\/v2\/users\/179"}],"replies":[{"embeddable":true,"href":"https:\/\/wp.ufpel.edu.br\/areadelibras\/wp-json\/wp\/v2\/comments?post=223"}],"version-history":[{"count":5,"href":"https:\/\/wp.ufpel.edu.br\/areadelibras\/wp-json\/wp\/v2\/pages\/223\/revisions"}],"predecessor-version":[{"id":387,"href":"https:\/\/wp.ufpel.edu.br\/areadelibras\/wp-json\/wp\/v2\/pages\/223\/revisions\/387"}],"wp:attachment":[{"href":"https:\/\/wp.ufpel.edu.br\/areadelibras\/wp-json\/wp\/v2\/media?parent=223"}],"curies":[{"name":"wp","href":"https:\/\/api.w.org\/{rel}","templated":true}]}}