{"id":110,"date":"2014-06-06T14:19:04","date_gmt":"2014-06-06T17:19:04","guid":{"rendered":"https:\/\/wp.ufpel.edu.br\/areadelibras\/?page_id=110"},"modified":"2014-09-05T21:12:10","modified_gmt":"2014-09-06T00:12:10","slug":"tutoriais","status":"publish","type":"page","link":"https:\/\/wp.ufpel.edu.br\/areadelibras\/tutoriais\/","title":{"rendered":"Tutoriais"},"content":{"rendered":"<p><strong><a href=\"#megaupload\">Como realizar o Download dos v\u00eddeos?<\/a><\/strong><\/p>\n<p><strong><a href=\"#vlc\">Meu computador\/notebook\/celular n\u00e3o abre os v\u00eddeos baixados. O que eu fa\u00e7o?<\/a><\/strong><\/p>\n<p><!--more--><\/p>\n<p><strong>Downloads<\/strong><\/p>\n<p>Todos os v\u00eddeos est\u00e3o dispon\u00edveis para download em formato AVI ou FLV. Os links est\u00e3o dispon\u00edveis tanto nas p\u00e1ginas das videoaulas como em um link organizado chamado DOWNLOAD. Em caso de d\u00favidas siga as imagens abaixo.<\/p>\n<p><a href=\"https:\/\/wp.ufpel.edu.br\/areadelibras\/files\/2014\/06\/d.jpg\"><img class=\"aligncenter size-full wp-image-189\" src=\"https:\/\/wp.ufpel.edu.br\/areadelibras\/files\/2014\/06\/d.jpg\" alt=\"d\" width=\"714\" height=\"604\" srcset=\"https:\/\/wp.ufpel.edu.br\/areadelibras\/files\/2014\/06\/d.jpg 714w, https:\/\/wp.ufpel.edu.br\/areadelibras\/files\/2014\/06\/d-300x253.jpg 300w\" sizes=\"(max-width: 714px) 100vw, 714px\" \/><\/a><\/p>\n<p style=\"text-align: center\">V\u00e1 at\u00e9 aba \u00a0Videoaulas e depois clique uma vez em cima de DOWNLOADS<\/p>\n<p style=\"text-align: center\"><a href=\"https:\/\/wp.ufpel.edu.br\/areadelibras\/files\/2014\/06\/d2.jpg\"><img class=\"aligncenter size-full wp-image-190\" src=\"https:\/\/wp.ufpel.edu.br\/areadelibras\/files\/2014\/06\/d2.jpg\" alt=\"d2\" width=\"747\" height=\"507\" srcset=\"https:\/\/wp.ufpel.edu.br\/areadelibras\/files\/2014\/06\/d2.jpg 747w, https:\/\/wp.ufpel.edu.br\/areadelibras\/files\/2014\/06\/d2-300x203.jpg 300w\" sizes=\"(max-width: 747px) 100vw, 747px\" \/><\/a><\/p>\n<p style=\"text-align: center\">Feito isso, clique na categoria de v\u00eddeos que deseja descarregar. \u00a0Voc\u00ea ser\u00e1 direcionado para uma outra p\u00e1gina(Megaupload).<\/p>\n<p style=\"text-align: center\">* Se estiver tentando baixar atrav\u00e9s da internet oferecida no campus a p\u00e1gina pode ficar indispon\u00edvel devido ao proxy interno da \u00a0ufpel ser fechado. Neste caso ser\u00e1 solicitado que entre em contato com o provedor da ufpel para liberar.<\/p>\n<p>&nbsp;<\/p>\n<p><a href=\"https:\/\/wp.ufpel.edu.br\/areadelibras\/files\/2014\/06\/mega.png\"><img class=\"aligncenter size-full wp-image-132\" src=\"https:\/\/wp.ufpel.edu.br\/areadelibras\/files\/2014\/06\/mega.png\" alt=\"mega\" width=\"555\" height=\"432\" srcset=\"https:\/\/wp.ufpel.edu.br\/areadelibras\/files\/2014\/06\/mega.png 555w, https:\/\/wp.ufpel.edu.br\/areadelibras\/files\/2014\/06\/mega-300x233.png 300w\" sizes=\"(max-width: 555px) 100vw, 555px\" \/><\/a><\/p>\n<p style=\"text-align: center\">\u00a0Com 2 cliques escolha a pasta do formato que deseja baixar os v\u00eddeos.(AVI, FLV, Mov&#8230;)<\/p>\n<p><a href=\"https:\/\/wp.ufpel.edu.br\/areadelibras\/files\/2014\/06\/mega-2.png\"><img class=\"aligncenter size-full wp-image-129\" src=\"https:\/\/wp.ufpel.edu.br\/areadelibras\/files\/2014\/06\/mega-2.png\" alt=\"mega 2\" width=\"555\" height=\"433\" srcset=\"https:\/\/wp.ufpel.edu.br\/areadelibras\/files\/2014\/06\/mega-2.png 555w, https:\/\/wp.ufpel.edu.br\/areadelibras\/files\/2014\/06\/mega-2-300x234.png 300w\" sizes=\"(max-width: 555px) 100vw, 555px\" \/><\/a><\/p>\n<p style=\"text-align: center\">\u00a0Escolha a pasta da v\u00eddeo aula desejada.<\/p>\n<p><a href=\"https:\/\/wp.ufpel.edu.br\/areadelibras\/files\/2014\/06\/mega-3.png\"><img class=\"aligncenter size-full wp-image-130\" src=\"https:\/\/wp.ufpel.edu.br\/areadelibras\/files\/2014\/06\/mega-3.png\" alt=\"mega 3\" width=\"554\" height=\"433\" srcset=\"https:\/\/wp.ufpel.edu.br\/areadelibras\/files\/2014\/06\/mega-3.png 554w, https:\/\/wp.ufpel.edu.br\/areadelibras\/files\/2014\/06\/mega-3-300x234.png 300w\" sizes=\"(max-width: 554px) 100vw, 554px\" \/><\/a><\/p>\n<p style=\"text-align: center\">\u00a0Espere o download completar. Na parte inferior da tela ser\u00e1 mostrado o processo. Logo em seguida uma janela deve abrir perguntando onde salvar.<\/p>\n<p><a href=\"https:\/\/wp.ufpel.edu.br\/areadelibras\/files\/2014\/06\/mega-4.png\"><img class=\"aligncenter size-full wp-image-131\" src=\"https:\/\/wp.ufpel.edu.br\/areadelibras\/files\/2014\/06\/mega-4.png\" alt=\"mega 4\" width=\"442\" height=\"371\" srcset=\"https:\/\/wp.ufpel.edu.br\/areadelibras\/files\/2014\/06\/mega-4.png 442w, https:\/\/wp.ufpel.edu.br\/areadelibras\/files\/2014\/06\/mega-4-300x251.png 300w\" sizes=\"(max-width: 442px) 100vw, 442px\" \/><\/a><\/p>\n<p>&nbsp;<\/p>\n<p id=\"vlc\"><strong>Programas \u00fateis<\/strong><\/p>\n<p>Caso seu computador n\u00e3o abriu um dos formatos de v\u00eddeo, tente primeiro verificar se baixou o formato AVI(mais gen\u00e9rico, qualquer computador\/tablet\/celular deve conseguir ler.). Ou se preferir pode utilizar um programa chamado VLC Player. Abaixo est\u00e3o os links dispon\u00edveis para a sua m\u00e1quina:<\/p>\n<p>Para <a href=\"http:\/\/www.videolan.org\/vlc\/\" target=\"_blank\">Windows\/Linux\/Mac<\/a> ou <a href=\"https:\/\/play.google.com\/store\/apps\/details?id=org.videolan.vlc.betav7neon&amp;hl=pt_BR\" target=\"_blank\">Android<\/a>\/<a href=\"https:\/\/itunes.apple.com\/app\/vlc-ios\/id650377962\" target=\"_blank\">IOS<\/a><\/p>\n<p>O Megaupload tamb\u00e9m oferece um app gratuito para <a href=\"https:\/\/play.google.com\/store\/apps\/details?id=com.flyingottersoftware.mega\" target=\"_blank\">android<\/a>\/<a href=\"https:\/\/itunes.apple.com\/app\/mega\/id706857885\" target=\"_blank\">IOS<\/a>\/<a href=\"http:\/\/appworld.blackberry.com\/webstore\/content\/46810890\/?countrycode=BR&amp;lang=en\" target=\"_blank\">BLACKBERRY<\/a> para facilitar o download atrav\u00e9s de celulares e tablets. \u00a0<a href=\"https:\/\/mega.co.nz\/#mobile\" target=\"_blank\">Este \u00e9 o LINK!<\/a><\/p>\n<p>&nbsp;<\/p>\n","protected":false},"excerpt":{"rendered":"<p>Como realizar o Download dos v\u00eddeos? Meu computador\/notebook\/celular n\u00e3o abre os v\u00eddeos baixados. O que eu fa\u00e7o?<\/p>\n","protected":false},"author":179,"featured_media":0,"parent":0,"menu_order":0,"comment_status":"closed","ping_status":"closed","template":"","meta":{"footnotes":""},"class_list":["post-110","page","type-page","status-publish","hentry"],"_links":{"self":[{"href":"https:\/\/wp.ufpel.edu.br\/areadelibras\/wp-json\/wp\/v2\/pages\/110","targetHints":{"allow":["GET"]}}],"collection":[{"href":"https:\/\/wp.ufpel.edu.br\/areadelibras\/wp-json\/wp\/v2\/pages"}],"about":[{"href":"https:\/\/wp.ufpel.edu.br\/areadelibras\/wp-json\/wp\/v2\/types\/page"}],"author":[{"embeddable":true,"href":"https:\/\/wp.ufpel.edu.br\/areadelibras\/wp-json\/wp\/v2\/users\/179"}],"replies":[{"embeddable":true,"href":"https:\/\/wp.ufpel.edu.br\/areadelibras\/wp-json\/wp\/v2\/comments?post=110"}],"version-history":[{"count":13,"href":"https:\/\/wp.ufpel.edu.br\/areadelibras\/wp-json\/wp\/v2\/pages\/110\/revisions"}],"predecessor-version":[{"id":210,"href":"https:\/\/wp.ufpel.edu.br\/areadelibras\/wp-json\/wp\/v2\/pages\/110\/revisions\/210"}],"wp:attachment":[{"href":"https:\/\/wp.ufpel.edu.br\/areadelibras\/wp-json\/wp\/v2\/media?parent=110"}],"curies":[{"name":"wp","href":"https:\/\/api.w.org\/{rel}","templated":true}]}}