{"id":6,"date":"2023-08-25T15:42:04","date_gmt":"2023-08-25T18:42:04","guid":{"rendered":"https:\/\/wp.ufpel.edu.br\/aqualtunenibi\/?page_id=6"},"modified":"2023-08-25T15:42:04","modified_gmt":"2023-08-25T18:42:04","slug":"objetivo","status":"publish","type":"page","link":"https:\/\/wp.ufpel.edu.br\/aqualtunenibi\/objetivo\/","title":{"rendered":"Objetivo"},"content":{"rendered":"<p>Promover um espa\u00e7o de discuss\u00e3o e reflex\u00e3o que re\u00fana diferentes perspectivas te\u00f3ricas e pol\u00edticas em torno do antirracismo, feminismo negro e mulherismo africano, com o intuito de estimular reflex\u00f5es sobre a sociedade que vivemos e todas as interse\u00e7\u00f5es que enfrentamos, assim como a necessidade de forma\u00e7\u00e3o de novas redes intelectuais na produ\u00e7\u00e3o do conhecimento e publicizar estas constru\u00e7\u00f5es.<\/p>\n","protected":false},"excerpt":{"rendered":"<p>Promover um espa\u00e7o de discuss\u00e3o e reflex\u00e3o que re\u00fana diferentes perspectivas te\u00f3ricas e pol\u00edticas em torno do antirracismo, feminismo negro e mulherismo africano, com o intuito de estimular reflex\u00f5es sobre a sociedade que vivemos e todas as interse\u00e7\u00f5es que enfrentamos, assim como a necessidade de forma\u00e7\u00e3o de novas redes intelectuais na produ\u00e7\u00e3o do conhecimento e&#8230; <\/p>\n<div class=\"link-more\"><a href=\"https:\/\/wp.ufpel.edu.br\/aqualtunenibi\/objetivo\/\">Leia mais<\/a><\/div>\n","protected":false},"author":1313,"featured_media":0,"parent":0,"menu_order":0,"comment_status":"closed","ping_status":"closed","template":"","meta":{"footnotes":""},"class_list":["post-6","page","type-page","status-publish","hentry"],"_links":{"self":[{"href":"https:\/\/wp.ufpel.edu.br\/aqualtunenibi\/wp-json\/wp\/v2\/pages\/6","targetHints":{"allow":["GET"]}}],"collection":[{"href":"https:\/\/wp.ufpel.edu.br\/aqualtunenibi\/wp-json\/wp\/v2\/pages"}],"about":[{"href":"https:\/\/wp.ufpel.edu.br\/aqualtunenibi\/wp-json\/wp\/v2\/types\/page"}],"author":[{"embeddable":true,"href":"https:\/\/wp.ufpel.edu.br\/aqualtunenibi\/wp-json\/wp\/v2\/users\/1313"}],"replies":[{"embeddable":true,"href":"https:\/\/wp.ufpel.edu.br\/aqualtunenibi\/wp-json\/wp\/v2\/comments?post=6"}],"version-history":[{"count":1,"href":"https:\/\/wp.ufpel.edu.br\/aqualtunenibi\/wp-json\/wp\/v2\/pages\/6\/revisions"}],"predecessor-version":[{"id":8,"href":"https:\/\/wp.ufpel.edu.br\/aqualtunenibi\/wp-json\/wp\/v2\/pages\/6\/revisions\/8"}],"wp:attachment":[{"href":"https:\/\/wp.ufpel.edu.br\/aqualtunenibi\/wp-json\/wp\/v2\/media?parent=6"}],"curies":[{"name":"wp","href":"https:\/\/api.w.org\/{rel}","templated":true}]}}