{"id":25,"date":"2023-08-25T16:02:01","date_gmt":"2023-08-25T19:02:01","guid":{"rendered":"https:\/\/wp.ufpel.edu.br\/aqualtunenibi\/?page_id=25"},"modified":"2023-08-31T17:59:29","modified_gmt":"2023-08-31T20:59:29","slug":"links-importantes","status":"publish","type":"page","link":"https:\/\/wp.ufpel.edu.br\/aqualtunenibi\/links-importantes\/","title":{"rendered":"Links"},"content":{"rendered":"<p>Formul\u00e1rio para inscri\u00e7\u00e3o.<\/p>\n<p>O Nome Aqualtune significa : Uma Guerreira estrategista.<\/p>\n<p>https:\/\/docs.google.com\/forms\/d\/e\/1FAIpQLSfWRFilhzcM39054AhV1RHfXalfCdAKixqFzEykpG3QQqsKTQ\/viewform?fbclid=IwAR1stlJ1cPaGg1rh758IuuoH9S993UWusdlHCU3QVNozIvNtr9TEPwtzWRM<\/p>\n","protected":false},"excerpt":{"rendered":"<p>Formul\u00e1rio para inscri\u00e7\u00e3o. O Nome Aqualtune significa : Uma Guerreira estrategista. https:\/\/docs.google.com\/forms\/d\/e\/1FAIpQLSfWRFilhzcM39054AhV1RHfXalfCdAKixqFzEykpG3QQqsKTQ\/viewform?fbclid=IwAR1stlJ1cPaGg1rh758IuuoH9S993UWusdlHCU3QVNozIvNtr9TEPwtzWRM<\/p>\n","protected":false},"author":1313,"featured_media":0,"parent":0,"menu_order":0,"comment_status":"closed","ping_status":"closed","template":"","meta":{"footnotes":""},"class_list":["post-25","page","type-page","status-publish","hentry"],"_links":{"self":[{"href":"https:\/\/wp.ufpel.edu.br\/aqualtunenibi\/wp-json\/wp\/v2\/pages\/25","targetHints":{"allow":["GET"]}}],"collection":[{"href":"https:\/\/wp.ufpel.edu.br\/aqualtunenibi\/wp-json\/wp\/v2\/pages"}],"about":[{"href":"https:\/\/wp.ufpel.edu.br\/aqualtunenibi\/wp-json\/wp\/v2\/types\/page"}],"author":[{"embeddable":true,"href":"https:\/\/wp.ufpel.edu.br\/aqualtunenibi\/wp-json\/wp\/v2\/users\/1313"}],"replies":[{"embeddable":true,"href":"https:\/\/wp.ufpel.edu.br\/aqualtunenibi\/wp-json\/wp\/v2\/comments?post=25"}],"version-history":[{"count":6,"href":"https:\/\/wp.ufpel.edu.br\/aqualtunenibi\/wp-json\/wp\/v2\/pages\/25\/revisions"}],"predecessor-version":[{"id":46,"href":"https:\/\/wp.ufpel.edu.br\/aqualtunenibi\/wp-json\/wp\/v2\/pages\/25\/revisions\/46"}],"wp:attachment":[{"href":"https:\/\/wp.ufpel.edu.br\/aqualtunenibi\/wp-json\/wp\/v2\/media?parent=25"}],"curies":[{"name":"wp","href":"https:\/\/api.w.org\/{rel}","templated":true}]}}