{"id":19,"date":"2023-08-25T16:00:47","date_gmt":"2023-08-25T19:00:47","guid":{"rendered":"https:\/\/wp.ufpel.edu.br\/aqualtunenibi\/?page_id=19"},"modified":"2023-08-29T14:58:51","modified_gmt":"2023-08-29T17:58:51","slug":"equipe","status":"publish","type":"page","link":"https:\/\/wp.ufpel.edu.br\/aqualtunenibi\/equipe\/","title":{"rendered":"Equipe"},"content":{"rendered":"<p>Coordenadora : Janaize Batalha Neves<\/p>\n<p>Aluna respons\u00e1vel : D\u00e9bora Ara\u00fajo de Souza<\/p>\n","protected":false},"excerpt":{"rendered":"<p>Coordenadora : Janaize Batalha Neves Aluna respons\u00e1vel : D\u00e9bora Ara\u00fajo de Souza<\/p>\n","protected":false},"author":1313,"featured_media":0,"parent":0,"menu_order":0,"comment_status":"closed","ping_status":"closed","template":"","meta":{"footnotes":""},"class_list":["post-19","page","type-page","status-publish","hentry"],"_links":{"self":[{"href":"https:\/\/wp.ufpel.edu.br\/aqualtunenibi\/wp-json\/wp\/v2\/pages\/19","targetHints":{"allow":["GET"]}}],"collection":[{"href":"https:\/\/wp.ufpel.edu.br\/aqualtunenibi\/wp-json\/wp\/v2\/pages"}],"about":[{"href":"https:\/\/wp.ufpel.edu.br\/aqualtunenibi\/wp-json\/wp\/v2\/types\/page"}],"author":[{"embeddable":true,"href":"https:\/\/wp.ufpel.edu.br\/aqualtunenibi\/wp-json\/wp\/v2\/users\/1313"}],"replies":[{"embeddable":true,"href":"https:\/\/wp.ufpel.edu.br\/aqualtunenibi\/wp-json\/wp\/v2\/comments?post=19"}],"version-history":[{"count":3,"href":"https:\/\/wp.ufpel.edu.br\/aqualtunenibi\/wp-json\/wp\/v2\/pages\/19\/revisions"}],"predecessor-version":[{"id":38,"href":"https:\/\/wp.ufpel.edu.br\/aqualtunenibi\/wp-json\/wp\/v2\/pages\/19\/revisions\/38"}],"wp:attachment":[{"href":"https:\/\/wp.ufpel.edu.br\/aqualtunenibi\/wp-json\/wp\/v2\/media?parent=19"}],"curies":[{"name":"wp","href":"https:\/\/api.w.org\/{rel}","templated":true}]}}