{"id":8,"date":"2020-06-05T15:44:45","date_gmt":"2020-06-05T18:44:45","guid":{"rendered":"https:\/\/wp.ufpel.edu.br\/appsaude\/?page_id=8"},"modified":"2021-01-11T14:36:48","modified_gmt":"2021-01-11T17:36:48","slug":"creditos","status":"publish","type":"page","link":"https:\/\/wp.ufpel.edu.br\/appsaude\/creditos\/","title":{"rendered":"Cr\u00e9ditos"},"content":{"rendered":"<p style=\"text-align: justify\"><img loading=\"lazy\" decoding=\"async\" class=\" wp-image-171 alignleft\" src=\"https:\/\/wp.ufpel.edu.br\/appsaude\/files\/2020\/07\/APP_Sau\u0301de_creditos-07-07-400x177.png\" alt=\"\" width=\"342\" height=\"153\" \/><\/p>\n<p style=\"text-align: justify\"><a href=\"https:\/\/wp.ufpel.edu.br\/cmaisc\/\"><b>Grupo Cidade+Contemporaneidade<\/b><\/a> |\u00a0 <a href=\"https:\/\/wp.ufpel.edu.br\/laburb\/\"><b>Laborat\u00f3rio de Urbanismo (LabUrb)<\/b><\/a> |\u00a0 <a href=\"https:\/\/wp.ufpel.edu.br\/faurb\/\"><b>Faculdade de Arquitetura e Urbanismo (FAUrb) <\/b><\/a>\u00a0 \u00a0|\u00a0 \u00a0<a href=\"https:\/\/wp.ufpel.edu.br\/prograu\/\"><b>Programa de P\u00f3s-gradua\u00e7\u00e3o em Arquitetura e Urbanismo (PROGRAU) | <\/b><\/a>\u00a0<a href=\"http:\/\/portal.ufpel.edu.br\/\"><b>Universidade Federal de Pelotas (UFPel)<\/b><\/a><\/p>\n<p>&nbsp;<\/p>\n<p style=\"text-align: justify\"><img loading=\"lazy\" decoding=\"async\" class=\"wp-image-173 alignleft\" src=\"https:\/\/wp.ufpel.edu.br\/appsaude\/files\/2020\/07\/APP_Sau\u0301de_creditos-07-09-1-400x168.png\" alt=\"\" width=\"348\" height=\"147\" srcset=\"https:\/\/wp.ufpel.edu.br\/appsaude\/files\/2020\/07\/APP_Sau\u0301de_creditos-07-09-1-400x168.png 400w, https:\/\/wp.ufpel.edu.br\/appsaude\/files\/2020\/07\/APP_Sau\u0301de_creditos-07-09-1-1024x431.png 1024w, https:\/\/wp.ufpel.edu.br\/appsaude\/files\/2020\/07\/APP_Sau\u0301de_creditos-07-09-1-768x323.png 768w, https:\/\/wp.ufpel.edu.br\/appsaude\/files\/2020\/07\/APP_Sau\u0301de_creditos-07-09-1-1536x646.png 1536w, https:\/\/wp.ufpel.edu.br\/appsaude\/files\/2020\/07\/APP_Sau\u0301de_creditos-07-09-1-2048x861.png 2048w\" sizes=\"auto, (max-width: 348px) 100vw, 348px\" \/><\/p>\n<p style=\"text-align: justify\"><a href=\"http:\/\/lattes.cnpq.br\/9332213170968875\"><strong>Bianca Ramires<\/strong><\/a> ;\u00a0<a href=\"http:\/\/lattes.cnpq.br\/5240476521295460\"><strong>Carolina Clasen<\/strong><\/a> ;\u00a0<a href=\"http:\/\/lattes.cnpq.br\/6927803856702261\"><strong>Eduardo Rocha<\/strong><\/a> <a href=\"http:\/\/lattes.cnpq.br\/1523111032869374\"><strong>Isabella Maricatto<\/strong><\/a> ;\u00a0<a href=\"http:\/\/lattes.cnpq.br\/9501050155629424\"><strong>Juan Manuel Diez Tetamanti<\/strong><\/a> <a href=\"http:\/\/lattes.cnpq.br\/6006656146616887\"><strong>Lorena Maia Resende<\/strong><\/a> ; <strong><a href=\"http:\/\/lattes.cnpq.br\/5251871279558601\">Mauricio Polidori<\/a><\/strong> ;\u00a0 <a href=\"http:\/\/lattes.cnpq.br\/1703526475128461\"><strong>Luana Pavan Detoni <\/strong><\/a>; <a href=\"http:\/\/lattes.cnpq.br\/3623706033011018\"><strong>Ot\u00e1vio Martins Peres<\/strong><\/a> ; <a href=\"https:\/\/wwws.cnpq.br\/cvlattesweb\/PKG_MENU.menu?f_cod=5ACEC7103A2E561521346B2F5734332D#\"><strong>Rafael Dias Oliveira<\/strong><\/a><\/p>\n<p>&nbsp;<\/p>\n<p><img loading=\"lazy\" decoding=\"async\" class=\"wp-image-172 alignleft\" src=\"https:\/\/wp.ufpel.edu.br\/appsaude\/files\/2020\/07\/APP_Sau\u0301de_creditos-07-08-1-400x286.png\" alt=\"\" width=\"362\" height=\"260\" srcset=\"https:\/\/wp.ufpel.edu.br\/appsaude\/files\/2020\/07\/APP_Sau\u0301de_creditos-07-08-1-400x286.png 400w, https:\/\/wp.ufpel.edu.br\/appsaude\/files\/2020\/07\/APP_Sau\u0301de_creditos-07-08-1-1536x1097.png 1536w, https:\/\/wp.ufpel.edu.br\/appsaude\/files\/2020\/07\/APP_Sau\u0301de_creditos-07-08-1-2048x1463.png 2048w\" sizes=\"auto, (max-width: 362px) 100vw, 362px\" \/><\/p>\n<p>&nbsp;<\/p>\n<p style=\"text-align: justify\"><a href=\"http:\/\/geografiayaccion.org\/\"><strong>Grupo de Investigaci\u00f3n Geograf\u00eda Acci\u00f3n y Territorio del Instituto de Investigaciones Geogr\u00e1ficas de la Patagonia. Facultad de Humanidades y Ciencias Sociales.<\/strong><\/a> |\u00a0<a href=\"http:\/\/w.unp.edu.ar\/\"><b>Universidad Nacional de la Patagonia San Juan Bosco (UNPSJB)<\/b><\/a><\/p>\n<p><img loading=\"lazy\" decoding=\"async\" class=\"alignleft wp-image-174 \" src=\"https:\/\/wp.ufpel.edu.br\/appsaude\/files\/2020\/07\/APP_Sau\u0301de_creditos-07-10-1-400x192.png\" alt=\"\" width=\"342\" height=\"163\" srcset=\"https:\/\/wp.ufpel.edu.br\/appsaude\/files\/2020\/07\/APP_Sau\u0301de_creditos-07-10-1-400x192.png 400w, https:\/\/wp.ufpel.edu.br\/appsaude\/files\/2020\/07\/APP_Sau\u0301de_creditos-07-10-1-1024x491.png 1024w, https:\/\/wp.ufpel.edu.br\/appsaude\/files\/2020\/07\/APP_Sau\u0301de_creditos-07-10-1-768x369.png 768w, https:\/\/wp.ufpel.edu.br\/appsaude\/files\/2020\/07\/APP_Sau\u0301de_creditos-07-10-1-1536x737.png 1536w, https:\/\/wp.ufpel.edu.br\/appsaude\/files\/2020\/07\/APP_Sau\u0301de_creditos-07-10-1-2048x983.png 2048w\" sizes=\"auto, (max-width: 342px) 100vw, 342px\" \/><\/p>\n<p>&nbsp;<\/p>\n<p>&nbsp;<\/p>\n<p>&nbsp;<\/p>\n<p>&nbsp;<\/p>\n<p style=\"text-align: justify\"><a href=\"https:\/\/wp.ufpel.edu.br\/covid19\/\"><b>Comit\u00ea Covid-19 UFPel <\/b><\/a>\u00a0| <strong><a href=\"https:\/\/wp.ufpel.edu.br\/redelab\/\">REDELAB<\/a><\/strong> | <a href=\"https:\/\/wp.ufpel.edu.br\/labcom\/\"><b>Laborat\u00f3rio de Estudos Comportamentais (LabCom)<\/b><\/a><\/p>\n","protected":false},"excerpt":{"rendered":"<p>Grupo Cidade+Contemporaneidade |\u00a0 Laborat\u00f3rio de Urbanismo (LabUrb) |\u00a0 Faculdade de Arquitetura e Urbanismo (FAUrb) \u00a0 \u00a0|\u00a0 \u00a0Programa de P\u00f3s-gradua\u00e7\u00e3o em Arquitetura e Urbanismo (PROGRAU) | \u00a0Universidade Federal de Pelotas (UFPel) &nbsp; Bianca Ramires ;\u00a0Carolina Clasen ;\u00a0Eduardo Rocha Isabella Maricatto ;\u00a0Juan Manuel Diez Tetamanti Lorena Maia Resende ; Mauricio Polidori ;\u00a0 Luana Pavan Detoni ; Ot\u00e1vio&hellip;<\/p>\n","protected":false},"author":716,"featured_media":0,"parent":0,"menu_order":0,"comment_status":"closed","ping_status":"closed","template":"","meta":{"footnotes":""},"class_list":["post-8","page","type-page","status-publish","hentry"],"_links":{"self":[{"href":"https:\/\/wp.ufpel.edu.br\/appsaude\/wp-json\/wp\/v2\/pages\/8","targetHints":{"allow":["GET"]}}],"collection":[{"href":"https:\/\/wp.ufpel.edu.br\/appsaude\/wp-json\/wp\/v2\/pages"}],"about":[{"href":"https:\/\/wp.ufpel.edu.br\/appsaude\/wp-json\/wp\/v2\/types\/page"}],"author":[{"embeddable":true,"href":"https:\/\/wp.ufpel.edu.br\/appsaude\/wp-json\/wp\/v2\/users\/716"}],"replies":[{"embeddable":true,"href":"https:\/\/wp.ufpel.edu.br\/appsaude\/wp-json\/wp\/v2\/comments?post=8"}],"version-history":[{"count":21,"href":"https:\/\/wp.ufpel.edu.br\/appsaude\/wp-json\/wp\/v2\/pages\/8\/revisions"}],"predecessor-version":[{"id":159,"href":"https:\/\/wp.ufpel.edu.br\/appsaude\/wp-json\/wp\/v2\/pages\/8\/revisions\/159"}],"wp:attachment":[{"href":"https:\/\/wp.ufpel.edu.br\/appsaude\/wp-json\/wp\/v2\/media?parent=8"}],"curies":[{"name":"wp","href":"https:\/\/api.w.org\/{rel}","templated":true}]}}