{"id":4,"date":"2015-03-18T11:33:30","date_gmt":"2015-03-18T14:33:30","guid":{"rendered":"https:\/\/wp.ufpel.edu.br\/apldoces\/?page_id=4"},"modified":"2015-08-28T15:42:41","modified_gmt":"2015-08-28T18:42:41","slug":"quem_somos","status":"publish","type":"page","link":"https:\/\/wp.ufpel.edu.br\/apldoces\/quem_somos\/","title":{"rendered":"Quem somos"},"content":{"rendered":"<p><a title=\"inicio\" name=\"inicio\"><\/a><\/p>\n<p><img loading=\"lazy\" decoding=\"async\" class=\"size-full wp-image-75 alignnone\" style=\"border: 0px;margin: 0px\" src=\"https:\/\/wp.ufpel.edu.br\/labserg\/files\/2015\/01\/projeto_extensao_apldoces_header_645x150.jpg\" alt=\"\" width=\"645\" height=\"150\" \/><\/p>\n<p><!-- informa\u00e7\u00f5es iniciais in\u00edcio --><\/p>\n<div class=\"bodytext_justify\">A cidade de Pelotas \u00e9 conhecida como a capital do doce. Sua tradi\u00e7\u00e3o est\u00e1 presente h\u00e1 d\u00e9cadas e emprega muitas pessoas por interm\u00e9dio de micro e pequenas empresas que se espalham pelos bairros da cidade. A presente proposta visa contribuir na promo\u00e7\u00e3o de a\u00e7\u00f5es de apoio aos grupos produtivos da fabrica\u00e7\u00e3o de doces na regi\u00e3o, buscando a valoriza\u00e7\u00e3o dos saberes e da cultura local, de forma a contribuir com a sustentabilidade econ\u00f4mica e no fortalecimento das empresas do setor. Ao mesmo tempo, a proposta procura potencializar a capacidade gerencial na ind\u00fastria de doces de Pelotas recorrendo da capacita\u00e7\u00e3o, gest\u00e3o de conhecimento e desenvolvimento tecnol\u00f3gico em pr\u00f3 da inova\u00e7\u00e3o e agrega\u00e7\u00e3o de valor. A unidade de caso da proposta est\u00e1 alicer\u00e7ada no Arranjo Produtivo Local dos Doces, que \u00e9 composto por produtores (micro, pequenas e m\u00e9dias empresas), em sua grande maioria de origem familiar, ligadas ou n\u00e3o a Associa\u00e7\u00e3o dos Produtores de Doces de Pelotas. O foco do arranjo ficou associado \u00e0 fabrica\u00e7\u00e3o e certifica\u00e7\u00e3o dos doces. O projeto est\u00e1 associado \u00e0 iniciativas do <a href=\"https:\/\/wp.ufpel.edu.br\/nipep\/\" target=\"_blank\">N\u00facleo de Inova\u00e7\u00e3o e Pesquisa em Engenharia de Produ\u00e7\u00e3o<\/a> (<a href=\"https:\/\/wp.ufpel.edu.br\/nipep\/\" target=\"_blank\">NIPEP<\/a>). Acompanhe este espa\u00e7o e fique a par de nossas a\u00e7\u00f5es.<\/div>\n<div class=\"bodytext_left\">1. <a href=\"#secao1\">Dados do projeto<\/a><\/div>\n<div class=\"bodytext_left\">2. <a href=\"#secao2\">Colaboradores no projeto<\/a><\/div>\n<div class=\"bodytext_left\">3. <a href=\"#secao3\">Empresas parceiras<\/a><\/div>\n<p><!-- informa\u00e7\u00f5es inciais fim --><br \/>\n<!-- equipe in\u00edcio--><\/p>\n<div class=\"bodytext_left\"><a title=\"secao1\" name=\"secao1\"><\/a>&#8230;&#8230;&#8230;&#8230;&#8230;&#8230;&#8230;&#8230;&#8230;&#8230;&#8230;&#8230;&#8230;&#8230;&#8230;&#8230;&#8230;&#8230;&#8230;&#8230;&#8230;&#8230;&#8230;&#8230;&#8230;&#8230;&#8230;&#8230;&#8230;&#8230;&#8230;&#8230;&#8230;&#8230;&#8230;&#8230;&#8230;&#8230;&#8230;&#8230;&#8230;&#8230;&#8230;&#8230;&#8230;&#8230;&#8230;&#8230;&#8230;&#8230;&#8230;&#8230;..<\/div>\n<div class=\"bodytext_left\">1. <strong>Dados do Projeto<\/strong><\/div>\n<div class=\"bodytext_left\"><b>T\u00edtulo do Projeto<\/b>:<\/div>\n<div class=\"bodytext_left\">Arranjo Produtivo Local (APL) Doces da cidade de Pelotas: promovendo melhorias por meio da inova\u00e7\u00e3o de produtos e processos<\/div>\n<div class=\"bodytext_left\"><b>Objetivos (Gerais e Espec\u00edficos)<\/b>:<\/div>\n<div class=\"bodytext_justify\"><b>Objetivo Geral<\/b>:<\/div>\n<div class=\"bodytext_justify\">Por meio desse projeto pretende-se alcan\u00e7ar o seguinte objetivo: promover a\u00e7\u00f5es de melhorias nos processos e produtos no setor doceiro da cidade de Pelotas. O projeto est\u00e1 associado \u00e0 iniciativas do N\u00facleo de Inova\u00e7\u00e3o e Pesquisa em Engenharia de Produ\u00e7\u00e3o (NIPEP).<\/div>\n<div class=\"bodytext_justify\"><b>Objetivos Espec\u00edficos<\/b>:<\/div>\n<div class=\"bodytext_justify\">a. Promover a inova\u00e7\u00e3o da ind\u00fastria de doces de Pelotas atrav\u00e9s de APL focado em rede, da capacita\u00e7\u00e3o, da promo\u00e7\u00e3o da experimenta\u00e7\u00e3o e do acesso a novos mercados.<\/div>\n<div class=\"bodytext_justify\">b. Fortalecer a parceria entre a UFPel e a associa\u00e7\u00e3o dos produtores de doces de Pelotas de forma a apoiar o desenvolvimento regional;<\/div>\n<div class=\"bodytext_justify\">c. Inserir os alunos, professores, de diversas \u00e1reas das Engenharias e \u00e1reas afins ao projeto, no contexto da comunidade local de Pelotas visando a troca de conhecimentos entre a universidade e as empresas;<\/div>\n<div class=\"bodytext_justify\">d. Cooperar para o desenvolvimento da economia solid\u00e1ria no APL do Doce, com vistas a gerar trabalho e renda por meio da organiza\u00e7\u00e3o de atividades econ\u00f4micas na forma coletiva, associativa e cooperativa;<\/div>\n<div class=\"bodytext_justify\">e. Formar uma identidade para o APL Doces de Pelotas, visto que atualmente n\u00e3o possu\u00edmos uma forma\u00e7\u00e3o reconhecida na cidade e regi\u00e3o;<\/div>\n<div class=\"bodytext_justify\">f. Fornecer aos empreendedores do APL do Doce de Pelotas subs\u00eddios para gerenciar seus neg\u00f3cios de forma mais eficiente, segura, saud\u00e1vel e com garantia de maior sobrevida.<\/div>\n<div class=\"bodytext_left\"><b>Justificativa\/Relev\u00e2ncia<\/b>:<\/div>\n<div class=\"bodytext_justify\">O grupo social relacionado ao projeto distribui-se em discentes da Universidade (p\u00fablico interno) e crian\u00e7as da comunidade local, sendo alunos de escolas de ensino fundamental da cidade (p\u00fablico externo). A a\u00e7\u00e3o possui grande import\u00e2ncia para o p\u00fablico interno da Universidade, pois insere este no contexto do tema Sa\u00fade e Seguran\u00e7a e o prepara para consider\u00e1-lo no dia em que ingressar no mercado de trabalho. Relativamente ao grupo externo, a a\u00e7\u00e3o possui import\u00e2ncia no momento em que busca compreender os sujeitos e suas demandas no \u00e2mbito da sua territorializa\u00e7\u00e3o social do tema Sa\u00fade e Seguran\u00e7a, permitindo a\u00e7\u00f5es coerentes com sua realidade. Em ambos os casos as a\u00e7\u00f5es contribuem para a melhoria na cultura de Sa\u00fade e Seguran\u00e7a e redu\u00e7\u00e3o nos custos sociais das doen\u00e7as ocupacionais e dos acidentes de trabalho.<\/div>\n<div class=\"bodytext_left\"><b>Metodologia<\/b>:<\/div>\n<div class=\"bodytext_justify\">Haver\u00e1 uma s\u00e9rie de atividades que ocorrer\u00e3o com certo n\u00edvel de sobreposi\u00e7\u00e3o. As fases iniciais do projeto preveem o levantamento em campo de dados que contribuam para o desenvolvimento das a\u00e7\u00f5es inclusivas previstas no projeto. Concomitantemente, ser\u00e3o realizadas oficinas e f\u00f3runs sobre o tema Sa\u00fade e Seguran\u00e7a envolvendo discentes da Universidade, onde ser\u00e1 discutido como o tema deve ser levado \u00e0 comunidade atendida pelo projeto; Em uma terceira fase ser\u00e1 desenvolvido material did\u00e1tico acess\u00edvel e alinhado \u00e0s necessidades identificadas na comunidade local; Por fim, ser\u00e3o realizadas atividades junto ao p\u00fablico alvo (oficinas e viv\u00eancias em campo).<\/div>\n<div class=\"bodytext_right\"><a href=\"#inicio\"> &lt;&lt; Voltar ao topo <\/a><\/div>\n<p><!-- equipe fim --><br \/>\n<!-- in\u00edcio coabroadores no projeto --><\/p>\n<div class=\"bodytext_left\"><a title=\"secao2\" name=\"secao2\"><\/a>&#8230;&#8230;&#8230;&#8230;&#8230;&#8230;&#8230;&#8230;&#8230;&#8230;&#8230;&#8230;&#8230;&#8230;&#8230;&#8230;&#8230;&#8230;&#8230;&#8230;&#8230;&#8230;&#8230;&#8230;&#8230;&#8230;&#8230;&#8230;&#8230;&#8230;&#8230;&#8230;&#8230;&#8230;&#8230;&#8230;&#8230;&#8230;&#8230;&#8230;&#8230;&#8230;&#8230;&#8230;&#8230;&#8230;&#8230;&#8230;&#8230;&#8230;&#8230;&#8230;..<\/div>\n<div class=\"bodytext_left\">2. <strong>Colaboradores no Projeto<\/strong><\/div>\n<p align=\"Left\"><b>Docentes<\/b>:<\/p>\n<table>\n<tbody>\n<tr>\n<td width=\"77\" height=\"101\"><img loading=\"lazy\" decoding=\"async\" class=\"size-full wp-image-75\" title=\"Prof Franz\" src=\"http:\/\/servicosweb.cnpq.br\/wspessoa\/servletrecuperafoto?tipo=1&amp;id=K4760945T2\" alt=\"\" width=\"77\" height=\"101\" \/><\/td>\n<td width=\"20\" height=\"101\"><\/td>\n<td valign=\"center\" width=\"274\" height=\"101\">\n<p class=\"bodytext_left\">Luis Antonio dos Santos Franz, Dr.<br \/>\nCeng &#8211; Engenharia de Produ\u00e7\u00e3o<br \/>\n<a href=\"http:\/\/lattes.cnpq.br\/9673217950052451\" target=\"_blank\">curr\u00edculo lattes<\/a><\/p>\n<\/td>\n<td width=\"77\" height=\"101\"><img loading=\"lazy\" decoding=\"async\" class=\"size-full wp-image-75\" title=\"Prof Alejandro\" src=\"http:\/\/servicosweb.cnpq.br\/wspessoa\/servletrecuperafoto?tipo=1&amp;id=K4791016T0\" alt=\"\" width=\"77\" height=\"101\" \/><\/td>\n<td width=\"20\" height=\"101\"><\/td>\n<td valign=\"center\" width=\"274\" height=\"101\">\n<p class=\"bodytext_left\">Alejandro Martins Rodriguez, Dr.<br \/>\nCeng &#8211; Engenharia de Produ\u00e7\u00e3o<br \/>\n<a href=\"http:\/\/lattes.cnpq.br\/8224458239402180\" target=\"_blank\">curr\u00edculo lattes<\/a><\/p>\n<\/td>\n<\/tr>\n<tr>\n<td colspan=\"6\" width=\"645\" height=\"10\"><\/td>\n<\/tr>\n<tr>\n<td width=\"77\" height=\"101\"><img loading=\"lazy\" decoding=\"async\" class=\"size-full wp-image-75\" title=\"Prof ALine\" src=\"http:\/\/servicosweb.cnpq.br\/wspessoa\/servletrecuperafoto?tipo=1&amp;id=K4770877H4\" alt=\"\" width=\"77\" height=\"101\" \/><\/td>\n<td width=\"20\" height=\"101\"><\/td>\n<td valign=\"center\" width=\"274\" height=\"101\">\n<p class=\"bodytext_left\">Aline Soares Pereira, MSc.<br \/>\nCeng &#8211; Engenharia de Produ\u00e7\u00e3o<br \/>\n<a href=\"http:\/\/lattes.cnpq.br\/5134193145334688\" target=\"_blank\">curr\u00edculo lattes<\/a><\/p>\n<\/td>\n<td width=\"77\" height=\"101\"><img loading=\"lazy\" decoding=\"async\" class=\"size-full wp-image-75\" title=\"Prof Rog\u00e9rio\" src=\"http:\/\/servicosweb.cnpq.br\/wspessoa\/servletrecuperafoto?tipo=1&amp;id=K4701174P4\" alt=\"\" width=\"77\" height=\"101\" \/><\/td>\n<td width=\"20\" height=\"101\"><\/td>\n<td valign=\"center\" width=\"274\" height=\"101\">\n<p class=\"bodytext_left\">Prof Rog\u00e9rio Royer, Dr.<br \/>\nCeng &#8211; Engenharia de Produ\u00e7\u00e3o<br \/>\n<a href=\"http:\/\/lattes.cnpq.br\/3970416599840926\" target=\"_blank\">curr\u00edculo lattes<\/a><\/p>\n<\/td>\n<\/tr>\n<tr>\n<td colspan=\"6\" width=\"645\" height=\"10\"><\/td>\n<\/tr>\n<tr>\n<td width=\"77\" height=\"101\"><img loading=\"lazy\" decoding=\"async\" class=\"size-full wp-image-75\" title=\"Prof Patr\u00edcia\" src=\"http:\/\/servicosweb.cnpq.br\/wspessoa\/servletrecuperafoto?tipo=1&amp;id=K4707941P6\" alt=\"\" width=\"77\" height=\"101\" \/><\/td>\n<td width=\"20\" height=\"101\"><\/td>\n<td valign=\"center\" width=\"274\" height=\"101\">\n<p class=\"bodytext_left\">Patr\u00edcia Costa Duarte, Dr.<br \/>\nCeng &#8211; Engenharia de Produ\u00e7\u00e3o<br \/>\n<a href=\"http:\/\/lattes.cnpq.br\/5854594612871304\" target=\"_blank\">curr\u00edculo lattes<\/a><\/p>\n<\/td>\n<td width=\"77\" height=\"101\"><img loading=\"lazy\" decoding=\"async\" class=\"size-full wp-image-75\" title=\"Prof \u00c9lcio\" src=\"http:\/\/servicosweb.cnpq.br\/wspessoa\/servletrecuperafoto?tipo=1&amp;id=K4233921T4\" alt=\"\" width=\"77\" height=\"101\" \/><\/td>\n<td width=\"20\" height=\"101\"><\/td>\n<td valign=\"center\" width=\"274\" height=\"101\">\n<p class=\"bodytext_left\">Elcio Alteris dos Santos, MSc<br \/>\nCeng &#8211; Engenharia de Produ\u00e7\u00e3o<br \/>\n<a href=\"http:\/\/lattes.cnpq.br\/5668248201996514\" target=\"_blank\">curr\u00edculo lattes<\/a><\/p>\n<\/td>\n<\/tr>\n<tr>\n<td colspan=\"6\" width=\"645\" height=\"10\"><\/td>\n<\/tr>\n<tr>\n<td width=\"77\" height=\"101\"><img loading=\"lazy\" decoding=\"async\" class=\"size-full wp-image-75\" title=\"Prof \u00c2ngela\" src=\"http:\/\/servicosweb.cnpq.br\/wspessoa\/servletrecuperafoto?tipo=1&amp;id=K4321692Y7\" alt=\"\" width=\"77\" height=\"101\" \/><\/td>\n<td width=\"20\" height=\"101\"><\/td>\n<td valign=\"center\" width=\"274\" height=\"101\">\n<p class=\"bodytext_left\">\u00c2ngela Galvan de Lima, MSc.<br \/>\nFaculdade de Nutri\u00e7\u00e3o<br \/>\n<a href=\"http:\/\/lattes.cnpq.br\/1911813641897076\" target=\"_blank\">curr\u00edculo lattes<\/a><\/p>\n<\/td>\n<td width=\"77\" height=\"101\"><img loading=\"lazy\" decoding=\"async\" class=\"size-full wp-image-75\" title=\".\" src=\"https:\/\/wp.ufpel.edu.br\/labserg\/files\/2013\/10\/fundo_marca_dagua_180x135.jpg\" alt=\"\" width=\"77\" height=\"101\" \/><\/td>\n<td width=\"20\" height=\"101\"><\/td>\n<td valign=\"center\" width=\"274\" height=\"101\">\n<p class=\"bodytext_left\">.<br \/>\n.<br \/>\n<a href=\"https:\/\/wp.ufpel.edu.br\/labserg\/\" target=\"_blank\">.<\/a><\/p>\n<\/td>\n<\/tr>\n<tr>\n<td colspan=\"6\" width=\"645\" height=\"10\"><\/td>\n<\/tr>\n<\/tbody>\n<\/table>\n<div class=\"bodytext_right\"><a href=\"#inicio\">&lt;&lt;Voltar ao topo<\/a><\/div>\n<div align=\"Left\"><b>Discentes envolvidos no projeto<\/b>:<\/div>\n<table>\n<tbody>\n<tr>\n<td width=\"77\" height=\"101\"><img loading=\"lazy\" decoding=\"async\" class=\"size-full wp-image-75\" title=\"Cristina\" src=\"http:\/\/servicosweb.cnpq.br\/wspessoa\/servletrecuperafoto?tipo=1&amp;id=K8579177Y3\" alt=\"\" width=\"77\" height=\"101\" \/><\/td>\n<td width=\"20\" height=\"101\"><\/td>\n<td valign=\"center\" width=\"274\" height=\"101\">\n<p class=\"bodytext_left\">Cristiana Rodrigues Silveira Machado<br \/>\nTerapia Ocupacional<br \/>\n<a href=\"http:\/\/lattes.cnpq.br\/3719024138973830\" target=\"_blank\">curr\u00edculo lattes<\/a><\/p>\n<\/td>\n<td width=\"77\" height=\"101\"><img loading=\"lazy\" decoding=\"async\" class=\"size-full wp-image-75\" title=\"Diogo\" src=\"http:\/\/servicosweb.cnpq.br\/wspessoa\/servletrecuperafoto?tipo=1&amp;id=K8138626T2\" alt=\"\" width=\"77\" height=\"101\" \/><\/td>\n<td width=\"20\" height=\"101\"><\/td>\n<td valign=\"center\" width=\"274\" height=\"101\">\n<p class=\"bodytext_left\">Diogo Soares Gomide<br \/>\nCeng &#8211; Engenharia de Produ\u00e7\u00e3o<br \/>\n<a href=\"http:\/\/lattes.cnpq.br\/4260687889417891\" target=\"_blank\">curr\u00edculo lattes<\/a><\/p>\n<\/td>\n<\/tr>\n<tr>\n<td width=\"77\" height=\"101\"><img loading=\"lazy\" decoding=\"async\" class=\"size-full wp-image-75\" title=\"Jader\" src=\"http:\/\/servicosweb.cnpq.br\/wspessoa\/servletrecuperafoto?tipo=1&amp;id=K8741261A2\" alt=\"\" width=\"77\" height=\"101\" \/><\/td>\n<td width=\"20\" height=\"101\"><\/td>\n<td valign=\"center\" width=\"274\" height=\"101\">\n<p class=\"bodytext_left\">Jader Luiz Zarnott Seefeldt<br \/>\nCeng &#8211; Engenharia de Produ\u00e7\u00e3o<br \/>\n<a href=\"http:\/\/lattes.cnpq.br\/0847650567818001\" target=\"_blank\">curr\u00edculo lattes<\/a><\/p>\n<\/td>\n<td width=\"77\" height=\"101\"><img loading=\"lazy\" decoding=\"async\" class=\"size-full wp-image-75\" title=\"Juliano\" src=\"http:\/\/servicosweb.cnpq.br\/wspessoa\/servletrecuperafoto?tipo=1&amp;id=K8144432H0\" alt=\"\" width=\"77\" height=\"101\" \/><\/td>\n<td width=\"20\" height=\"101\"><\/td>\n<td valign=\"center\" width=\"274\" height=\"101\">\n<p class=\"bodytext_left\">Juliano Ramires de Moraes Bagiotto<br \/>\nCeng &#8211; Engenharia de Produ\u00e7\u00e3o<br \/>\n<a href=\"http:\/\/lattes.cnpq.br\/3677144201880164\" target=\"_blank\">curr\u00edculo lattes<\/a><\/p>\n<\/td>\n<\/tr>\n<tr>\n<td colspan=\"6\" width=\"645\" height=\"10\"><\/td>\n<\/tr>\n<tr>\n<td width=\"77\" height=\"101\"><img loading=\"lazy\" decoding=\"async\" class=\"size-full wp-image-75\" title=\"Natalia\" src=\"http:\/\/servicosweb.cnpq.br\/wspessoa\/servletrecuperafoto?tipo=1&amp;id=K8738537T9\" alt=\"\" width=\"77\" height=\"101\" \/><\/td>\n<td width=\"20\" height=\"101\"><\/td>\n<td valign=\"center\" width=\"274\" height=\"101\">\n<p class=\"bodytext_left\">Natalia Reinaldo Lowe<br \/>\nCeng &#8211; Engenharia de Produ\u00e7\u00e3o<br \/>\n<a href=\"http:\/\/lattes.cnpq.br\/0355613321220520\" target=\"_blank\">curr\u00edculo lattes<\/a><\/p>\n<\/td>\n<td width=\"77\" height=\"101\"><img loading=\"lazy\" decoding=\"async\" class=\"size-full wp-image-75\" title=\"Pedro\" src=\"http:\/\/servicosweb.cnpq.br\/wspessoa\/servletrecuperafoto?tipo=1&amp;id=K4871295E5\" alt=\"\" width=\"77\" height=\"101\" \/><\/td>\n<td width=\"20\" height=\"101\"><\/td>\n<td valign=\"center\" width=\"274\" height=\"101\">\n<p class=\"bodytext_left\">Pedro N\u00f3brega da Silva Caldas<br \/>\nCeng &#8211; Engenharia de Produ\u00e7\u00e3o<br \/>\n<a href=\"http:\/\/lattes.cnpq.br\/5604647996474153\" target=\"_blank\">curr\u00edculo lattes<\/a><\/p>\n<\/td>\n<\/tr>\n<tr>\n<td colspan=\"6\" width=\"645\" height=\"10\"><\/td>\n<\/tr>\n<tr>\n<td width=\"77\" height=\"101\"><img loading=\"lazy\" decoding=\"async\" class=\"size-full wp-image-75\" title=\"Rafael\" src=\"http:\/\/servicosweb.cnpq.br\/wspessoa\/servletrecuperafoto?tipo=1&amp;id=K8138180H6\" alt=\"\" width=\"77\" height=\"101\" \/><\/td>\n<td width=\"20\" height=\"101\"><\/td>\n<td valign=\"center\" width=\"274\" height=\"101\">\n<p class=\"bodytext_left\">Rafael Monteiro Botelho<br \/>\nCeng &#8211; Engenharia de Produ\u00e7\u00e3o<br \/>\n<a href=\"http:\/\/lattes.cnpq.br\/9861904609079039\" target=\"_blank\">curr\u00edculo lattes<\/a><\/p>\n<\/td>\n<td width=\"77\" height=\"101\"><img loading=\"lazy\" decoding=\"async\" class=\"size-full wp-image-75\" title=\".\" src=\"https:\/\/wp.ufpel.edu.br\/labserg\/files\/2013\/10\/fundo_marca_dagua_180x135.jpg\" alt=\"\" width=\"77\" height=\"101\" \/><\/td>\n<td width=\"20\" height=\"101\"><\/td>\n<td valign=\"center\" width=\"274\" height=\"101\">\n<p class=\"bodytext_left\">.<br \/>\n.<br \/>\n<a href=\"https:\/\/wp.ufpel.edu.br\/labserg\/\" target=\"_blank\">.<\/a><\/p>\n<\/td>\n<\/tr>\n<tr>\n<td colspan=\"6\" width=\"645\" height=\"10\"><\/td>\n<\/tr>\n<tr>\n<td colspan=\"6\" width=\"645\" height=\"10\"><\/td>\n<\/tr>\n<\/tbody>\n<\/table>\n<div class=\"bodytext_right\"><a href=\"#inicio\">&lt;&lt;Voltar ao topo<\/a><\/div>\n<p><!-- fim colaboradores no projeto --><br \/>\n<!--Ivicio empresas parceiras --><\/p>\n<div class=\"bodytext_left\"><a title=\"secao3\" name=\"secao3\"><\/a>&#8230;&#8230;&#8230;&#8230;&#8230;&#8230;&#8230;&#8230;&#8230;&#8230;&#8230;&#8230;&#8230;&#8230;&#8230;&#8230;&#8230;&#8230;&#8230;&#8230;&#8230;&#8230;&#8230;&#8230;&#8230;&#8230;&#8230;&#8230;&#8230;&#8230;&#8230;&#8230;&#8230;&#8230;&#8230;&#8230;&#8230;&#8230;&#8230;&#8230;&#8230;&#8230;&#8230;&#8230;&#8230;&#8230;&#8230;&#8230;&#8230;&#8230;&#8230;&#8230;..<\/div>\n<div class=\"bodytext_left\">3. <strong>Empresas parceiras<\/strong><\/div>\n<table>\n<tbody>\n<tr>\n<td width=\"300\" height=\"303\"><a title=\"Annete Ruas\" href=\"http:\/\/www.anetteruas.com.br\" target=\"_blank\"><img loading=\"lazy\" decoding=\"async\" class=\"size-full wp-image-75\" title=\"Anette Ruas\" src=\"https:\/\/wp.ufpel.edu.br\/apldoces\/files\/2015\/03\/b8453d_27132fbe03a6454bb1223ac13651045f.jpg\" alt=\"\" width=\"300\" height=\"303\" \/><\/a><\/td>\n<td width=\"300\" height=\"303\"><a title=\"V&amp;N Doces artesanais de Pelotas\" href=\"http:\/\/www.vndoces.com.br\/\" target=\"_blank\"><img loading=\"lazy\" decoding=\"async\" class=\"size-full wp-image-75\" title=\"V&amp;N Doces artesanais de Pelotas\" src=\"https:\/\/wp.ufpel.edu.br\/apldoces\/files\/2015\/03\/b8453d_fb5c25a220c345ee8f127bdf6bdbfe42.gif\" alt=\"\" width=\"300\" height=\"303\" \/><\/a><\/td>\n<\/tr>\n<tr>\n<td align=\"center\" width=\"300\" height=\"20\"><a href=\"http:\/\/www.anetteruas.com.br\" target=\"_blank\">Anette Ruas<\/a><\/td>\n<td align=\"center\" width=\"300\" height=\"20\"><a href=\"http:\/\/www.vndoces.com.br\/\" target=\"_blank\">V&amp;N Doces artesanais de Pelotas<\/a><\/td>\n<\/tr>\n<tr>\n<td width=\"300\" height=\"303\"><a title=\"Imperatriz Doces finos\" href=\"http:\/\/www.imperatrizdocesfinos.com.br\/\" target=\"_blank\"><img loading=\"lazy\" decoding=\"async\" class=\"size-full wp-image-75\" title=\"Imperatriz Doces finos\" src=\"https:\/\/wp.ufpel.edu.br\/apldoces\/files\/2015\/03\/b8453d_bb9d3205128240de910fde5242f6e3aa.jpg\" alt=\"\" width=\"296\" height=\"232\" \/><\/a><\/td>\n<td width=\"300\" height=\"303\"><a title=\"Doces Bidi\" href=\"http:\/\/www.docesbidi.com.br\/\" target=\"_blank\"><img loading=\"lazy\" decoding=\"async\" class=\"size-full wp-image-75\" title=\"Doces Bidi\" src=\"https:\/\/wp.ufpel.edu.br\/apldoces\/files\/2015\/03\/b8453d_fda128aba5fc426cb9599b18307c5a33.jpg\" alt=\"\" width=\"296\" height=\"232\" \/><\/a><\/td>\n<\/tr>\n<tr>\n<td align=\"center\" width=\"300\" height=\"20\"><a href=\"http:\/\/www.imperatrizdocesfinos.com.br\/\" target=\"_blank\">Imperatriz Doces finos<\/a><\/td>\n<td align=\"center\" width=\"300\" height=\"20\"><a href=\"http:\/\/www.docesbidi.com.br\/\" target=\"_blank\">Doces Bidi<\/a><\/td>\n<\/tr>\n<\/tbody>\n<\/table>\n<div class=\"bodytext_right\"><a href=\"#inicio\"> &lt;&lt; Voltar ao topo <\/a><\/div>\n<p><!--Fim empresas parceiras --><\/p>\n","protected":false},"excerpt":{"rendered":"<p>A cidade de Pelotas \u00e9 conhecida como a capital do doce. Sua tradi\u00e7\u00e3o est\u00e1 presente h\u00e1 d\u00e9cadas e emprega muitas pessoas por interm\u00e9dio de micro e pequenas empresas que se espalham pelos bairros da cidade. A presente proposta visa contribuir na promo\u00e7\u00e3o de a\u00e7\u00f5es de apoio aos grupos produtivos da fabrica\u00e7\u00e3o de doces na regi\u00e3o, &hellip; <\/p>\n<p><a class=\"more-link btn\" href=\"https:\/\/wp.ufpel.edu.br\/apldoces\/quem_somos\/\">Continue lendo<\/a><\/p>\n","protected":false},"author":495,"featured_media":0,"parent":0,"menu_order":2,"comment_status":"closed","ping_status":"closed","template":"","meta":{"footnotes":""},"class_list":["post-4","page","type-page","status-publish","hentry","nodate","item-wrap"],"_links":{"self":[{"href":"https:\/\/wp.ufpel.edu.br\/apldoces\/wp-json\/wp\/v2\/pages\/4","targetHints":{"allow":["GET"]}}],"collection":[{"href":"https:\/\/wp.ufpel.edu.br\/apldoces\/wp-json\/wp\/v2\/pages"}],"about":[{"href":"https:\/\/wp.ufpel.edu.br\/apldoces\/wp-json\/wp\/v2\/types\/page"}],"author":[{"embeddable":true,"href":"https:\/\/wp.ufpel.edu.br\/apldoces\/wp-json\/wp\/v2\/users\/495"}],"replies":[{"embeddable":true,"href":"https:\/\/wp.ufpel.edu.br\/apldoces\/wp-json\/wp\/v2\/comments?post=4"}],"version-history":[{"count":35,"href":"https:\/\/wp.ufpel.edu.br\/apldoces\/wp-json\/wp\/v2\/pages\/4\/revisions"}],"predecessor-version":[{"id":254,"href":"https:\/\/wp.ufpel.edu.br\/apldoces\/wp-json\/wp\/v2\/pages\/4\/revisions\/254"}],"wp:attachment":[{"href":"https:\/\/wp.ufpel.edu.br\/apldoces\/wp-json\/wp\/v2\/media?parent=4"}],"curies":[{"name":"wp","href":"https:\/\/api.w.org\/{rel}","templated":true}]}}