{"id":2,"date":"2015-03-12T18:14:42","date_gmt":"2015-03-12T18:14:42","guid":{"rendered":"https:\/\/wp.ufpel.edu.br\/apldoces\/?page_id=2"},"modified":"2015-11-19T14:33:28","modified_gmt":"2015-11-19T16:33:28","slug":"portifolio","status":"publish","type":"page","link":"https:\/\/wp.ufpel.edu.br\/apldoces\/portifolio\/","title":{"rendered":"Portif\u00f3lio"},"content":{"rendered":"<p><a title=\"inicio\" name=\"inicio\"><\/a><\/p>\n<p><img loading=\"lazy\" decoding=\"async\" class=\"size-full wp-image-75\" style=\"border: 0px;margin: 0px\" src=\"https:\/\/wp.ufpel.edu.br\/apldoces\/files\/2015\/03\/banner_003_645x150.jpg\" alt=\"\" width=\"645\" height=\"150\" \/><\/p>\n<div class=\"bodytext_justify\">Segue abaixo a lista de minicursos e materiais did\u00e1ticos desenvolvidos pelo Projeto APL Doces de Pelotas<\/div>\n<div class=\"bodytext_left\">1. <a href=\"#secao1\">No que podemos contribuir<\/a><\/div>\n<div class=\"bodytext_left\">2. <a href=\"#secao2\">Produ\u00e7\u00e3o Acad\u00eamico-cient\u00edfica<\/a><\/div>\n<div class=\"bodytext_left\">3. <a href=\"#secao3\">Registros de imagens das visitas e atividades em campo<\/a><\/div>\n<p><!-- inicio de apostilas e cursos --><\/p>\n<div class=\"bodytext_left\"><a title=\"secao1\" name=\"secao1\"><\/a>&#8230;&#8230;&#8230;&#8230;&#8230;&#8230;&#8230;&#8230;&#8230;&#8230;&#8230;&#8230;&#8230;&#8230;&#8230;&#8230;&#8230;&#8230;&#8230;&#8230;&#8230;&#8230;&#8230;&#8230;&#8230;&#8230;&#8230;&#8230;&#8230;&#8230;&#8230;&#8230;&#8230;&#8230;&#8230;&#8230;&#8230;&#8230;&#8230;&#8230;&#8230;&#8230;&#8230;&#8230;&#8230;&#8230;&#8230;&#8230;&#8230;&#8230;&#8230;&#8230;..<\/div>\n<div class=\"bodytext_left\">1.\u00a0<strong>No que podemos contribuir<\/strong><\/div>\n<p><strong>O projeto oferece solu\u00e7\u00f5es em cinco \u00e1reas:<\/strong><\/p>\n<p><a href=\"https:\/\/wp.ufpel.edu.br\/apldoces\/files\/2015\/03\/img_service.png\"><img loading=\"lazy\" decoding=\"async\" class=\"aligncenter wp-image-198\" src=\"https:\/\/wp.ufpel.edu.br\/apldoces\/files\/2015\/03\/img_service.png\" alt=\"img_service\" width=\"245\" height=\"184\" srcset=\"https:\/\/wp.ufpel.edu.br\/apldoces\/files\/2015\/03\/img_service.png 376w, https:\/\/wp.ufpel.edu.br\/apldoces\/files\/2015\/03\/img_service-212x159.png 212w\" sizes=\"auto, (max-width: 245px) 100vw, 245px\" \/><\/a><\/p>\n<p><strong>Log\u00edstica<\/strong><\/p>\n<p>A log\u00edstica \u00e9 uma atividade estrat\u00e9gica de qualquer empresa, possibilitando que ela se torne ainda mais competitiva. Sendo o processo de planejamento e controle eficiente do fluxo e da armazenagem de produtos, assim como servi\u00e7os e informa\u00e7\u00f5es. De um modo pr\u00e1tico, o planejamento da log\u00edstica consiste em definir quando, como e onde os bens ser\u00e3o produzidos, armazenados e transportados.<\/p>\n<p>Atrav\u00e9s da Log\u00edstica o APL Doces poder\u00e1 dar suporte em:<\/p>\n<p>&#8211; Como distribuir adequadamente seus produtos<\/p>\n<p>&#8211; Como melhorar o atendimento ao cliente, embalando manuseando e transportando seus doces<\/p>\n<p>&#8211; Como planejar a exporta\u00e7\u00e3o<\/p>\n<p><a href=\"https:\/\/wp.ufpel.edu.br\/apldoces\/files\/2015\/03\/LOGO-SEG-TRABALHO.png\"><img loading=\"lazy\" decoding=\"async\" class=\"aligncenter wp-image-199\" src=\"https:\/\/wp.ufpel.edu.br\/apldoces\/files\/2015\/03\/LOGO-SEG-TRABALHO.png\" alt=\"LOGO SEG TRABALHO\" width=\"213\" height=\"202\" srcset=\"https:\/\/wp.ufpel.edu.br\/apldoces\/files\/2015\/03\/LOGO-SEG-TRABALHO.png 320w, https:\/\/wp.ufpel.edu.br\/apldoces\/files\/2015\/03\/LOGO-SEG-TRABALHO-167x159.png 167w\" sizes=\"auto, (max-width: 213px) 100vw, 213px\" \/><\/a><\/p>\n<p><strong>Seguran\u00e7a e Sa\u00fade do Trabalho<\/strong><\/p>\n<p>A Seguran\u00e7a e Sa\u00fade do Trabalho correspondem ao conjunto de ci\u00eancias e tecnologias que tem por objetivo proteger o trabalhador em seu ambiente de trabalho, buscando minimizar e evitar acidentes de trabalho e doen\u00e7as ocupacionais.<\/p>\n<p>Atrav\u00e9s da Seguran\u00e7a e Sa\u00fade do Trabalho o APL Doces poder\u00e1 dar suporte em:<\/p>\n<p>&#8211; Como trabalhar com mais conforto sem produzir menos<\/p>\n<p>&#8211; Aprender como se proteger e agir em situa\u00e7\u00f5es de riscos<\/p>\n<p><a href=\"https:\/\/wp.ufpel.edu.br\/apldoces\/files\/2015\/03\/qualidade-de-software.jpg\"><img loading=\"lazy\" decoding=\"async\" class=\"aligncenter wp-image-200 size-medium\" src=\"https:\/\/wp.ufpel.edu.br\/apldoces\/files\/2015\/03\/qualidade-de-software-424x265.jpg\" alt=\"qualidade-de-software\" width=\"424\" height=\"265\" srcset=\"https:\/\/wp.ufpel.edu.br\/apldoces\/files\/2015\/03\/qualidade-de-software-424x265.jpg 424w, https:\/\/wp.ufpel.edu.br\/apldoces\/files\/2015\/03\/qualidade-de-software-212x133.jpg 212w, https:\/\/wp.ufpel.edu.br\/apldoces\/files\/2015\/03\/qualidade-de-software.jpg 1600w\" sizes=\"auto, (max-width: 424px) 100vw, 424px\" \/><\/a><\/p>\n<p><strong>Qualidade<\/strong><\/p>\n<p>Podemos definir qualidade como a capacidade de atingir os objetivos visados pela empresa, corrigindo os as causas e os problemas ao longo de toda a s\u00e9rie operacional. Tendo como principal objetivo fornecer aos clientes uma oferta adaptada com processos controlados. A qualidade do produto \u00e9 fundamental para a confiabilidade e fidelidade do cliente.<\/p>\n<p>&nbsp;<\/p>\n<p>Atrav\u00e9s da Qualidade o APL Doces poder\u00e1 dar suporte em:<\/p>\n<p>&#8211; Organizar melhor com o programa 5S<\/p>\n<p>&#8211;\u00a0\u00a0Utilizar boas pr\u00e1ticas de fabrica\u00e7\u00e3o (BPF)<\/p>\n<p>&#8211; Apoiar nacertifica\u00e7\u00e3o e rastreabilidade dos seus doces<\/p>\n<p><a href=\"https:\/\/wp.ufpel.edu.br\/apldoces\/files\/2015\/03\/vantagens-de-submissoes-do-diretorio-para-construcao-de-links-2.jpg\"><img loading=\"lazy\" decoding=\"async\" class=\"aligncenter wp-image-201\" src=\"https:\/\/wp.ufpel.edu.br\/apldoces\/files\/2015\/03\/vantagens-de-submissoes-do-diretorio-para-construcao-de-links-2.jpg\" alt=\"vantagens-de-submissoes-do-diretorio-para-construcao-de-links-2\" width=\"300\" height=\"300\" srcset=\"https:\/\/wp.ufpel.edu.br\/apldoces\/files\/2015\/03\/vantagens-de-submissoes-do-diretorio-para-construcao-de-links-2.jpg 400w, https:\/\/wp.ufpel.edu.br\/apldoces\/files\/2015\/03\/vantagens-de-submissoes-do-diretorio-para-construcao-de-links-2-159x159.jpg 159w, https:\/\/wp.ufpel.edu.br\/apldoces\/files\/2015\/03\/vantagens-de-submissoes-do-diretorio-para-construcao-de-links-2-318x318.jpg 318w\" sizes=\"auto, (max-width: 300px) 100vw, 300px\" \/><\/a><\/p>\n<p><strong>Processos<\/strong><\/p>\n<p>Os Processos devem ser projetados de forma que possam produzir todos os produtos e servi\u00e7os de maneira competitiva, objetivando o ganho de desempenho de uma opera\u00e7\u00e3o em qualidade, rapidez, confiabilidade, flexibilidade e custo.<\/p>\n<p>&nbsp;<\/p>\n<p>Atrav\u00e9s deProcessos o APL Doces poder\u00e1 dar suporte em:<\/p>\n<p>&#8211; Gerenciar seus estoques de maneira mais eficiente<\/p>\n<p>&#8211; Aprimorar os processos<\/p>\n<p>&#8211; Planejar e controlar a produ\u00e7\u00e3o dos doces<\/p>\n<p>&nbsp;<\/p>\n<p><strong>Inova\u00e7\u00e3o<\/strong><\/p>\n<p>Inova\u00e7\u00e3o pode se dar em qualquer espa\u00e7o onde se empreende. Somente a partir do levantamento das necessidades reais do APL Doces deve se buscar o desenvolvimento de novos produtos e\/ou processos. De maneira colaborativa o processo de desenvolvimento dessas melhorias se d\u00e1 a partir dos seguintes passos:<\/p>\n<p>&nbsp;<\/p>\n<p>.<a href=\"https:\/\/wp.ufpel.edu.br\/apldoces\/files\/2015\/03\/unnamed.png\"><img loading=\"lazy\" decoding=\"async\" class=\"aligncenter wp-image-202\" src=\"https:\/\/wp.ufpel.edu.br\/apldoces\/files\/2015\/03\/unnamed.png\" alt=\"unnamed\" width=\"250\" height=\"250\" srcset=\"https:\/\/wp.ufpel.edu.br\/apldoces\/files\/2015\/03\/unnamed.png 679w, https:\/\/wp.ufpel.edu.br\/apldoces\/files\/2015\/03\/unnamed-159x159.png 159w, https:\/\/wp.ufpel.edu.br\/apldoces\/files\/2015\/03\/unnamed-318x318.png 318w\" sizes=\"auto, (max-width: 250px) 100vw, 250px\" \/><\/a><\/p>\n<p><!-- fim apostilas e cursos --><\/p>\n<div class=\"bodytext_right\"><a href=\"#inicio\"> &lt;&lt; Voltar ao topo <\/a><\/div>\n<p><!-- inicio Produ\u00e7\u00e3o Acad\u00eamico-cient\u00edfica --><\/p>\n<div class=\"bodytext_left\"><a title=\"secao2\" name=\"secao2\"><\/a>&#8230;&#8230;&#8230;&#8230;&#8230;&#8230;&#8230;&#8230;&#8230;&#8230;&#8230;&#8230;&#8230;&#8230;&#8230;&#8230;&#8230;&#8230;&#8230;&#8230;&#8230;&#8230;&#8230;&#8230;&#8230;&#8230;&#8230;&#8230;&#8230;&#8230;&#8230;&#8230;&#8230;&#8230;&#8230;&#8230;&#8230;&#8230;&#8230;&#8230;&#8230;&#8230;&#8230;&#8230;&#8230;&#8230;&#8230;&#8230;&#8230;&#8230;&#8230;&#8230;..<\/div>\n<div class=\"bodytext_left\">2. <strong>Produ\u00e7\u00e3o Acad\u00eamico-cient\u00edfica<\/strong><\/div>\n<p><img loading=\"lazy\" decoding=\"async\" class=\"size-full wp-image-75\" style=\"border: 0px;margin: 0px\" src=\"https:\/\/wp.ufpel.edu.br\/labserg\/files\/2015\/01\/apldoces_2014_645x215.jpg\" alt=\"apl_doces_2015\" width=\"645\" height=\"215\" \/><\/p>\n<p><!-- produ\u00e7\u00e3o acad\u00eamica begin --><\/p>\n<div class=\"bodytext_justify\">Segue abaixo uma lista de trabalhos acad\u00eamicos em temas e a partir de a\u00e7\u00f5es vinculados ao projeto de extens\u00e3o.<\/div>\n<div class=\"bodytext_justify\"> GOMIDE, D.S.; RODRIGUES, C.V.; ROSA, M.K.; LOWE, N.R.; PEREIRA, A.S.. Caracteriza\u00e7\u00e3o das empresas produtoras de doces tradicionais da cidade de Pelotas\/RS: Estudo Multicasos. In: CIC \u2013 XXIV Congresso de Inicia\u00e7\u00e3o Cient\u00edfica da UFPel, 2015, Pelotas. Congresso de Inicia\u00e7\u00e3o Cient\u00edfica da UFPel, 2015. <a href=\"http:\/\/cti.ufpel.edu.br\/siepe\/arquivos\/2015\/EN_03334.pdf\" target=\"_blank\">AQUI<\/a>.<\/div>\n<div class=\"bodytext_justify\"> SANTOS, D.F.; MENEZES, R.C.; FRANZ, L.A.S.. An\u00e1lise ergon\u00f4mica de um posto de trabalho em uma empresa produtora de doces utilizando o m\u00e9todo RULA. In: CIC \u2013 XXIV Congresso de Inicia\u00e7\u00e3o Cient\u00edfica da UFPel, 2015, Pelotas. Congresso de Inicia\u00e7\u00e3o Cient\u00edfica da UFPel, 2015. <a href=\"http:\/\/cti.ufpel.edu.br\/siepe\/arquivos\/2015\/EN_03313.pdf\" target=\"_blank\">AQUI<\/a>.<\/div>\n<div class=\"bodytext_justify\"> CRUZ, J.C.; DUARTE, P.C.; FRANZ, L.A.S.. Log\u00edstica de distribui\u00e7\u00e3o dos doces de Pelotas \u2013 RS. In: CEC \u2013 II Congresso de Extens\u00e3o e Cultura, 2015, Pelotas. Tecnologia e Produ\u00e7\u00e3o &#8211; Congresso de Extens\u00e3o e Cultura da UFPel, 2015. p 12-15.  Dispon\u00edvel <a href=\"https:\/\/wp.ufpel.edu.br\/congressoextensao\/files\/2015\/11\/Tecnologias-e-Produ%C3%A7%C3%A3o.pdf#page=12\" target=\"_blank\">AQUI<\/a>.<\/div>\n<div class=\"bodytext_justify\"> L\u00d6WE, N.R.; BAGIOTTO, J.R.M.; GOMIDE, D.S.; PEREIRA, A.S.; FRANZ, L.A.S.. Descri\u00e7\u00e3o do sistema de rastreabilidade em uma empresa de doces de Pelotas. In: CEC \u2013 II Congresso de Extens\u00e3o e Cultura, 2015, Pelotas. Tecnologia e Produ\u00e7\u00e3o &#8211; Congresso de Extens\u00e3o e Cultura da UFPel, 2015. p 16-19. Dispon\u00edvel <a href=\"https:\/\/wp.ufpel.edu.br\/congressoextensao\/files\/2015\/11\/Tecnologias-e-Produ%C3%A7%C3%A3o.pdf#page=16\" target=\"_blank\">AQUI<\/a>.<\/div>\n<div class=\"bodytext_justify\"> GOMIDE, D.S.; BOTELHO, R.M.; MACHADO, C.R.S.; SEEFELDT, J.L.Z.; FRANZ, L.A.S.. Discuss\u00e3o quanto \u00e0s contribui\u00e7\u00f5es e aplicabilidade de conceitos de gest\u00e3o e inova\u00e7\u00e3o na ind\u00fastria doceira de Pelotas. In: CEC \u2013 II Congresso de Extens\u00e3o e Cultura, 2015, Pelotas. Tecnologia e Produ\u00e7\u00e3o &#8211; Congresso de Extens\u00e3o e Cultura da UFPel, 2015. p 20-23. Dispon\u00edvel <a href=\"https:\/\/wp.ufpel.edu.br\/congressoextensao\/files\/2015\/11\/Tecnologias-e-Produ%C3%A7%C3%A3o.pdf#page=20\" target=\"_blank\">AQUI<\/a>.<\/div>\n<div class=\"bodytext_justify\"> SEEFELDT, J.L.Z.; BOTELHO, R.M.; BAGIOTTO, J.R.M.; L\u00d6WE, N.; MACHADO, C.R.S.; FRANZ, L.A.S.. A inova\u00e7\u00e3o voltada \u00e0 melhoria de processos nas empresas doceiras de Pelotas. In: CEC \u2013 II Congresso de Extens\u00e3o e Cultura, 2015, Pelotas. Tecnologia e Produ\u00e7\u00e3o &#8211; Congresso de Extens\u00e3o e Cultura da UFPel, 2015. p 32-35. Dispon\u00edvel <a href=\"https:\/\/wp.ufpel.edu.br\/congressoextensao\/files\/2015\/11\/Tecnologias-e-Produ%C3%A7%C3%A3o.pdf#page=32\" target=\"_blank\">AQUI<\/a>.<\/div>\n<div class=\"bodytext_justify\">FERREIRA, G.D.; PAIVA, J.R.; VERGARA, C.;ROSA, M.K.; PEREIRA, A.S.. Identifica\u00e7\u00e3o do perfil do consumidor dos doces de Pelotas. In: Congresso de Extens\u00e3o e Cultura, 2014, Pelotas. Congresso de Extens\u00e3o e Cultura, 2014. p 781-783. Dispon\u00edvel <a href=\"https:\/\/wp.ufpel.edu.br\/congressoextensao\/files\/2015\/03\/AnaisCEC2014.pdf#page=781\" target=\"_blank\">AQUI<\/a>.<\/div>\n<div class=\"bodytext_justify\">SANTOS, D.F.; PEREIRA, A.S.. An\u00e1lise da Gest\u00e3o da fase inicial da cadeia de suprimentos de empresas produtoras de doces na cidade de Pelotas. In: Congresso de Extens\u00e3o e Cultura, 2014, Pelotas. Congresso de Extens\u00e3o e Cultura, 2014. p 719-721. Dispon\u00edvel <a href=\"https:\/\/wp.ufpel.edu.br\/congressoextensao\/files\/2015\/03\/AnaisCEC2014.pdf#page=719\" target=\"_blank\">AQUI<\/a>.<\/div>\n<div class=\"bodytext_justify\">ANGELIN, E.; FLEXA, C.; CARMO, G.; VERGARA, C.; PEREIRA, A.S.. Utiliza\u00e7\u00e3o da t\u00e9cnica cliente oculto como indicador da qualidade na presta\u00e7\u00e3o dos servi\u00e7os de uma empresa de gelados. In: Congresso de Extens\u00e3o e Cultura, 2014, Pelotas. Congresso de Extens\u00e3o e Cultura, 2014. p 769-772. Dispon\u00edvel <a href=\"https:\/\/wp.ufpel.edu.br\/congressoextensao\/files\/2015\/03\/AnaisCEC2014.pdf#page=769\" target=\"_blank\">AQUI<\/a>.<\/div>\n<div class=\"bodytext_justify\">SILVA, L.D.D.; CENTENO, P.; PEREIRA, A.S.; HERMANN, F.; OLIVEIRA, M.; AZAMBUJA, F.B.; DIAS, M.F.P.. Elabora\u00e7\u00e3o de um Plano de Desenvolvimento do APL Alimentos por meio de uma metodologia participativa. In: 32\u00ba Semin\u00e1rio de Extens\u00e3o Universit\u00e1ria da Regi\u00e3o Sul, 2014, Curitiba. 32\u00ba Semin\u00e1rio de Extens\u00e3o Universit\u00e1ria da Regi\u00e3o Sul, 2014.<\/div>\n<div class=\"bodytext_justify\">PEREIRA, A.S.; FERREIRA, G.D.. Melhoria da efici\u00eancia de processos atrav\u00e9s da sele\u00e7\u00e3o de meios adequados de rastreabilidade: o caso de uma empresa pertencente \u00e0 associa\u00e7\u00e3o de produtores de doces de Pelotas. In: VI SIEPE &#8211; Sal\u00e3o Internacional de Ensino, Pesquisa e Extens\u00e3o, 2014, Bag\u00e9. Dispon\u00edvel <a href=\"http:\/\/seer.unipampa.edu.br\/index.php\/siepe\/issue\/archive\" target=\"_blank\">AQUI<\/a>.<\/div>\n<div class=\"bodytext_justify\">PEREIRA, A.S.; SANTOS, D.F.. LOG\u00cdSTICA: ESTUDO DE CASO DE UMA EMPRESA PRODUTORA DE DOCES DA CIDADE DE PELOTAS. In: VI SIEPE &#8211; Sal\u00e3o Internacional de Ensino, Pesquisa e Extens\u00e3o, 2014, Bag\u00e9. Dispon\u00edvel <a href=\"http:\/\/seer.unipampa.edu.br\/index.php\/siepe\/issue\/archive\" target=\"_blank\">AQUI<\/a>.<\/div>\n<div class=\"bodytext_justify\">FERREIRA, G.D.. Certifica\u00e7\u00e3o como fator de diferencia\u00e7\u00e3o e de competitividade no arranjo empresarial doceiro da cidade de Pelotas. 2014. Trabalho de Conclus\u00e3o de Curso (Gradua\u00e7\u00e3o em Engenharia de Produ\u00e7\u00e3o) &#8211; Universidade Federal de Pelotas, 2014.<\/div>\n<div class=\"bodytext_right\"><a href=\"#inicio\"> &lt;&lt; Voltar ao topo <\/a><\/div>\n<p><!-- inicio Produ\u00e7\u00e3o Acad\u00eamico-cient\u00edfica --><br \/>\n<!-- \u00c1lbum de imagens begin --><\/p>\n<div class=\"bodytext_left\"><a title=\"secao3\" name=\"secao3\"><\/a>&#8230;&#8230;&#8230;&#8230;&#8230;&#8230;&#8230;&#8230;&#8230;&#8230;&#8230;&#8230;&#8230;&#8230;&#8230;&#8230;&#8230;&#8230;&#8230;&#8230;&#8230;&#8230;&#8230;&#8230;&#8230;&#8230;&#8230;&#8230;&#8230;&#8230;&#8230;&#8230;&#8230;&#8230;&#8230;&#8230;&#8230;&#8230;&#8230;&#8230;&#8230;&#8230;&#8230;&#8230;&#8230;&#8230;&#8230;&#8230;&#8230;&#8230;&#8230;&#8230;..<\/div>\n<div class=\"bodytext_left\">3. <strong>Registros de imagens das visitas e atividades em campo<\/strong><\/div>\n<div class=\"bodytext_justify\">Segue abaixo alguns registros visuais das a\u00e7\u00f5es realizadas vinculadas ao projeto de extens\u00e3o.<\/div>\n<table>\n<tbody>\n<tr>\n<td align=\"center\" width=\"405\" height=\"25\">Visitas a empresas<\/td>\n<td align=\"center\" width=\"195\" height=\"25\"><\/td>\n<\/tr>\n<tr>\n<td align=\"center\" width=\"405\" height=\"305\">[smartslider2 slider=&#8221;3&#8243;]<\/td>\n<td align=\"center\" width=\"195\" height=\"305\">.<\/td>\n<\/tr>\n<\/tbody>\n<\/table>\n<table>\n<tbody>\n<tr>\n<td align=\"center\" width=\"195\" height=\"25\"><\/td>\n<td align=\"center\" width=\"405\" height=\"25\">Curso e treinamentos<\/td>\n<\/tr>\n<tr>\n<td align=\"center\" width=\"195\" height=\"305\">.<\/td>\n<td align=\"center\" width=\"405\" height=\"305\">[smartslider2 slider=&#8221;6&#8243;]<\/td>\n<\/tr>\n<\/tbody>\n<\/table>\n<table>\n<tbody>\n<tr>\n<td align=\"center\" width=\"405\" height=\"25\">Semin\u00e1rios Integradores<\/td>\n<td align=\"center\" width=\"195\" height=\"25\"><\/td>\n<\/tr>\n<tr>\n<td align=\"center\" width=\"405\" height=\"305\">[smartslider2 slider=&#8221;5&#8243;]<\/td>\n<td align=\"center\" width=\"195\" height=\"305\">.<\/td>\n<\/tr>\n<\/tbody>\n<\/table>\n<div class=\"bodytext_right\"><a href=\"#inicio\"> &lt;&lt; Voltar ao topo <\/a><\/div>\n<p><!-- \u00c1lbum de imagens end --><\/p>\n","protected":false},"excerpt":{"rendered":"<p>Segue abaixo a lista de minicursos e materiais did\u00e1ticos desenvolvidos pelo Projeto APL Doces de Pelotas 1. No que podemos contribuir 2. Produ\u00e7\u00e3o Acad\u00eamico-cient\u00edfica 3. Registros de imagens das visitas e atividades em campo &#8230;&#8230;&#8230;&#8230;&#8230;&#8230;&#8230;&#8230;&#8230;&#8230;&#8230;&#8230;&#8230;&#8230;&#8230;&#8230;&#8230;&#8230;&#8230;&#8230;&#8230;&#8230;&#8230;&#8230;&#8230;&#8230;&#8230;&#8230;&#8230;&#8230;&#8230;&#8230;&#8230;&#8230;&#8230;&#8230;&#8230;&#8230;&#8230;&#8230;&#8230;&#8230;&#8230;&#8230;&#8230;&#8230;&#8230;&#8230;&#8230;&#8230;&#8230;&#8230;.. 1.\u00a0No que podemos contribuir O projeto oferece solu\u00e7\u00f5es em cinco \u00e1reas: Log\u00edstica A log\u00edstica \u00e9 uma atividade estrat\u00e9gica de qualquer &hellip; <\/p>\n<p><a class=\"more-link btn\" href=\"https:\/\/wp.ufpel.edu.br\/apldoces\/portifolio\/\">Continue lendo<\/a><\/p>\n","protected":false},"author":495,"featured_media":0,"parent":0,"menu_order":3,"comment_status":"closed","ping_status":"closed","template":"","meta":{"footnotes":""},"class_list":["post-2","page","type-page","status-publish","hentry","nodate","item-wrap"],"_links":{"self":[{"href":"https:\/\/wp.ufpel.edu.br\/apldoces\/wp-json\/wp\/v2\/pages\/2","targetHints":{"allow":["GET"]}}],"collection":[{"href":"https:\/\/wp.ufpel.edu.br\/apldoces\/wp-json\/wp\/v2\/pages"}],"about":[{"href":"https:\/\/wp.ufpel.edu.br\/apldoces\/wp-json\/wp\/v2\/types\/page"}],"author":[{"embeddable":true,"href":"https:\/\/wp.ufpel.edu.br\/apldoces\/wp-json\/wp\/v2\/users\/495"}],"replies":[{"embeddable":true,"href":"https:\/\/wp.ufpel.edu.br\/apldoces\/wp-json\/wp\/v2\/comments?post=2"}],"version-history":[{"count":46,"href":"https:\/\/wp.ufpel.edu.br\/apldoces\/wp-json\/wp\/v2\/pages\/2\/revisions"}],"predecessor-version":[{"id":311,"href":"https:\/\/wp.ufpel.edu.br\/apldoces\/wp-json\/wp\/v2\/pages\/2\/revisions\/311"}],"wp:attachment":[{"href":"https:\/\/wp.ufpel.edu.br\/apldoces\/wp-json\/wp\/v2\/media?parent=2"}],"curies":[{"name":"wp","href":"https:\/\/api.w.org\/{rel}","templated":true}]}}