{"id":275,"date":"2013-06-10T16:52:26","date_gmt":"2013-06-10T16:52:26","guid":{"rendered":"https:\/\/wp.ufpel.edu.br\/apicultura\/?page_id=275"},"modified":"2013-06-10T16:52:26","modified_gmt":"2013-06-10T16:52:26","slug":"fornecedores","status":"publish","type":"page","link":"https:\/\/wp.ufpel.edu.br\/apicultura\/fornecedores\/","title":{"rendered":"Fornecedores"},"content":{"rendered":"<p>As indica\u00e7\u00f5es de nomes de empresas ou fornecedores n\u00e3o est\u00e1 vinculada \u00e0 quaisquer vantagens ou patroc\u00ednio de nosso site.<\/p>\n<p><strong>&#8211; Cera laminada e alveolada<\/strong><\/p>\n<p>Ap\u00edcola materiais para apicultura: <a href=\"http:\/\/www.apicola.com.br\">www.apicola.com.br<\/a> &#8211; (17) 32.35.15.01<\/p>\n<p>Serramel: entreposto de mel e cera, (53) 32.73.63.99 (Pelotas, RS)<\/p>\n<p><strong>&#8211; Colm\u00e9ias:<\/strong><\/p>\n<p>Marcenaria e ferraria Klein: caixas Langstroth (americana). (51) 37.17.95.43, (51) 97.14.94.17. Sta Cruz do Sul, RS<\/p>\n<p><strong>&#8211; Equipamentos em geral<\/strong>:<\/p>\n<p>Cia da abelha: www.ciadaabelha.com.br<\/p>\n<p>Crie abelhas: <a href=\"http:\/\/www.crieabelhas.com.br\">www.crieabelhas.com.br<\/a> (Curitiba, PR).<\/p>\n<p><strong>&#8211; Equipamentos para processamento<\/strong>:<\/p>\n<p>Apitec: <a href=\"http:\/\/www.apitec.com.br\">www.apitec.com.br<\/a> (Maring\u00e1, PR)<\/p>\n<p><strong>&#8211; Equipamento de prote\u00e7\u00e3o (E.P.I.):<\/strong><\/p>\n<p>OSJUAN: <a href=\"http:\/\/www.osjuan.com.br\">www.osjuan.com.br<\/a> (Lages, SC)<\/p>\n<p><strong>&#8211; Portal de neg\u00f3cios <em>on-line<\/em> (an\u00fancios de compra e venda)<\/strong>:<\/p>\n<p>APISGUIA: <a href=\"http:\/\/www.apisguia.com.br\">www.apisguia.com.br<\/a><\/p>\n","protected":false},"excerpt":{"rendered":"<p>As indica\u00e7\u00f5es de nomes de empresas ou fornecedores n\u00e3o est\u00e1 vinculada \u00e0 quaisquer vantagens ou patroc\u00ednio de nosso site. &#8211; Cera laminada e alveolada Ap\u00edcola materiais para apicultura: www.apicola.com.br &#8211; (17) 32.35.15.01 Serramel: entreposto de mel e cera, (53) 32.73.63.99 (Pelotas, RS) &#8211; Colm\u00e9ias: Marcenaria e ferraria Klein: caixas Langstroth (americana). (51) 37.17.95.43, (51) 97.14.94.17. &hellip; <\/p>\n<p><a class=\"more-link btn\" href=\"https:\/\/wp.ufpel.edu.br\/apicultura\/fornecedores\/\">Continue lendo<\/a><\/p>\n","protected":false},"author":59,"featured_media":0,"parent":0,"menu_order":0,"comment_status":"closed","ping_status":"open","template":"","meta":{"footnotes":""},"class_list":["post-275","page","type-page","status-publish","hentry","nodate","item-wrap"],"_links":{"self":[{"href":"https:\/\/wp.ufpel.edu.br\/apicultura\/wp-json\/wp\/v2\/pages\/275","targetHints":{"allow":["GET"]}}],"collection":[{"href":"https:\/\/wp.ufpel.edu.br\/apicultura\/wp-json\/wp\/v2\/pages"}],"about":[{"href":"https:\/\/wp.ufpel.edu.br\/apicultura\/wp-json\/wp\/v2\/types\/page"}],"author":[{"embeddable":true,"href":"https:\/\/wp.ufpel.edu.br\/apicultura\/wp-json\/wp\/v2\/users\/59"}],"replies":[{"embeddable":true,"href":"https:\/\/wp.ufpel.edu.br\/apicultura\/wp-json\/wp\/v2\/comments?post=275"}],"version-history":[{"count":2,"href":"https:\/\/wp.ufpel.edu.br\/apicultura\/wp-json\/wp\/v2\/pages\/275\/revisions"}],"predecessor-version":[{"id":277,"href":"https:\/\/wp.ufpel.edu.br\/apicultura\/wp-json\/wp\/v2\/pages\/275\/revisions\/277"}],"wp:attachment":[{"href":"https:\/\/wp.ufpel.edu.br\/apicultura\/wp-json\/wp\/v2\/media?parent=275"}],"curies":[{"name":"wp","href":"https:\/\/api.w.org\/{rel}","templated":true}]}}