{"id":104,"date":"2010-05-21T17:00:46","date_gmt":"2010-05-21T20:00:46","guid":{"rendered":"https:\/\/wp.ufpel.edu.br\/apicultura\/?page_id=104"},"modified":"2014-09-04T17:46:14","modified_gmt":"2014-09-04T20:46:14","slug":"artigos","status":"publish","type":"page","link":"https:\/\/wp.ufpel.edu.br\/apicultura\/artigos\/","title":{"rendered":"Apostilas e artigos"},"content":{"rendered":"<p><a href=\"https:\/\/wp.ufpel.edu.br\/apicultura\/files\/2010\/05\/Manejo-de-Abelhas.pdf\">Apostila SENAR (manejo abelhas)<\/a><\/p>\n<p><a href=\"https:\/\/wp.ufpel.edu.br\/apicultura\/files\/2010\/05\/Manejo-do-Mel.pdf\">Apostila SENAR (api\u00e1rio)<\/a><\/p>\n<p><a href=\"https:\/\/wp.ufpel.edu.br\/apicultura\/files\/2010\/05\/criacaocientificaderainhas1_Doolittle.pdf\">criacaocientificaderainhas[1]_Doolittle<\/a>\u00a0(1889)<\/p>\n<p><!--more--><\/p>\n<p>&nbsp;<\/p>\n<p><a href=\"https:\/\/wp.ufpel.edu.br\/apicultura\/files\/2011\/04\/Boas_Pr\u00e1ticas_de_beneficiamento_da_Apicultura.pdf\" target=\"_blank\">An\u00e1lise do mercado ap\u00edcola<\/a><\/p>\n<p><a href=\"https:\/\/wp.ufpel.edu.br\/apicultura\/files\/2010\/05\/Oportunidade_Mercado_Mel.pdf\">An\u00e1lise mercado (2014)<\/a><\/p>\n<p><a href=\"http:\/\/www.apacame.org.br\/mensagemdoce\/110\/artigo2.htm\" target=\"_blank\">Astrap\u00e9ia rosa &#8211; contribui\u00e7\u00e3o na produ\u00e7\u00e3o de mel e condi\u00e7\u00e3o dos enxames<\/a><\/p>\n<p><a href=\"https:\/\/wp.ufpel.edu.br\/apicultura\/files\/2011\/04\/Boas_Pr\u00e1ticas_de_beneficiamento_da_Apicultura.pdf\" target=\"_blank\">Boas pr\u00e1ticas na apicultura (manual b\u00e1sico)<\/a><\/p>\n<p><a href=\"https:\/\/wp.ufpel.edu.br\/apicultura\/files\/2010\/05\/manual_de_seguranca_apis.pdf\" target=\"_blank\">Boas pr\u00e1ticas na apicultura<\/a><\/p>\n<p><a href=\"https:\/\/wp.ufpel.edu.br\/apicultura\/files\/2010\/11\/Consumo-de-mel-por-diab\u00e9ticos.pdf\">C<\/a><a href=\"https:\/\/wp.ufpel.edu.br\/apicultura\/files\/2010\/11\/Consumo-de-mel-por-diab\u00e9ticos.pdf\">onsumo de mel por diab\u00e9ticos<\/a><\/p>\n<p><a href=\"https:\/\/wp.ufpel.edu.br\/apicultura\/files\/2010\/05\/Diretriz_IBD_Organico_17aEdicao.pdf\" target=\"_blank\">Diretrizes para produ\u00e7\u00e3o de mel org\u00e2nico (IBD)<\/a><\/p>\n<p><a href=\"https:\/\/wp.ufpel.edu.br\/apicultura\/files\/2010\/05\/RI_Api_Agosto_Embalagens.pdf\">Embalagens (escolha estrat\u00e9gica para conquistar consumidores)<\/a><\/p>\n<p><a href=\"https:\/\/wp.ufpel.edu.br\/apicultura\/files\/2010\/05\/Flora-ap\u00edcola_Pelotas_regi\u00e3o.pdf\">Flora ap\u00edcola_Pelotas_regi\u00e3o<\/a><\/p>\n<p><a href=\"https:\/\/wp.ufpel.edu.br\/apicultura\/files\/2010\/11\/Produ\u00e7\u00e3o_com_2_rainhas.pdf\">Manejo intensivo para produ\u00e7\u00e3o de mel &#8211; uso de 02 rainhas<\/a><\/p>\n<p><a href=\"https:\/\/wp.ufpel.edu.br\/apicultura\/files\/2010\/05\/manual_basico_apicola.pdf\" target=\"_blank\">Manual b\u00e1sico de apicultura<\/a><\/p>\n<p><a href=\"https:\/\/wp.ufpel.edu.br\/apicultura\/files\/2010\/09\/multiplicacion_colmenas1.pdf\" target=\"_blank\">Multiplica\u00e7\u00e3o de colm\u00e9ias<\/a><\/p>\n<p><a href=\"https:\/\/wp.ufpel.edu.br\/apicultura\/files\/2010\/09\/norma_mel_casa_do_mel.pdf\" target=\"_blank\">Norma t\u00e9cnica para &#8220;Casa do mel&#8221; e &#8220;Entreposto de mel e c\u00eara&#8221;<\/a><\/p>\n<p><a href=\"https:\/\/wp.ufpel.edu.br\/apicultura\/files\/2010\/09\/apostila_sobre_polen1.pdf\" target=\"_blank\">Produ\u00e7\u00e3o de p\u00f3len (apostila)<\/a><\/p>\n<p><a href=\"https:\/\/wp.ufpel.edu.br\/apicultura\/files\/2010\/09\/T\u00e9cnicas-de-produ\u00e7\u00e3o-de-pr\u00f3polis.pdf\" target=\"_blank\">Produ\u00e7\u00e3o de pr\u00f3polis (apostila)<\/a><\/p>\n<p><a href=\"https:\/\/wp.ufpel.edu.br\/apicultura\/files\/2010\/05\/Teor-de-umidade-do-mel.pdf\" target=\"_blank\">Teor de umidade do mel<\/a><\/p>\n<p><a href=\"http:\/\/www.apacame.org.br\/mensagemdoce\/98\/artigo3.htm\" target=\"_blank\">Uso de imagens via sat\u00e9lite para escolha do local para implantar api\u00e1rio<\/a><\/p>\n","protected":false},"excerpt":{"rendered":"<p>Apostila SENAR (manejo abelhas) Apostila SENAR (api\u00e1rio) criacaocientificaderainhas[1]_Doolittle\u00a0(1889)<\/p><p><a class=\"more-link btn\" href=\"https:\/\/wp.ufpel.edu.br\/apicultura\/artigos\/\">Continue lendo<\/a><\/p>\n","protected":false},"author":59,"featured_media":0,"parent":0,"menu_order":0,"comment_status":"closed","ping_status":"open","template":"","meta":{"footnotes":""},"class_list":["post-104","page","type-page","status-publish","hentry","nodate","item-wrap"],"_links":{"self":[{"href":"https:\/\/wp.ufpel.edu.br\/apicultura\/wp-json\/wp\/v2\/pages\/104","targetHints":{"allow":["GET"]}}],"collection":[{"href":"https:\/\/wp.ufpel.edu.br\/apicultura\/wp-json\/wp\/v2\/pages"}],"about":[{"href":"https:\/\/wp.ufpel.edu.br\/apicultura\/wp-json\/wp\/v2\/types\/page"}],"author":[{"embeddable":true,"href":"https:\/\/wp.ufpel.edu.br\/apicultura\/wp-json\/wp\/v2\/users\/59"}],"replies":[{"embeddable":true,"href":"https:\/\/wp.ufpel.edu.br\/apicultura\/wp-json\/wp\/v2\/comments?post=104"}],"version-history":[{"count":16,"href":"https:\/\/wp.ufpel.edu.br\/apicultura\/wp-json\/wp\/v2\/pages\/104\/revisions"}],"predecessor-version":[{"id":359,"href":"https:\/\/wp.ufpel.edu.br\/apicultura\/wp-json\/wp\/v2\/pages\/104\/revisions\/359"}],"wp:attachment":[{"href":"https:\/\/wp.ufpel.edu.br\/apicultura\/wp-json\/wp\/v2\/media?parent=104"}],"curies":[{"name":"wp","href":"https:\/\/api.w.org\/{rel}","templated":true}]}}