{"id":21,"date":"2014-08-23T21:54:17","date_gmt":"2014-08-24T00:54:17","guid":{"rendered":"https:\/\/wp.ufpel.edu.br\/apadametto\/?page_id=21"},"modified":"2014-08-28T15:56:34","modified_gmt":"2014-08-28T18:56:34","slug":"pagina-3","status":"publish","type":"page","link":"https:\/\/wp.ufpel.edu.br\/apadametto\/pagina-3\/","title":{"rendered":"Publica\u00e7\u00f5es"},"content":{"rendered":"<p><strong>Aqui colocas o conte\u00fado desejado<\/strong><\/p>\n","protected":false},"excerpt":{"rendered":"<p>Aqui colocas o conte\u00fado desejado<\/p>\n","protected":false},"author":427,"featured_media":0,"parent":0,"menu_order":0,"comment_status":"closed","ping_status":"closed","template":"","meta":{"footnotes":""},"class_list":["post-21","page","type-page","status-publish","hentry","nodate","item-wrap"],"_links":{"self":[{"href":"https:\/\/wp.ufpel.edu.br\/apadametto\/wp-json\/wp\/v2\/pages\/21","targetHints":{"allow":["GET"]}}],"collection":[{"href":"https:\/\/wp.ufpel.edu.br\/apadametto\/wp-json\/wp\/v2\/pages"}],"about":[{"href":"https:\/\/wp.ufpel.edu.br\/apadametto\/wp-json\/wp\/v2\/types\/page"}],"author":[{"embeddable":true,"href":"https:\/\/wp.ufpel.edu.br\/apadametto\/wp-json\/wp\/v2\/users\/427"}],"replies":[{"embeddable":true,"href":"https:\/\/wp.ufpel.edu.br\/apadametto\/wp-json\/wp\/v2\/comments?post=21"}],"version-history":[{"count":2,"href":"https:\/\/wp.ufpel.edu.br\/apadametto\/wp-json\/wp\/v2\/pages\/21\/revisions"}],"predecessor-version":[{"id":32,"href":"https:\/\/wp.ufpel.edu.br\/apadametto\/wp-json\/wp\/v2\/pages\/21\/revisions\/32"}],"wp:attachment":[{"href":"https:\/\/wp.ufpel.edu.br\/apadametto\/wp-json\/wp\/v2\/media?parent=21"}],"curies":[{"name":"wp","href":"https:\/\/api.w.org\/{rel}","templated":true}]}}